{"id":7894,"date":"2024-10-21T20:28:02","date_gmt":"2024-10-21T20:28:02","guid":{"rendered":"https:\/\/bike43.com\/?page_id=7894"},"modified":"2026-01-05T21:00:24","modified_gmt":"2026-01-05T21:00:24","slug":"get-a-bike43-for-one-week","status":"publish","type":"page","link":"https:\/\/bike43.com\/nl\/get-a-bike43-for-one-week\/","title":{"rendered":"Probeer een Bike43 voor een uur of een week"},"content":{"rendered":"","protected":false},"excerpt":{"rendered":"","protected":false},"author":3,"featured_media":0,"parent":0,"menu_order":0,"comment_status":"closed","ping_status":"closed","template":"template-page.blade.php","meta":{"_acf_changed":false,"inline_featured_image":false,"footnotes":""},"class_list":["post-7894","page","type-page","status-publish","hentry"],"acf":{"header":{"header_type":"header_1","header_1":{"title":"<strong>Probeer een Bike43 voor een uur of een week<\/strong>","select_type":"image","image":null,"image_mobile":null,"link_video":null,"file_video":null,"picture_loading":null},"header_2":{"title":"<em>The only way to truly believe in the switch from a car to a family bike is to experience it yourself.<\/em><em>\u00a0<\/em>","content":"","button":"","image":null,"rounded_image":false,"logo_join_the_club":null,"background_color":"white"},"header_swiper":{"items":null},"header_buttons_color":{"title":"","logo":null,"use_images_mobiles":false,"items":null},"header_text_image":{"title":"","content":"","image":null,"background_color":""}},"body":[{"acf_fc_layout":"section_image_content","place_image_right":false,"reduce_image_size":false,"image":10860,"logo":null,"title":"Beleef het zelf","content":"Een familiefiets kiezen in plaats van een auto is een grote beslissing. Maar wij geloven dat als je onze lange fiets eenmaal hebt geprobeerd, je zult zien hoe naadloos hij in de levensstijl van je gezin past. Of het nu voor schoolritten, weekendavonturen of je dagelijkse woon-werkverkeer is.","button":"","visibility":true,"background_color":"beige","margin_top":"small","margin_bottom":"small"},{"acf_fc_layout":"section_two_columns","title":"Hoe werkt het?","column1":{"logo":6394,"title":"1. Boek een proefrit","content":"Neem contact met ons op om een proefrit te plannen. Je kunt kiezen tussen een korte test van \u00e9\u00e9n uur of een langere ervaring van \u00e9\u00e9n week."},"column2":{"logo":6394,"title":"2. Kies een locatie","content":"We zullen \u00e9\u00e9n van onze partner dealers bij jou in de buurt aanwijzen, of \u00e9\u00e9n van onze Bike43 ambassadeurs, echte gezinnen die onze fiets al gebruiken."},"visibility":true,"background_color":"white","margin_top":"small","margin_bottom":"small"},{"acf_fc_layout":"section_contact_form","title":"Boek een proefrit","content":"Ontdek hoe de Bike43 de manier kan veranderen waarop jouw gezin zich verplaatst. Of je nu klaar bent om je tweede auto te vervangen, of gewoon nieuwsgierig bent hoe een longtail fiets in je routine kan passen, wij zijn er om je te helpen.\r\n","form_js":"","form_title":"","form":"7","visibility":true},{"acf_fc_layout":"section_slider_images","images":[{"image":7690},{"image":2132},{"image":2049},{"image":1800},{"image":2052}],"visibility":true,"background_color":"beige","margin_top":"small","margin_bottom":"small"}]},"yoast_head":"<!-- This site is optimized with the Yoast SEO plugin v25.3.1 - https:\/\/yoast.com\/wordpress\/plugins\/seo\/ -->\n<title>Probeer een Bike43 voor een uur of een week - Bike43 - Family cargo bike - Mid &amp; Long Tail<\/title>\n<meta name=\"robots\" content=\"index, follow, max-snippet:-1, max-image-preview:large, max-video-preview:-1\" \/>\n<link rel=\"canonical\" href=\"https:\/\/bike43.com\/nl\/get-a-bike43-for-one-week\/\" \/>\n<meta property=\"og:locale\" content=\"nl_NL\" \/>\n<meta property=\"og:type\" content=\"article\" \/>\n<meta property=\"og:title\" content=\"Probeer een Bike43 voor een uur of een week - Bike43 - Family cargo bike - Mid &amp; Long Tail\" \/>\n<meta property=\"og:url\" content=\"https:\/\/bike43.com\/nl\/get-a-bike43-for-one-week\/\" \/>\n<meta property=\"og:site_name\" content=\"Bike43 - Family cargo bike - Mid &amp; Long Tail\" \/>\n<meta property=\"article:publisher\" content=\"https:\/\/www.facebook.com\/Bike43\/\" \/>\n<meta property=\"article:modified_time\" content=\"2026-01-05T21:00:24+00:00\" \/>\n<meta property=\"og:image\" content=\"https:\/\/bike43.com\/app\/uploads\/2022\/11\/OG-Bike43.jpg\" \/>\n\t<meta property=\"og:image:width\" content=\"1588\" \/>\n\t<meta property=\"og:image:height\" content=\"888\" \/>\n\t<meta property=\"og:image:type\" content=\"image\/jpeg\" \/>\n<meta name=\"twitter:card\" content=\"summary_large_image\" \/>\n<meta name=\"twitter:site\" content=\"@bike43com\" \/>\n<script type=\"application\/ld+json\" class=\"yoast-schema-graph\">{\"@context\":\"https:\/\/schema.org\",\"@graph\":[{\"@type\":\"WebPage\",\"@id\":\"https:\/\/bike43.com\/nl\/get-a-bike43-for-one-week\/\",\"url\":\"https:\/\/bike43.com\/nl\/get-a-bike43-for-one-week\/\",\"name\":\"Probeer een Bike43 voor een uur of een week - Bike43 - Family cargo bike - Mid &amp; Long Tail\",\"isPartOf\":{\"@id\":\"https:\/\/bike43.com\/nl\/#website\"},\"datePublished\":\"2024-10-21T20:28:02+00:00\",\"dateModified\":\"2026-01-05T21:00:24+00:00\",\"breadcrumb\":{\"@id\":\"https:\/\/bike43.com\/nl\/get-a-bike43-for-one-week\/#breadcrumb\"},\"inLanguage\":\"nl-NL\",\"potentialAction\":[{\"@type\":\"ReadAction\",\"target\":[\"https:\/\/bike43.com\/nl\/get-a-bike43-for-one-week\/\"]}]},{\"@type\":\"BreadcrumbList\",\"@id\":\"https:\/\/bike43.com\/nl\/get-a-bike43-for-one-week\/#breadcrumb\",\"itemListElement\":[{\"@type\":\"ListItem\",\"position\":1,\"name\":\"Home\",\"item\":\"https:\/\/bike43.com\/nl\/\"},{\"@type\":\"ListItem\",\"position\":2,\"name\":\"Probeer een Bike43 voor een uur of een week\"}]},{\"@type\":\"WebSite\",\"@id\":\"https:\/\/bike43.com\/nl\/#website\",\"url\":\"https:\/\/bike43.com\/nl\/\",\"name\":\"Long tail cargo bike - Bike 43, the family electric bike\",\"description\":\"Bike43 modular long taill bike - Because life is not a straight line\",\"publisher\":{\"@id\":\"https:\/\/bike43.com\/nl\/#organization\"},\"alternateName\":\"Family longtail bike - Bike 43\",\"potentialAction\":[{\"@type\":\"SearchAction\",\"target\":{\"@type\":\"EntryPoint\",\"urlTemplate\":\"https:\/\/bike43.com\/nl\/?s={search_term_string}\"},\"query-input\":{\"@type\":\"PropertyValueSpecification\",\"valueRequired\":true,\"valueName\":\"search_term_string\"}}],\"inLanguage\":\"nl-NL\"},{\"@type\":\"Organization\",\"@id\":\"https:\/\/bike43.com\/nl\/#organization\",\"name\":\"Bike 43\",\"url\":\"https:\/\/bike43.com\/nl\/\",\"logo\":{\"@type\":\"ImageObject\",\"inLanguage\":\"nl-NL\",\"@id\":\"https:\/\/bike43.com\/nl\/#\/schema\/logo\/image\/\",\"url\":\"https:\/\/bike43.com\/app\/uploads\/2022\/11\/logo-1.png\",\"contentUrl\":\"https:\/\/bike43.com\/app\/uploads\/2022\/11\/logo-1.png\",\"width\":416,\"height\":254,\"caption\":\"Bike 43\"},\"image\":{\"@id\":\"https:\/\/bike43.com\/nl\/#\/schema\/logo\/image\/\"},\"sameAs\":[\"https:\/\/www.facebook.com\/Bike43\/\",\"https:\/\/x.com\/bike43com\",\"https:\/\/www.instagram.com\/bike43\/\"]}]}<\/script>\n<!-- \/ Yoast SEO plugin. -->","yoast_head_json":{"title":"Probeer een Bike43 voor een uur of een week - Bike43 - Family cargo bike - Mid &amp; Long Tail","robots":{"index":"index","follow":"follow","max-snippet":"max-snippet:-1","max-image-preview":"max-image-preview:large","max-video-preview":"max-video-preview:-1"},"canonical":"https:\/\/bike43.com\/nl\/get-a-bike43-for-one-week\/","og_locale":"nl_NL","og_type":"article","og_title":"Probeer een Bike43 voor een uur of een week - Bike43 - Family cargo bike - Mid &amp; Long Tail","og_url":"https:\/\/bike43.com\/nl\/get-a-bike43-for-one-week\/","og_site_name":"Bike43 - Family cargo bike - Mid &amp; Long Tail","article_publisher":"https:\/\/www.facebook.com\/Bike43\/","article_modified_time":"2026-01-05T21:00:24+00:00","og_image":[{"width":1588,"height":888,"url":"https:\/\/bike43.com\/app\/uploads\/2022\/11\/OG-Bike43.jpg","type":"image\/jpeg"}],"twitter_card":"summary_large_image","twitter_site":"@bike43com","schema":{"@context":"https:\/\/schema.org","@graph":[{"@type":"WebPage","@id":"https:\/\/bike43.com\/nl\/get-a-bike43-for-one-week\/","url":"https:\/\/bike43.com\/nl\/get-a-bike43-for-one-week\/","name":"Probeer een Bike43 voor een uur of een week - Bike43 - Family cargo bike - Mid &amp; Long Tail","isPartOf":{"@id":"https:\/\/bike43.com\/nl\/#website"},"datePublished":"2024-10-21T20:28:02+00:00","dateModified":"2026-01-05T21:00:24+00:00","breadcrumb":{"@id":"https:\/\/bike43.com\/nl\/get-a-bike43-for-one-week\/#breadcrumb"},"inLanguage":"nl-NL","potentialAction":[{"@type":"ReadAction","target":["https:\/\/bike43.com\/nl\/get-a-bike43-for-one-week\/"]}]},{"@type":"BreadcrumbList","@id":"https:\/\/bike43.com\/nl\/get-a-bike43-for-one-week\/#breadcrumb","itemListElement":[{"@type":"ListItem","position":1,"name":"Home","item":"https:\/\/bike43.com\/nl\/"},{"@type":"ListItem","position":2,"name":"Probeer een Bike43 voor een uur of een week"}]},{"@type":"WebSite","@id":"https:\/\/bike43.com\/nl\/#website","url":"https:\/\/bike43.com\/nl\/","name":"Long tail cargo bike - Bike 43, the family electric bike","description":"Bike43 modular long taill bike - Because life is not a straight line","publisher":{"@id":"https:\/\/bike43.com\/nl\/#organization"},"alternateName":"Family longtail bike - Bike 43","potentialAction":[{"@type":"SearchAction","target":{"@type":"EntryPoint","urlTemplate":"https:\/\/bike43.com\/nl\/?s={search_term_string}"},"query-input":{"@type":"PropertyValueSpecification","valueRequired":true,"valueName":"search_term_string"}}],"inLanguage":"nl-NL"},{"@type":"Organization","@id":"https:\/\/bike43.com\/nl\/#organization","name":"Bike 43","url":"https:\/\/bike43.com\/nl\/","logo":{"@type":"ImageObject","inLanguage":"nl-NL","@id":"https:\/\/bike43.com\/nl\/#\/schema\/logo\/image\/","url":"https:\/\/bike43.com\/app\/uploads\/2022\/11\/logo-1.png","contentUrl":"https:\/\/bike43.com\/app\/uploads\/2022\/11\/logo-1.png","width":416,"height":254,"caption":"Bike 43"},"image":{"@id":"https:\/\/bike43.com\/nl\/#\/schema\/logo\/image\/"},"sameAs":["https:\/\/www.facebook.com\/Bike43\/","https:\/\/x.com\/bike43com","https:\/\/www.instagram.com\/bike43\/"]}]}},"_links":{"self":[{"href":"https:\/\/bike43.com\/nl\/wp-json\/wp\/v2\/pages\/7894","targetHints":{"allow":["GET"]}}],"collection":[{"href":"https:\/\/bike43.com\/nl\/wp-json\/wp\/v2\/pages"}],"about":[{"href":"https:\/\/bike43.com\/nl\/wp-json\/wp\/v2\/types\/page"}],"author":[{"embeddable":true,"href":"https:\/\/bike43.com\/nl\/wp-json\/wp\/v2\/users\/3"}],"replies":[{"embeddable":true,"href":"https:\/\/bike43.com\/nl\/wp-json\/wp\/v2\/comments?post=7894"}],"version-history":[{"count":8,"href":"https:\/\/bike43.com\/nl\/wp-json\/wp\/v2\/pages\/7894\/revisions"}],"predecessor-version":[{"id":11425,"href":"https:\/\/bike43.com\/nl\/wp-json\/wp\/v2\/pages\/7894\/revisions\/11425"}],"wp:attachment":[{"href":"https:\/\/bike43.com\/nl\/wp-json\/wp\/v2\/media?parent=7894"}],"curies":[{"name":"wp","href":"https:\/\/api.w.org\/{rel}","templated":true}]}}