{"id":2357,"date":"2022-09-30T14:15:17","date_gmt":"2022-09-30T14:15:17","guid":{"rendered":"https:\/\/bike43.com\/price\/"},"modified":"2025-09-09T13:10:37","modified_gmt":"2025-09-09T13:10:37","slug":"prijs","status":"publish","type":"page","link":"https:\/\/bike43.com\/nl\/prijs\/","title":{"rendered":"Prijs"},"content":{"rendered":"","protected":false},"excerpt":{"rendered":"","protected":false},"author":1,"featured_media":0,"parent":0,"menu_order":0,"comment_status":"closed","ping_status":"closed","template":"template-page.blade.php","meta":{"_acf_changed":false,"inline_featured_image":false,"footnotes":""},"class_list":["post-2357","page","type-page","status-publish","hentry"],"acf":{"header":{"header_type":"no_header","header_1":{"title":"","select_type":"image","image":null,"image_mobile":null,"link_video":null,"file_video":null,"picture_loading":null},"header_2":{"title":"Configurator","content":"","button":[""],"image":null,"rounded_image":false,"logo_join_the_club":null,"background_color":"white"},"header_swiper":{"items":null},"header_buttons_color":{"title":"","logo":null,"use_images_mobiles":false,"items":null},"header_text_image":{"title":"","content":"","image":null,"background_color":""}},"body":[{"acf_fc_layout":"section_wp_configurator_shortcode","shortcode":"[wpc_config id=\"355\"]","visibility":true,"background_color":"beige","margin_top":"large","margin_bottom":"small"},{"acf_fc_layout":"section_comparison_table","title":"Vergelijkingstabel","image_column_1":86,"image_column_2":98,"title_column_1":"Shimano EP6","title_column_2":"Bosch Cargo Line","price_column_1":"4.790\u20ac","price_column_2":"5.490\u20ac","informations":[{"title_column_1":"Frame","title_column_2":"Frame","content_column_1":"Tot 170 kg belasting (geschikt voor afmeting 1.50m tot 2m)\r\n(Cr-Mo hoogwaardig staal)","content_column_2":"Tot 170 kg belasting (geschikt voor afmeting 1.50m tot 2m)\r\n(Cr-Mo hoogwaardig staal)","add_logo_column_1":false,"logo_column_1":null,"add_logo_column_2":false,"logo_column_2":null},{"title_column_1":"Motor","title_column_2":"Motor","content_column_1":"Shimano EP6 Cargo (85 Nm, 250-500 W) middenmotor\r\nGeen trapweerstand in uitgeschakelde toestand","content_column_2":"Bosch Cargo Line (85Nm, 250-600 W) middenmotor\r\nUitgerust met Bosch Smart System\r\nGeen pedaalweerstand in uitgeschakelde toestand","add_logo_column_1":true,"logo_column_1":176,"add_logo_column_2":true,"logo_column_2":179},{"title_column_1":"Batterij","title_column_2":"Batterij","content_column_1":"Shimano 630Wh \r\nBereik van 40km tot 80km ondersteuning","content_column_2":"Bosch 800Wh\r\nBereik van 40km tot 80km ondersteuning","add_logo_column_1":false,"logo_column_1":null,"add_logo_column_2":false,"logo_column_2":null},{"title_column_1":"Versnellingen","title_column_2":"Versnellingen","content_column_1":"Standaard: 5 versnellingen (Nexus5 manueel).","content_column_2":"Standaard: 5 snelheden (Nexus manueel).\r\nOptioneel: traploos (Enviolo Heavy Duty) (+900\u20ac)\r\nOptioneel: continu variabele e-schakeling (Enviolo Zware Werkzaamheden AutomatiQ) (+1400\u20ac).","add_logo_column_1":false,"logo_column_1":null,"add_logo_column_2":false,"logo_column_2":null},{"title_column_1":"Stam","title_column_2":"Stam","content_column_1":"Standaard: Ergotec Adjustable\r\nOptioneel: Speedlifter Twist T10 1\"1\/8 - 39,5mm shim (+135\u20ac)","content_column_2":"Standaard: Ergotec Adjustable\r\nOptioneel: Speedlifter Twist T10 1\"1\/8 - 39,5mm shim (+135\u20ac)","add_logo_column_1":false,"logo_column_1":null,"add_logo_column_2":false,"logo_column_2":null},{"title_column_1":"Kleuren","title_column_2":"Kleuren","content_column_1":"Antraciet, Turquoise, Framboos of Bezem geel","content_column_2":"Antraciet, Turquoise, Framboos of Bezem geel","add_logo_column_1":false,"logo_column_1":null,"add_logo_column_2":false,"logo_column_2":null},{"title_column_1":"Remmen","title_column_2":"Remmen","content_column_1":"Hydraulische schijfremmen 2 zuigers","content_column_2":"Hydraulische schijfremmen 2 zuigers (voor Nexus-transmissie)\r\n4 zuigers (voor Enviolo-transmissie)","add_logo_column_1":false,"logo_column_1":null,"add_logo_column_2":false,"logo_column_2":null}],"visibility":true,"background_color":"beige","margin_top":"xtra-large","margin_bottom":"small"},{"acf_fc_layout":"section_cards_list","title":"Beste in zijn klasse","cards":[{"is_image":false,"image":null,"icon":{"icon":"sparkles","icon_type":"thin"},"title":"Ergonomie","content":"<ul>\r\n \t<li>Kleiner achterwiel voor optimale stabiliteit<\/li>\r\n \t<li>Gemakkelijk rijden en passen<\/li>\r\n \t<li>Comfortabele ergo-grepen en zadel<\/li>\r\n \t<li>Dubbele stabiele standaard<\/li>\r\n<\/ul>"},{"is_image":false,"image":null,"icon":{"icon":"biking","icon_type":"thin"},"title":"Bruikbaarheid","content":"<ul>\r\n \t<li>Van 0 tot 3 kinderen<\/li>\r\n \t<li>Boodschappen klaar<\/li>\r\n \t<li>Huisdiervriendelijk<\/li>\r\n \t<li>Beschikbaar in 4 kleuren<\/li>\r\n \t<li>Slepen van fietsen<\/li>\r\n<\/ul>"},{"is_image":false,"image":null,"icon":{"icon":"hands-holding-diamond","icon_type":"thin"},"title":"Betrouwbaarheid","content":"<ul>\r\n \t<li>Levenslange garantie op het frame<\/li>\r\n \t<li>Anti-lek banden<\/li>\r\n \t<li>Geen losse ketting en geen onderhoud<\/li>\r\n \t<li>Makkelijk schakelen onder belasting en stilstand<\/li>\r\n<\/ul>"},{"is_image":false,"image":null,"icon":{"icon":"puzzle-piece","icon_type":"thin"},"title":"Compatibiliteit","content":"<ul>\r\n \t<li>Auto rek klaar<\/li>\r\n \t<li>Brompton tassen compatibel<\/li>\r\n \t<li>Aangepaste instap accessoires<\/li>\r\n \t<li>Bruikbaar met Abus YourPlus sloten<\/li>\r\n<\/ul>"},{"is_image":false,"image":null,"icon":{"icon":"comment","icon_type":"thin"},"title":"Onderhoud van de fiets","content":"<ul>\r\n \t<li>Levenslange garantie op het frame<\/li>\r\n \t<li>Anti-lek banden<\/li>\r\n \t<li>Geen losse ketting en geen onderhoud<\/li>\r\n \t<li>Makkelijk schakelen onder belasting en stilstand<\/li>\r\n<\/ul>"},{"is_image":true,"image":261,"icon":{"icon":"0","icon_type":"duotone"},"title":"","content":""}],"visibility":true,"background_color":"beige","margin_top":"small","margin_bottom":"small"},{"acf_fc_layout":"section_faq","title":"Veel Gestelde Vragen","sections":[{"title":"De Fiets","questions":[{"question":"Hoe kom ik aan extra sloten met dezelfde sleutel als de batterij?","response":"Je kunt extra sloten bestellen met dezelfde sleutel als de batterij. Geef gewoon het Abus YourPlus sleutelnummer van de batterij door aan je dealer en bestel een van deze sloten:<ul>\r\n \t<li>frameslot Abus 5750LNR Plus (art. 79736 EAN 4003318797361). Een optionele ketting is verkrijgbaar : ACH 8KS\/110<\/li>\r\n \t<li>U-slot Abus Granit 470\/150HB300 (zonder EaZy KF want het frame houdt het slot al vast tijdens het rijden)<\/li>\r\n \t<li>opvouwbaar slot ABUS Bordo 6015\/90.<\/li>\r\n<\/ul>\r\nOngeveer 2 weken later kun je ze ophalen bij je fietsenwinkel."},{"question":"Levenslange garantie","response":"Wij zijn zo zeker van de kwaliteit van het fietsontwerp en de gebruikte materialen dat wij een levenslange garantie geven op onze fiets 43 frames die in ons offici\u00eble dealernetwerk zijn gekocht. De garantie geldt alleen voor de oorspronkelijke eigenaar van de fiets (niet overdraagbaar), bij normaal gebruik van de fiets (professioneel gebruik is niet gedekt)."},{"question":"Welke motor moet ik kiezen?","response":"Het sleutelbegrip dat je moet begrijpen om een motor te kiezen is \"hoe langzamer je wilt trappen, hoe meer ondersteuning je nodig hebt van de motor\". De fiets 43 is verkrijgbaar in twee verschillende modellen:\r\n<ul>\r\n \t<li><strong>Performance<\/strong> : aangedreven door de Shimano E6100 -<strong>60Nm koppel<\/strong>.Hij wordt geleverd met de uitstekende Nexus Inter5E voor ebikes. Schakelen onder belasting is mogelijk, en natuurlijk ook bij stilstand, in tegenstelling tot een goedkoper derailleursysteem.\u00a0 De Performance serie voorziet in de behoeften van alle gebruikers.<\/li>\r\n \t<li><strong>Alpster<\/strong> : aangedreven door de Bosch Cargo Line - <strong>85Nm koppel<\/strong>. Hij is ontworpen voor mensen die in heuvelachtige of bergachtige gebieden wonen, of die liever met een lagere cadans trappen. Ook geschikt voor wie op zoek is naar topprestaties en sterke sensaties.<\/li>\r\n<\/ul>"},{"question":"Wat is de gewichtsverdeling op beide wielen?","response":"De gewichtsverdeling op de wielen is 50\/50 met alleen de bestuurder, en 40% (voor) \/ 60% (achter) met zware kinderen. Dat is veel evenwichtiger dan een bakfiets, en zelfs beter dan een gewone fiets. Het voordeel is dat de grip van beide banden optimaal benut wordt bij het remmen en het nemen van bochten. Hij is gemakkelijk te besturen, en als je actief wilt rijden, krijg je een groot gevoel van vertrouwen."},{"question":"Wat is de lengte van de fiets?","response":"De totale lengte is  <strong>197cm<\/strong>, wat 5 tot 15cm langer is dan een normale ebike. De wielbasis is 141cm. Hij past in elke omgeving met beperkte afmetingen, net als een normale fiets.\r\n\r\nDe lengte van de fiets is de minimaal haalbare met inachtneming van de verplichte installatie van het kinderzitje, volgens de <strong>EN14344 veiligheidsnorm<\/strong>.\r\n\r\nIn combinatie met de voetdoos, waardoor de kinderen zo ver mogelijk naar voren kunnen zitten, is de lengte van de drager voldoende om\u00a0<u>beide zitjes<\/u> te kunnen installeren conform EN14344 \u00a714.2.5a."},{"question":"Waarom bouw je de dubbele standaard zelf?","response":"Het klopt, we kopen geen gebruikelijk fietsenstandaard en schroeven die onder het frame. We maken onze eigen.\r\n\r\nAls gebruikers hebben we gemerkt dat de\u00a0<strong>stabiliteit<\/strong>\u00a0van de fiets bij het laden en lossen dagelijks uiterst belangrijk is. We konden dit doel niet bereiken met standaardproducten, die waren gewoon te zwak. Onze fietsenstandaard heeft een grote afstand tot het frame en de grond.\r\n\r\nOok heeft het de exacte lengte om het <strong>gemakkelijk op te vouwen en in te zetten<\/strong>\u00a0zelfs met 60 kg lading. Je hoeft de fiets niet op te tillen om de standaard in te klappen of uit te klappen, je duwt de fiets gewoon naar voren of naar achteren."},{"question":"Wat is een interne versnellingsnaaf (IGH)?","response":"Een interne versnellingsnaaf vervangt een gewone derailleur. Er is \u00e9\u00e9n kettingwiel vooraan en \u00e9\u00e9n tandwiel achteraan. \r\n <strong>De ketting schakelt nooit en valt er nooit af<\/strong>. Dat is een verschrikkelijke ervaring voor een bakfiets met kinderen aan boord.\r\n\r\nTweede voordeel, de tandwielen zitten in de afgedichte naaf van het achterwiel, mooi gesmeerd en\u00a0<strong>beschermd tegen vuil en zand.<\/strong>. Er is geen onderhoud nodig en het is probleemloos. De interne tandwielen zijn gemaakt van staal en overleven de <strong>levensduur van de fiets.<\/strong>. In tegenstelling tot een gewone cassette die samen met de ketting regelmatig moet worden vervangen. Omdat de tandwielen van een IGH van staal zijn en de kettingspanning vrij constant is, gaat de ketting 8000-10000km mee en de tandwielen ongeveer 20.000km. Een Internal Gear Hub is de\u00a0<strong>onderhoudsarme<\/strong> en zorgeloze oplossing voor\u00a0<strong>intensief<\/strong>\u00a0<strong>gebruik<\/strong>.\r\n\r\nDerde grote voordeel, u kunt<strong>schakelen als je stilstaat<\/strong>. Als u wordt verrast door een stoplicht dat op rood springt, kunt u bij stilstand terugschakelen naar de 1e versnelling. Je kunt ook <strong>meerdere versnellingen tegelijk schakelen<\/strong>.\r\n\r\nVanuit onze ervaring is de overstap van een derailleur naar een Internal Gear Hub als de overstap van een B&amp;W TV naar een kleuren TV. Je gaat niet meer terug. Het heeft geen zin voor fietsen met weinig onderhoud en veel kilometers."},{"question":"Waarom een kleiner achterwiel en een groter voorwiel?","response":"De achterlading moet laag zijn om <strong>stabiliteitsredenen <\/strong>en<strong> veiligheidsredenen<\/strong>,\u00a0 een 20\" achterwiel heeft geen zin.\r\n\r\nIn een stedelijke omgeving moet het voorwiel echter over stoepranden heen, dus moet het groter zijn. Een 26\" wiel is onhandig, dus na wat testen besloten we voor een 24\" wiel te gaan. Dat bleek het juiste compromis te zijn voor een soepele en comfortabele rit, terwijl hij toch wendbaar blijft en goede grip biedt bij het remmen.\r\n\r\nAls je een dynamische rijder bent, zelfs zeer dynamisch, wees dan niet bang om uit de voetsporen te treden! De laatste tijd wordt deze 24\" - 20\" instellen steeds populairder in de MTB sc\u00e8ne, het wordt \"mullet bikes\" genoemd.\r\nWij zijn trotse voorlopers van de combinatie van een 24\" voorwiel en 20\" achterwiel.\r\n\r\n&nbsp;"},{"question":"Stalen frame, geen aluminium legering, echt?","response":"Oh ja!\r\n\r\nDe voordelen van <strong>CrMo staal<\/strong>  is dat het <strong>nooit zal barsten door vermoeidheidsfalen<\/strong>, in tegenstelling tot aluminium. Zo zijn de meeste wereldtourfietsen (denk aan de foto's van die zwaar beladen fietsen in de prachtige landschappen van Mongoli\u00eb) gemaakt van dit verfijnde CrMo staal.\r\nCrMo staal biedt ook een onovertroffen comfort, omdat het materiaal zelf de ruwheid van de weg beter absorbeert dan aluminiumlegeringen. Dat is een natuurkundig feit.\r\n\r\nOns ontwikkelingsteam heeft zijn tanden gezet in high performance racewagens, zoals Le Mans LMP1 racers met 700 pk die met 330 km\/u over het rechte stuk van de Mulsanne rijden en met hoge snelheid bochten nemen onder 3,5 zijdelingse g's. En dat doen ze 24 uur achter elkaar.\r\nHet frame van de fietsen 43 is gemaakt van dezelfde staalsoort als de ophangingsonderdelen van die auto's, het beproefde hoogwaardige SAE 4130 (chroom- en molybdeengelegeerd staal). Ik hoef niet te zeggen dat die onderdelen zowel sterk als licht moeten zijn.\r\n\r\nLaat je niet verwarren met gewoon staal dat gebruikt wordt voor goedkope (kinder)fietsen. Het CrMo staal is twee keer zo sterk, daarom kan er twee keer minder materiaal worden gebruikt, en zal een constructie de helft lichter zijn. Op het frame van een fiets 43 is het gewichtsverlies van CrMo staal versus aluminiumlegering minimaal, ongeveer 1kg. Het is het gewicht van je drinkfles. Geloof ons, op zo'n transportfiets maakt het geen enkel verschil. Maar alle voordelen zullen voor jou van belang zijn.\r\n\r\nCrMo staal is de keuze van de kenners."}]},{"title":"De fiets gebruiken","questions":[{"question":"Hoeveel mag ik meenemen op de fiets?","response":"Het maximale brutogewicht is 200kg, dit is inclusief het eigen gewicht van de fiets.\r\nHet maximale gewicht van de bestuurder is 100kg (130kg met een geveerde zadelpen).\r\nHet maximale laadvermogen op de achterdrager is 100kg.\r\nHet maximale laadvermogen op de voormand is 20kg."},{"question":"Past de fiets in een fietsenrek?","response":"De motor past in de meeste stedelijke parkeervakken. Zelfs met de Roller Coaster.\r\nWe horen graag je feedback over andere populaire fietsparkeeroplossingen.\r\n\r\nOpmerking: Het meest recente model van Velo-Boxx in Belgi\u00eb is momenteel niet geschikt voor de fiets."},{"question":"Kan ik een baby vervoeren in een maxicosy met het fiets?","response":"U vindt een maxicosy-adapter in onze accessoireshop. Daar vindt u alle maxicosy-merken die compatibel zijn met de adapter, samen met een installatiehandleiding.\r\nDe fabrikant (Steco) raadt het gebruik aan voor baby's vanaf 4 maanden. De adapter bevat een basisvering, maar denk eraan voorzichtig te rijden.\r\n\r\nVoor oudere baby's vanaf 10 maanden is een voorzitje (Urban Iki) verkrijgbaar in de winkel."},{"question":"Kan een FollowMe worden gebruikt met de fiets?","response":"Natuurlijk kan dat!\r\nVergeet niet de installatie te laten uitvoeren door een bekwaam persoon of een professionele fietsenmaker.\r\n<div style=\"padding: 56.25% 0 0 0; position: relative;\"><iframe style=\"position: absolute; top: 0; left: 0; width: 100%; height: 100%;\" title=\"Installeer een FollowMe aan de achterkant van een Bike43\" src=\"https:\/\/player.vimeo.com\/video\/362777561?h=9e267bcca2&amp;badge=0&amp;autopause=0&amp;player_id=0&amp;app_id=58479\" frameborder=\"0\" allowfullscreen=\"allowfullscreen\"><\/iframe><\/div>\r\n<script src=\"https:\/\/player.vimeo.com\/api\/player.js\"><\/script>"},{"question":"Zijn er tutorials voor basisonderhoud?","response":"U vindt alle gebruikershandleidingen en videotutorials op de pagina Gebruikershandleidingen."},{"question":"Past de fiets op een auto fietsenrek?","response":"Dat doet het, en het is net zo gemakkelijk te installeren als elke andere fiets.\r\nJe hebt alleen een autorek model nodig met een verlengstuk. De beste optie die we hebben gevonden is de <a href=\"https:\/\/www.pro-user.eu\/en\/bike+carriers\/tow+bar\/diamant\/353\">Pro-User Diamant<\/a> (ook beschikbaar <a href=\"https:\/\/hollandbikeshop.com\/en-gb\/bicycle-carriers\/pro-user-bicycle-carrier\/pro-user-e-bike-carrier\/pro-user-bicycle-carrier-diamant-incl-storage-bag\/\">hier).<\/a>\r\n\r\nSommige gebruikers zijn er ook in geslaagd om de wielen te bevestigen met \"XXL Straps for Fatbikes\" op een bagagedrager zonder verlengstuk, zoals de <a href=\"https:\/\/www.thule.com\/fr-be\/bike-rack\/towbar-bike-racks\/thule-velospace-xt-3-_-939000\">Thule VeloSpace XT 3<\/a> of de <a href=\"https:\/\/www.thule.com\/en-be\/bike-rack\/towbar-bike-racks\/thule-easyfold-xt-3-_-934100\">Thule EasyFold XT3.<\/a>\r\n\r\nAlsjeblieft controleer altijd het draagvermogen van de rekken en de auto. En zorg ervoor dat u zware voorwerpen zoals de accu, het kastje en andere accessoires verwijdert."}]}],"visibility":true,"background_color":"beige","margin_top":"small","margin_bottom":"small"},{"acf_fc_layout":"section_what_they_say_about_us","cutomize_fields":false,"title":"","logos":null,"visibility":false,"background_color":"beige","margin_top":"small","margin_bottom":"small"}]},"yoast_head":"<!-- This site is optimized with the Yoast SEO plugin v25.3.1 - https:\/\/yoast.com\/wordpress\/plugins\/seo\/ -->\n<title>Longtail fiets prijzen - Bike 43, de elektrische gezinsfiets<\/title>\n<meta name=\"description\" content=\"Configureer volgens uw wensen en ontdek de prijzen van de ruimste longtail fiets op de markt, met een stalen cromoly frame met levenslange garantie.\" \/>\n<meta name=\"robots\" content=\"index, follow, max-snippet:-1, max-image-preview:large, max-video-preview:-1\" \/>\n<link rel=\"canonical\" href=\"https:\/\/bike43.com\/nl\/prijs\/\" \/>\n<meta property=\"og:locale\" content=\"nl_NL\" \/>\n<meta property=\"og:type\" content=\"article\" \/>\n<meta property=\"og:title\" content=\"Longtail fiets prijzen - Bike 43, de elektrische gezinsfiets\" \/>\n<meta property=\"og:description\" content=\"Configureer volgens uw wensen en ontdek de prijzen van de ruimste longtail fiets op de markt, met een stalen cromoly frame met levenslange garantie.\" \/>\n<meta property=\"og:url\" content=\"https:\/\/bike43.com\/nl\/prijs\/\" \/>\n<meta property=\"og:site_name\" content=\"Bike43 - Family cargo bike - Mid &amp; Long Tail\" \/>\n<meta property=\"article:publisher\" content=\"https:\/\/www.facebook.com\/Bike43\/\" \/>\n<meta property=\"article:modified_time\" content=\"2025-09-09T13:10:37+00:00\" \/>\n<meta property=\"og:image\" content=\"https:\/\/bike43.com\/app\/uploads\/2022\/11\/OG-Bike43.jpg\" \/>\n\t<meta property=\"og:image:width\" content=\"1588\" \/>\n\t<meta property=\"og:image:height\" content=\"888\" \/>\n\t<meta property=\"og:image:type\" content=\"image\/jpeg\" \/>\n<meta name=\"twitter:card\" content=\"summary_large_image\" \/>\n<meta name=\"twitter:site\" content=\"@bike43com\" \/>\n<script type=\"application\/ld+json\" class=\"yoast-schema-graph\">{\"@context\":\"https:\/\/schema.org\",\"@graph\":[{\"@type\":\"WebPage\",\"@id\":\"https:\/\/bike43.com\/nl\/prijs\/\",\"url\":\"https:\/\/bike43.com\/nl\/prijs\/\",\"name\":\"Longtail fiets prijzen - Bike 43, de elektrische gezinsfiets\",\"isPartOf\":{\"@id\":\"https:\/\/bike43.com\/nl\/#website\"},\"datePublished\":\"2022-09-30T14:15:17+00:00\",\"dateModified\":\"2025-09-09T13:10:37+00:00\",\"description\":\"Configureer volgens uw wensen en ontdek de prijzen van de ruimste longtail fiets op de markt, met een stalen cromoly frame met levenslange garantie.\",\"breadcrumb\":{\"@id\":\"https:\/\/bike43.com\/nl\/prijs\/#breadcrumb\"},\"inLanguage\":\"nl-NL\",\"potentialAction\":[{\"@type\":\"ReadAction\",\"target\":[\"https:\/\/bike43.com\/nl\/prijs\/\"]}]},{\"@type\":\"BreadcrumbList\",\"@id\":\"https:\/\/bike43.com\/nl\/prijs\/#breadcrumb\",\"itemListElement\":[{\"@type\":\"ListItem\",\"position\":1,\"name\":\"Home\",\"item\":\"https:\/\/bike43.com\/nl\/\"},{\"@type\":\"ListItem\",\"position\":2,\"name\":\"Prijs\"}]},{\"@type\":\"WebSite\",\"@id\":\"https:\/\/bike43.com\/nl\/#website\",\"url\":\"https:\/\/bike43.com\/nl\/\",\"name\":\"Long tail cargo bike - Bike 43, the family electric bike\",\"description\":\"Bike43 modular long taill bike - Because life is not a straight line\",\"publisher\":{\"@id\":\"https:\/\/bike43.com\/nl\/#organization\"},\"alternateName\":\"Family longtail bike - Bike 43\",\"potentialAction\":[{\"@type\":\"SearchAction\",\"target\":{\"@type\":\"EntryPoint\",\"urlTemplate\":\"https:\/\/bike43.com\/nl\/?s={search_term_string}\"},\"query-input\":{\"@type\":\"PropertyValueSpecification\",\"valueRequired\":true,\"valueName\":\"search_term_string\"}}],\"inLanguage\":\"nl-NL\"},{\"@type\":\"Organization\",\"@id\":\"https:\/\/bike43.com\/nl\/#organization\",\"name\":\"Bike 43\",\"url\":\"https:\/\/bike43.com\/nl\/\",\"logo\":{\"@type\":\"ImageObject\",\"inLanguage\":\"nl-NL\",\"@id\":\"https:\/\/bike43.com\/nl\/#\/schema\/logo\/image\/\",\"url\":\"https:\/\/bike43.com\/app\/uploads\/2022\/11\/logo-1.png\",\"contentUrl\":\"https:\/\/bike43.com\/app\/uploads\/2022\/11\/logo-1.png\",\"width\":416,\"height\":254,\"caption\":\"Bike 43\"},\"image\":{\"@id\":\"https:\/\/bike43.com\/nl\/#\/schema\/logo\/image\/\"},\"sameAs\":[\"https:\/\/www.facebook.com\/Bike43\/\",\"https:\/\/x.com\/bike43com\",\"https:\/\/www.instagram.com\/bike43\/\"]}]}<\/script>\n<!-- \/ Yoast SEO plugin. -->","yoast_head_json":{"title":"Longtail fiets prijzen - Bike 43, de elektrische gezinsfiets","description":"Configureer volgens uw wensen en ontdek de prijzen van de ruimste longtail fiets op de markt, met een stalen cromoly frame met levenslange garantie.","robots":{"index":"index","follow":"follow","max-snippet":"max-snippet:-1","max-image-preview":"max-image-preview:large","max-video-preview":"max-video-preview:-1"},"canonical":"https:\/\/bike43.com\/nl\/prijs\/","og_locale":"nl_NL","og_type":"article","og_title":"Longtail fiets prijzen - Bike 43, de elektrische gezinsfiets","og_description":"Configureer volgens uw wensen en ontdek de prijzen van de ruimste longtail fiets op de markt, met een stalen cromoly frame met levenslange garantie.","og_url":"https:\/\/bike43.com\/nl\/prijs\/","og_site_name":"Bike43 - Family cargo bike - Mid &amp; Long Tail","article_publisher":"https:\/\/www.facebook.com\/Bike43\/","article_modified_time":"2025-09-09T13:10:37+00:00","og_image":[{"width":1588,"height":888,"url":"https:\/\/bike43.com\/app\/uploads\/2022\/11\/OG-Bike43.jpg","type":"image\/jpeg"}],"twitter_card":"summary_large_image","twitter_site":"@bike43com","schema":{"@context":"https:\/\/schema.org","@graph":[{"@type":"WebPage","@id":"https:\/\/bike43.com\/nl\/prijs\/","url":"https:\/\/bike43.com\/nl\/prijs\/","name":"Longtail fiets prijzen - Bike 43, de elektrische gezinsfiets","isPartOf":{"@id":"https:\/\/bike43.com\/nl\/#website"},"datePublished":"2022-09-30T14:15:17+00:00","dateModified":"2025-09-09T13:10:37+00:00","description":"Configureer volgens uw wensen en ontdek de prijzen van de ruimste longtail fiets op de markt, met een stalen cromoly frame met levenslange garantie.","breadcrumb":{"@id":"https:\/\/bike43.com\/nl\/prijs\/#breadcrumb"},"inLanguage":"nl-NL","potentialAction":[{"@type":"ReadAction","target":["https:\/\/bike43.com\/nl\/prijs\/"]}]},{"@type":"BreadcrumbList","@id":"https:\/\/bike43.com\/nl\/prijs\/#breadcrumb","itemListElement":[{"@type":"ListItem","position":1,"name":"Home","item":"https:\/\/bike43.com\/nl\/"},{"@type":"ListItem","position":2,"name":"Prijs"}]},{"@type":"WebSite","@id":"https:\/\/bike43.com\/nl\/#website","url":"https:\/\/bike43.com\/nl\/","name":"Long tail cargo bike - Bike 43, the family electric bike","description":"Bike43 modular long taill bike - Because life is not a straight line","publisher":{"@id":"https:\/\/bike43.com\/nl\/#organization"},"alternateName":"Family longtail bike - Bike 43","potentialAction":[{"@type":"SearchAction","target":{"@type":"EntryPoint","urlTemplate":"https:\/\/bike43.com\/nl\/?s={search_term_string}"},"query-input":{"@type":"PropertyValueSpecification","valueRequired":true,"valueName":"search_term_string"}}],"inLanguage":"nl-NL"},{"@type":"Organization","@id":"https:\/\/bike43.com\/nl\/#organization","name":"Bike 43","url":"https:\/\/bike43.com\/nl\/","logo":{"@type":"ImageObject","inLanguage":"nl-NL","@id":"https:\/\/bike43.com\/nl\/#\/schema\/logo\/image\/","url":"https:\/\/bike43.com\/app\/uploads\/2022\/11\/logo-1.png","contentUrl":"https:\/\/bike43.com\/app\/uploads\/2022\/11\/logo-1.png","width":416,"height":254,"caption":"Bike 43"},"image":{"@id":"https:\/\/bike43.com\/nl\/#\/schema\/logo\/image\/"},"sameAs":["https:\/\/www.facebook.com\/Bike43\/","https:\/\/x.com\/bike43com","https:\/\/www.instagram.com\/bike43\/"]}]}},"_links":{"self":[{"href":"https:\/\/bike43.com\/nl\/wp-json\/wp\/v2\/pages\/2357","targetHints":{"allow":["GET"]}}],"collection":[{"href":"https:\/\/bike43.com\/nl\/wp-json\/wp\/v2\/pages"}],"about":[{"href":"https:\/\/bike43.com\/nl\/wp-json\/wp\/v2\/types\/page"}],"author":[{"embeddable":true,"href":"https:\/\/bike43.com\/nl\/wp-json\/wp\/v2\/users\/1"}],"replies":[{"embeddable":true,"href":"https:\/\/bike43.com\/nl\/wp-json\/wp\/v2\/comments?post=2357"}],"version-history":[{"count":42,"href":"https:\/\/bike43.com\/nl\/wp-json\/wp\/v2\/pages\/2357\/revisions"}],"predecessor-version":[{"id":10566,"href":"https:\/\/bike43.com\/nl\/wp-json\/wp\/v2\/pages\/2357\/revisions\/10566"}],"wp:attachment":[{"href":"https:\/\/bike43.com\/nl\/wp-json\/wp\/v2\/media?parent=2357"}],"curies":[{"name":"wp","href":"https:\/\/api.w.org\/{rel}","templated":true}]}}