{"id":2365,"date":"2022-09-19T08:33:31","date_gmt":"2022-09-19T08:33:31","guid":{"rendered":"https:\/\/bike43.com\/11-2\/"},"modified":"2023-10-06T15:01:43","modified_gmt":"2023-10-06T15:01:43","slug":"page-daccueil","status":"publish","type":"page","link":"https:\/\/bike43.com\/fr\/page-daccueil\/","title":{"rendered":"Home"},"content":{"rendered":"","protected":false},"excerpt":{"rendered":"","protected":false},"author":1,"featured_media":0,"parent":0,"menu_order":0,"comment_status":"closed","ping_status":"closed","template":"template-page.blade.php","meta":{"_acf_changed":false,"inline_featured_image":false,"footnotes":""},"class_list":["post-2365","page","type-page","status-publish","hentry"],"acf":{"header":{"header_type":"header_1","header_1":{"title":"V\u00e9lo familial \r\npour le quotidien<span class=\"text-secondary-500\">.<\/span>","select_type":"file_video","image":1763,"image_mobile":null,"link_video":null,"file_video":5515,"picture_loading":2103},"header_2":{"title":"","content":"","button":null,"image":null,"rounded_image":false,"logo_join_the_club":null,"background_color":""},"header_swiper":{"items":null},"header_buttons_color":{"title":"","logo":null,"use_images_mobiles":false,"items":null},"header_text_image":{"title":"","content":"","image":null,"background_color":""}},"body":[{"acf_fc_layout":"section_card_text_image_carousel","cards":[{"card_type":"image","image":{"title":"<h2>Votre v\u00e9lo 43 <span style=\"color: #8bae75;\">evolue<\/span> avec votre <span style=\"color: #8bae75;\">famille<\/span>.<\/h2>","images":[{"image":1981},{"image":381},{"image":387},{"image":393}]},"slides":null,"display_numbers":false,"image_full_size":false},{"card_type":"slider","image":{"title":"","images":null},"slides":[{"heading":"","title":"Emmener votre <span style=\"color: #8bae75;\">famille<\/span> partout","content":"D\u00e9poser les enfants \u00e0 l'\u00e9cole ou faire les courses, en v\u00e9lo 43","image":564},{"heading":"","title":"Continuer en <span style=\"color: #cf6955;\">v\u00e9lotaf<\/span>","content":"La rigidit\u00e9 du cadre et la puissance du moteur vous feront oublier que vous venez de d\u00e9poser les enfants \u00e0 l'\u00e9cole.","image":4074},{"heading":"","title":"Eviter le <span style=\"color: #88a8bb;\">trafic<\/span>","content":"Agile et l\u00e9ger, il se faufile \u00e0 travers la ville et le semi-urbain","image":558},{"heading":"","title":"Explorer &amp; viver <span style=\"color: #8bae75;\">l'aventure<\/span>","content":"La bicyclette est le meilleur moyen de transport pour s'aventurer.","image":555},{"heading":"","title":"Du plaisir, du jeu, des <span style=\"color: #cf6955;\">moments de qualit\u00e9<\/span>","content":"L'arri\u00e8re du v\u00e9lo est une grande salle de jeux, jusqu'\u00e0 ce que vous atteigniez la plaine de jeux","image":2050},{"heading":"","title":"Emportez-la <span style=\"color: #88a8bb;\">partout<\/span> avec vous","content":"Installer facilement votre v\u00e9lo 43 sur un porte-v\u00e9lo. Mieux encore, vous pouvez le porter seul","image":549},{"heading":"","title":"<span style=\"color: #8bae75;\">Ranger<\/span> le en toute simplicit\u00e9","content":"Votre v\u00e9lo 43 passe par n'importe quelle porte. Garer le verticalement pour une meilleure utilisation de l'espace.","image":546},{"heading":"","title":"Transport d'une charge utile de type <span style=\"color: #cf6955;\">Cargo<\/span> ","content":"Transporter jusqu'\u00e0 170 kg de charge avec une grande vari\u00e9t\u00e9 d'accessoires","image":2053}],"display_numbers":false,"image_full_size":true}],"visibility":true,"background_color":"beige","margin_top":"small","margin_bottom":"small"},{"acf_fc_layout":"section_image_full","image":4103,"visibility":true},{"acf_fc_layout":"section_card_slider","slides":[{"heading":"","title":"Le v\u00e9lo long-tail le plus <span style=\"color: #8bae75;\">spacieux<\/span>  du march\u00e9.","content":"Gr\u00e2ce \u00e0 la 'footbox' brevet\u00e9e, jusqu'\u00e0 trois enfants peuvent s'installer \u00e0 l'arri\u00e8re. Le premier enfant passe ses pieds sous la selle pour avoir plus d'espace.","image":80},{"heading":"","title":"<span style=\"color: #cf6955;\">Une conduite s\u00fbre et confortable<\/span> pour tous.","content":"Gr\u00e2ce \u00e0 la position basse de la batterie et \u00e0 la roue arri\u00e8re de 20 pouces, le v\u00e9lo a un excellent centre de gravit\u00e9. Le risque de chute des enfants est tr\u00e8s limit\u00e9 aussi vu la hauteur.","image":77},{"heading":"","title":"Un <span style=\"color: #88a8bb;\">cadre multi-moteurs<\/span> pour \u00e9voluer avec vos besoins.","content":"Vous pouvez choisir la puissance de votre moteur et le syst\u00e8me de moyeu interne qui va avec. Le v\u00e9lo est adaptatif et peut \u00e9voluer dans le futur.","image":2097},{"heading":"","title":"Un v\u00e9lo <span style=\"color: #8bae75;\">faible maintenance<\/span> pour durer toute une vie.","content":"Le v\u00e9lo a \u00e9t\u00e9 sp\u00e9cialement con\u00e7u pour durer. Avec un cadre en acier Chromoly haut de gamme, un moyeu interne, une b\u00e9quille sur mesure et un design de cadre en double X.","image":1804}],"display_numbers":true,"image_full_size":false,"visibility":true,"background_color":"beige","margin_top":"small","margin_bottom":"small"},{"acf_fc_layout":"section_colors_bike","title":"Style et couleurs","content":"Les v\u00e9los 43 sont personnalisables pour r\u00e9pondre \u00e0 vos besoins, ils sont disponibles en 4 couleurs et avec 5 syst\u00e8mes moteur\/transmissions diff\u00e9rents. Que ce soit pour les fonctionnalit\u00e9s, les performances ou le style, le v\u00e9lo 43 est votre fid\u00e8le compagnon de route.","colors":[{"color_picker":"#293133","image":1146},{"color_picker":"#ab273c","image":1152},{"color_picker":"#e2a300","image":1149},{"color_picker":"#84c3be","image":1158}],"button":{"title":"The bike","url":"https:\/\/bike43.com\/fr\/the-bike\/","target":""},"visibility":true,"background_color":"beige","margin_top":"small","margin_bottom":"small"},{"acf_fc_layout":"section_image_content","place_image_right":false,"reduce_image_size":true,"image":2057,"logo":105,"title":"Construit pour durer","content":"Nos v\u00e9los sont enti\u00e8rement con\u00e7us et pens\u00e9s par nos \u00e9quipes. Nos cadres sont construits \u00e0 la main en Europe, par des artisans sp\u00e9cialis\u00e9s et exp\u00e9riment\u00e9s. Nos v\u00e9los sont ensuite assembl\u00e9s avec soin \u00e0 Bruxelles. La production locale permet de limiter l'impact sur la plan\u00e8te. Nous croyons \u00e9galement en une approche inclusive avec du travail adapt\u00e9 dans notre cha\u00eene de montage \u00e0 Bruxelles.","button":"","visibility":true,"background_color":"beige","margin_top":"small","margin_bottom":"small"},{"acf_fc_layout":"section_testimonial","quote":"Le v\u00e9lo <span style=\"color: #8bae75;\">familial<\/span> pour le transport quotidien, tout au long de l'ann\u00e9e.","image":2133,"visibility":true,"background_color":"beige","margin_top":"small","margin_bottom":"small"},{"acf_fc_layout":"section_what_they_say_about_us","cutomize_fields":true,"title":"Ce qu'ils <span style=\"color: #8bae75;\">disent<\/span> de nous","logos":[{"picture":1424,"background_color":"#0144eb","content":"<blockquote><em>Les nombreuses jambes de force en acier apportent une stabilit\u00e9 solide au cadre. Le centre de gravit\u00e9 bas facilite la manipulation pour les passagers et le conducteur. En route, il est bien \u00e9quilibr\u00e9 et n\u00e9cessite peu d'ajustements par rapport \u00e0 un v\u00e9lo normal.<\/em><\/blockquote>","logo":1420,"name":"Tester: Jens Kockerbeck","role":"128 km en 2022"},{"picture":1428,"background_color":"#ffffff","content":"<em>Le \"longtail\" allie compacit\u00e9, maniabilit\u00e9 et capacit\u00e9 \u00e0 transporter soit du mat\u00e9riel, soit des enfants... ou tout cela \u00e0 la fois. Il offre une polyvalence maximale aux deux-roues et regorge d'astuces.<\/em>","logo":1428,"name":"","role":""},{"picture":1432,"background_color":"#ffffff","content":"Le v\u00e9lo 43 dit \"v\u00e9lo pour trois\" rivalise avec les v\u00e9los cargo classiques. Il peut transporter des bagages ou des enfants sans l'inconv\u00e9nient du conteneur \u00e0 l'avant qui a un impact consid\u00e9rable sur le poids et la maniabilit\u00e9.","logo":1432,"name":"","role":""},{"picture":114,"background_color":"#f1f1f1","content":"Le v\u00e9lo 43 (litt\u00e9ralement \"v\u00e9lo pour trois\") est un v\u00e9lo cargo familial unique. Il est particuli\u00e8rement maniable et stable, ce qui permet de le conduire facilement et en toute s\u00e9curit\u00e9 dans la circulation.","logo":114,"name":"","role":""}],"visibility":true,"background_color":"beige","margin_top":"small","margin_bottom":"small"},{"acf_fc_layout":"section_card_testimony","title":"Le mot du <span style=\"color: #8bae75;\">fondateur<\/span>","content":"Lorsqu'il s'agit du transport de sa famille, aucun compromis n'est possible sur la fiabilit\u00e9. La conception a \u00e9t\u00e9 pens\u00e9e pour en faire un v\u00e9lo de qualit\u00e9 n\u00e9cessitant peu d'entretien et capable de r\u00e9sister \u00e0 un usage tr\u00e8s intensif. Si vous voulez remplacer une voiture, vous devez la construire au moins aussi solide.","name":"Etienne, fondateur des v\u00e9los 43","role":"25.000 km+  sur son v\u00e9lo 43","image":1746,"animated_item":null,"visibility":true,"background_color":"beige","margin_top":"small","margin_bottom":"small"},{"acf_fc_layout":"section_cta","content":"Pr\u00eat \u00e0 rouler ?\r\n\r\nCommandez votre v\u00e9lo 43","button":{"title":"Resellers","url":"https:\/\/bike43.com\/fr\/resellers\/","target":""},"visibility":true,"background_color":"beige","margin_top":"none","margin_bottom":"none"},{"acf_fc_layout":"section_cards_links_icon","cards_icon":[{"link":{"title":"The bike","url":"https:\/\/bike43.com\/fr\/the-bike\/","target":""},"icon":"person-biking","icon_type":"thin"},{"link":{"title":"Price","url":"https:\/\/bike43.com\/fr\/price\/","target":""},"icon":"tag","icon_type":"thin"},{"link":{"title":"Resellers","url":"https:\/\/bike43.com\/fr\/resellers\/","target":""},"icon":"hands-clapping","icon_type":"thin"},{"link":{"title":"Community","url":"https:\/\/bike43.com\/fr\/community\/","target":""},"icon":"message-smile","icon_type":"thin"}],"visibility":true,"background_color":"beige","margin_top":"small","margin_bottom":"none"}]},"yoast_head":"<!-- This site is optimized with the Yoast SEO plugin v25.3.1 - https:\/\/yoast.com\/wordpress\/plugins\/seo\/ -->\n<title>V\u00e9lo cargo longtail - V\u00e9lo 43, le v\u00e9lo \u00e9lectrique familial<\/title>\n<meta name=\"description\" content=\"Le v\u00e9lo \u00e9lectrique longtail le plus spacieux du march\u00e9, jusqu&#039;\u00e0 trois enfants en toute s\u00e9curit\u00e9. V\u00e9lo cargo facile \u00e0 conduire et maniable.\" \/>\n<meta name=\"robots\" content=\"index, follow, max-snippet:-1, max-image-preview:large, max-video-preview:-1\" \/>\n<link rel=\"canonical\" href=\"https:\/\/bike43.com\/fr\/page-daccueil\/\" \/>\n<meta property=\"og:locale\" content=\"fr_FR\" \/>\n<meta property=\"og:type\" content=\"article\" \/>\n<meta property=\"og:title\" content=\"V\u00e9lo cargo longtail - V\u00e9lo 43, le v\u00e9lo \u00e9lectrique familial\" \/>\n<meta property=\"og:description\" content=\"Le v\u00e9lo \u00e9lectrique longtail le plus spacieux du march\u00e9, jusqu&#039;\u00e0 trois enfants en toute s\u00e9curit\u00e9. V\u00e9lo cargo facile \u00e0 conduire et maniable.\" \/>\n<meta property=\"og:url\" content=\"https:\/\/bike43.com\/fr\/page-daccueil\/\" \/>\n<meta property=\"og:site_name\" content=\"Bike43 - Family cargo bike - Mid &amp; Long Tail\" \/>\n<meta property=\"article:publisher\" content=\"https:\/\/www.facebook.com\/Bike43\/\" \/>\n<meta property=\"article:modified_time\" content=\"2023-10-06T15:01:43+00:00\" \/>\n<meta property=\"og:image\" content=\"https:\/\/bike43.com\/app\/uploads\/2022\/11\/OG-Bike43.jpg\" \/>\n\t<meta property=\"og:image:width\" content=\"1588\" \/>\n\t<meta property=\"og:image:height\" content=\"888\" \/>\n\t<meta property=\"og:image:type\" content=\"image\/jpeg\" \/>\n<meta name=\"twitter:card\" content=\"summary_large_image\" \/>\n<meta name=\"twitter:site\" content=\"@bike43com\" \/>\n<script type=\"application\/ld+json\" class=\"yoast-schema-graph\">{\"@context\":\"https:\/\/schema.org\",\"@graph\":[{\"@type\":\"WebPage\",\"@id\":\"https:\/\/bike43.com\/fr\/page-daccueil\/\",\"url\":\"https:\/\/bike43.com\/fr\/page-daccueil\/\",\"name\":\"V\u00e9lo cargo longtail - V\u00e9lo 43, le v\u00e9lo \u00e9lectrique familial\",\"isPartOf\":{\"@id\":\"https:\/\/bike43.com\/fr\/#website\"},\"datePublished\":\"2022-09-19T08:33:31+00:00\",\"dateModified\":\"2023-10-06T15:01:43+00:00\",\"description\":\"Le v\u00e9lo \u00e9lectrique longtail le plus spacieux du march\u00e9, jusqu'\u00e0 trois enfants en toute s\u00e9curit\u00e9. V\u00e9lo cargo facile \u00e0 conduire et maniable.\",\"breadcrumb\":{\"@id\":\"https:\/\/bike43.com\/fr\/page-daccueil\/#breadcrumb\"},\"inLanguage\":\"fr-FR\",\"potentialAction\":[{\"@type\":\"ReadAction\",\"target\":[\"https:\/\/bike43.com\/fr\/page-daccueil\/\"]}]},{\"@type\":\"BreadcrumbList\",\"@id\":\"https:\/\/bike43.com\/fr\/page-daccueil\/#breadcrumb\",\"itemListElement\":[{\"@type\":\"ListItem\",\"position\":1,\"name\":\"Home\",\"item\":\"https:\/\/bike43.com\/fr\/\"},{\"@type\":\"ListItem\",\"position\":2,\"name\":\"Home\"}]},{\"@type\":\"WebSite\",\"@id\":\"https:\/\/bike43.com\/fr\/#website\",\"url\":\"https:\/\/bike43.com\/fr\/\",\"name\":\"Long tail cargo bike - Bike 43, the family electric bike\",\"description\":\"Bike43 modular long taill bike - Because life is not a straight line\",\"publisher\":{\"@id\":\"https:\/\/bike43.com\/fr\/#organization\"},\"alternateName\":\"Family longtail bike - Bike 43\",\"potentialAction\":[{\"@type\":\"SearchAction\",\"target\":{\"@type\":\"EntryPoint\",\"urlTemplate\":\"https:\/\/bike43.com\/fr\/?s={search_term_string}\"},\"query-input\":{\"@type\":\"PropertyValueSpecification\",\"valueRequired\":true,\"valueName\":\"search_term_string\"}}],\"inLanguage\":\"fr-FR\"},{\"@type\":\"Organization\",\"@id\":\"https:\/\/bike43.com\/fr\/#organization\",\"name\":\"Bike 43\",\"url\":\"https:\/\/bike43.com\/fr\/\",\"logo\":{\"@type\":\"ImageObject\",\"inLanguage\":\"fr-FR\",\"@id\":\"https:\/\/bike43.com\/fr\/#\/schema\/logo\/image\/\",\"url\":\"https:\/\/bike43.com\/app\/uploads\/2022\/11\/logo-1.png\",\"contentUrl\":\"https:\/\/bike43.com\/app\/uploads\/2022\/11\/logo-1.png\",\"width\":416,\"height\":254,\"caption\":\"Bike 43\"},\"image\":{\"@id\":\"https:\/\/bike43.com\/fr\/#\/schema\/logo\/image\/\"},\"sameAs\":[\"https:\/\/www.facebook.com\/Bike43\/\",\"https:\/\/x.com\/bike43com\",\"https:\/\/www.instagram.com\/bike43\/\"]}]}<\/script>\n<!-- \/ Yoast SEO plugin. -->","yoast_head_json":{"title":"V\u00e9lo cargo longtail - V\u00e9lo 43, le v\u00e9lo \u00e9lectrique familial","description":"Le v\u00e9lo \u00e9lectrique longtail le plus spacieux du march\u00e9, jusqu'\u00e0 trois enfants en toute s\u00e9curit\u00e9. V\u00e9lo cargo facile \u00e0 conduire et maniable.","robots":{"index":"index","follow":"follow","max-snippet":"max-snippet:-1","max-image-preview":"max-image-preview:large","max-video-preview":"max-video-preview:-1"},"canonical":"https:\/\/bike43.com\/fr\/page-daccueil\/","og_locale":"fr_FR","og_type":"article","og_title":"V\u00e9lo cargo longtail - V\u00e9lo 43, le v\u00e9lo \u00e9lectrique familial","og_description":"Le v\u00e9lo \u00e9lectrique longtail le plus spacieux du march\u00e9, jusqu'\u00e0 trois enfants en toute s\u00e9curit\u00e9. V\u00e9lo cargo facile \u00e0 conduire et maniable.","og_url":"https:\/\/bike43.com\/fr\/page-daccueil\/","og_site_name":"Bike43 - Family cargo bike - Mid &amp; Long Tail","article_publisher":"https:\/\/www.facebook.com\/Bike43\/","article_modified_time":"2023-10-06T15:01:43+00:00","og_image":[{"width":1588,"height":888,"url":"https:\/\/bike43.com\/app\/uploads\/2022\/11\/OG-Bike43.jpg","type":"image\/jpeg"}],"twitter_card":"summary_large_image","twitter_site":"@bike43com","schema":{"@context":"https:\/\/schema.org","@graph":[{"@type":"WebPage","@id":"https:\/\/bike43.com\/fr\/page-daccueil\/","url":"https:\/\/bike43.com\/fr\/page-daccueil\/","name":"V\u00e9lo cargo longtail - V\u00e9lo 43, le v\u00e9lo \u00e9lectrique familial","isPartOf":{"@id":"https:\/\/bike43.com\/fr\/#website"},"datePublished":"2022-09-19T08:33:31+00:00","dateModified":"2023-10-06T15:01:43+00:00","description":"Le v\u00e9lo \u00e9lectrique longtail le plus spacieux du march\u00e9, jusqu'\u00e0 trois enfants en toute s\u00e9curit\u00e9. V\u00e9lo cargo facile \u00e0 conduire et maniable.","breadcrumb":{"@id":"https:\/\/bike43.com\/fr\/page-daccueil\/#breadcrumb"},"inLanguage":"fr-FR","potentialAction":[{"@type":"ReadAction","target":["https:\/\/bike43.com\/fr\/page-daccueil\/"]}]},{"@type":"BreadcrumbList","@id":"https:\/\/bike43.com\/fr\/page-daccueil\/#breadcrumb","itemListElement":[{"@type":"ListItem","position":1,"name":"Home","item":"https:\/\/bike43.com\/fr\/"},{"@type":"ListItem","position":2,"name":"Home"}]},{"@type":"WebSite","@id":"https:\/\/bike43.com\/fr\/#website","url":"https:\/\/bike43.com\/fr\/","name":"Long tail cargo bike - Bike 43, the family electric bike","description":"Bike43 modular long taill bike - Because life is not a straight line","publisher":{"@id":"https:\/\/bike43.com\/fr\/#organization"},"alternateName":"Family longtail bike - Bike 43","potentialAction":[{"@type":"SearchAction","target":{"@type":"EntryPoint","urlTemplate":"https:\/\/bike43.com\/fr\/?s={search_term_string}"},"query-input":{"@type":"PropertyValueSpecification","valueRequired":true,"valueName":"search_term_string"}}],"inLanguage":"fr-FR"},{"@type":"Organization","@id":"https:\/\/bike43.com\/fr\/#organization","name":"Bike 43","url":"https:\/\/bike43.com\/fr\/","logo":{"@type":"ImageObject","inLanguage":"fr-FR","@id":"https:\/\/bike43.com\/fr\/#\/schema\/logo\/image\/","url":"https:\/\/bike43.com\/app\/uploads\/2022\/11\/logo-1.png","contentUrl":"https:\/\/bike43.com\/app\/uploads\/2022\/11\/logo-1.png","width":416,"height":254,"caption":"Bike 43"},"image":{"@id":"https:\/\/bike43.com\/fr\/#\/schema\/logo\/image\/"},"sameAs":["https:\/\/www.facebook.com\/Bike43\/","https:\/\/x.com\/bike43com","https:\/\/www.instagram.com\/bike43\/"]}]}},"_links":{"self":[{"href":"https:\/\/bike43.com\/fr\/wp-json\/wp\/v2\/pages\/2365","targetHints":{"allow":["GET"]}}],"collection":[{"href":"https:\/\/bike43.com\/fr\/wp-json\/wp\/v2\/pages"}],"about":[{"href":"https:\/\/bike43.com\/fr\/wp-json\/wp\/v2\/types\/page"}],"author":[{"embeddable":true,"href":"https:\/\/bike43.com\/fr\/wp-json\/wp\/v2\/users\/1"}],"replies":[{"embeddable":true,"href":"https:\/\/bike43.com\/fr\/wp-json\/wp\/v2\/comments?post=2365"}],"version-history":[{"count":10,"href":"https:\/\/bike43.com\/fr\/wp-json\/wp\/v2\/pages\/2365\/revisions"}],"predecessor-version":[{"id":5520,"href":"https:\/\/bike43.com\/fr\/wp-json\/wp\/v2\/pages\/2365\/revisions\/5520"}],"wp:attachment":[{"href":"https:\/\/bike43.com\/fr\/wp-json\/wp\/v2\/media?parent=2365"}],"curies":[{"name":"wp","href":"https:\/\/api.w.org\/{rel}","templated":true}]}}