{"id":2362,"date":"2022-09-26T12:45:34","date_gmt":"2022-09-26T12:45:34","guid":{"rendered":"https:\/\/bike43.com\/the-bike\/"},"modified":"2024-10-29T08:43:15","modified_gmt":"2024-10-29T08:43:15","slug":"le-velo-43","status":"publish","type":"page","link":"https:\/\/bike43.com\/fr\/le-velo-43\/","title":{"rendered":"Le V\u00e9lo"},"content":{"rendered":"","protected":false},"excerpt":{"rendered":"","protected":false},"author":1,"featured_media":0,"parent":0,"menu_order":0,"comment_status":"closed","ping_status":"closed","template":"template-page.blade.php","meta":{"_acf_changed":false,"inline_featured_image":false,"footnotes":""},"class_list":["post-2362","page","type-page","status-publish","hentry"],"acf":{"header":{"header_type":"header_1","header_1":{"title":"Sp\u00e9cifications techniques","select_type":"image","image":4201,"image_mobile":4191,"link_video":null,"file_video":null,"picture_loading":null},"header_2":{"title":"","content":"","button":null,"image":null,"rounded_image":false,"logo_join_the_club":null,"background_color":""},"header_swiper":{"items":null},"header_buttons_color":{"title":"","logo":null,"use_images_mobiles":false,"items":null},"header_text_image":{"title":"","content":"","image":null,"background_color":""}},"body":[{"acf_fc_layout":"section_card_slider","slides":[{"heading":"Sp\u00e9cifications techniques","title":"Facile \u00e0 conduire.","content":"Le v\u00e9lo 43 est facile \u00e0 enfourcher gr\u00e2ce \u00e0 son cadre bas au niveau de l'entrejambe. Une option 'speedlifter' permet de r\u00e9gler la hauteur du guidon et de la selle. ","image":542},{"heading":"Sp\u00e9cifications techniques","title":"Compacte en taille.","content":"Le v\u00e9lo est seulement 10cm (4\u2033) plus long qu'un v\u00e9lo ordinaire. Il est tout aussi facile \u00e0 garer, m\u00eame verticalement \u00e0 la maison, et se fixe sur un porte-v\u00e9lo de voiture.","image":539},{"heading":"Sp\u00e9cifications techniques","title":"Double X Design.","content":"Le design en double X du cadre offre de la rigidit\u00e9 quand vous en avez besoin. Les virages, les freinages et les acc\u00e9l\u00e9rations deviennent naturels pour tous les cyclistes.","image":536},{"heading":"Sp\u00e9cifications techniques","title":"Garantie \u00e0 vie sur le cadre.","content":"Mieux que l'acier ou l'aluminium de base auquel vous \u00eates habitu\u00e9. Nous avons opt\u00e9 pour un acier CrMo l\u00e9ger, connu pour \u00eatre un \"mat\u00e9riau vivant\" qui absorbe les chocs des irr\u00e9gularit\u00e9s de la route. Comme preuve de qualit\u00e9, le cadre est garanti \u00e0 vie.","image":1485},{"heading":"Sp\u00e9cifications techniques","title":"Centre de gravit\u00e9 bas.","content":"Centre de gravit\u00e9 bas gr\u00e2ce \u00e0 une petite roue arri\u00e8re de 20\u2033 et une position tr\u00e8s basse de la batterie.\r\nConfort - La grande roue avant de 24\u2033 passe en douceur les obstacles.","image":530},{"heading":"Sp\u00e9cifications techniques","title":"Compatibilit\u00e9 multi-moteurs.","content":"Le v\u00e9lo n'est pas bloqu\u00e9 \u00e0 un moteur sp\u00e9cifique. On peut le faire \u00e9voluer en le rempla\u00e7ant par un nouveau moteur.","image":527},{"heading":"Sp\u00e9cifications techniques","title":"Moyeu interne.","content":"Moyeu interne pour une fiabilit\u00e9 imbattable, oubliez les mains sales et les d\u00e9railages. Changement de vitesse facile m\u00eame \u00e0 l'arr\u00eat et sans entretien. Choisissez entre les vitesses manuelles, eShift ou continues.","image":524}],"display_numbers":false,"image_full_size":false,"visibility":true,"background_color":"beige","margin_top":"small","margin_bottom":"small"},{"acf_fc_layout":"section_two_columns","title":"Faites votre choix","column1":{"logo":177,"title":"Shimano","content":"Le moteur Shimano Steps est situ\u00e9e dans le p\u00e9dalier. Les principaux composants \u00e9lectroniques sont int\u00e9gr\u00e9s dans le moteur pour r\u00e9sister aux intemp\u00e9ries. Le Shimano Steps est un syst\u00e8me l\u00e9ger dot\u00e9 d'une puissante batterie lithium-ion et d'un syst\u00e8me intelligent de gestion de la batterie."},"column2":{"logo":180,"title":"Bosch","content":"Le moteur Bosch Cargo Line donne jusqu'\u00e0 85 Nm de couple, ce qui permet de d\u00e9placer de lourdes charges et d'affronter les mont\u00e9es sans effort. L'assistance fournie par la cha\u00eene cin\u00e9matique Cargo Line est puissante, elle comprend un mode automatique qui ajuste l'assistance pendant la conduite."},"visibility":true,"background_color":"beige","margin_top":"small","margin_bottom":"small"},{"acf_fc_layout":"section_grid_images_content","title":"Refined in every detail","images":[{"image":219,"title":"Footbox","content":"Le syst\u00e8me  unique et brevet\u00e9 Footbox permet de loger les jambes du premier enfant et de les prot\u00e9ger contre les collisions. Il permet de gagner 15 cm de longueur sur le porte bagage pour accueillir un enfant de plus."},{"image":5237,"title":"B\u00e9quille sur mesure","content":"Une b\u00e9quille \u00e0 deux pieds faite sur mesure pour faciliter le chargement et le d\u00e9chargement."},{"image":5242,"title":"Freins \u00e0 disque hydrauliques","content":"Freins \u00e0 disques hydrauliques puissants pour une s\u00e9curit\u00e9 maximale - 2 ou 4 pistons avec rotor de 203 mm (selon le mod\u00e8le)"},{"image":228,"title":"Guidon speedlifter","content":"R\u00e9glez-la hauteur, rangez-le et transportez-le facilement gr\u00e2ce au speedlifter qui permet de monter, descendre et tourner le guidon (en option)."},{"image":231,"title":"Syst\u00e8me \u00e0 cl\u00e9 unique","content":"Une seule cl\u00e9 pour toutes vos serrures. La batterie est fournie avec une serrure Abus YourPlus. Vous pouvez commander de nouvelles cl\u00e9s et des cadenas aupr\u00e8s d'Abus qui fonctionnent avec la m\u00eame cl\u00e9."},{"image":5247,"title":"Moyeu interne","content":"Moyeux interne pour une fiabilit\u00e9 sans faille, un changement de vitesse facile m\u00eame \u00e0 l'arr\u00eat, aucun entretien et pas de d\u00e9railage. Choix entre les moyeux Shimano Inter5E, Enviolo et Enviolo AutomatiQ."},{"image":5252,"title":"Pneus anti-perforation","content":"Des pneus anti-crevaison pour \u00e9viter toute mauvaise exp\u00e9rience lors de la conduite. La pression recommand\u00e9e pour les pneus est de 3,5 bars."},{"image":243,"title":"Lampes","content":"Des lumi\u00e8res avant et arri\u00e8re puissantes pour voir et \u00eatre vu."},{"image":246,"title":"Multi moteurs","content":"Choix entre des moteurs Shimano ou Bosch fix\u00e9s au cadre gr\u00e2ce \u00e0 des adaptateurs sp\u00e9cifiques."},{"image":249,"title":"Cadre","content":"Acier Chromoly l\u00e9ger pour absorber les chocs et offrir une conduite agr\u00e9able."},{"image":6523,"title":"Pack batterie","content":"Batterie 725Wh pour Bosch et 630Wh pour Shimano"},{"image":6528,"title":"Ecran","content":"Affichage pratique sur le guidon."}],"visibility":true,"background_color":"beige","margin_top":"large","margin_bottom":"large"},{"acf_fc_layout":"section_statistics_numbers","title":"Quelques statistiques","numbers":[{"number":20000000,"unit":"km +","content":"km roul\u00e9s"},{"number":2150000,"unit":"+","content":"kg de CO2 \u00e9conomis\u00e9s"},{"number":30,"unit":"kg","content":"Poids du v\u00e9lo"}],"visibility":true,"background_color":"white","margin_top":"large","margin_bottom":"small"},{"acf_fc_layout":"section_image_content","place_image_right":false,"reduce_image_size":false,"image":259,"logo":null,"title":"Accessories","content":"Le v\u00e9lo est ultra-personnalisable avec plus de 20 accessoires. Vous pouvez le transformer en \"fourgon familial\" avec trois enfants \u00e0 l'arri\u00e8re et un b\u00e9b\u00e9 \u00e0 l'avant ou le pr\u00e9parer pour du transport de marchandises (courses ou outils). Parmi les autres accessoires, citons une housse de pluie, des sacs, un panier pour animaux, un adaptateur MaxiCosy, etc.","button":{"title":"See All","url":"https:\/\/bike43.com\/accessories\/","target":""},"visibility":true,"background_color":"white","margin_top":"small","margin_bottom":"large"},{"acf_fc_layout":"section_cards_list","title":"Le meilleur de sa cat\u00e9gorie","cards":[{"is_image":false,"image":null,"icon":{"icon":"sparkles","icon_type":"thin"},"title":"Ergonomy","content":"<ul>\r\n \t<li>Roue arri\u00e8re plus petite pour une stabilit\u00e9 optimale<\/li>\r\n \t<li>Conduite et ajustement faciles<\/li>\r\n \t<li>Poign\u00e9es ergo et selle confortables<\/li>\r\n \t<li>B\u00e9quille stable \u00e0 deux pieds<\/li>\r\n<\/ul>"},{"is_image":false,"image":null,"icon":{"icon":"biking","icon_type":"thin"},"title":"Facilit\u00e9 d'utilisation","content":"<ul>\r\n \t<li>De 0 \u00e0 3 enfants<\/li>\r\n \t<li>Adapt\u00e9 pour porter les courses<\/li>\r\n \t<li>Transport d'animaux<\/li>\r\n \t<li>Disponible en 4 couleurs<\/li>\r\n \t<li>Remorquage de v\u00e9los<\/li>\r\n<\/ul>"},{"is_image":false,"image":null,"icon":{"icon":"hands-holding-diamond","icon_type":"thin"},"title":"Fiabilit\u00e9","content":"<ul>\r\n \t<li>Garantie \u00e0 vie sur le cadre<\/li>\r\n \t<li>Pneus anti-crevaison<\/li>\r\n \t<li>Pas de d\u00e9rraillage et pas d'entretien<\/li>\r\n \t<li>Changement de vitesse en charge et \u00e0 l'arr\u00eat<\/li>\r\n<\/ul>\r\n\r\n\r\n\r\n"},{"is_image":false,"image":null,"icon":{"icon":"puzzle-piece","icon_type":"thin"},"title":"Compatibilit\u00e9","content":"<ul>\r\n \t<li>Rentre sur un porte-v\u00e9lo<\/li>\r\n \t<li>Compatible avec les sacs Brompton<\/li>\r\n \t<li>Banquette roller-coaster personnalis\u00e9<\/li>\r\n \t<li>Accessoire step-in personnalis\u00e9<\/li>\r\n \t<li>Utilisable avec les antivols Abus YourPlus<\/li>\r\n<\/ul>\r\n\r\n"},{"is_image":false,"image":null,"icon":{"icon":"comment","icon_type":"thin"},"title":"Entretien du v\u00e9lo","content":"<ul>\r\n \t<li>Garantie \u00e0 vie sur le cadre<\/li>\r\n \t<li>Pneus anti-crevaison<\/li>\r\n \t<li>Pas de d\u00e9rraillage et pas d'entretien<\/li>\r\n \t<li>Changement de vitesse en charge et \u00e0 l'arr\u00eat<\/li>\r\n<\/ul>\r\n"},{"is_image":true,"image":262,"icon":{"icon":"0","icon_type":"duotone"},"title":"","content":""}],"visibility":true,"background_color":"beige","margin_top":"large","margin_bottom":"small"},{"acf_fc_layout":"section_technical_specifications","title":"<span style=\"color: #8bae75;\">Sp\u00e9cifications<\/span> techniques","content":"<ul>\r\n \t<li>Moteur<\/li>\r\n<\/ul>\r\nShimano EP6 Cargo (85Nm, 500 Watt) ou Bosch CX Cargo Line (85Nm, 600 Watt)\r\n<ul>\r\n \t<li>Bloc batterie<\/li>\r\n<\/ul>\r\n725Wh batterie pour Bosch et 630Wh pour Shimano. Autonomie de 40km \u00e0 80km en assistance.\r\n<ul>\r\n \t<li>Transmission - moyeu \u00e0 vitesse<\/li>\r\n<\/ul>\r\nShimano Nexus Inter-5E \/ Enviolo HD (380%) \/ Enviolo HD AutomatiQ (380%)\r\n<ul>\r\n \t<li>Interface<\/li>\r\n<\/ul>\r\nPotence Ergotec ajustable \/ Tige de selle Ergotec \/ Guidon Ergotec \/ Selle D2 \/ Poign\u00e9es Ergonomic\r\n<ul>\r\n \t<li>Freins<\/li>\r\n<\/ul>\r\nFreins \u00e0 disque hydrauliques\r\n<ul>\r\n \t<li>Charge utile [kg]<\/li>\r\n<\/ul>\r\nCharge utile maximale [170 kg]\r\nCharge utile maximale sur le porte-bagages arri\u00e8re [100 kg]\r\n<ul>\r\n \t<li>Taille du cadre<\/li>\r\n<\/ul>\r\nTaille unique (de 1,50 m \u00e0 2,00 m)\r\nAcier CrMo, s\u00fbr et rigide","card_or_content":false,"card":{"title":"Sp\u00e9cifications techniques","content":"","download_file":3012,"button_download":"T\u00e9l\u00e9charger"},"content_right":"","visibility":true,"background_color":"beige","margin_top":"large","margin_bottom":"small"},{"acf_fc_layout":"section_card_content_image","is_image_right":true,"title":"Garantie <span style=\"color: #8bae75;\">\u00e0 vie<\/span> sur le cadre","content":"Nous sommes tellement confiant de la qualit\u00e9 de la conception de nos v\u00e9los que nous accordons une garantie \u00e0 vie sur les cadres. La garantie est accord\u00e9e aux v\u00e9los achet\u00e9s dans notre r\u00e9seau de revendeurs officiels, pour le propri\u00e9taire originel du v\u00e9lo (non transf\u00e9rable), et dans le cadre d'une utilisation normale(non  professionnelle).","image":3016,"visibility":true,"background_color":"beige","margin_top":"small","margin_bottom":"small"},{"acf_fc_layout":"section_image_content","place_image_right":false,"reduce_image_size":false,"image":2057,"logo":105,"title":"Build for quality","content":"Nos v\u00e9los sont enti\u00e8rement pens\u00e9s et con\u00e7us en interne. Nos cadres sont construits \u00e0 la main en Europe, par des artisans sp\u00e9cialis\u00e9s et exp\u00e9riment\u00e9s. Nos v\u00e9los sont ensuite assembl\u00e9s avec soin \u00e0 Bruxelles. La production locale vise \u00e0 limiter l'impact sur notre plan\u00e8te. Nous croyons \u00e9galement en une approche inclusive avec des travailleurs adapt\u00e9s dans notre cha\u00eene de montage \u00e0 Bruxelles.","button":"","visibility":true,"background_color":"beige","margin_top":"small","margin_bottom":"small"},{"acf_fc_layout":"section_cta","content":"Pr\u00eat \u00e0 rouler ?\r\n\r\nCommandez votre v\u00e9lo 43","button":{"title":"Price","url":"https:\/\/bike43.com\/fr\/price\/","target":""},"visibility":true,"background_color":"beige","margin_top":"small","margin_bottom":"small"}]},"yoast_head":"<!-- This site is optimized with the Yoast SEO plugin v25.3.1 - https:\/\/yoast.com\/wordpress\/plugins\/seo\/ -->\n<title>V\u00e9lo longtail famille - V\u00e9lo 43, le v\u00e9lo \u00e9lectrique familial<\/title>\n<meta name=\"description\" content=\"V\u00e9lo longtail 43 pour grande famille jusqu&#039;\u00e0 trois enfants. V\u00e9lo con\u00e7u pour vos d\u00e9placements quotidiens en ville ou balades en famille.\" \/>\n<meta name=\"robots\" content=\"index, follow, max-snippet:-1, max-image-preview:large, max-video-preview:-1\" \/>\n<link rel=\"canonical\" href=\"https:\/\/bike43.com\/fr\/le-velo-43\/\" \/>\n<meta property=\"og:locale\" content=\"fr_FR\" \/>\n<meta property=\"og:type\" content=\"article\" \/>\n<meta property=\"og:title\" content=\"V\u00e9lo longtail famille - V\u00e9lo 43, le v\u00e9lo \u00e9lectrique familial\" \/>\n<meta property=\"og:description\" content=\"V\u00e9lo longtail 43 pour grande famille jusqu&#039;\u00e0 trois enfants. V\u00e9lo con\u00e7u pour vos d\u00e9placements quotidiens en ville ou balades en famille.\" \/>\n<meta property=\"og:url\" content=\"https:\/\/bike43.com\/fr\/le-velo-43\/\" \/>\n<meta property=\"og:site_name\" content=\"Bike43 - Family cargo bike - Mid &amp; Long Tail\" \/>\n<meta property=\"article:publisher\" content=\"https:\/\/www.facebook.com\/Bike43\/\" \/>\n<meta property=\"article:modified_time\" content=\"2024-10-29T08:43:15+00:00\" \/>\n<meta property=\"og:image\" content=\"https:\/\/bike43.com\/app\/uploads\/2022\/11\/OG-Bike43.jpg\" \/>\n\t<meta property=\"og:image:width\" content=\"1588\" \/>\n\t<meta property=\"og:image:height\" content=\"888\" \/>\n\t<meta property=\"og:image:type\" content=\"image\/jpeg\" \/>\n<meta name=\"twitter:card\" content=\"summary_large_image\" \/>\n<meta name=\"twitter:site\" content=\"@bike43com\" \/>\n<script type=\"application\/ld+json\" class=\"yoast-schema-graph\">{\"@context\":\"https:\/\/schema.org\",\"@graph\":[{\"@type\":\"WebPage\",\"@id\":\"https:\/\/bike43.com\/fr\/le-velo-43\/\",\"url\":\"https:\/\/bike43.com\/fr\/le-velo-43\/\",\"name\":\"V\u00e9lo longtail famille - V\u00e9lo 43, le v\u00e9lo \u00e9lectrique familial\",\"isPartOf\":{\"@id\":\"https:\/\/bike43.com\/fr\/#website\"},\"datePublished\":\"2022-09-26T12:45:34+00:00\",\"dateModified\":\"2024-10-29T08:43:15+00:00\",\"description\":\"V\u00e9lo longtail 43 pour grande famille jusqu'\u00e0 trois enfants. V\u00e9lo con\u00e7u pour vos d\u00e9placements quotidiens en ville ou balades en famille.\",\"breadcrumb\":{\"@id\":\"https:\/\/bike43.com\/fr\/le-velo-43\/#breadcrumb\"},\"inLanguage\":\"fr-FR\",\"potentialAction\":[{\"@type\":\"ReadAction\",\"target\":[\"https:\/\/bike43.com\/fr\/le-velo-43\/\"]}]},{\"@type\":\"BreadcrumbList\",\"@id\":\"https:\/\/bike43.com\/fr\/le-velo-43\/#breadcrumb\",\"itemListElement\":[{\"@type\":\"ListItem\",\"position\":1,\"name\":\"Home\",\"item\":\"https:\/\/bike43.com\/fr\/\"},{\"@type\":\"ListItem\",\"position\":2,\"name\":\"Le V\u00e9lo\"}]},{\"@type\":\"WebSite\",\"@id\":\"https:\/\/bike43.com\/fr\/#website\",\"url\":\"https:\/\/bike43.com\/fr\/\",\"name\":\"Long tail cargo bike - Bike 43, the family electric bike\",\"description\":\"Bike43 modular long taill bike - Because life is not a straight line\",\"publisher\":{\"@id\":\"https:\/\/bike43.com\/fr\/#organization\"},\"alternateName\":\"Family longtail bike - Bike 43\",\"potentialAction\":[{\"@type\":\"SearchAction\",\"target\":{\"@type\":\"EntryPoint\",\"urlTemplate\":\"https:\/\/bike43.com\/fr\/?s={search_term_string}\"},\"query-input\":{\"@type\":\"PropertyValueSpecification\",\"valueRequired\":true,\"valueName\":\"search_term_string\"}}],\"inLanguage\":\"fr-FR\"},{\"@type\":\"Organization\",\"@id\":\"https:\/\/bike43.com\/fr\/#organization\",\"name\":\"Bike 43\",\"url\":\"https:\/\/bike43.com\/fr\/\",\"logo\":{\"@type\":\"ImageObject\",\"inLanguage\":\"fr-FR\",\"@id\":\"https:\/\/bike43.com\/fr\/#\/schema\/logo\/image\/\",\"url\":\"https:\/\/bike43.com\/app\/uploads\/2022\/11\/logo-1.png\",\"contentUrl\":\"https:\/\/bike43.com\/app\/uploads\/2022\/11\/logo-1.png\",\"width\":416,\"height\":254,\"caption\":\"Bike 43\"},\"image\":{\"@id\":\"https:\/\/bike43.com\/fr\/#\/schema\/logo\/image\/\"},\"sameAs\":[\"https:\/\/www.facebook.com\/Bike43\/\",\"https:\/\/x.com\/bike43com\",\"https:\/\/www.instagram.com\/bike43\/\"]}]}<\/script>\n<!-- \/ Yoast SEO plugin. -->","yoast_head_json":{"title":"V\u00e9lo longtail famille - V\u00e9lo 43, le v\u00e9lo \u00e9lectrique familial","description":"V\u00e9lo longtail 43 pour grande famille jusqu'\u00e0 trois enfants. V\u00e9lo con\u00e7u pour vos d\u00e9placements quotidiens en ville ou balades en famille.","robots":{"index":"index","follow":"follow","max-snippet":"max-snippet:-1","max-image-preview":"max-image-preview:large","max-video-preview":"max-video-preview:-1"},"canonical":"https:\/\/bike43.com\/fr\/le-velo-43\/","og_locale":"fr_FR","og_type":"article","og_title":"V\u00e9lo longtail famille - V\u00e9lo 43, le v\u00e9lo \u00e9lectrique familial","og_description":"V\u00e9lo longtail 43 pour grande famille jusqu'\u00e0 trois enfants. V\u00e9lo con\u00e7u pour vos d\u00e9placements quotidiens en ville ou balades en famille.","og_url":"https:\/\/bike43.com\/fr\/le-velo-43\/","og_site_name":"Bike43 - Family cargo bike - Mid &amp; Long Tail","article_publisher":"https:\/\/www.facebook.com\/Bike43\/","article_modified_time":"2024-10-29T08:43:15+00:00","og_image":[{"width":1588,"height":888,"url":"https:\/\/bike43.com\/app\/uploads\/2022\/11\/OG-Bike43.jpg","type":"image\/jpeg"}],"twitter_card":"summary_large_image","twitter_site":"@bike43com","schema":{"@context":"https:\/\/schema.org","@graph":[{"@type":"WebPage","@id":"https:\/\/bike43.com\/fr\/le-velo-43\/","url":"https:\/\/bike43.com\/fr\/le-velo-43\/","name":"V\u00e9lo longtail famille - V\u00e9lo 43, le v\u00e9lo \u00e9lectrique familial","isPartOf":{"@id":"https:\/\/bike43.com\/fr\/#website"},"datePublished":"2022-09-26T12:45:34+00:00","dateModified":"2024-10-29T08:43:15+00:00","description":"V\u00e9lo longtail 43 pour grande famille jusqu'\u00e0 trois enfants. V\u00e9lo con\u00e7u pour vos d\u00e9placements quotidiens en ville ou balades en famille.","breadcrumb":{"@id":"https:\/\/bike43.com\/fr\/le-velo-43\/#breadcrumb"},"inLanguage":"fr-FR","potentialAction":[{"@type":"ReadAction","target":["https:\/\/bike43.com\/fr\/le-velo-43\/"]}]},{"@type":"BreadcrumbList","@id":"https:\/\/bike43.com\/fr\/le-velo-43\/#breadcrumb","itemListElement":[{"@type":"ListItem","position":1,"name":"Home","item":"https:\/\/bike43.com\/fr\/"},{"@type":"ListItem","position":2,"name":"Le V\u00e9lo"}]},{"@type":"WebSite","@id":"https:\/\/bike43.com\/fr\/#website","url":"https:\/\/bike43.com\/fr\/","name":"Long tail cargo bike - Bike 43, the family electric bike","description":"Bike43 modular long taill bike - Because life is not a straight line","publisher":{"@id":"https:\/\/bike43.com\/fr\/#organization"},"alternateName":"Family longtail bike - Bike 43","potentialAction":[{"@type":"SearchAction","target":{"@type":"EntryPoint","urlTemplate":"https:\/\/bike43.com\/fr\/?s={search_term_string}"},"query-input":{"@type":"PropertyValueSpecification","valueRequired":true,"valueName":"search_term_string"}}],"inLanguage":"fr-FR"},{"@type":"Organization","@id":"https:\/\/bike43.com\/fr\/#organization","name":"Bike 43","url":"https:\/\/bike43.com\/fr\/","logo":{"@type":"ImageObject","inLanguage":"fr-FR","@id":"https:\/\/bike43.com\/fr\/#\/schema\/logo\/image\/","url":"https:\/\/bike43.com\/app\/uploads\/2022\/11\/logo-1.png","contentUrl":"https:\/\/bike43.com\/app\/uploads\/2022\/11\/logo-1.png","width":416,"height":254,"caption":"Bike 43"},"image":{"@id":"https:\/\/bike43.com\/fr\/#\/schema\/logo\/image\/"},"sameAs":["https:\/\/www.facebook.com\/Bike43\/","https:\/\/x.com\/bike43com","https:\/\/www.instagram.com\/bike43\/"]}]}},"_links":{"self":[{"href":"https:\/\/bike43.com\/fr\/wp-json\/wp\/v2\/pages\/2362","targetHints":{"allow":["GET"]}}],"collection":[{"href":"https:\/\/bike43.com\/fr\/wp-json\/wp\/v2\/pages"}],"about":[{"href":"https:\/\/bike43.com\/fr\/wp-json\/wp\/v2\/types\/page"}],"author":[{"embeddable":true,"href":"https:\/\/bike43.com\/fr\/wp-json\/wp\/v2\/users\/1"}],"replies":[{"embeddable":true,"href":"https:\/\/bike43.com\/fr\/wp-json\/wp\/v2\/comments?post=2362"}],"version-history":[{"count":14,"href":"https:\/\/bike43.com\/fr\/wp-json\/wp\/v2\/pages\/2362\/revisions"}],"predecessor-version":[{"id":7726,"href":"https:\/\/bike43.com\/fr\/wp-json\/wp\/v2\/pages\/2362\/revisions\/7726"}],"wp:attachment":[{"href":"https:\/\/bike43.com\/fr\/wp-json\/wp\/v2\/media?parent=2362"}],"curies":[{"name":"wp","href":"https:\/\/api.w.org\/{rel}","templated":true}]}}