{"id":2355,"date":"2022-10-05T14:34:34","date_gmt":"2022-10-05T14:34:34","guid":{"rendered":"https:\/\/bike43.com\/community\/"},"modified":"2023-03-27T13:56:48","modified_gmt":"2023-03-27T13:56:48","slug":"communaute-velo-43","status":"publish","type":"page","link":"https:\/\/bike43.com\/fr\/communaute-velo-43\/","title":{"rendered":"Communaut\u00e9"},"content":{"rendered":"","protected":false},"excerpt":{"rendered":"","protected":false},"author":1,"featured_media":0,"parent":0,"menu_order":0,"comment_status":"closed","ping_status":"closed","template":"template-page.blade.php","meta":{"_acf_changed":false,"inline_featured_image":false,"footnotes":""},"class_list":["post-2355","page","type-page","status-publish","hentry"],"acf":{"header":{"header_type":"header_2","header_1":{"title":"","select_type":"image","image":null,"image_mobile":null,"link_video":null,"file_video":null,"picture_loading":null},"header_2":{"title":"La force de la communaut\u00e9","content":"Rejoignez une communaut\u00e9 de pairs partageant les m\u00eames id\u00e9es et r\u00eaves de voyage en v\u00e9lo 43.","button":{"title":"Rejoignez le groupe 'Bike 43 riders' sur Facebook","url":"https:\/\/www.facebook.com\/groups\/bike43ridersgroup\/","target":"_blank"},"image":1117,"rounded_image":false,"logo_join_the_club":278,"background_color":"white"},"header_swiper":{"items":null},"header_buttons_color":{"title":"","logo":null,"use_images_mobiles":false,"items":null},"header_text_image":{"title":"","content":"","image":null,"background_color":""}},"body":[{"acf_fc_layout":"section_facebook","publications":[{"image":1121,"url":"https:\/\/www.facebook.com\/groups\/bike43ridersgroup\/"},{"image":1124,"url":"https:\/\/www.facebook.com\/groups\/bike43ridersgroup\/"},{"image":1127,"url":"https:\/\/www.facebook.com\/groups\/bike43ridersgroup\/"},{"image":1133,"url":"https:\/\/www.facebook.com\/groups\/bike43ridersgroup\/"}],"visibility":true,"margin_top":"small","margin_bottom":"small"},{"acf_fc_layout":"section_image_logo_content_button","place_image_right":false,"image":1958,"logo":303,"title":"Le club de 10.000km","content":"Des utilisateurs de la premi\u00e8re heure ont fi\u00e8rement post\u00e9 une photo de leur \u00e9cran affichant 10 000 km sur le groupe Facebook. C'est ainsi que nous avons eu l'id\u00e9e d'envoyer un cadeau pour f\u00e9liciter les aficionados.\r\n\r\n&nbsp;\r\n\r\nEnvoyez-nous une photo de votre \u00e9cran avec 10.000km+ et rejoignez le club !","add_modal_form":true,"button":{"title":"Apply for the club","url":"#","target":""},"modal_form":{"button_text":"Demander votre cadeau","heading":"Club de 10.000km","title":"","zoho_form":"<div id=\"zf_div_m883RKqwKdY2W36OW9bU1M8doHiPP6QV2GuTxtWfx-s\"><\/div><script type=\"text\/javascript\">(function() {\r\ntry{\r\nvar f = document.createElement(\"iframe\");\r\nf.src = 'https:\/\/forms.zohopublic.com\/bike43\/form\/TheClub\/formperma\/m883RKqwKdY2W36OW9bU1M8doHiPP6QV2GuTxtWfx-s?zf_rszfm=1';\r\nf.style.border=\"none\";\r\nf.style.height=\"986px\";\r\nf.style.width=\"90%\";\r\nf.style.transition=\"all 0.5s ease\";\r\nvar d = document.getElementById(\"zf_div_m883RKqwKdY2W36OW9bU1M8doHiPP6QV2GuTxtWfx-s\");\r\nd.appendChild(f);\r\nwindow.addEventListener('message', function (){\r\nvar evntData = event.data;\r\nif( evntData && evntData.constructor == String ){\r\nvar zf_ifrm_data = evntData.split(\"|\");\r\nif ( zf_ifrm_data.length == 2 ) {\r\nvar zf_perma = zf_ifrm_data[0];\r\nvar zf_ifrm_ht_nw = ( parseInt(zf_ifrm_data[1], 10) + 15 ) + \"px\";\r\nvar iframe = document.getElementById(\"zf_div_m883RKqwKdY2W36OW9bU1M8doHiPP6QV2GuTxtWfx-s\").getElementsByTagName(\"iframe\")[0];\r\nif ( (iframe.src).indexOf('formperma') > 0 && (iframe.src).indexOf(zf_perma) > 0 ) {\r\nvar prevIframeHeight = iframe.style.height;\r\nif ( prevIframeHeight != zf_ifrm_ht_nw ) {\r\niframe.style.height = zf_ifrm_ht_nw;\r\n}\r\n}\r\n}\r\n}\r\n}, false);\r\n}catch(e){}\r\n})();<\/script>","form":null},"visibility":true,"background_color":"beige","margin_top":"small","margin_bottom":"small"},{"acf_fc_layout":"section_slider_images","images":[{"image":1278},{"image":1284},{"image":1281}],"visibility":true,"background_color":"beige","margin_top":"small","margin_bottom":"small"},{"acf_fc_layout":"section_testimonial","quote":"Le v\u00e9lo <span style=\"color: #8bae75;\">familial<\/span> pour le transport quotidien, tout au long de l\u2019ann\u00e9e.","image":2133,"visibility":true,"background_color":"beige","margin_top":"small","margin_bottom":"small"},{"acf_fc_layout":"section_cta","content":"Rejoignez le groupe 'Bike 43 riders' \r\nsur Facebook","button":{"title":"Rejoignez le groupe","url":"https:\/\/www.facebook.com\/groups\/bike43ridersgroup\/","target":"_blank"},"visibility":true,"background_color":"beige","margin_top":"small","margin_bottom":"small"}]},"yoast_head":"<!-- This site is optimized with the Yoast SEO plugin v25.3.1 - https:\/\/yoast.com\/wordpress\/plugins\/seo\/ -->\n<title>Communaut\u00e9 v\u00e9lo longtail pour famille - V\u00e9lo 43<\/title>\n<meta name=\"description\" content=\"Rejoignez la communaut\u00e9 Bike 43, le v\u00e9lo longtail familial. Partage de souvenirs, conseils, trucs et astuces avec les autres utilisateurs.\" \/>\n<meta name=\"robots\" content=\"index, follow, max-snippet:-1, max-image-preview:large, max-video-preview:-1\" \/>\n<link rel=\"canonical\" href=\"https:\/\/bike43.com\/fr\/communaute-velo-43\/\" \/>\n<meta property=\"og:locale\" content=\"fr_FR\" \/>\n<meta property=\"og:type\" content=\"article\" \/>\n<meta property=\"og:title\" content=\"Communaut\u00e9 v\u00e9lo longtail pour famille - V\u00e9lo 43\" \/>\n<meta property=\"og:description\" content=\"Rejoignez la communaut\u00e9 Bike 43, le v\u00e9lo longtail familial. Partage de souvenirs, conseils, trucs et astuces avec les autres utilisateurs.\" \/>\n<meta property=\"og:url\" content=\"https:\/\/bike43.com\/fr\/communaute-velo-43\/\" \/>\n<meta property=\"og:site_name\" content=\"Bike43 - Family cargo bike - Mid &amp; Long Tail\" \/>\n<meta property=\"article:publisher\" content=\"https:\/\/www.facebook.com\/Bike43\/\" \/>\n<meta property=\"article:modified_time\" content=\"2023-03-27T13:56:48+00:00\" \/>\n<meta property=\"og:image\" content=\"https:\/\/bike43.com\/app\/uploads\/2022\/11\/OG-Bike43.jpg\" \/>\n\t<meta property=\"og:image:width\" content=\"1588\" \/>\n\t<meta property=\"og:image:height\" content=\"888\" \/>\n\t<meta property=\"og:image:type\" content=\"image\/jpeg\" \/>\n<meta name=\"twitter:card\" content=\"summary_large_image\" \/>\n<meta name=\"twitter:site\" content=\"@bike43com\" \/>\n<script type=\"application\/ld+json\" class=\"yoast-schema-graph\">{\"@context\":\"https:\/\/schema.org\",\"@graph\":[{\"@type\":\"WebPage\",\"@id\":\"https:\/\/bike43.com\/fr\/communaute-velo-43\/\",\"url\":\"https:\/\/bike43.com\/fr\/communaute-velo-43\/\",\"name\":\"Communaut\u00e9 v\u00e9lo longtail pour famille - V\u00e9lo 43\",\"isPartOf\":{\"@id\":\"https:\/\/bike43.com\/fr\/#website\"},\"datePublished\":\"2022-10-05T14:34:34+00:00\",\"dateModified\":\"2023-03-27T13:56:48+00:00\",\"description\":\"Rejoignez la communaut\u00e9 Bike 43, le v\u00e9lo longtail familial. Partage de souvenirs, conseils, trucs et astuces avec les autres utilisateurs.\",\"breadcrumb\":{\"@id\":\"https:\/\/bike43.com\/fr\/communaute-velo-43\/#breadcrumb\"},\"inLanguage\":\"fr-FR\",\"potentialAction\":[{\"@type\":\"ReadAction\",\"target\":[\"https:\/\/bike43.com\/fr\/communaute-velo-43\/\"]}]},{\"@type\":\"BreadcrumbList\",\"@id\":\"https:\/\/bike43.com\/fr\/communaute-velo-43\/#breadcrumb\",\"itemListElement\":[{\"@type\":\"ListItem\",\"position\":1,\"name\":\"Home\",\"item\":\"https:\/\/bike43.com\/fr\/\"},{\"@type\":\"ListItem\",\"position\":2,\"name\":\"Communaut\u00e9\"}]},{\"@type\":\"WebSite\",\"@id\":\"https:\/\/bike43.com\/fr\/#website\",\"url\":\"https:\/\/bike43.com\/fr\/\",\"name\":\"Long tail cargo bike - Bike 43, the family electric bike\",\"description\":\"Bike43 modular long taill bike - Because life is not a straight line\",\"publisher\":{\"@id\":\"https:\/\/bike43.com\/fr\/#organization\"},\"alternateName\":\"Family longtail bike - Bike 43\",\"potentialAction\":[{\"@type\":\"SearchAction\",\"target\":{\"@type\":\"EntryPoint\",\"urlTemplate\":\"https:\/\/bike43.com\/fr\/?s={search_term_string}\"},\"query-input\":{\"@type\":\"PropertyValueSpecification\",\"valueRequired\":true,\"valueName\":\"search_term_string\"}}],\"inLanguage\":\"fr-FR\"},{\"@type\":\"Organization\",\"@id\":\"https:\/\/bike43.com\/fr\/#organization\",\"name\":\"Bike 43\",\"url\":\"https:\/\/bike43.com\/fr\/\",\"logo\":{\"@type\":\"ImageObject\",\"inLanguage\":\"fr-FR\",\"@id\":\"https:\/\/bike43.com\/fr\/#\/schema\/logo\/image\/\",\"url\":\"https:\/\/bike43.com\/app\/uploads\/2022\/11\/logo-1.png\",\"contentUrl\":\"https:\/\/bike43.com\/app\/uploads\/2022\/11\/logo-1.png\",\"width\":416,\"height\":254,\"caption\":\"Bike 43\"},\"image\":{\"@id\":\"https:\/\/bike43.com\/fr\/#\/schema\/logo\/image\/\"},\"sameAs\":[\"https:\/\/www.facebook.com\/Bike43\/\",\"https:\/\/x.com\/bike43com\",\"https:\/\/www.instagram.com\/bike43\/\"]}]}<\/script>\n<!-- \/ Yoast SEO plugin. -->","yoast_head_json":{"title":"Communaut\u00e9 v\u00e9lo longtail pour famille - V\u00e9lo 43","description":"Rejoignez la communaut\u00e9 Bike 43, le v\u00e9lo longtail familial. Partage de souvenirs, conseils, trucs et astuces avec les autres utilisateurs.","robots":{"index":"index","follow":"follow","max-snippet":"max-snippet:-1","max-image-preview":"max-image-preview:large","max-video-preview":"max-video-preview:-1"},"canonical":"https:\/\/bike43.com\/fr\/communaute-velo-43\/","og_locale":"fr_FR","og_type":"article","og_title":"Communaut\u00e9 v\u00e9lo longtail pour famille - V\u00e9lo 43","og_description":"Rejoignez la communaut\u00e9 Bike 43, le v\u00e9lo longtail familial. Partage de souvenirs, conseils, trucs et astuces avec les autres utilisateurs.","og_url":"https:\/\/bike43.com\/fr\/communaute-velo-43\/","og_site_name":"Bike43 - Family cargo bike - Mid &amp; Long Tail","article_publisher":"https:\/\/www.facebook.com\/Bike43\/","article_modified_time":"2023-03-27T13:56:48+00:00","og_image":[{"width":1588,"height":888,"url":"https:\/\/bike43.com\/app\/uploads\/2022\/11\/OG-Bike43.jpg","type":"image\/jpeg"}],"twitter_card":"summary_large_image","twitter_site":"@bike43com","schema":{"@context":"https:\/\/schema.org","@graph":[{"@type":"WebPage","@id":"https:\/\/bike43.com\/fr\/communaute-velo-43\/","url":"https:\/\/bike43.com\/fr\/communaute-velo-43\/","name":"Communaut\u00e9 v\u00e9lo longtail pour famille - V\u00e9lo 43","isPartOf":{"@id":"https:\/\/bike43.com\/fr\/#website"},"datePublished":"2022-10-05T14:34:34+00:00","dateModified":"2023-03-27T13:56:48+00:00","description":"Rejoignez la communaut\u00e9 Bike 43, le v\u00e9lo longtail familial. Partage de souvenirs, conseils, trucs et astuces avec les autres utilisateurs.","breadcrumb":{"@id":"https:\/\/bike43.com\/fr\/communaute-velo-43\/#breadcrumb"},"inLanguage":"fr-FR","potentialAction":[{"@type":"ReadAction","target":["https:\/\/bike43.com\/fr\/communaute-velo-43\/"]}]},{"@type":"BreadcrumbList","@id":"https:\/\/bike43.com\/fr\/communaute-velo-43\/#breadcrumb","itemListElement":[{"@type":"ListItem","position":1,"name":"Home","item":"https:\/\/bike43.com\/fr\/"},{"@type":"ListItem","position":2,"name":"Communaut\u00e9"}]},{"@type":"WebSite","@id":"https:\/\/bike43.com\/fr\/#website","url":"https:\/\/bike43.com\/fr\/","name":"Long tail cargo bike - Bike 43, the family electric bike","description":"Bike43 modular long taill bike - Because life is not a straight line","publisher":{"@id":"https:\/\/bike43.com\/fr\/#organization"},"alternateName":"Family longtail bike - Bike 43","potentialAction":[{"@type":"SearchAction","target":{"@type":"EntryPoint","urlTemplate":"https:\/\/bike43.com\/fr\/?s={search_term_string}"},"query-input":{"@type":"PropertyValueSpecification","valueRequired":true,"valueName":"search_term_string"}}],"inLanguage":"fr-FR"},{"@type":"Organization","@id":"https:\/\/bike43.com\/fr\/#organization","name":"Bike 43","url":"https:\/\/bike43.com\/fr\/","logo":{"@type":"ImageObject","inLanguage":"fr-FR","@id":"https:\/\/bike43.com\/fr\/#\/schema\/logo\/image\/","url":"https:\/\/bike43.com\/app\/uploads\/2022\/11\/logo-1.png","contentUrl":"https:\/\/bike43.com\/app\/uploads\/2022\/11\/logo-1.png","width":416,"height":254,"caption":"Bike 43"},"image":{"@id":"https:\/\/bike43.com\/fr\/#\/schema\/logo\/image\/"},"sameAs":["https:\/\/www.facebook.com\/Bike43\/","https:\/\/x.com\/bike43com","https:\/\/www.instagram.com\/bike43\/"]}]}},"_links":{"self":[{"href":"https:\/\/bike43.com\/fr\/wp-json\/wp\/v2\/pages\/2355","targetHints":{"allow":["GET"]}}],"collection":[{"href":"https:\/\/bike43.com\/fr\/wp-json\/wp\/v2\/pages"}],"about":[{"href":"https:\/\/bike43.com\/fr\/wp-json\/wp\/v2\/types\/page"}],"author":[{"embeddable":true,"href":"https:\/\/bike43.com\/fr\/wp-json\/wp\/v2\/users\/1"}],"replies":[{"embeddable":true,"href":"https:\/\/bike43.com\/fr\/wp-json\/wp\/v2\/comments?post=2355"}],"version-history":[{"count":6,"href":"https:\/\/bike43.com\/fr\/wp-json\/wp\/v2\/pages\/2355\/revisions"}],"predecessor-version":[{"id":3255,"href":"https:\/\/bike43.com\/fr\/wp-json\/wp\/v2\/pages\/2355\/revisions\/3255"}],"wp:attachment":[{"href":"https:\/\/bike43.com\/fr\/wp-json\/wp\/v2\/media?parent=2355"}],"curies":[{"name":"wp","href":"https:\/\/api.w.org\/{rel}","templated":true}]}}