{"id":2344,"date":"2022-10-06T15:39:34","date_gmt":"2022-10-06T15:39:34","guid":{"rendered":"https:\/\/bike43.com\/resellers\/"},"modified":"2023-03-27T13:58:02","modified_gmt":"2023-03-27T13:58:02","slug":"revendeurs-velo-43","status":"publish","type":"page","link":"https:\/\/bike43.com\/fr\/revendeurs-velo-43\/","title":{"rendered":"Revendeurs"},"content":{"rendered":"","protected":false},"excerpt":{"rendered":"","protected":false},"author":1,"featured_media":0,"parent":0,"menu_order":0,"comment_status":"closed","ping_status":"closed","template":"template-page.blade.php","meta":{"_acf_changed":false,"inline_featured_image":false,"footnotes":""},"class_list":["post-2344","page","type-page","status-publish","hentry"],"acf":{"header":{"header_type":"no_header","header_1":{"title":"","select_type":"image","image":null,"image_mobile":null,"link_video":null,"file_video":null,"picture_loading":null},"header_2":{"title":"","content":"","button":null,"image":null,"rounded_image":false,"logo_join_the_club":null,"background_color":""},"header_swiper":{"items":null},"header_buttons_color":{"title":"","logo":null,"use_images_mobiles":false,"items":null},"header_text_image":{"title":"","content":"","image":null,"background_color":""}},"body":[{"acf_fc_layout":"section_map","title":"Revendeurs","text_no_resellers":"Il n'y a pas de revendeur \u00e0 proximit\u00e9, o\u00f9 puis-je obtenir un v\u00e9lo 43 ? ","button":"Nous allons vous trouver un revendeur. \u2192","default_map":{"address":"Paris, France","lat":48.856614,"lng":2.3522219,"zoom":5,"place_id":"ChIJD7fiBh9u5kcRYJSMaMOCCwQ","name":"Paris","city":"Paris","state":"\u00cele-de-France","state_short":"IDF","country":"France","country_short":"FR"},"add_modal_form":true,"modal":"<iframe frameborder=\"0\" style=\"height:1500px;width:99%;border:none;\" src='https:\/\/forms.zohopublic.com\/bike43\/form\/Wellfindaresellerforyou\/formperma\/2Vyfs78GnuAjmngSnOB0OlSLQSHmGm8EfUxc6R_1g7s'><\/iframe>","form_title":"","form":null,"marker_icon":414,"your_localisation_button":"Votre Localisation","loading_text_wait_for_localisation":"Recherche de votre localisation...","input_placeholder_text":"Recherche","modal_phone_field":"Phone","modal_website_field":"","modal_address_field":"Adresse","modal_link_google_map_text_field":"Directions depuis votre position \u2192","visibility":true,"margin_top":"none","margin_bottom":"none"},{"acf_fc_layout":"section_cta","content":"Voulez-vous devenir un revendeur ?","button":{"title":"Contact","url":"https:\/\/bike43.com\/fr\/contact\/","target":""},"visibility":true,"background_color":"beige","margin_top":"small","margin_bottom":"small"}]},"yoast_head":"<!-- This site is optimized with the Yoast SEO plugin v25.3.1 - https:\/\/yoast.com\/wordpress\/plugins\/seo\/ -->\n<title>O\u00f9 acheter un v\u00e9lo longtail - Bike 43<\/title>\n<meta name=\"description\" content=\"Acheter un v\u00e9lo longtail Bike 43. Trouvez nos revendeurs de confiance pr\u00e8s de chez vous et essayer le v\u00e9lo 43 en magasin avec votre famille.\" \/>\n<meta name=\"robots\" content=\"index, follow, max-snippet:-1, max-image-preview:large, max-video-preview:-1\" \/>\n<link rel=\"canonical\" href=\"https:\/\/bike43.com\/fr\/revendeurs-velo-43\/\" \/>\n<meta property=\"og:locale\" content=\"fr_FR\" \/>\n<meta property=\"og:type\" content=\"article\" \/>\n<meta property=\"og:title\" content=\"O\u00f9 acheter un v\u00e9lo longtail - Bike 43\" \/>\n<meta property=\"og:description\" content=\"Acheter un v\u00e9lo longtail Bike 43. Trouvez nos revendeurs de confiance pr\u00e8s de chez vous et essayer le v\u00e9lo 43 en magasin avec votre famille.\" \/>\n<meta property=\"og:url\" content=\"https:\/\/bike43.com\/fr\/revendeurs-velo-43\/\" \/>\n<meta property=\"og:site_name\" content=\"Bike43 - Family cargo bike - Mid &amp; Long Tail\" \/>\n<meta property=\"article:publisher\" content=\"https:\/\/www.facebook.com\/Bike43\/\" \/>\n<meta property=\"article:modified_time\" content=\"2023-03-27T13:58:02+00:00\" \/>\n<meta property=\"og:image\" content=\"https:\/\/bike43.com\/app\/uploads\/2022\/11\/OG-Bike43.jpg\" \/>\n\t<meta property=\"og:image:width\" content=\"1588\" \/>\n\t<meta property=\"og:image:height\" content=\"888\" \/>\n\t<meta property=\"og:image:type\" content=\"image\/jpeg\" \/>\n<meta name=\"twitter:card\" content=\"summary_large_image\" \/>\n<meta name=\"twitter:site\" content=\"@bike43com\" \/>\n<script type=\"application\/ld+json\" class=\"yoast-schema-graph\">{\"@context\":\"https:\/\/schema.org\",\"@graph\":[{\"@type\":\"WebPage\",\"@id\":\"https:\/\/bike43.com\/fr\/revendeurs-velo-43\/\",\"url\":\"https:\/\/bike43.com\/fr\/revendeurs-velo-43\/\",\"name\":\"O\u00f9 acheter un v\u00e9lo longtail - Bike 43\",\"isPartOf\":{\"@id\":\"https:\/\/bike43.com\/fr\/#website\"},\"datePublished\":\"2022-10-06T15:39:34+00:00\",\"dateModified\":\"2023-03-27T13:58:02+00:00\",\"description\":\"Acheter un v\u00e9lo longtail Bike 43. Trouvez nos revendeurs de confiance pr\u00e8s de chez vous et essayer le v\u00e9lo 43 en magasin avec votre famille.\",\"breadcrumb\":{\"@id\":\"https:\/\/bike43.com\/fr\/revendeurs-velo-43\/#breadcrumb\"},\"inLanguage\":\"fr-FR\",\"potentialAction\":[{\"@type\":\"ReadAction\",\"target\":[\"https:\/\/bike43.com\/fr\/revendeurs-velo-43\/\"]}]},{\"@type\":\"BreadcrumbList\",\"@id\":\"https:\/\/bike43.com\/fr\/revendeurs-velo-43\/#breadcrumb\",\"itemListElement\":[{\"@type\":\"ListItem\",\"position\":1,\"name\":\"Home\",\"item\":\"https:\/\/bike43.com\/fr\/\"},{\"@type\":\"ListItem\",\"position\":2,\"name\":\"Revendeurs\"}]},{\"@type\":\"WebSite\",\"@id\":\"https:\/\/bike43.com\/fr\/#website\",\"url\":\"https:\/\/bike43.com\/fr\/\",\"name\":\"Long tail cargo bike - Bike 43, the family electric bike\",\"description\":\"Bike43 modular long taill bike - Because life is not a straight line\",\"publisher\":{\"@id\":\"https:\/\/bike43.com\/fr\/#organization\"},\"alternateName\":\"Family longtail bike - Bike 43\",\"potentialAction\":[{\"@type\":\"SearchAction\",\"target\":{\"@type\":\"EntryPoint\",\"urlTemplate\":\"https:\/\/bike43.com\/fr\/?s={search_term_string}\"},\"query-input\":{\"@type\":\"PropertyValueSpecification\",\"valueRequired\":true,\"valueName\":\"search_term_string\"}}],\"inLanguage\":\"fr-FR\"},{\"@type\":\"Organization\",\"@id\":\"https:\/\/bike43.com\/fr\/#organization\",\"name\":\"Bike 43\",\"url\":\"https:\/\/bike43.com\/fr\/\",\"logo\":{\"@type\":\"ImageObject\",\"inLanguage\":\"fr-FR\",\"@id\":\"https:\/\/bike43.com\/fr\/#\/schema\/logo\/image\/\",\"url\":\"https:\/\/bike43.com\/app\/uploads\/2022\/11\/logo-1.png\",\"contentUrl\":\"https:\/\/bike43.com\/app\/uploads\/2022\/11\/logo-1.png\",\"width\":416,\"height\":254,\"caption\":\"Bike 43\"},\"image\":{\"@id\":\"https:\/\/bike43.com\/fr\/#\/schema\/logo\/image\/\"},\"sameAs\":[\"https:\/\/www.facebook.com\/Bike43\/\",\"https:\/\/x.com\/bike43com\",\"https:\/\/www.instagram.com\/bike43\/\"]}]}<\/script>\n<!-- \/ Yoast SEO plugin. -->","yoast_head_json":{"title":"O\u00f9 acheter un v\u00e9lo longtail - Bike 43","description":"Acheter un v\u00e9lo longtail Bike 43. Trouvez nos revendeurs de confiance pr\u00e8s de chez vous et essayer le v\u00e9lo 43 en magasin avec votre famille.","robots":{"index":"index","follow":"follow","max-snippet":"max-snippet:-1","max-image-preview":"max-image-preview:large","max-video-preview":"max-video-preview:-1"},"canonical":"https:\/\/bike43.com\/fr\/revendeurs-velo-43\/","og_locale":"fr_FR","og_type":"article","og_title":"O\u00f9 acheter un v\u00e9lo longtail - Bike 43","og_description":"Acheter un v\u00e9lo longtail Bike 43. Trouvez nos revendeurs de confiance pr\u00e8s de chez vous et essayer le v\u00e9lo 43 en magasin avec votre famille.","og_url":"https:\/\/bike43.com\/fr\/revendeurs-velo-43\/","og_site_name":"Bike43 - Family cargo bike - Mid &amp; Long Tail","article_publisher":"https:\/\/www.facebook.com\/Bike43\/","article_modified_time":"2023-03-27T13:58:02+00:00","og_image":[{"width":1588,"height":888,"url":"https:\/\/bike43.com\/app\/uploads\/2022\/11\/OG-Bike43.jpg","type":"image\/jpeg"}],"twitter_card":"summary_large_image","twitter_site":"@bike43com","schema":{"@context":"https:\/\/schema.org","@graph":[{"@type":"WebPage","@id":"https:\/\/bike43.com\/fr\/revendeurs-velo-43\/","url":"https:\/\/bike43.com\/fr\/revendeurs-velo-43\/","name":"O\u00f9 acheter un v\u00e9lo longtail - Bike 43","isPartOf":{"@id":"https:\/\/bike43.com\/fr\/#website"},"datePublished":"2022-10-06T15:39:34+00:00","dateModified":"2023-03-27T13:58:02+00:00","description":"Acheter un v\u00e9lo longtail Bike 43. Trouvez nos revendeurs de confiance pr\u00e8s de chez vous et essayer le v\u00e9lo 43 en magasin avec votre famille.","breadcrumb":{"@id":"https:\/\/bike43.com\/fr\/revendeurs-velo-43\/#breadcrumb"},"inLanguage":"fr-FR","potentialAction":[{"@type":"ReadAction","target":["https:\/\/bike43.com\/fr\/revendeurs-velo-43\/"]}]},{"@type":"BreadcrumbList","@id":"https:\/\/bike43.com\/fr\/revendeurs-velo-43\/#breadcrumb","itemListElement":[{"@type":"ListItem","position":1,"name":"Home","item":"https:\/\/bike43.com\/fr\/"},{"@type":"ListItem","position":2,"name":"Revendeurs"}]},{"@type":"WebSite","@id":"https:\/\/bike43.com\/fr\/#website","url":"https:\/\/bike43.com\/fr\/","name":"Long tail cargo bike - Bike 43, the family electric bike","description":"Bike43 modular long taill bike - Because life is not a straight line","publisher":{"@id":"https:\/\/bike43.com\/fr\/#organization"},"alternateName":"Family longtail bike - Bike 43","potentialAction":[{"@type":"SearchAction","target":{"@type":"EntryPoint","urlTemplate":"https:\/\/bike43.com\/fr\/?s={search_term_string}"},"query-input":{"@type":"PropertyValueSpecification","valueRequired":true,"valueName":"search_term_string"}}],"inLanguage":"fr-FR"},{"@type":"Organization","@id":"https:\/\/bike43.com\/fr\/#organization","name":"Bike 43","url":"https:\/\/bike43.com\/fr\/","logo":{"@type":"ImageObject","inLanguage":"fr-FR","@id":"https:\/\/bike43.com\/fr\/#\/schema\/logo\/image\/","url":"https:\/\/bike43.com\/app\/uploads\/2022\/11\/logo-1.png","contentUrl":"https:\/\/bike43.com\/app\/uploads\/2022\/11\/logo-1.png","width":416,"height":254,"caption":"Bike 43"},"image":{"@id":"https:\/\/bike43.com\/fr\/#\/schema\/logo\/image\/"},"sameAs":["https:\/\/www.facebook.com\/Bike43\/","https:\/\/x.com\/bike43com","https:\/\/www.instagram.com\/bike43\/"]}]}},"_links":{"self":[{"href":"https:\/\/bike43.com\/fr\/wp-json\/wp\/v2\/pages\/2344","targetHints":{"allow":["GET"]}}],"collection":[{"href":"https:\/\/bike43.com\/fr\/wp-json\/wp\/v2\/pages"}],"about":[{"href":"https:\/\/bike43.com\/fr\/wp-json\/wp\/v2\/types\/page"}],"author":[{"embeddable":true,"href":"https:\/\/bike43.com\/fr\/wp-json\/wp\/v2\/users\/1"}],"replies":[{"embeddable":true,"href":"https:\/\/bike43.com\/fr\/wp-json\/wp\/v2\/comments?post=2344"}],"version-history":[{"count":2,"href":"https:\/\/bike43.com\/fr\/wp-json\/wp\/v2\/pages\/2344\/revisions"}],"predecessor-version":[{"id":3242,"href":"https:\/\/bike43.com\/fr\/wp-json\/wp\/v2\/pages\/2344\/revisions\/3242"}],"wp:attachment":[{"href":"https:\/\/bike43.com\/fr\/wp-json\/wp\/v2\/media?parent=2344"}],"curies":[{"name":"wp","href":"https:\/\/api.w.org\/{rel}","templated":true}]}}