{"id":2184,"date":"2022-10-06T15:34:33","date_gmt":"2022-10-06T15:34:33","guid":{"rendered":"https:\/\/bike43.com\/?page_id=2184"},"modified":"2026-01-05T20:55:57","modified_gmt":"2026-01-05T20:55:57","slug":"contact","status":"publish","type":"page","link":"https:\/\/bike43.com\/fr\/contact\/","title":{"rendered":"Contact"},"content":{"rendered":"","protected":false},"excerpt":{"rendered":"","protected":false},"author":1,"featured_media":0,"parent":0,"menu_order":0,"comment_status":"closed","ping_status":"closed","template":"template-page.blade.php","meta":{"_acf_changed":false,"inline_featured_image":false,"footnotes":""},"class_list":["post-2184","page","type-page","status-publish","hentry"],"acf":{"header":{"header_type":"no_header","header_1":{"title":"","select_type":"link_video","image":null,"image_mobile":null,"link_video":null,"file_video":null,"picture_loading":null},"header_2":{"title":"","content":"","button":null,"image":null,"rounded_image":false,"logo_join_the_club":null,"background_color":""},"header_swiper":{"items":null},"header_buttons_color":{"title":"","logo":null,"use_images_mobiles":false,"items":null},"header_text_image":{"title":"","content":"","image":null,"background_color":""}},"body":[{"acf_fc_layout":"section_contact_form","title":"Contact","content":"En 2011, \u00c9tienne Richelle imagine un v\u00e9lo pour que sa femme, sans permis voiture, puisse emmener les enfants \u00e0 l'\u00e9cole en toute simplicit\u00e9.\r\n&nbsp;\r\nCe prototype se transforme en Bike 43, soci\u00e9t\u00e9 de conception et de fabrication de v\u00e9los cargo dit \"longtail\" pour les familles. Le v\u00e9lo fait ses preuves et est particuli\u00e8rement appr\u00e9ci\u00e9 pour sa fiabilit\u00e9, son design \u00e9pur\u00e9, son confort de conduite et son \u00e9volution constante.\r\n&nbsp;\r\nEn 2022, Etienne est rejoint par Miguel Vandamme et Thibaut Dehem pour donner au projet une nouvelle ambition.\r\nLa production monte en puissance avec comme r\u00eave de \"remplacer 10.000 voitures\".\r\n&nbsp;\r\n\r\n\r\n\r\n","form_js":"","form_title":"","form":"2","visibility":true},{"acf_fc_layout":"section_content_video","title":"Production <span style=\"color: #8bae75;\">locale<\/span> \u00e0 Bruxelles","content":"Depuis le d\u00e9but de sa production en 2016, l\u2019entreprise collabore avec un atelier prot\u00e9g\u00e9 \u00e0 Bruxelles, offrant des opportunit\u00e9s d\u2019emploi et de r\u00e9int\u00e9gration pour les personnes handicap\u00e9es et socialement d\u00e9favoris\u00e9es. Guid\u00e9e par Etienne, l\u2019\u00e9quipe\u2014principalement compos\u00e9e de personnes malentendantes\u2014a d\u00e9velopp\u00e9 des comp\u00e9tences m\u00e9caniques exceptionnelles.","vimeo_video":"https:\/\/vimeo.com\/934581794","visibility":true,"margin_top":"small","margin_bottom":"small"},{"acf_fc_layout":"section_content_small_images","place_image_right":true,"title":"","content":"Environ 80% de la valeur des v\u00e9los provient de composants fabriqu\u00e9s en Europe. Les cadres sont minutieusement soud\u00e9s \u00e0 la main en Europe de l\u2019Est, utilisant de l\u2019acier chromoly de haute qualit\u00e9. Les moteurs sont fournis par Shimano et Bosch, tandis que le rayonnage des roues de v\u00e9lo est effectu\u00e9 en Bretagne.\r\n\r\nLa vision de la production locale \u00e9tait un principe fondateur de Bike 43, le distinguant dans une industrie majoritairement bas\u00e9e en Asie. Ce choix strat\u00e9gique permet une it\u00e9ration rapide et une am\u00e9lioration continue des conceptions de produits. L\u2019entreprise a d\u00e9velopp\u00e9 plus de 30 versions de ses cadres et a continuellement innov\u00e9 dans son \u00e9cosyst\u00e8me d\u2019accessoires, en se concentrant sur la s\u00e9curit\u00e9 des enfants, la commodit\u00e9 pour les familles et la facilit\u00e9 de montage pour les m\u00e9caniciens.\r\n\r\nAujourd\u2019hui, nous sommes reconnus comme des visionnaires dans l\u2019industrie, ayant \u00e9t\u00e9 \u00e0 l\u2019avant-garde du mouvement pour rapatrier la fabrication, stimul\u00e9 par les d\u00e9fis logistiques mondiaux et l\u2019augmentation des co\u00fbts.","images":[{"image":9826},{"image":9831},{"image":9831},{"image":9843}],"visibility":true,"margin_top":"small","margin_bottom":"small"}]},"yoast_head":"<!-- This site is optimized with the Yoast SEO plugin v25.3.1 - https:\/\/yoast.com\/wordpress\/plugins\/seo\/ -->\n<title>Contact - Bike43 - Family cargo bike - Mid &amp; Long Tail<\/title>\n<meta name=\"robots\" content=\"index, follow, max-snippet:-1, max-image-preview:large, max-video-preview:-1\" \/>\n<link rel=\"canonical\" href=\"https:\/\/bike43.com\/fr\/contact\/\" \/>\n<meta property=\"og:locale\" content=\"fr_FR\" \/>\n<meta property=\"og:type\" content=\"article\" \/>\n<meta property=\"og:title\" content=\"Contact - Bike43 - Family cargo bike - Mid &amp; Long Tail\" \/>\n<meta property=\"og:url\" content=\"https:\/\/bike43.com\/fr\/contact\/\" \/>\n<meta property=\"og:site_name\" content=\"Bike43 - Family cargo bike - Mid &amp; Long Tail\" \/>\n<meta property=\"article:publisher\" content=\"https:\/\/www.facebook.com\/Bike43\/\" \/>\n<meta property=\"article:modified_time\" content=\"2026-01-05T20:55:57+00:00\" \/>\n<meta property=\"og:image\" content=\"https:\/\/bike43.com\/app\/uploads\/2022\/11\/OG-Bike43.jpg\" \/>\n\t<meta property=\"og:image:width\" content=\"1588\" \/>\n\t<meta property=\"og:image:height\" content=\"888\" \/>\n\t<meta property=\"og:image:type\" content=\"image\/jpeg\" \/>\n<meta name=\"twitter:card\" content=\"summary_large_image\" \/>\n<meta name=\"twitter:site\" content=\"@bike43com\" \/>\n<script type=\"application\/ld+json\" class=\"yoast-schema-graph\">{\"@context\":\"https:\/\/schema.org\",\"@graph\":[{\"@type\":\"WebPage\",\"@id\":\"https:\/\/bike43.com\/fr\/contact\/\",\"url\":\"https:\/\/bike43.com\/fr\/contact\/\",\"name\":\"Contact - Bike43 - Family cargo bike - Mid &amp; Long Tail\",\"isPartOf\":{\"@id\":\"https:\/\/bike43.com\/fr\/#website\"},\"datePublished\":\"2022-10-06T15:34:33+00:00\",\"dateModified\":\"2026-01-05T20:55:57+00:00\",\"breadcrumb\":{\"@id\":\"https:\/\/bike43.com\/fr\/contact\/#breadcrumb\"},\"inLanguage\":\"fr-FR\",\"potentialAction\":[{\"@type\":\"ReadAction\",\"target\":[\"https:\/\/bike43.com\/fr\/contact\/\"]}]},{\"@type\":\"BreadcrumbList\",\"@id\":\"https:\/\/bike43.com\/fr\/contact\/#breadcrumb\",\"itemListElement\":[{\"@type\":\"ListItem\",\"position\":1,\"name\":\"Home\",\"item\":\"https:\/\/bike43.com\/fr\/\"},{\"@type\":\"ListItem\",\"position\":2,\"name\":\"Contact\"}]},{\"@type\":\"WebSite\",\"@id\":\"https:\/\/bike43.com\/fr\/#website\",\"url\":\"https:\/\/bike43.com\/fr\/\",\"name\":\"Long tail cargo bike - Bike 43, the family electric bike\",\"description\":\"Bike43 modular long taill bike - Because life is not a straight line\",\"publisher\":{\"@id\":\"https:\/\/bike43.com\/fr\/#organization\"},\"alternateName\":\"Family longtail bike - Bike 43\",\"potentialAction\":[{\"@type\":\"SearchAction\",\"target\":{\"@type\":\"EntryPoint\",\"urlTemplate\":\"https:\/\/bike43.com\/fr\/?s={search_term_string}\"},\"query-input\":{\"@type\":\"PropertyValueSpecification\",\"valueRequired\":true,\"valueName\":\"search_term_string\"}}],\"inLanguage\":\"fr-FR\"},{\"@type\":\"Organization\",\"@id\":\"https:\/\/bike43.com\/fr\/#organization\",\"name\":\"Bike 43\",\"url\":\"https:\/\/bike43.com\/fr\/\",\"logo\":{\"@type\":\"ImageObject\",\"inLanguage\":\"fr-FR\",\"@id\":\"https:\/\/bike43.com\/fr\/#\/schema\/logo\/image\/\",\"url\":\"https:\/\/bike43.com\/app\/uploads\/2022\/11\/logo-1.png\",\"contentUrl\":\"https:\/\/bike43.com\/app\/uploads\/2022\/11\/logo-1.png\",\"width\":416,\"height\":254,\"caption\":\"Bike 43\"},\"image\":{\"@id\":\"https:\/\/bike43.com\/fr\/#\/schema\/logo\/image\/\"},\"sameAs\":[\"https:\/\/www.facebook.com\/Bike43\/\",\"https:\/\/x.com\/bike43com\",\"https:\/\/www.instagram.com\/bike43\/\"]}]}<\/script>\n<!-- \/ Yoast SEO plugin. -->","yoast_head_json":{"title":"Contact - Bike43 - Family cargo bike - Mid &amp; Long Tail","robots":{"index":"index","follow":"follow","max-snippet":"max-snippet:-1","max-image-preview":"max-image-preview:large","max-video-preview":"max-video-preview:-1"},"canonical":"https:\/\/bike43.com\/fr\/contact\/","og_locale":"fr_FR","og_type":"article","og_title":"Contact - Bike43 - Family cargo bike - Mid &amp; Long Tail","og_url":"https:\/\/bike43.com\/fr\/contact\/","og_site_name":"Bike43 - Family cargo bike - Mid &amp; Long Tail","article_publisher":"https:\/\/www.facebook.com\/Bike43\/","article_modified_time":"2026-01-05T20:55:57+00:00","og_image":[{"width":1588,"height":888,"url":"https:\/\/bike43.com\/app\/uploads\/2022\/11\/OG-Bike43.jpg","type":"image\/jpeg"}],"twitter_card":"summary_large_image","twitter_site":"@bike43com","schema":{"@context":"https:\/\/schema.org","@graph":[{"@type":"WebPage","@id":"https:\/\/bike43.com\/fr\/contact\/","url":"https:\/\/bike43.com\/fr\/contact\/","name":"Contact - Bike43 - Family cargo bike - Mid &amp; Long Tail","isPartOf":{"@id":"https:\/\/bike43.com\/fr\/#website"},"datePublished":"2022-10-06T15:34:33+00:00","dateModified":"2026-01-05T20:55:57+00:00","breadcrumb":{"@id":"https:\/\/bike43.com\/fr\/contact\/#breadcrumb"},"inLanguage":"fr-FR","potentialAction":[{"@type":"ReadAction","target":["https:\/\/bike43.com\/fr\/contact\/"]}]},{"@type":"BreadcrumbList","@id":"https:\/\/bike43.com\/fr\/contact\/#breadcrumb","itemListElement":[{"@type":"ListItem","position":1,"name":"Home","item":"https:\/\/bike43.com\/fr\/"},{"@type":"ListItem","position":2,"name":"Contact"}]},{"@type":"WebSite","@id":"https:\/\/bike43.com\/fr\/#website","url":"https:\/\/bike43.com\/fr\/","name":"Long tail cargo bike - Bike 43, the family electric bike","description":"Bike43 modular long taill bike - Because life is not a straight line","publisher":{"@id":"https:\/\/bike43.com\/fr\/#organization"},"alternateName":"Family longtail bike - Bike 43","potentialAction":[{"@type":"SearchAction","target":{"@type":"EntryPoint","urlTemplate":"https:\/\/bike43.com\/fr\/?s={search_term_string}"},"query-input":{"@type":"PropertyValueSpecification","valueRequired":true,"valueName":"search_term_string"}}],"inLanguage":"fr-FR"},{"@type":"Organization","@id":"https:\/\/bike43.com\/fr\/#organization","name":"Bike 43","url":"https:\/\/bike43.com\/fr\/","logo":{"@type":"ImageObject","inLanguage":"fr-FR","@id":"https:\/\/bike43.com\/fr\/#\/schema\/logo\/image\/","url":"https:\/\/bike43.com\/app\/uploads\/2022\/11\/logo-1.png","contentUrl":"https:\/\/bike43.com\/app\/uploads\/2022\/11\/logo-1.png","width":416,"height":254,"caption":"Bike 43"},"image":{"@id":"https:\/\/bike43.com\/fr\/#\/schema\/logo\/image\/"},"sameAs":["https:\/\/www.facebook.com\/Bike43\/","https:\/\/x.com\/bike43com","https:\/\/www.instagram.com\/bike43\/"]}]}},"_links":{"self":[{"href":"https:\/\/bike43.com\/fr\/wp-json\/wp\/v2\/pages\/2184","targetHints":{"allow":["GET"]}}],"collection":[{"href":"https:\/\/bike43.com\/fr\/wp-json\/wp\/v2\/pages"}],"about":[{"href":"https:\/\/bike43.com\/fr\/wp-json\/wp\/v2\/types\/page"}],"author":[{"embeddable":true,"href":"https:\/\/bike43.com\/fr\/wp-json\/wp\/v2\/users\/1"}],"replies":[{"embeddable":true,"href":"https:\/\/bike43.com\/fr\/wp-json\/wp\/v2\/comments?post=2184"}],"version-history":[{"count":9,"href":"https:\/\/bike43.com\/fr\/wp-json\/wp\/v2\/pages\/2184\/revisions"}],"predecessor-version":[{"id":11422,"href":"https:\/\/bike43.com\/fr\/wp-json\/wp\/v2\/pages\/2184\/revisions\/11422"}],"wp:attachment":[{"href":"https:\/\/bike43.com\/fr\/wp-json\/wp\/v2\/media?parent=2184"}],"curies":[{"name":"wp","href":"https:\/\/api.w.org\/{rel}","templated":true}]}}