{"id":10253,"date":"2025-07-27T21:13:05","date_gmt":"2025-07-27T21:13:05","guid":{"rendered":"https:\/\/bike43.com\/long-tail-cargo-family-bike\/"},"modified":"2026-01-23T13:24:23","modified_gmt":"2026-01-23T13:24:23","slug":"velo-familial-cargo-longue-queue","status":"publish","type":"page","link":"https:\/\/bike43.com\/fr\/velo-familial-cargo-longue-queue\/","title":{"rendered":"Long &#8211; V\u00e9lo familial lontgail"},"content":{"rendered":"","protected":false},"excerpt":{"rendered":"","protected":false},"author":3,"featured_media":0,"parent":0,"menu_order":0,"comment_status":"closed","ping_status":"closed","template":"template-page.blade.php","meta":{"_acf_changed":false,"inline_featured_image":false,"footnotes":""},"class_list":["post-10253","page","type-page","status-publish","hentry"],"acf":{"header":{"header_type":"header_buttons_color","header_1":{"title":"Technical specifications","select_type":"image","image":1482,"image_mobile":1500,"link_video":null,"file_video":null,"picture_loading":null},"header_2":{"title":"","content":"","button":null,"image":null,"rounded_image":false,"logo_join_the_club":null,"background_color":""},"header_swiper":{"items":null},"header_buttons_color":{"title":"V\u00e9lo familial","logo":9398,"use_images_mobiles":false,"items":[{"background_color":"#9fd0cb","text_color":"white","video":10127,"image_mobile":null,"infos":[{"title":"Spacieux","text":"Jusqu\u2019\u00e0 4 enfants \u00e0 l\u2019arri\u00e8re  "},{"title":"Personnalisable","text":"Plus de 20 accessoires disponibles "}],"color_title":"Couleur \u2013 Turquoise","button":{"title":"Configurez votre v\u00e9lo","url":"https:\/\/bike43.com\/fr\/prix-velo-cargo-familial\/","target":""}},{"background_color":"#516066","text_color":"white","video":10122,"image_mobile":null,"infos":[{"title":"Spacieux","text":"Jusqu\u2019\u00e0 4 enfants \u00e0 l\u2019arri\u00e8re  "},{"title":"Personnalisable","text":"Plus de 20 accessoires disponibles "}],"color_title":"Couleur \u2013 Anthracite","button":{"title":"Configurez votre v\u00e9lo","url":"https:\/\/bike43.com\/fr\/prix-velo-cargo-familial\/","target":""}},{"background_color":"#c74457","text_color":"white","video":10132,"image_mobile":null,"infos":[{"title":"Spacieux","text":"Jusqu\u2019\u00e0 4 enfants \u00e0 l\u2019arri\u00e8re  "},{"title":"Personnalisable","text":"Plus de 20 accessoires disponibles "}],"color_title":"Couleur \u2013 Framboise","button":{"title":"Configurez votre v\u00e9lo","url":"https:\/\/bike43.com\/fr\/prix-velo-cargo-familial\/","target":""}},{"background_color":"#e9b833","text_color":"white","video":10137,"image_mobile":null,"infos":[{"title":"Spacieux","text":"Jusqu\u2019\u00e0 4 enfants \u00e0 l\u2019arri\u00e8re  "},{"title":"Personnalisable","text":"Plus de 20 accessoires disponibles "}],"color_title":"Couleur \u2013 Jaune gen\u00eat","button":{"title":"Configurez votre v\u00e9lo","url":"https:\/\/bike43.com\/fr\/prix-velo-cargo-familial\/","target":""}}]},"header_text_image":{"title":"","content":"","image":null,"background_color":""}},"body":[{"acf_fc_layout":"section_text_cta_cards","title":"Votre v\u00e9lo 43 evolue avec votre famille.","description":"Jusqu'\u00e0 4 enfants sur le m\u00eame v\u00e9lo","button":{"title":"Comparez les mod\u00e8les","url":"https:\/\/bike43.com\/fr\/prix-velo-cargo-familial\/","target":""},"items":[{"tag":9398,"tag_color":"#84c3be","image":10170,"infos":{"number_persons":"X1","dimensions":"200cm","weight":"200kg"},"description":""},{"tag":9398,"tag_color":"#84c3be","image":10165,"infos":{"number_persons":"x2","dimensions":"200cm","weight":"200kg"},"description":""},{"tag":9398,"tag_color":"#84c3be","image":10160,"infos":{"number_persons":"X3","dimensions":"200cm","weight":"200kg"},"description":""},{"tag":9398,"tag_color":"#84c3be","image":10155,"infos":{"number_persons":"X4","dimensions":"200cm","weight":"200kg"},"description":""}],"visibility":true,"background_color":"beige","margin_top":"small","margin_bottom":"small"},{"acf_fc_layout":"section_card_slider","slides":[{"heading":"Des supers-pouvoirs","title":"Facile \u00e0 conduire.","content":"Le v\u00e9lo 43 est facile \u00e0 enfourcher gr\u00e2ce \u00e0 son cadre bas au niveau de l'entrejambe. Une option 'speedlifter' permet de r\u00e9gler la hauteur du guidon et de la selle. ","image":542},{"heading":"Des supers-pouvoirs","title":"Compacte en taille.","content":"Le v\u00e9lo est seulement 10cm (4\u2033) plus long qu'un v\u00e9lo ordinaire. Il est tout aussi facile \u00e0 garer, m\u00eame verticalement \u00e0 la maison, et se fixe sur un porte-v\u00e9lo de voiture.","image":539},{"heading":"Des supers-pouvoirs","title":"Double X Design.","content":"Le design en double <strong>X<\/strong> du cadre offre de la rigidit\u00e9 quand vous en avez besoin. Les virages, les freinages et les acc\u00e9l\u00e9rations deviennent naturels pour tous les cyclistes.","image":536},{"heading":"Des supers-pouvoirs","title":"Centre de gravit\u00e9 bas.","content":"Centre de gravit\u00e9 bas gr\u00e2ce \u00e0 une petite roue arri\u00e8re de 20\u2033 et une position tr\u00e8s basse de la batterie. Confort - La grande roue avant de 24\u2033 passe en douceur les obstacles.","image":530},{"heading":"Des supers-pouvoirs","title":"Compatibilit\u00e9 multi-moteurs.","content":"Le v\u00e9lo n'est pas bloqu\u00e9 \u00e0 un moteur sp\u00e9cifique. On peut le faire \u00e9voluer en le rempla\u00e7ant par un nouveau moteur.","image":527},{"heading":"Des supers-pouvoirs","title":"Moyeu interne.","content":"Moyeu interne pour une fiabilit\u00e9 imbattable, oubliez les mains sales et les d\u00e9railages. Changement de vitesse facile m\u00eame \u00e0 l'arr\u00eat et sans entretien. Choisissez entre les vitesses manuelles, eShift ou continues.","image":524}],"display_numbers":false,"image_full_size":false,"visibility":true,"background_color":"beige","margin_top":"small","margin_bottom":"small"},{"acf_fc_layout":"section_two_columns","title":"Faites votre choix","column1":{"logo":177,"title":"Shimano","content":"Le moteur Shimano Steps est situ\u00e9e dans le p\u00e9dalier. Les principaux composants \u00e9lectroniques sont int\u00e9gr\u00e9s dans le moteur pour r\u00e9sister aux intemp\u00e9ries. Le Shimano Steps est un syst\u00e8me l\u00e9ger dot\u00e9 d'une puissante batterie lithium-ion et d'un syst\u00e8me intelligent de gestion de la batterie."},"column2":{"logo":180,"title":"Bosch","content":"Le moteur Bosch Performance Line PX donne jusqu'\u00e0 90 Nm de couple, ce qui permet de d\u00e9placer de lourdes charges et d'affronter les mont\u00e9es sans effort. L'assistance fournie par la cha\u00eene cin\u00e9matique Performance Line PX est puissante, elle comprend un mode automatique qui ajuste l'assistance pendant la conduite."},"visibility":true,"background_color":"beige","margin_top":"small","margin_bottom":"small"},{"acf_fc_layout":"section_grid_images_content","title":"Rafin\u00e9 jusqu'au dernier d\u00e9tail","images":[{"image":219,"title":"Footbox","content":"Le syst\u00e8me  unique et brevet\u00e9 Footbox permet de loger les jambes du premier enfant et de les prot\u00e9ger contre les collisions. Il permet de gagner 15 cm de longueur sur le porte bagage pour accueillir un enfant de plus."},{"image":5237,"title":"B\u00e9quille sur mesure","content":"Une b\u00e9quille \u00e0 deux pieds faite sur mesure pour faciliter le chargement et le d\u00e9chargement."},{"image":5242,"title":"Freins \u00e0 disque hydrauliques","content":"Freins \u00e0 disques hydrauliques puissants pour une s\u00e9curit\u00e9 maximale - 2 ou 4 pistons avec rotor de 203 mm (selon le mod\u00e8le)"},{"image":228,"title":"Guidon speedlifter","content":"R\u00e9glez-la hauteur, rangez-le et transportez-le facilement gr\u00e2ce au speedlifter qui permet de monter, descendre et tourner le guidon (en option)."},{"image":231,"title":"Syst\u00e8me \u00e0 cl\u00e9 unique","content":"Une seule cl\u00e9 pour toutes vos serrures. La batterie est fournie avec une serrure Abus YourPlus. Vous pouvez commander de nouvelles cl\u00e9s et des cadenas aupr\u00e8s d'Abus qui fonctionnent avec la m\u00eame cl\u00e9."},{"image":5247,"title":"Moyeu interne","content":"Moyeux interne pour une fiabilit\u00e9 sans faille, un changement de vitesse facile m\u00eame \u00e0 l'arr\u00eat, aucun entretien et pas de d\u00e9railage. Choix entre les moyeux Shimano Inter5E, Enviolo et Enviolo AutomatiQ."},{"image":5252,"title":"Pneus anti-perforation","content":"Des pneus anti-crevaison pour \u00e9viter toute mauvaise exp\u00e9rience lors de la conduite. La pression recommand\u00e9e pour les pneus est de 3,5 bars."},{"image":243,"title":"Lampes","content":"Des lumi\u00e8res avant et arri\u00e8re puissantes pour voir et \u00eatre vu."},{"image":246,"title":"Multi moteurs","content":"Choix entre des moteurs Shimano ou Bosch fix\u00e9s au cadre gr\u00e2ce \u00e0 des adaptateurs sp\u00e9cifiques."},{"image":249,"title":"Cadre","content":"Acier Chromoly l\u00e9ger pour absorber les chocs et offrir une conduite agr\u00e9able."},{"image":11158,"title":"Pack batterie","content":"Batterie 800Wh pour Bosch et 630Wh pour Shimano"},{"image":10394,"title":"Ecran","content":"Affichage pratique sur le guidon."}],"visibility":true,"background_color":"beige","margin_top":"large","margin_bottom":"large"},{"acf_fc_layout":"section_statistics_numbers","title":"Quelques statistiques","numbers":[{"number":20000000,"unit":"km +","content":"km roul\u00e9s"},{"number":2150000,"unit":"+","content":"kg de CO2 \u00e9conomis\u00e9s"},{"number":30,"unit":"kg","content":"Poids du v\u00e9lo"}],"visibility":true,"background_color":"white","margin_top":"large","margin_bottom":"small"},{"acf_fc_layout":"section_horizontal_scroll","items":[{"image":9593,"title":"Quel v\u00e9lo est fait pour votre famille ? ","text":"Choisir le bon v\u00e9lo n\u2019est pas toujours \u00e9vident !\r\n\r\nR\u00e9pondez \u00e0 quelques questions simples et d\u00e9couvrez le mod\u00e8le parfait pour vous et vos proches."},{"image":9606,"title":"Quel v\u00e9lo est fait pour votre famille ? ","text":"Choisir le bon v\u00e9lo n\u2019est pas toujours \u00e9vident !\r\n\r\nR\u00e9pondez \u00e0 quelques questions simples et d\u00e9couvrez le mod\u00e8le parfait pour vous et vos proches."}],"modal_button":true,"button":"Faites le quizz","modal":"<div data-tf-live=\"01JX9SV0N3PNB39BSSEGC7MRQH\"><\/div><script src=\"\/\/embed.typeform.com\/next\/embed.js\"><\/script>","visibility":true,"background_color":"beige","margin_top":"small","margin_bottom":"small"},{"acf_fc_layout":"section_title_image","title":"Une seule taille pour tous !","image":10041,"visibility":true,"background_color":"white","margin_top":"small","margin_bottom":"small"},{"acf_fc_layout":"section_three_cards","title":"Plus de 20 accessories","button":"","accessories":[2605,5747,4288],"visibility":true,"background_color":"beige","margin_top":"small","margin_bottom":"small"},{"acf_fc_layout":"section_technical_specifications","title":"<h2>Caract\u00e9ristiques techniques<\/h2>\r\n","content":"<strong>Moteur<\/strong>\r\n<span style=\"font-weight: 400;\">Bosch Smart System Gen5 Performance Line PX 90Nm 700W \/ Shimano EP6 Cargo 85Nm 500W<\/span>\r\n\r\n<strong>Batterie<\/strong>\r\n<span style=\"font-weight: 400;\">Bosch Power Pack 800Wh \/ Shimano 630Wh<\/span>\r\n\r\n<strong>Interface moteur<\/strong>\r\n<span style=\"font-weight: 400;\">Bosch Purion 200 Smart System \/ Shimano SC-EN500<\/span>\r\n\r\n<strong>Freins<\/strong>\r\n<span style=\"font-weight: 400;\">\u00c9triers Shimano BR-MT200 2 pistons avec disques 180mm avant et arri\u00e8re<\/span>\r\n<span style=\"font-weight: 400;\">\u00c9triers Shimano BR-MT420 4 pistons avec disque 203mm \u00e0 l\u2019avant et 180mm \u00e0 l\u2019arri\u00e8re<\/span>\r\n<span style=\"font-weight: 400;\">Passage de c\u00e2bles externe (entretien facile)<\/span>\r\n\r\n<span style=\"font-weight: 400;\"><strong>Footbox<\/strong>\r\nBike43 brevet\u00e9e (invention maison permettant d\u2019embarquer un enfant suppl\u00e9mentaire)<\/span>\r\n\r\n<span style=\"font-weight: 400;\"><strong>Fourche<\/strong>\r\nFourche rigide Bike43 (simple et robuste)<\/span>\r\n\r\n<span style=\"font-weight: 400;\"><strong>B\u00e9quille<\/strong>\r\nB\u00e9quille Bike43 stable et tr\u00e8s robuste<\/span>\r\n\r\n<span style=\"font-weight: 400;\"><strong>Guidon<\/strong>\r\nBackswept 620 mm (forme confortable pour la conduite urbaine)<\/span>\r\n\r\n<span style=\"font-weight: 400;\"><strong>Selle<\/strong>\r\nSelle Bike43 ergonomique et haute r\u00e9sistance<\/span>\r\n\r\n<span style=\"font-weight: 400;\"><strong>Tige de selle<\/strong>\r\nSatori Sorata 31,6 mm r\u00e9glable (un choix optimal pour plusieurs utilisateurs)<\/span>\r\n\r\n","card_or_content":false,"card":{"title":"","content":"","download_file":null,"button_download":""},"content_right":"<span style=\"font-weight: 400;\"><strong>Pneus<\/strong>\r\nCST Brooklyn Pro 20x2.44\u201d \/ 24x2.16\u201d<\/span>\r\n\r\n<span style=\"font-weight: 400;\"><strong>Jantes<\/strong>\r\nMach1 Trucky 30 (jantes robustes \u00e0 double paroi)<\/span>\r\n\r\n<span style=\"font-weight: 400;\"><strong>Rayons<\/strong>\r\nMach1 diam\u00e8tre 2,3 mm (usage intensif)<\/span>\r\n\r\n<span style=\"font-weight: 400;\"><strong>Moyeu avant<\/strong>\r\nMoyeu avant Bike43, 36 trous, axe boulonn\u00e9<\/span>\r\n\r\n<span style=\"font-weight: 400;\"><strong>Moyeu arri\u00e8re<\/strong>\r\nShimano Nexus5 \u00e0 vitesses int\u00e9gr\u00e9es (z\u00e9ro entretien, pas de d\u00e9raillement, changement des vitesses possible \u00e0 l\u2019arr\u00eat)<\/span>\r\n\r\n<span style=\"font-weight: 400;\"><strong>Phare avant<\/strong>\r\nHermans MR5 (bonne puissance)<\/span>\r\n\r\n<span style=\"font-weight: 400;\"><strong>Feu arri\u00e8re<\/strong>\r\nSpanninga Pimento large XEr avec feu stop<\/span>\r\n\r\n<span style=\"font-weight: 400;\"><strong>Garde-boue<\/strong>\r\nGarde-boue Bike43 avec passage interne des c\u00e2bles<\/span>\r\n\r\n<span style=\"font-weight: 400;\"><strong>Carter de cha\u00eene<\/strong>\r\nHebie Chainglider Open<\/span>\r\n\r\n<span style=\"font-weight: 400;\"><strong>Cha\u00eene<\/strong>\r\nKMC e1-EPT anticorrosion (parmi les plus robustes du march\u00e9)<\/span>","visibility":true,"background_color":"beige","margin_top":"large","margin_bottom":"small"},{"acf_fc_layout":"section_cards_list","title":"","cards":[{"is_image":false,"image":null,"icon":{"icon":"0","icon_type":"duotone"},"title":"","content":""},{"is_image":false,"image":null,"icon":{"icon":"0","icon_type":"duotone"},"title":"","content":""},{"is_image":false,"image":null,"icon":{"icon":"0","icon_type":"duotone"},"title":"","content":""},{"is_image":false,"image":null,"icon":{"icon":"0","icon_type":"duotone"},"title":"","content":""},{"is_image":false,"image":null,"icon":{"icon":"0","icon_type":"duotone"},"title":"","content":""},{"is_image":false,"image":null,"icon":{"icon":"0","icon_type":"duotone"},"title":"","content":""}],"visibility":false,"background_color":"beige","margin_top":"large","margin_bottom":"small"}]},"yoast_head":"<!-- This site is optimized with the Yoast SEO plugin v25.3.1 - https:\/\/yoast.com\/wordpress\/plugins\/seo\/ -->\n<title>Family longtail bike - Bike 43, the family electric bike<\/title>\n<meta name=\"description\" content=\"The longtail 43 bike for large families with up to three children. Bicycle designed for your daily commute in the city or for family rides.\" \/>\n<meta name=\"robots\" content=\"index, follow, max-snippet:-1, max-image-preview:large, max-video-preview:-1\" \/>\n<link rel=\"canonical\" href=\"https:\/\/bike43.com\/fr\/velo-familial-cargo-longue-queue\/\" \/>\n<meta property=\"og:locale\" content=\"fr_FR\" \/>\n<meta property=\"og:type\" content=\"article\" \/>\n<meta property=\"og:title\" content=\"Family longtail bike - Bike 43, the family electric bike\" \/>\n<meta property=\"og:description\" content=\"The longtail 43 bike for large families with up to three children. Bicycle designed for your daily commute in the city or for family rides.\" \/>\n<meta property=\"og:url\" content=\"https:\/\/bike43.com\/fr\/velo-familial-cargo-longue-queue\/\" \/>\n<meta property=\"og:site_name\" content=\"Bike43 - Family cargo bike - Mid &amp; Long Tail\" \/>\n<meta property=\"article:publisher\" content=\"https:\/\/www.facebook.com\/Bike43\/\" \/>\n<meta property=\"article:modified_time\" content=\"2026-01-23T13:24:23+00:00\" \/>\n<meta property=\"og:image\" content=\"https:\/\/bike43.com\/app\/uploads\/2022\/11\/OG-Bike43.jpg\" \/>\n\t<meta property=\"og:image:width\" content=\"1588\" \/>\n\t<meta property=\"og:image:height\" content=\"888\" \/>\n\t<meta property=\"og:image:type\" content=\"image\/jpeg\" \/>\n<meta name=\"twitter:card\" content=\"summary_large_image\" \/>\n<meta name=\"twitter:site\" content=\"@bike43com\" \/>\n<script type=\"application\/ld+json\" class=\"yoast-schema-graph\">{\"@context\":\"https:\/\/schema.org\",\"@graph\":[{\"@type\":\"WebPage\",\"@id\":\"https:\/\/bike43.com\/fr\/velo-familial-cargo-longue-queue\/\",\"url\":\"https:\/\/bike43.com\/fr\/velo-familial-cargo-longue-queue\/\",\"name\":\"Family longtail bike - Bike 43, the family electric bike\",\"isPartOf\":{\"@id\":\"https:\/\/bike43.com\/fr\/#website\"},\"datePublished\":\"2025-07-27T21:13:05+00:00\",\"dateModified\":\"2026-01-23T13:24:23+00:00\",\"description\":\"The longtail 43 bike for large families with up to three children. Bicycle designed for your daily commute in the city or for family rides.\",\"breadcrumb\":{\"@id\":\"https:\/\/bike43.com\/fr\/velo-familial-cargo-longue-queue\/#breadcrumb\"},\"inLanguage\":\"fr-FR\",\"potentialAction\":[{\"@type\":\"ReadAction\",\"target\":[\"https:\/\/bike43.com\/fr\/velo-familial-cargo-longue-queue\/\"]}]},{\"@type\":\"BreadcrumbList\",\"@id\":\"https:\/\/bike43.com\/fr\/velo-familial-cargo-longue-queue\/#breadcrumb\",\"itemListElement\":[{\"@type\":\"ListItem\",\"position\":1,\"name\":\"Home\",\"item\":\"https:\/\/bike43.com\/fr\/\"},{\"@type\":\"ListItem\",\"position\":2,\"name\":\"Long &#8211; V\u00e9lo familial lontgail\"}]},{\"@type\":\"WebSite\",\"@id\":\"https:\/\/bike43.com\/fr\/#website\",\"url\":\"https:\/\/bike43.com\/fr\/\",\"name\":\"Long tail cargo bike - Bike 43, the family electric bike\",\"description\":\"Bike43 modular long taill bike - Because life is not a straight line\",\"publisher\":{\"@id\":\"https:\/\/bike43.com\/fr\/#organization\"},\"alternateName\":\"Family longtail bike - Bike 43\",\"potentialAction\":[{\"@type\":\"SearchAction\",\"target\":{\"@type\":\"EntryPoint\",\"urlTemplate\":\"https:\/\/bike43.com\/fr\/?s={search_term_string}\"},\"query-input\":{\"@type\":\"PropertyValueSpecification\",\"valueRequired\":true,\"valueName\":\"search_term_string\"}}],\"inLanguage\":\"fr-FR\"},{\"@type\":\"Organization\",\"@id\":\"https:\/\/bike43.com\/fr\/#organization\",\"name\":\"Bike 43\",\"url\":\"https:\/\/bike43.com\/fr\/\",\"logo\":{\"@type\":\"ImageObject\",\"inLanguage\":\"fr-FR\",\"@id\":\"https:\/\/bike43.com\/fr\/#\/schema\/logo\/image\/\",\"url\":\"https:\/\/bike43.com\/app\/uploads\/2022\/11\/logo-1.png\",\"contentUrl\":\"https:\/\/bike43.com\/app\/uploads\/2022\/11\/logo-1.png\",\"width\":416,\"height\":254,\"caption\":\"Bike 43\"},\"image\":{\"@id\":\"https:\/\/bike43.com\/fr\/#\/schema\/logo\/image\/\"},\"sameAs\":[\"https:\/\/www.facebook.com\/Bike43\/\",\"https:\/\/x.com\/bike43com\",\"https:\/\/www.instagram.com\/bike43\/\"]}]}<\/script>\n<!-- \/ Yoast SEO plugin. -->","yoast_head_json":{"title":"Family longtail bike - Bike 43, the family electric bike","description":"The longtail 43 bike for large families with up to three children. Bicycle designed for your daily commute in the city or for family rides.","robots":{"index":"index","follow":"follow","max-snippet":"max-snippet:-1","max-image-preview":"max-image-preview:large","max-video-preview":"max-video-preview:-1"},"canonical":"https:\/\/bike43.com\/fr\/velo-familial-cargo-longue-queue\/","og_locale":"fr_FR","og_type":"article","og_title":"Family longtail bike - Bike 43, the family electric bike","og_description":"The longtail 43 bike for large families with up to three children. Bicycle designed for your daily commute in the city or for family rides.","og_url":"https:\/\/bike43.com\/fr\/velo-familial-cargo-longue-queue\/","og_site_name":"Bike43 - Family cargo bike - Mid &amp; Long Tail","article_publisher":"https:\/\/www.facebook.com\/Bike43\/","article_modified_time":"2026-01-23T13:24:23+00:00","og_image":[{"width":1588,"height":888,"url":"https:\/\/bike43.com\/app\/uploads\/2022\/11\/OG-Bike43.jpg","type":"image\/jpeg"}],"twitter_card":"summary_large_image","twitter_site":"@bike43com","schema":{"@context":"https:\/\/schema.org","@graph":[{"@type":"WebPage","@id":"https:\/\/bike43.com\/fr\/velo-familial-cargo-longue-queue\/","url":"https:\/\/bike43.com\/fr\/velo-familial-cargo-longue-queue\/","name":"Family longtail bike - Bike 43, the family electric bike","isPartOf":{"@id":"https:\/\/bike43.com\/fr\/#website"},"datePublished":"2025-07-27T21:13:05+00:00","dateModified":"2026-01-23T13:24:23+00:00","description":"The longtail 43 bike for large families with up to three children. Bicycle designed for your daily commute in the city or for family rides.","breadcrumb":{"@id":"https:\/\/bike43.com\/fr\/velo-familial-cargo-longue-queue\/#breadcrumb"},"inLanguage":"fr-FR","potentialAction":[{"@type":"ReadAction","target":["https:\/\/bike43.com\/fr\/velo-familial-cargo-longue-queue\/"]}]},{"@type":"BreadcrumbList","@id":"https:\/\/bike43.com\/fr\/velo-familial-cargo-longue-queue\/#breadcrumb","itemListElement":[{"@type":"ListItem","position":1,"name":"Home","item":"https:\/\/bike43.com\/fr\/"},{"@type":"ListItem","position":2,"name":"Long &#8211; V\u00e9lo familial lontgail"}]},{"@type":"WebSite","@id":"https:\/\/bike43.com\/fr\/#website","url":"https:\/\/bike43.com\/fr\/","name":"Long tail cargo bike - Bike 43, the family electric bike","description":"Bike43 modular long taill bike - Because life is not a straight line","publisher":{"@id":"https:\/\/bike43.com\/fr\/#organization"},"alternateName":"Family longtail bike - Bike 43","potentialAction":[{"@type":"SearchAction","target":{"@type":"EntryPoint","urlTemplate":"https:\/\/bike43.com\/fr\/?s={search_term_string}"},"query-input":{"@type":"PropertyValueSpecification","valueRequired":true,"valueName":"search_term_string"}}],"inLanguage":"fr-FR"},{"@type":"Organization","@id":"https:\/\/bike43.com\/fr\/#organization","name":"Bike 43","url":"https:\/\/bike43.com\/fr\/","logo":{"@type":"ImageObject","inLanguage":"fr-FR","@id":"https:\/\/bike43.com\/fr\/#\/schema\/logo\/image\/","url":"https:\/\/bike43.com\/app\/uploads\/2022\/11\/logo-1.png","contentUrl":"https:\/\/bike43.com\/app\/uploads\/2022\/11\/logo-1.png","width":416,"height":254,"caption":"Bike 43"},"image":{"@id":"https:\/\/bike43.com\/fr\/#\/schema\/logo\/image\/"},"sameAs":["https:\/\/www.facebook.com\/Bike43\/","https:\/\/x.com\/bike43com","https:\/\/www.instagram.com\/bike43\/"]}]}},"_links":{"self":[{"href":"https:\/\/bike43.com\/fr\/wp-json\/wp\/v2\/pages\/10253","targetHints":{"allow":["GET"]}}],"collection":[{"href":"https:\/\/bike43.com\/fr\/wp-json\/wp\/v2\/pages"}],"about":[{"href":"https:\/\/bike43.com\/fr\/wp-json\/wp\/v2\/types\/page"}],"author":[{"embeddable":true,"href":"https:\/\/bike43.com\/fr\/wp-json\/wp\/v2\/users\/3"}],"replies":[{"embeddable":true,"href":"https:\/\/bike43.com\/fr\/wp-json\/wp\/v2\/comments?post=10253"}],"version-history":[{"count":14,"href":"https:\/\/bike43.com\/fr\/wp-json\/wp\/v2\/pages\/10253\/revisions"}],"predecessor-version":[{"id":11735,"href":"https:\/\/bike43.com\/fr\/wp-json\/wp\/v2\/pages\/10253\/revisions\/11735"}],"wp:attachment":[{"href":"https:\/\/bike43.com\/fr\/wp-json\/wp\/v2\/media?parent=10253"}],"curies":[{"name":"wp","href":"https:\/\/api.w.org\/{rel}","templated":true}]}}