{"id":10210,"date":"2025-07-15T22:36:21","date_gmt":"2025-07-15T22:36:21","guid":{"rendered":"https:\/\/bike43.com\/short-mid-lange-familie-fiets-cargo\/"},"modified":"2026-03-05T11:24:53","modified_gmt":"2026-03-05T11:24:53","slug":"court-moyen-long-velo-familial-cargo","status":"publish","type":"page","link":"https:\/\/bike43.com\/fr\/","title":{"rendered":"Homepage &#8211;  Short Mid Long V\u00e9lo Familial Cargo"},"content":{"rendered":"","protected":false},"excerpt":{"rendered":"","protected":false},"author":3,"featured_media":0,"parent":0,"menu_order":0,"comment_status":"closed","ping_status":"closed","template":"template-page.blade.php","meta":{"_acf_changed":false,"inline_featured_image":false,"footnotes":""},"class_list":["post-10210","page","type-page","status-publish","hentry"],"acf":{"header":{"header_type":"header_swiper","header_1":{"title":"","select_type":"image","image":null,"image_mobile":null,"link_video":null,"file_video":null,"picture_loading":null},"header_2":{"title":"","content":"","button":"","image":null,"rounded_image":false,"logo_join_the_club":null,"background_color":"white"},"header_swiper":{"items":[{"background_color":"#dfb942","image":9342,"title":"V\u00e9lo Familial","logo":54874,"button":{"title":"D\u00e9couvrez le v\u00e9lo","url":"https:\/\/bike43.com\/fr\/velo-cargo-familial-short-tail\/","target":""}},{"background_color":"#bdcdaf","image":10213,"title":"V\u00e9lo Familial","logo":54878,"button":{"title":"D\u00e9couvrez le v\u00e9lo","url":"https:\/\/bike43.com\/nl\/mid-tail-cargo-family-bike\/","target":""}},{"background_color":"#679891","image":5919,"title":"V\u00e9lo Familial","logo":9398,"button":{"title":"D\u00e9couvrez le v\u00e9lo","url":"https:\/\/bike43.com\/nl\/mid-tail-cargo-family-bike\/","target":""}}]},"header_buttons_color":{"title":"","logo":null,"use_images_mobiles":false,"items":null},"header_text_image":{"title":"","content":"","image":null,"background_color":""}},"body":[{"acf_fc_layout":"section_text_cta_cards","title":"Votre Bike43 \u00e9volue avec votre famille.","description":"De 0 \u00e0 4 enfants, con\u00e7u pour s\u2019adapter \u00e0 votre style de vie.\r\n","button":{"title":"Comparez les mod\u00e8les","url":"https:\/\/bike43.com\/fr\/prix-velo-cargo-familial\/","target":""},"items":[{"tag":9388,"tag_color":"#d9a438","image":9826,"infos":{"number_persons":"x1","dimensions":"173cm","weight":"175kg"},"description":"Convertible en mod\u00e8le <strong>MID<\/strong>"},{"tag":9383,"tag_color":"#bdcdaf","image":11868,"infos":{"number_persons":"x2","dimensions":"173cm","weight":"175kg"},"description":"Convertible en mod\u00e8le <strong>MID<\/strong>\r\n"},{"tag":9393,"tag_color":"#314f6f","image":11872,"infos":{"number_persons":"x2","dimensions":"186cm","weight":"200kg"},"description":"Convertible en mod\u00e8le <strong>SHORT<\/strong>"},{"tag":9408,"tag_color":"#293033","image":9843,"infos":{"number_persons":"x4","dimensions":"200cm","weight":"200kg"},"description":"Le Long est notre mod\u00e8le <strong>iconique<\/strong>"}],"visibility":true,"background_color":"beige","margin_top":"xtra-large","margin_bottom":"large"},{"acf_fc_layout":"section_horizontal_scroll","items":[{"image":9606,"title":"Quel v\u00e9lo convient \u00e0 votre famille ?","text":"Choisir le bon v\u00e9lo n\u2019est pas toujours facile \u2014 surtout lorsqu\u2019il s\u2019agit d\u2019un investissement \u00e0 long terme pour toute la famille!\r\n"},{"image":9691,"title":"Quel v\u00e9lo convient \u00e0 votre famille ?","text":"Choisir le bon v\u00e9lo n\u2019est pas toujours facile \u2014 surtout lorsqu\u2019il s\u2019agit d\u2019un investissement \u00e0 long terme pour toute la famille!\r\n"}],"modal_button":true,"button":"Faites le quizz","modal":"<div data-tf-live=\"01JX9SV0N3PNB39BSSEGC7MRQH\"><\/div><script src=\"\/\/embed.typeform.com\/next\/embed.js\"><\/script>","visibility":true,"background_color":"beige","margin_top":"large","margin_bottom":"large"},{"acf_fc_layout":"section_video_text","select_type":"file_video","link_video":null,"file_video":9415,"picture_loading":10213,"title":"Des possibilit\u00e9s infinies","text":"3 mod\u00e8les. Plus de 20 accessoires. 4 couleurs et \u00e9ditions sp\u00e9ciales.","button_link":"","visibility":true,"background_color":"beige","margin_top":"small","margin_bottom":"small"},{"acf_fc_layout":"section_cards_image_text","items":[{"image":9436,"title":"Banquette pivotante","text":"Une banquette qui s\u2019ouvre comme une porti\u00e8re de voiture pour installer les enfants sans se contorsionner. Verrouillage automatique et s\u00e9curit\u00e9 maximale!"},{"image":9425,"title":"Guidon Up & Down","text":"R\u00e9glez facilement la hauteur du guidon lors du changement de conducteur. Le v\u00e9lo se range et se transporte plus facilement.\r\n"},{"image":9484,"title":"Magic Footbox","text":"Les pieds du premier enfant sont prot\u00e9g\u00e9s sous la selle, \u00e0 l\u2019\u00e9cart des p\u00e9dales. Une astuce qui rend le v\u00e9lo plus compact (-15 cm) et encore plus s\u00fbr.\r\n\r\n"},{"image":9495,"title":"Future-proof","text":"Gr\u00e2ce \u00e0 ses interfaces intelligentes, le v\u00e9lo est compatible avec plusieurs moteurs. Pr\u00eat pour l\u2019avenir et les \u00e9volutions technologiques."}],"visibility":true,"background_color":"beige","margin_top":"small","margin_bottom":"small"},{"acf_fc_layout":"section_video_zoom","select_type":"file_video","link_video":null,"file_video":11301,"picture_loading":11316,"visibility":true,"background_color":"beige","margin_top":"small","margin_bottom":"small"},{"acf_fc_layout":"section_statistics_numbers","title":"","numbers":[{"number":20000000,"unit":"km +","content":"km parcourus"},{"number":2150000,"unit":"+","content":"Kg CO2 \u00e9conomis\u00e9s"}],"visibility":true,"background_color":"beige","margin_top":"large","margin_bottom":"large"},{"acf_fc_layout":"section_image_full","image":11028,"visibility":true},{"acf_fc_layout":"section_left_right","left_right":false,"text_centered":false,"title":"Le mot du fondateur","text":"\u00ab Notre priorit\u00e9 dans la conception du v\u00e9lo a toujours \u00e9t\u00e9 de cr\u00e9er un v\u00e9lo de qualit\u00e9, n\u00e9cessitant peu d\u2019entretien et capable de r\u00e9sister \u00e0 une utilisation tr\u00e8s intensive. Si vous voulez remplacer une voiture, il faut le construire au moins aussi solide. \u00bb\r\n&nbsp;\r\n<strong>Etienne, fondateur de Bike43<\/strong>\r\n\r\n35 000 km+ sur son v\u00e9lo","image":9651,"add_image_comparison":false,"image_right":null,"visibility":true,"background_color":"white","margin_top":"xtra-large","margin_bottom":"small"}]},"yoast_head":"<!-- This site is optimized with the Yoast SEO plugin v25.3.1 - https:\/\/yoast.com\/wordpress\/plugins\/seo\/ -->\n<title>Homepage - Short Mid Long V\u00e9lo Familial Cargo - Bike43 - Family cargo bike - Mid &amp; Long Tail<\/title>\n<meta name=\"robots\" content=\"index, follow, max-snippet:-1, max-image-preview:large, max-video-preview:-1\" \/>\n<link rel=\"canonical\" href=\"https:\/\/bike43.com\/fr\/\" \/>\n<meta property=\"og:locale\" content=\"fr_FR\" \/>\n<meta property=\"og:type\" content=\"article\" \/>\n<meta property=\"og:title\" content=\"Homepage - Short Mid Long V\u00e9lo Familial Cargo - Bike43 - Family cargo bike - Mid &amp; Long Tail\" \/>\n<meta property=\"og:url\" content=\"https:\/\/bike43.com\/fr\/\" \/>\n<meta property=\"og:site_name\" content=\"Bike43 - Family cargo bike - Mid &amp; Long Tail\" \/>\n<meta property=\"article:publisher\" content=\"https:\/\/www.facebook.com\/Bike43\/\" \/>\n<meta property=\"article:modified_time\" content=\"2026-03-05T11:24:53+00:00\" \/>\n<meta property=\"og:image\" content=\"https:\/\/bike43.com\/app\/uploads\/2022\/11\/OG-Bike43.jpg\" \/>\n\t<meta property=\"og:image:width\" content=\"1588\" \/>\n\t<meta property=\"og:image:height\" content=\"888\" \/>\n\t<meta property=\"og:image:type\" content=\"image\/jpeg\" \/>\n<meta name=\"twitter:card\" content=\"summary_large_image\" \/>\n<meta name=\"twitter:site\" content=\"@bike43com\" \/>\n<script type=\"application\/ld+json\" class=\"yoast-schema-graph\">{\"@context\":\"https:\/\/schema.org\",\"@graph\":[{\"@type\":\"WebPage\",\"@id\":\"https:\/\/bike43.com\/fr\/\",\"url\":\"https:\/\/bike43.com\/fr\/\",\"name\":\"Homepage - Short Mid Long V\u00e9lo Familial Cargo - Bike43 - Family cargo bike - Mid &amp; Long Tail\",\"isPartOf\":{\"@id\":\"https:\/\/bike43.com\/fr\/#website\"},\"datePublished\":\"2025-07-15T22:36:21+00:00\",\"dateModified\":\"2026-03-05T11:24:53+00:00\",\"breadcrumb\":{\"@id\":\"https:\/\/bike43.com\/fr\/#breadcrumb\"},\"inLanguage\":\"fr-FR\",\"potentialAction\":[{\"@type\":\"ReadAction\",\"target\":[\"https:\/\/bike43.com\/fr\/\"]}]},{\"@type\":\"BreadcrumbList\",\"@id\":\"https:\/\/bike43.com\/fr\/#breadcrumb\",\"itemListElement\":[{\"@type\":\"ListItem\",\"position\":1,\"name\":\"Home\",\"item\":\"https:\/\/bike43.com\/fr\/\"},{\"@type\":\"ListItem\",\"position\":2,\"name\":\"Homepage &#8211; Short Mid Long V\u00e9lo Familial Cargo\"}]},{\"@type\":\"WebSite\",\"@id\":\"https:\/\/bike43.com\/fr\/#website\",\"url\":\"https:\/\/bike43.com\/fr\/\",\"name\":\"Long tail cargo bike - Bike 43, the family electric bike\",\"description\":\"Bike43 modular long taill bike - Because life is not a straight line\",\"publisher\":{\"@id\":\"https:\/\/bike43.com\/fr\/#organization\"},\"alternateName\":\"Family longtail bike - Bike 43\",\"potentialAction\":[{\"@type\":\"SearchAction\",\"target\":{\"@type\":\"EntryPoint\",\"urlTemplate\":\"https:\/\/bike43.com\/fr\/?s={search_term_string}\"},\"query-input\":{\"@type\":\"PropertyValueSpecification\",\"valueRequired\":true,\"valueName\":\"search_term_string\"}}],\"inLanguage\":\"fr-FR\"},{\"@type\":\"Organization\",\"@id\":\"https:\/\/bike43.com\/fr\/#organization\",\"name\":\"Bike 43\",\"url\":\"https:\/\/bike43.com\/fr\/\",\"logo\":{\"@type\":\"ImageObject\",\"inLanguage\":\"fr-FR\",\"@id\":\"https:\/\/bike43.com\/fr\/#\/schema\/logo\/image\/\",\"url\":\"https:\/\/bike43.com\/app\/uploads\/2022\/11\/logo-1.png\",\"contentUrl\":\"https:\/\/bike43.com\/app\/uploads\/2022\/11\/logo-1.png\",\"width\":416,\"height\":254,\"caption\":\"Bike 43\"},\"image\":{\"@id\":\"https:\/\/bike43.com\/fr\/#\/schema\/logo\/image\/\"},\"sameAs\":[\"https:\/\/www.facebook.com\/Bike43\/\",\"https:\/\/x.com\/bike43com\",\"https:\/\/www.instagram.com\/bike43\/\"]}]}<\/script>\n<!-- \/ Yoast SEO plugin. -->","yoast_head_json":{"title":"Homepage - Short Mid Long V\u00e9lo Familial Cargo - Bike43 - Family cargo bike - Mid &amp; Long Tail","robots":{"index":"index","follow":"follow","max-snippet":"max-snippet:-1","max-image-preview":"max-image-preview:large","max-video-preview":"max-video-preview:-1"},"canonical":"https:\/\/bike43.com\/fr\/","og_locale":"fr_FR","og_type":"article","og_title":"Homepage - Short Mid Long V\u00e9lo Familial Cargo - Bike43 - Family cargo bike - Mid &amp; Long Tail","og_url":"https:\/\/bike43.com\/fr\/","og_site_name":"Bike43 - Family cargo bike - Mid &amp; Long Tail","article_publisher":"https:\/\/www.facebook.com\/Bike43\/","article_modified_time":"2026-03-05T11:24:53+00:00","og_image":[{"width":1588,"height":888,"url":"https:\/\/bike43.com\/app\/uploads\/2022\/11\/OG-Bike43.jpg","type":"image\/jpeg"}],"twitter_card":"summary_large_image","twitter_site":"@bike43com","schema":{"@context":"https:\/\/schema.org","@graph":[{"@type":"WebPage","@id":"https:\/\/bike43.com\/fr\/","url":"https:\/\/bike43.com\/fr\/","name":"Homepage - Short Mid Long V\u00e9lo Familial Cargo - Bike43 - Family cargo bike - Mid &amp; Long Tail","isPartOf":{"@id":"https:\/\/bike43.com\/fr\/#website"},"datePublished":"2025-07-15T22:36:21+00:00","dateModified":"2026-03-05T11:24:53+00:00","breadcrumb":{"@id":"https:\/\/bike43.com\/fr\/#breadcrumb"},"inLanguage":"fr-FR","potentialAction":[{"@type":"ReadAction","target":["https:\/\/bike43.com\/fr\/"]}]},{"@type":"BreadcrumbList","@id":"https:\/\/bike43.com\/fr\/#breadcrumb","itemListElement":[{"@type":"ListItem","position":1,"name":"Home","item":"https:\/\/bike43.com\/fr\/"},{"@type":"ListItem","position":2,"name":"Homepage &#8211; Short Mid Long V\u00e9lo Familial Cargo"}]},{"@type":"WebSite","@id":"https:\/\/bike43.com\/fr\/#website","url":"https:\/\/bike43.com\/fr\/","name":"Long tail cargo bike - Bike 43, the family electric bike","description":"Bike43 modular long taill bike - Because life is not a straight line","publisher":{"@id":"https:\/\/bike43.com\/fr\/#organization"},"alternateName":"Family longtail bike - Bike 43","potentialAction":[{"@type":"SearchAction","target":{"@type":"EntryPoint","urlTemplate":"https:\/\/bike43.com\/fr\/?s={search_term_string}"},"query-input":{"@type":"PropertyValueSpecification","valueRequired":true,"valueName":"search_term_string"}}],"inLanguage":"fr-FR"},{"@type":"Organization","@id":"https:\/\/bike43.com\/fr\/#organization","name":"Bike 43","url":"https:\/\/bike43.com\/fr\/","logo":{"@type":"ImageObject","inLanguage":"fr-FR","@id":"https:\/\/bike43.com\/fr\/#\/schema\/logo\/image\/","url":"https:\/\/bike43.com\/app\/uploads\/2022\/11\/logo-1.png","contentUrl":"https:\/\/bike43.com\/app\/uploads\/2022\/11\/logo-1.png","width":416,"height":254,"caption":"Bike 43"},"image":{"@id":"https:\/\/bike43.com\/fr\/#\/schema\/logo\/image\/"},"sameAs":["https:\/\/www.facebook.com\/Bike43\/","https:\/\/x.com\/bike43com","https:\/\/www.instagram.com\/bike43\/"]}]}},"_links":{"self":[{"href":"https:\/\/bike43.com\/fr\/wp-json\/wp\/v2\/pages\/10210","targetHints":{"allow":["GET"]}}],"collection":[{"href":"https:\/\/bike43.com\/fr\/wp-json\/wp\/v2\/pages"}],"about":[{"href":"https:\/\/bike43.com\/fr\/wp-json\/wp\/v2\/types\/page"}],"author":[{"embeddable":true,"href":"https:\/\/bike43.com\/fr\/wp-json\/wp\/v2\/users\/3"}],"replies":[{"embeddable":true,"href":"https:\/\/bike43.com\/fr\/wp-json\/wp\/v2\/comments?post=10210"}],"version-history":[{"count":21,"href":"https:\/\/bike43.com\/fr\/wp-json\/wp\/v2\/pages\/10210\/revisions"}],"predecessor-version":[{"id":54881,"href":"https:\/\/bike43.com\/fr\/wp-json\/wp\/v2\/pages\/10210\/revisions\/54881"}],"wp:attachment":[{"href":"https:\/\/bike43.com\/fr\/wp-json\/wp\/v2\/media?parent=10210"}],"curies":[{"name":"wp","href":"https:\/\/api.w.org\/{rel}","templated":true}]}}