{"id":10145,"date":"2024-11-25T19:53:45","date_gmt":"2024-11-25T19:53:45","guid":{"rendered":"https:\/\/bike43.com\/pricing-family-cargo-bike\/"},"modified":"2026-01-23T13:12:06","modified_gmt":"2026-01-23T13:12:06","slug":"prix-velo-cargo-familial","status":"publish","type":"page","link":"https:\/\/bike43.com\/fr\/prix-velo-cargo-familial\/","title":{"rendered":"Prix v\u00e9lo cargo familial"},"content":{"rendered":"","protected":false},"excerpt":{"rendered":"","protected":false},"author":3,"featured_media":0,"parent":0,"menu_order":0,"comment_status":"closed","ping_status":"closed","template":"template-page.blade.php","meta":{"_acf_changed":false,"inline_featured_image":false,"footnotes":""},"class_list":["post-10145","page","type-page","status-publish","hentry"],"acf":{"header":{"header_type":"no_header","header_1":{"title":"","select_type":"image","image":null,"image_mobile":null,"link_video":null,"file_video":null,"picture_loading":null},"header_2":{"title":"","content":"","button":"","image":null,"rounded_image":false,"logo_join_the_club":null,"background_color":"white"},"header_swiper":{"items":null},"header_buttons_color":{"title":"","logo":null,"use_images_mobiles":false,"items":null},"header_text_image":{"title":"","content":"","image":null,"background_color":""}},"body":[{"acf_fc_layout":"section_wp_configurator_shortcode","shortcode":"[wpc_config id=\"7888\"]","visibility":true,"background_color":"beige","margin_top":"small","margin_bottom":"small"},{"acf_fc_layout":"section_comparison_table_three_cols","title":"","image_column_1":8794,"image_column_2":8827,"image_column_3":5899,"title_column_1":"Bike43 - Short","title_column_2":"Bike43 - Mid","title_column_3":"Bike43 - Long","price_column_1":"4.990\u20ac","price_column_2":"5.290\u20ac","price_column_3":"5.490\u20ac","informations":[{"title_column_1":"Jusqu\u2019\u00e0 2 enfants \u2013 173 cm","title_column_2":"Jusqu\u2019\u00e0 3 enfants - 186 cm","title_column_3":"Jusqu\u2019\u00e0 4 enfants - 200 cm","content_column_1":"1 enfant \u00e0 l\u2019arri\u00e8re (si\u00e8ge ou kit banquette) + 1 \u00e0 l\u2019avant (si\u00e8ge cadre)\r\n2 enfants \u00e0 l\u2019arri\u00e8re (si\u00e8ge ou kit banquette)","content_column_2":"2 enfants \u00e0 l\u2019arri\u00e8re (si\u00e8ge ou kit banquette) + 1 \u00e0 l\u2019avant (si\u00e8ge cadre)\r\n3 enfants \u00e0 l\u2019arri\u00e8re (si\u00e8ge ou kit banquette)","content_column_3":"3 enfants \u00e0 l\u2019arri\u00e8re (si\u00e8ge ou kit banquette) + 1 \u00e0 l\u2019avant (si\u00e8ge cadre)\r\n4 enfants \u00e0 l\u2019arri\u00e8re (si\u00e8ge ou kit banquette)","add_logo_column_1":false,"logo_column_1":null,"add_logo_column_2":false,"logo_column_2":null,"add_logo_column_3":false,"logo_column_3":null},{"title_column_1":"Charge maximale 170kg","title_column_2":"Charge maximale 200kg","title_column_3":"Charge maximale 200kg","content_column_1":"Charge maximale arri\u00e8re 70kg \/ avant 20kg","content_column_2":"Charge maximale arri\u00e8re 100kg \/ avant 20kg","content_column_3":"Charge maximale arri\u00e8re 100kg \/ avant 20kg","add_logo_column_1":false,"logo_column_1":null,"add_logo_column_2":false,"logo_column_2":null,"add_logo_column_3":false,"logo_column_3":null},{"title_column_1":"Moteur","title_column_2":"Moteur","title_column_3":"Moteur","content_column_1":"Bosch Performance Line (75Nm, 600W)","content_column_2":"Bosch Performance Line (75Nm, 600W) ou Bosch PX (90Nm, 700W)","content_column_3":"Shimano EP6 (85Nm, 500W) ou Bosch Performance Line PX (90Nm, 700W)\r\n\r\n","add_logo_column_1":false,"logo_column_1":null,"add_logo_column_2":false,"logo_column_2":null,"add_logo_column_3":false,"logo_column_3":null},{"title_column_1":"Batterie","title_column_2":"Batterie","title_column_3":"Batterie","content_column_1":"540Wh pour Bosch PL, <a href=\"https:\/\/www.bosch-ebike.com\/fr\/service\/assistant-dautonomie\">autonomie de 30 \u00e0 60km (<strong>estimateur<\/strong>)<\/a>","content_column_2":"540Wh pour Bosch PL et 800Wh pour Bosch PX, <a href=\"https:\/\/www.bosch-ebike.com\/fr\/service\/assistant-dautonomie\">autonomie de 30 \u00e0 100km (<strong>estimateur<\/strong>)<\/a>","content_column_3":"630Wh pour Shimano EP6 et 800Wh pour Bosch Performance Line PX, <a href=\"https:\/\/www.bosch-ebike.com\/fr\/service\/assistant-dautonomie\">autonomie de 40 \u00e0 100km (<strong>estimateur<\/strong>)<\/a>\r\n","add_logo_column_1":false,"logo_column_1":null,"add_logo_column_2":false,"logo_column_2":null,"add_logo_column_3":false,"logo_column_3":null},{"title_column_1":"Equip\u00e9 pour les courses\t","title_column_2":"Equip\u00e9 pour famille\t","title_column_3":"Equip\u00e9 pour famille\tnombreuse","content_column_1":"En option pour les familles: prot\u00e8ge-rayons + porte-bagages arri\u00e8re + footbox + repose-pieds\t","content_column_2":"Inclus : prot\u00e8ge-rayons + porte-bagages arri\u00e8re + footbox + marche-pied\t","content_column_3":"Inclus : prot\u00e8ge-rayons + porte-bagages arri\u00e8re + footbox + marche-pied\t","add_logo_column_1":false,"logo_column_1":null,"add_logo_column_2":false,"logo_column_2":null,"add_logo_column_3":false,"logo_column_3":null}],"visibility":true,"background_color":"beige","margin_top":"small","margin_bottom":"small"}]},"yoast_head":"<!-- This site is optimized with the Yoast SEO plugin v25.3.1 - https:\/\/yoast.com\/wordpress\/plugins\/seo\/ -->\n<title>Prix v\u00e9lo cargo familial - Bike43 - Family cargo bike - Mid &amp; Long Tail<\/title>\n<meta name=\"robots\" content=\"index, follow, max-snippet:-1, max-image-preview:large, max-video-preview:-1\" \/>\n<link rel=\"canonical\" href=\"https:\/\/bike43.com\/fr\/prix-velo-cargo-familial\/\" \/>\n<meta property=\"og:locale\" content=\"fr_FR\" \/>\n<meta property=\"og:type\" content=\"article\" \/>\n<meta property=\"og:title\" content=\"Prix v\u00e9lo cargo familial - Bike43 - Family cargo bike - Mid &amp; Long Tail\" \/>\n<meta property=\"og:url\" content=\"https:\/\/bike43.com\/fr\/prix-velo-cargo-familial\/\" \/>\n<meta property=\"og:site_name\" content=\"Bike43 - Family cargo bike - Mid &amp; Long Tail\" \/>\n<meta property=\"article:publisher\" content=\"https:\/\/www.facebook.com\/Bike43\/\" \/>\n<meta property=\"article:modified_time\" content=\"2026-01-23T13:12:06+00:00\" \/>\n<meta property=\"og:image\" content=\"https:\/\/bike43.com\/app\/uploads\/2022\/11\/OG-Bike43.jpg\" \/>\n\t<meta property=\"og:image:width\" content=\"1588\" \/>\n\t<meta property=\"og:image:height\" content=\"888\" \/>\n\t<meta property=\"og:image:type\" content=\"image\/jpeg\" \/>\n<meta name=\"twitter:card\" content=\"summary_large_image\" \/>\n<meta name=\"twitter:site\" content=\"@bike43com\" \/>\n<script type=\"application\/ld+json\" class=\"yoast-schema-graph\">{\"@context\":\"https:\/\/schema.org\",\"@graph\":[{\"@type\":\"WebPage\",\"@id\":\"https:\/\/bike43.com\/fr\/prix-velo-cargo-familial\/\",\"url\":\"https:\/\/bike43.com\/fr\/prix-velo-cargo-familial\/\",\"name\":\"Prix v\u00e9lo cargo familial - Bike43 - Family cargo bike - Mid &amp; Long Tail\",\"isPartOf\":{\"@id\":\"https:\/\/bike43.com\/fr\/#website\"},\"datePublished\":\"2024-11-25T19:53:45+00:00\",\"dateModified\":\"2026-01-23T13:12:06+00:00\",\"breadcrumb\":{\"@id\":\"https:\/\/bike43.com\/fr\/prix-velo-cargo-familial\/#breadcrumb\"},\"inLanguage\":\"fr-FR\",\"potentialAction\":[{\"@type\":\"ReadAction\",\"target\":[\"https:\/\/bike43.com\/fr\/prix-velo-cargo-familial\/\"]}]},{\"@type\":\"BreadcrumbList\",\"@id\":\"https:\/\/bike43.com\/fr\/prix-velo-cargo-familial\/#breadcrumb\",\"itemListElement\":[{\"@type\":\"ListItem\",\"position\":1,\"name\":\"Home\",\"item\":\"https:\/\/bike43.com\/fr\/\"},{\"@type\":\"ListItem\",\"position\":2,\"name\":\"Prix v\u00e9lo cargo familial\"}]},{\"@type\":\"WebSite\",\"@id\":\"https:\/\/bike43.com\/fr\/#website\",\"url\":\"https:\/\/bike43.com\/fr\/\",\"name\":\"Long tail cargo bike - Bike 43, the family electric bike\",\"description\":\"Bike43 modular long taill bike - Because life is not a straight line\",\"publisher\":{\"@id\":\"https:\/\/bike43.com\/fr\/#organization\"},\"alternateName\":\"Family longtail bike - Bike 43\",\"potentialAction\":[{\"@type\":\"SearchAction\",\"target\":{\"@type\":\"EntryPoint\",\"urlTemplate\":\"https:\/\/bike43.com\/fr\/?s={search_term_string}\"},\"query-input\":{\"@type\":\"PropertyValueSpecification\",\"valueRequired\":true,\"valueName\":\"search_term_string\"}}],\"inLanguage\":\"fr-FR\"},{\"@type\":\"Organization\",\"@id\":\"https:\/\/bike43.com\/fr\/#organization\",\"name\":\"Bike 43\",\"url\":\"https:\/\/bike43.com\/fr\/\",\"logo\":{\"@type\":\"ImageObject\",\"inLanguage\":\"fr-FR\",\"@id\":\"https:\/\/bike43.com\/fr\/#\/schema\/logo\/image\/\",\"url\":\"https:\/\/bike43.com\/app\/uploads\/2022\/11\/logo-1.png\",\"contentUrl\":\"https:\/\/bike43.com\/app\/uploads\/2022\/11\/logo-1.png\",\"width\":416,\"height\":254,\"caption\":\"Bike 43\"},\"image\":{\"@id\":\"https:\/\/bike43.com\/fr\/#\/schema\/logo\/image\/\"},\"sameAs\":[\"https:\/\/www.facebook.com\/Bike43\/\",\"https:\/\/x.com\/bike43com\",\"https:\/\/www.instagram.com\/bike43\/\"]}]}<\/script>\n<!-- \/ Yoast SEO plugin. -->","yoast_head_json":{"title":"Prix v\u00e9lo cargo familial - Bike43 - Family cargo bike - Mid &amp; Long Tail","robots":{"index":"index","follow":"follow","max-snippet":"max-snippet:-1","max-image-preview":"max-image-preview:large","max-video-preview":"max-video-preview:-1"},"canonical":"https:\/\/bike43.com\/fr\/prix-velo-cargo-familial\/","og_locale":"fr_FR","og_type":"article","og_title":"Prix v\u00e9lo cargo familial - Bike43 - Family cargo bike - Mid &amp; Long Tail","og_url":"https:\/\/bike43.com\/fr\/prix-velo-cargo-familial\/","og_site_name":"Bike43 - Family cargo bike - Mid &amp; Long Tail","article_publisher":"https:\/\/www.facebook.com\/Bike43\/","article_modified_time":"2026-01-23T13:12:06+00:00","og_image":[{"width":1588,"height":888,"url":"https:\/\/bike43.com\/app\/uploads\/2022\/11\/OG-Bike43.jpg","type":"image\/jpeg"}],"twitter_card":"summary_large_image","twitter_site":"@bike43com","schema":{"@context":"https:\/\/schema.org","@graph":[{"@type":"WebPage","@id":"https:\/\/bike43.com\/fr\/prix-velo-cargo-familial\/","url":"https:\/\/bike43.com\/fr\/prix-velo-cargo-familial\/","name":"Prix v\u00e9lo cargo familial - Bike43 - Family cargo bike - Mid &amp; Long Tail","isPartOf":{"@id":"https:\/\/bike43.com\/fr\/#website"},"datePublished":"2024-11-25T19:53:45+00:00","dateModified":"2026-01-23T13:12:06+00:00","breadcrumb":{"@id":"https:\/\/bike43.com\/fr\/prix-velo-cargo-familial\/#breadcrumb"},"inLanguage":"fr-FR","potentialAction":[{"@type":"ReadAction","target":["https:\/\/bike43.com\/fr\/prix-velo-cargo-familial\/"]}]},{"@type":"BreadcrumbList","@id":"https:\/\/bike43.com\/fr\/prix-velo-cargo-familial\/#breadcrumb","itemListElement":[{"@type":"ListItem","position":1,"name":"Home","item":"https:\/\/bike43.com\/fr\/"},{"@type":"ListItem","position":2,"name":"Prix v\u00e9lo cargo familial"}]},{"@type":"WebSite","@id":"https:\/\/bike43.com\/fr\/#website","url":"https:\/\/bike43.com\/fr\/","name":"Long tail cargo bike - Bike 43, the family electric bike","description":"Bike43 modular long taill bike - Because life is not a straight line","publisher":{"@id":"https:\/\/bike43.com\/fr\/#organization"},"alternateName":"Family longtail bike - Bike 43","potentialAction":[{"@type":"SearchAction","target":{"@type":"EntryPoint","urlTemplate":"https:\/\/bike43.com\/fr\/?s={search_term_string}"},"query-input":{"@type":"PropertyValueSpecification","valueRequired":true,"valueName":"search_term_string"}}],"inLanguage":"fr-FR"},{"@type":"Organization","@id":"https:\/\/bike43.com\/fr\/#organization","name":"Bike 43","url":"https:\/\/bike43.com\/fr\/","logo":{"@type":"ImageObject","inLanguage":"fr-FR","@id":"https:\/\/bike43.com\/fr\/#\/schema\/logo\/image\/","url":"https:\/\/bike43.com\/app\/uploads\/2022\/11\/logo-1.png","contentUrl":"https:\/\/bike43.com\/app\/uploads\/2022\/11\/logo-1.png","width":416,"height":254,"caption":"Bike 43"},"image":{"@id":"https:\/\/bike43.com\/fr\/#\/schema\/logo\/image\/"},"sameAs":["https:\/\/www.facebook.com\/Bike43\/","https:\/\/x.com\/bike43com","https:\/\/www.instagram.com\/bike43\/"]}]}},"_links":{"self":[{"href":"https:\/\/bike43.com\/fr\/wp-json\/wp\/v2\/pages\/10145","targetHints":{"allow":["GET"]}}],"collection":[{"href":"https:\/\/bike43.com\/fr\/wp-json\/wp\/v2\/pages"}],"about":[{"href":"https:\/\/bike43.com\/fr\/wp-json\/wp\/v2\/types\/page"}],"author":[{"embeddable":true,"href":"https:\/\/bike43.com\/fr\/wp-json\/wp\/v2\/users\/3"}],"replies":[{"embeddable":true,"href":"https:\/\/bike43.com\/fr\/wp-json\/wp\/v2\/comments?post=10145"}],"version-history":[{"count":11,"href":"https:\/\/bike43.com\/fr\/wp-json\/wp\/v2\/pages\/10145\/revisions"}],"predecessor-version":[{"id":11725,"href":"https:\/\/bike43.com\/fr\/wp-json\/wp\/v2\/pages\/10145\/revisions\/11725"}],"wp:attachment":[{"href":"https:\/\/bike43.com\/fr\/wp-json\/wp\/v2\/media?parent=10145"}],"curies":[{"name":"wp","href":"https:\/\/api.w.org\/{rel}","templated":true}]}}