{"id":10032,"date":"2025-07-15T20:18:45","date_gmt":"2025-07-15T20:18:45","guid":{"rendered":"https:\/\/bike43.com\/?page_id=10032"},"modified":"2026-04-03T17:02:04","modified_gmt":"2026-04-03T17:02:04","slug":"velo-cargo-familial-short-tail","status":"publish","type":"page","link":"https:\/\/bike43.com\/fr\/velo-cargo-familial-short-tail\/","title":{"rendered":"Short &#8211; V\u00e9lo cargo familial"},"content":{"rendered":"","protected":false},"excerpt":{"rendered":"","protected":false},"author":1,"featured_media":0,"parent":0,"menu_order":0,"comment_status":"closed","ping_status":"closed","template":"template-page.blade.php","meta":{"_acf_changed":false,"inline_featured_image":false,"footnotes":""},"class_list":["post-10032","page","type-page","status-publish","hentry"],"acf":{"header":{"header_type":"header_buttons_color","header_1":{"title":"","select_type":"image","image":null,"image_mobile":null,"link_video":null,"file_video":null,"picture_loading":null},"header_2":{"title":"","content":"","button":null,"image":null,"rounded_image":false,"logo_join_the_club":null,"background_color":""},"header_swiper":{"items":null},"header_buttons_color":{"title":"V\u00e9lo familial","logo":9383,"use_images_mobiles":true,"items":[{"background_color":"#e2ab1f","text_color":"white","video":55120,"image_mobile":55174,"infos":[{"title":"Evolutif ","text":"Convertible en mod\u00e8le MID"},{"title":"Personnalisable ","text":"Plus de 20 accessoires"}],"color_title":"Couleur - Jaune citron","button":{"title":"Configurez votre v\u00e9lo","url":"https:\/\/bike43.com\/fr\/prix-velo-cargo-familial\/","target":""}},{"background_color":"#bcd0b3","text_color":"white","video":55115,"image_mobile":55184,"infos":[{"title":"Evolutif ","text":"Convertible en mod\u00e8le MID"},{"title":"Personnalisable ","text":"Plus de 20 accessoires"}],"color_title":"Couleur - Sauge","button":{"title":"Configurez votre v\u00e9lo","url":"https:\/\/bike43.com\/fr\/prix-velo-cargo-familial\/","target":""}},{"background_color":"#cf6955","text_color":"white","video":55110,"image_mobile":55231,"infos":[{"title":"Evolutif ","text":"Convertible en mod\u00e8le MID"},{"title":"Personnalisable ","text":"Plus de 20 accessoires"}],"color_title":"Couleur - Terracota","button":{"title":"Configurez votre v\u00e9lo","url":"https:\/\/bike43.com\/fr\/prix-velo-cargo-familial\/","target":""}},{"background_color":"#3e5f83","text_color":"white","video":55125,"image_mobile":55189,"infos":[{"title":"Evolutif ","text":"Convertible en mod\u00e8le MID"},{"title":"Personnalisable ","text":"Plus de 20 accessoires"}],"color_title":"Couleur - Bleu fonc\u00e9","button":{"title":"Configurez votre v\u00e9lo","url":"https:\/\/bike43.com\/fr\/prix-velo-cargo-familial\/","target":""}}]},"header_text_image":{"title":"","content":"","image":null,"background_color":""}},"body":[{"acf_fc_layout":"section_text_cta_cards","title":"Votre v\u00e9lo 43 evolue avec votre famille.","description":"Des courses aux enfants en quelques secondes.","button":{"title":"Comparez les mod\u00e8les","url":"https:\/\/bike43.com\/fr\/prix-velo-cargo-familial\/","target":""},"items":[{"tag":9388,"tag_color":"#d9a438","image":9512,"infos":{"number_persons":"x0","dimensions":"173cm","weight":"170kg"},"description":"Convertible en mod\u00e8le <strong>MID<\/strong>"},{"tag":9383,"tag_color":"#d9a438","image":9517,"infos":{"number_persons":"x1","dimensions":"173cm","weight":"170kg"},"description":"Convertible en mod\u00e8le <strong>MID<\/strong>"},{"tag":9383,"tag_color":"#d9a438","image":9522,"infos":{"number_persons":"x2","dimensions":"173cm","weight":"170kg"},"description":"Convertible en mod\u00e8le <strong>MID<\/strong>"}],"visibility":true,"background_color":"white","margin_top":"large","margin_bottom":"large"},{"acf_fc_layout":"section_vertical_scroll","title":"Des super-pouvoirs","items":[{"text":"<h3>Banquette pivotante<\/h3>\r\n&nbsp;\r\n\r\nUne banquette qui s\u2019ouvre comme une porti\u00e8re de voiture pour installer les enfants sans se contorsionner. Verrouillage automatique et s\u00e9curit\u00e9 maximale pour les enfants !\r\n\r\n","is_video":true,"image":9436,"video":9774},{"text":"<h3>Guidon Up & Down<\/h3>\r\n&nbsp;\r\n\r\nR\u00e9glez facilement la hauteur du guidon lors du changement de conducteur. Le v\u00e9lo se range et se transporte plus facilement.\r\n\r\n","is_video":true,"image":9425,"video":9781},{"text":"<h3>Magic Footbox<\/h3>\r\n&nbsp;\r\n\r\nLes pieds du premier enfant sont prot\u00e9g\u00e9s sous la selle, \u00e0 l\u2019\u00e9cart des p\u00e9dales. Une astuce qui rend le v\u00e9lo plus compact (-15 cm) et encore plus s\u00fbr.\r\n\r\n","is_video":true,"image":9484,"video":10068},{"text":"<h3>Future-Proof<\/h3>\r\n&nbsp;\r\n\r\nGr\u00e2ce \u00e0 ses interfaces intelligentes, le v\u00e9lo est compatible avec plusieurs moteurs. Pr\u00eat pour l\u2019avenir et les \u00e9volutions technologiques.\r\n\r\n","is_video":true,"image":9441,"video":9797}],"visibility":true,"background_color":"beige","margin_top":"small","margin_bottom":"small"},{"acf_fc_layout":"section_horizontal_scroll","items":[{"image":9606,"title":"Quel v\u00e9lo est fait pour votre famille ?","text":"Choisir le bon v\u00e9lo n\u2019est pas toujours \u00e9vident !\r\n\r\nR\u00e9pondez \u00e0 quelques questions simples et d\u00e9couvrez le mod\u00e8le parfait pour vous et vos proches.\r\n\r\n"},{"image":9593,"title":"Quel v\u00e9lo est fait pour votre famille ?","text":"Choisir le bon v\u00e9lo n\u2019est pas toujours \u00e9vident !\r\n\r\nR\u00e9pondez \u00e0 quelques questions simples et d\u00e9couvrez le mod\u00e8le parfait pour vous et vos proches.\r\n\r\n"}],"modal_button":true,"button":"Faites le quizz","modal":"<div data-tf-live=\"01JX9SV0N3PNB39BSSEGC7MRQH\"><\/div><script src=\"\/\/embed.typeform.com\/next\/embed.js\"><\/script>","visibility":true,"background_color":"white","margin_top":"large","margin_bottom":"large"},{"acf_fc_layout":"section_video_text","select_type":"file_video","link_video":null,"file_video":9415,"picture_loading":null,"title":"Des possibilit\u00e9s infinies","text":"3 mod\u00e8les. Plus de 20 accessoires. 4 couleurs et \u00e9ditions sp\u00e9ciales. ","button_link":"","visibility":true,"background_color":"beige","margin_top":"small","margin_bottom":"small"},{"acf_fc_layout":"section_title_image","title":"Une seule taille pour tous, et toutes les options sur un seul v\u00e9lo !","image":10056,"visibility":true,"background_color":"white","margin_top":"large","margin_bottom":"large"},{"acf_fc_layout":"section_video_text","select_type":"file_video","link_video":null,"file_video":9555,"picture_loading":9581,"title":"Un v\u00e9lo ultra-modulable","text":"Short vers Mid, Mid vers Short. <strong>15 cm de diff\u00e9rence.<\/strong>\r\n\r\n","button_link":"","visibility":true,"background_color":"beige","margin_top":"small","margin_bottom":"small"},{"acf_fc_layout":"section_three_cards","title":"Plus de 20 accessories","button":"","accessories":[833,1582,1661],"visibility":true,"background_color":"white","margin_top":"small","margin_bottom":"small"},{"acf_fc_layout":"section_left_right","left_right":false,"text_centered":false,"title":"Fonctions anti-vol - Bosch Smart System","text":"<p data-start=\"28\" data-end=\"124\">\r\n  <strong data-start=\"28\" data-end=\"37\">eLock<\/strong>\r\n  D\u00e9verrouillage automatique via l'application Bosch eBike Flow lorsque votre t\u00e9l\u00e9phone est \u00e0 proximit\u00e9.\r\n<\/p>\r\n&nbsp;\r\n\r\n<p data-start=\"127\" data-end=\"214\">\r\n  <strong data-start=\"127\" data-end=\"143\">Verrouillage de la batterie<\/strong>\r\n  Votre batterie ne fonctionne qu\u2019avec votre v\u00e9lo (option disponible avec Bosch Flow+).\r\n<\/p>\r\n&nbsp;\r\n\r\n<p data-start=\"217\" data-end=\"313\" data-is-last-node=\"\">\r\n  <strong data-start=\"217\" data-end=\"226\">Alarme<\/strong>\r\n  Alerte sonore puissante si le v\u00e9lo est d\u00e9plac\u00e9. Recevez des notifications en temps r\u00e9el et suivez sa position.\r\n<\/p>\r\n<br>\r\n<a href=\"https:\/\/www.bosch-ebike.com\/be-fr\/produits\/lock\" target=\"_blank\" rel=\"noopener\">En savoir plus<\/a>\r\n&nbsp;\r\n","image":10333,"add_image_comparison":false,"image_right":null,"visibility":true,"background_color":"beige","margin_top":"large","margin_bottom":"large"},{"acf_fc_layout":"section_technical_specifications","title":"<h2>Sp\u00e9cifications Techniques<\/h2>\r\n&nbsp;","content":"<strong>Moteur<\/strong>\r\n<span style=\"font-weight: 400;\">Bosch Smart System Gen5 Performance Line 75Nm 600W<\/span>\r\n\r\n<strong>Batterie<\/strong>\r\n<span style=\"font-weight: 400;\">Bosch Powertube 540Wh<\/span>\r\n\r\n<strong>Interface moteur<\/strong>\r\n<span style=\"font-weight: 400;\">Bosch Purion 200 (excellente exp\u00e9rience utilisateur et sans risque de vol)<\/span>\r\n\r\n<strong>Freins<\/strong>\r\n<span style=\"font-weight: 400;\">\u00c9triers Shimano BR-MT200 \u00e0 2 pistons avec disques 180 mm \u00e0 l\u2019avant et \u00e0 l\u2019arri\u00e8re<\/span>\r\n\r\n<span style=\"font-weight: 400;\"><strong>Footbox<\/strong>\r\nSyst\u00e8me brevet\u00e9 Bike43 (invention maison pour transporter un enfant suppl\u00e9mentaire)<\/span>\r\n\r\n<span style=\"font-weight: 400;\"><strong>Fourche<\/strong>\r\nSR Suntour SF22 Mobie 34 CGO 80mm (Confort et robustesse)<\/span>\r\n\r\n<span style=\"font-weight: 400;\"><strong>B\u00e9quille<\/strong>\r\nB\u00e9quille Bike43 stable et ultra robuste<\/span>\r\n\r\n<span style=\"font-weight: 400;\"><strong>Potence<\/strong><\/span>\r\n<span style=\"font-weight: 400;\">Potence Bike43 Up and Down \u00e0 hauteur r\u00e9glable<\/span>\r\n\r\n<span style=\"font-weight: 400;\"><strong>Guidon<\/strong><\/span>\r\n<span style=\"font-weight: 400;\">Droit 620 mm (Parfaitement adapt\u00e9 \u00e0 la potence Up and Down)<\/span>\r\n\r\n<span style=\"font-weight: 400;\"><strong>Selle<\/strong>\r\nSelle ergonomique Bike43 \u00e0 haute r\u00e9sistance<\/span>\r\n\r\n<span style=\"font-weight: 400;\"><strong>Tige de selle<\/strong>\r\nTige de selle r\u00e9glable Satori Sorata 31.6 mm (Un choix optimal pour les utilisateurs multiples)<\/span>\r\n\r\n&nbsp;\r\n","card_or_content":false,"card":{"title":"","content":"","download_file":null,"button_download":""},"content_right":"<strong>Pneus<\/strong>\r\nCST Brooklyn Pro 20x2.44\u201d (r\u00e9f\u00e9rence du march\u00e9 en robustesse et protection anti-crevaison)\r\n\r\n<strong>Jantes<\/strong>\r\n<span style=\"font-weight: 400;\">Mach1 Trucky 30 (jantes v\u00e9lo double paroi ultra r\u00e9sistantes)<\/span>\r\n\r\n<strong>Rayons<\/strong>\r\n<span style=\"font-weight: 400;\">Rayons Mach1 diam\u00e8tre 2,3 mm (renforc\u00e9s)<\/span>\r\n\r\n<span style=\"font-weight: 400;\"><strong>Moyeu avant<\/strong>\r\nMoyeu avant Bike43, 36 trous, 110x15 mm Boost (dernier standard pour plus de confort et de fiabilit\u00e9)<\/span>\r\n\r\n<strong>Moyeu arri\u00e8re<\/strong>\r\nShimano Nexus Inter-5E (<span style=\"font-weight: 400;\">couple \u00e9lev\u00e9, sans entretien, sans d\u00e9raillement)<\/span>\r\n\r\n<span style=\"font-weight: 400;\"><strong>\u00c9clairage avant<\/strong>\r\nLitemove SE-90D (puissant et au design soign\u00e9)<\/span>\r\n\r\n<span style=\"font-weight: 400;\"><strong>\u00c9clairage arri\u00e8re<\/strong>\r\nSpanninga Pimento Guard Xer avec feu stop int\u00e9gr\u00e9<\/span>\r\n\r\n<span style=\"font-weight: 400;\"><strong>Garde-boue<\/strong>\r\nGarde-boue Bike43 avec passage de c\u00e2bles int\u00e9gr\u00e9<\/span>\r\n\r\n<span style=\"font-weight: 400;\"><strong>Prot\u00e8ge-cha\u00eene<\/strong>\r\nProt\u00e8ge-cha\u00eene Bike43 avec protection 360\u00b0<\/span>\r\n\r\n<span style=\"font-weight: 400;\"><strong>Cha\u00eene<\/strong>\r\nKMC e1-EPT anti-rouille (l\u2019une des cha\u00eenes les plus solides du march\u00e9)<\/span>\r\n","visibility":true,"background_color":"white","margin_top":"large","margin_bottom":"large"}]},"yoast_head":"<!-- This site is optimized with the Yoast SEO plugin v25.3.1 - https:\/\/yoast.com\/wordpress\/plugins\/seo\/ -->\n<title>Short - V\u00e9lo cargo familial - Bike43 - Family cargo bike - Mid &amp; Long Tail<\/title>\n<meta name=\"robots\" content=\"index, follow, max-snippet:-1, max-image-preview:large, max-video-preview:-1\" \/>\n<link rel=\"canonical\" href=\"https:\/\/bike43.com\/fr\/velo-cargo-familial-short-tail\/\" \/>\n<meta property=\"og:locale\" content=\"fr_FR\" \/>\n<meta property=\"og:type\" content=\"article\" \/>\n<meta property=\"og:title\" content=\"Short - V\u00e9lo cargo familial - Bike43 - Family cargo bike - Mid &amp; Long Tail\" \/>\n<meta property=\"og:url\" content=\"https:\/\/bike43.com\/fr\/velo-cargo-familial-short-tail\/\" \/>\n<meta property=\"og:site_name\" content=\"Bike43 - Family cargo bike - Mid &amp; Long Tail\" \/>\n<meta property=\"article:publisher\" content=\"https:\/\/www.facebook.com\/Bike43\/\" \/>\n<meta property=\"article:modified_time\" content=\"2026-04-03T17:02:04+00:00\" \/>\n<meta property=\"og:image\" content=\"https:\/\/bike43.com\/app\/uploads\/2022\/11\/OG-Bike43.jpg\" \/>\n\t<meta property=\"og:image:width\" content=\"1588\" \/>\n\t<meta property=\"og:image:height\" content=\"888\" \/>\n\t<meta property=\"og:image:type\" content=\"image\/jpeg\" \/>\n<meta name=\"twitter:card\" content=\"summary_large_image\" \/>\n<meta name=\"twitter:site\" content=\"@bike43com\" \/>\n<script type=\"application\/ld+json\" class=\"yoast-schema-graph\">{\"@context\":\"https:\/\/schema.org\",\"@graph\":[{\"@type\":\"WebPage\",\"@id\":\"https:\/\/bike43.com\/fr\/velo-cargo-familial-short-tail\/\",\"url\":\"https:\/\/bike43.com\/fr\/velo-cargo-familial-short-tail\/\",\"name\":\"Short - V\u00e9lo cargo familial - Bike43 - Family cargo bike - Mid &amp; Long Tail\",\"isPartOf\":{\"@id\":\"https:\/\/bike43.com\/fr\/#website\"},\"datePublished\":\"2025-07-15T20:18:45+00:00\",\"dateModified\":\"2026-04-03T17:02:04+00:00\",\"breadcrumb\":{\"@id\":\"https:\/\/bike43.com\/fr\/velo-cargo-familial-short-tail\/#breadcrumb\"},\"inLanguage\":\"fr-FR\",\"potentialAction\":[{\"@type\":\"ReadAction\",\"target\":[\"https:\/\/bike43.com\/fr\/velo-cargo-familial-short-tail\/\"]}]},{\"@type\":\"BreadcrumbList\",\"@id\":\"https:\/\/bike43.com\/fr\/velo-cargo-familial-short-tail\/#breadcrumb\",\"itemListElement\":[{\"@type\":\"ListItem\",\"position\":1,\"name\":\"Home\",\"item\":\"https:\/\/bike43.com\/fr\/\"},{\"@type\":\"ListItem\",\"position\":2,\"name\":\"Short &#8211; V\u00e9lo cargo familial\"}]},{\"@type\":\"WebSite\",\"@id\":\"https:\/\/bike43.com\/fr\/#website\",\"url\":\"https:\/\/bike43.com\/fr\/\",\"name\":\"Long tail cargo bike - Bike 43, the family electric bike\",\"description\":\"Bike43 modular long taill bike - Because life is not a straight line\",\"publisher\":{\"@id\":\"https:\/\/bike43.com\/fr\/#organization\"},\"alternateName\":\"Family longtail bike - Bike 43\",\"potentialAction\":[{\"@type\":\"SearchAction\",\"target\":{\"@type\":\"EntryPoint\",\"urlTemplate\":\"https:\/\/bike43.com\/fr\/?s={search_term_string}\"},\"query-input\":{\"@type\":\"PropertyValueSpecification\",\"valueRequired\":true,\"valueName\":\"search_term_string\"}}],\"inLanguage\":\"fr-FR\"},{\"@type\":\"Organization\",\"@id\":\"https:\/\/bike43.com\/fr\/#organization\",\"name\":\"Bike 43\",\"url\":\"https:\/\/bike43.com\/fr\/\",\"logo\":{\"@type\":\"ImageObject\",\"inLanguage\":\"fr-FR\",\"@id\":\"https:\/\/bike43.com\/fr\/#\/schema\/logo\/image\/\",\"url\":\"https:\/\/bike43.com\/app\/uploads\/2022\/11\/logo-1.png\",\"contentUrl\":\"https:\/\/bike43.com\/app\/uploads\/2022\/11\/logo-1.png\",\"width\":416,\"height\":254,\"caption\":\"Bike 43\"},\"image\":{\"@id\":\"https:\/\/bike43.com\/fr\/#\/schema\/logo\/image\/\"},\"sameAs\":[\"https:\/\/www.facebook.com\/Bike43\/\",\"https:\/\/x.com\/bike43com\",\"https:\/\/www.instagram.com\/bike43\/\"]}]}<\/script>\n<!-- \/ Yoast SEO plugin. -->","yoast_head_json":{"title":"Short - V\u00e9lo cargo familial - Bike43 - Family cargo bike - Mid &amp; Long Tail","robots":{"index":"index","follow":"follow","max-snippet":"max-snippet:-1","max-image-preview":"max-image-preview:large","max-video-preview":"max-video-preview:-1"},"canonical":"https:\/\/bike43.com\/fr\/velo-cargo-familial-short-tail\/","og_locale":"fr_FR","og_type":"article","og_title":"Short - V\u00e9lo cargo familial - Bike43 - Family cargo bike - Mid &amp; Long Tail","og_url":"https:\/\/bike43.com\/fr\/velo-cargo-familial-short-tail\/","og_site_name":"Bike43 - Family cargo bike - Mid &amp; Long Tail","article_publisher":"https:\/\/www.facebook.com\/Bike43\/","article_modified_time":"2026-04-03T17:02:04+00:00","og_image":[{"width":1588,"height":888,"url":"https:\/\/bike43.com\/app\/uploads\/2022\/11\/OG-Bike43.jpg","type":"image\/jpeg"}],"twitter_card":"summary_large_image","twitter_site":"@bike43com","schema":{"@context":"https:\/\/schema.org","@graph":[{"@type":"WebPage","@id":"https:\/\/bike43.com\/fr\/velo-cargo-familial-short-tail\/","url":"https:\/\/bike43.com\/fr\/velo-cargo-familial-short-tail\/","name":"Short - V\u00e9lo cargo familial - Bike43 - Family cargo bike - Mid &amp; Long Tail","isPartOf":{"@id":"https:\/\/bike43.com\/fr\/#website"},"datePublished":"2025-07-15T20:18:45+00:00","dateModified":"2026-04-03T17:02:04+00:00","breadcrumb":{"@id":"https:\/\/bike43.com\/fr\/velo-cargo-familial-short-tail\/#breadcrumb"},"inLanguage":"fr-FR","potentialAction":[{"@type":"ReadAction","target":["https:\/\/bike43.com\/fr\/velo-cargo-familial-short-tail\/"]}]},{"@type":"BreadcrumbList","@id":"https:\/\/bike43.com\/fr\/velo-cargo-familial-short-tail\/#breadcrumb","itemListElement":[{"@type":"ListItem","position":1,"name":"Home","item":"https:\/\/bike43.com\/fr\/"},{"@type":"ListItem","position":2,"name":"Short &#8211; V\u00e9lo cargo familial"}]},{"@type":"WebSite","@id":"https:\/\/bike43.com\/fr\/#website","url":"https:\/\/bike43.com\/fr\/","name":"Long tail cargo bike - Bike 43, the family electric bike","description":"Bike43 modular long taill bike - Because life is not a straight line","publisher":{"@id":"https:\/\/bike43.com\/fr\/#organization"},"alternateName":"Family longtail bike - Bike 43","potentialAction":[{"@type":"SearchAction","target":{"@type":"EntryPoint","urlTemplate":"https:\/\/bike43.com\/fr\/?s={search_term_string}"},"query-input":{"@type":"PropertyValueSpecification","valueRequired":true,"valueName":"search_term_string"}}],"inLanguage":"fr-FR"},{"@type":"Organization","@id":"https:\/\/bike43.com\/fr\/#organization","name":"Bike 43","url":"https:\/\/bike43.com\/fr\/","logo":{"@type":"ImageObject","inLanguage":"fr-FR","@id":"https:\/\/bike43.com\/fr\/#\/schema\/logo\/image\/","url":"https:\/\/bike43.com\/app\/uploads\/2022\/11\/logo-1.png","contentUrl":"https:\/\/bike43.com\/app\/uploads\/2022\/11\/logo-1.png","width":416,"height":254,"caption":"Bike 43"},"image":{"@id":"https:\/\/bike43.com\/fr\/#\/schema\/logo\/image\/"},"sameAs":["https:\/\/www.facebook.com\/Bike43\/","https:\/\/x.com\/bike43com","https:\/\/www.instagram.com\/bike43\/"]}]}},"_links":{"self":[{"href":"https:\/\/bike43.com\/fr\/wp-json\/wp\/v2\/pages\/10032","targetHints":{"allow":["GET"]}}],"collection":[{"href":"https:\/\/bike43.com\/fr\/wp-json\/wp\/v2\/pages"}],"about":[{"href":"https:\/\/bike43.com\/fr\/wp-json\/wp\/v2\/types\/page"}],"author":[{"embeddable":true,"href":"https:\/\/bike43.com\/fr\/wp-json\/wp\/v2\/users\/1"}],"replies":[{"embeddable":true,"href":"https:\/\/bike43.com\/fr\/wp-json\/wp\/v2\/comments?post=10032"}],"version-history":[{"count":34,"href":"https:\/\/bike43.com\/fr\/wp-json\/wp\/v2\/pages\/10032\/revisions"}],"predecessor-version":[{"id":55249,"href":"https:\/\/bike43.com\/fr\/wp-json\/wp\/v2\/pages\/10032\/revisions\/55249"}],"wp:attachment":[{"href":"https:\/\/bike43.com\/fr\/wp-json\/wp\/v2\/media?parent=10032"}],"curies":[{"name":"wp","href":"https:\/\/api.w.org\/{rel}","templated":true}]}}