{"id":7909,"date":"2024-10-21T20:28:02","date_gmt":"2024-10-21T20:28:02","guid":{"rendered":"https:\/\/bike43.com\/get-a-bike43-for-one-week\/"},"modified":"2026-01-05T20:59:25","modified_gmt":"2026-01-05T20:59:25","slug":"get-a-bike43-for-one-week","status":"publish","type":"page","link":"https:\/\/bike43.com\/de\/get-a-bike43-for-one-week\/","title":{"rendered":"Holen Sie sich ein Bike43 f\u00fcr eine Woche"},"content":{"rendered":"","protected":false},"excerpt":{"rendered":"","protected":false},"author":3,"featured_media":0,"parent":0,"menu_order":0,"comment_status":"closed","ping_status":"closed","template":"template-page.blade.php","meta":{"_acf_changed":false,"inline_featured_image":false,"footnotes":""},"class_list":["post-7909","page","type-page","status-publish","hentry"],"acf":{"header":{"header_type":"header_1","header_1":{"title":"<strong>Holen Sie sich ein Bike43 f\u00fcr eine Stunde oder f\u00fcr eine Woche<\/strong>","select_type":"image","image":null,"image_mobile":null,"link_video":null,"file_video":null,"picture_loading":null},"header_2":{"title":"<em>The only way to truly believe in the switch from a car to a family bike is to experience it yourself.<\/em><em>\u00a0<\/em>","content":"","button":"","image":null,"rounded_image":false,"logo_join_the_club":null,"background_color":"white"},"header_swiper":{"items":null},"header_buttons_color":{"title":"","logo":null,"use_images_mobiles":false,"items":null},"header_text_image":{"title":"","content":"","image":null,"background_color":""}},"body":[{"acf_fc_layout":"section_image_content","place_image_right":false,"reduce_image_size":false,"image":10862,"logo":null,"title":"Erleben Sie es selbst","content":"Die Entscheidung f\u00fcr ein Familienfahrrad anstelle eines Autos ist eine gro\u00dfe Entscheidung. Aber wir glauben, dass Sie, wenn Sie unser Longtail-Lastenrad einmal ausprobiert haben, sehen werden, wie nahtlos es in den Lebensstil Ihrer Familie passt. Ob f\u00fcr Schulfahrten, Wochenendausfl\u00fcge oder den t\u00e4glichen Arbeitsweg.\r\n","button":"","visibility":true,"background_color":"beige","margin_top":"small","margin_bottom":"small"},{"acf_fc_layout":"section_two_columns","title":"Wie funktioniert das?","column1":{"logo":6396,"title":"1.Buchen Sie eine Probefahrt","content":"Setzen Sie sich mit uns in Verbindung, um eine Probefahrt zu vereinbaren.Sie k\u00f6nnen zwischen einem kurzen einst\u00fcndigen Test oder einer l\u00e4ngeren einw\u00f6chigen Erfahrung w\u00e4hlen"},"column2":{"logo":6396,"title":"2. W\u00e4hlen Sie einen Standort","content":"Wir vermitteln Ihnen entweder einen unserer Partnerh\u00e4ndler in Ihrer N\u00e4he oder einen unserer Bike43-Botschafter, d.h. echte Familien, die unser Fahrrad bereits nutzen.\r\n"},"visibility":true,"background_color":"white","margin_top":"small","margin_bottom":"small"},{"acf_fc_layout":"section_contact_form","title":"Buchen Sie noch heute Ihre Probefahrt","content":"","form_js":"","form_title":"","form":"7","visibility":true},{"acf_fc_layout":"section_slider_images","images":[{"image":7692},{"image":2600},{"image":2574},{"image":2529},{"image":2478}],"visibility":true,"background_color":"beige","margin_top":"small","margin_bottom":"small"}]},"yoast_head":"<!-- This site is optimized with the Yoast SEO plugin v25.3.1 - https:\/\/yoast.com\/wordpress\/plugins\/seo\/ -->\n<title>Holen Sie sich ein Bike43 f\u00fcr eine Woche - Bike43 - Family cargo bike - Mid &amp; Long Tail<\/title>\n<meta name=\"robots\" content=\"index, follow, max-snippet:-1, max-image-preview:large, max-video-preview:-1\" \/>\n<link rel=\"canonical\" href=\"https:\/\/bike43.com\/de\/get-a-bike43-for-one-week\/\" \/>\n<meta property=\"og:locale\" content=\"de_DE\" \/>\n<meta property=\"og:type\" content=\"article\" \/>\n<meta property=\"og:title\" content=\"Holen Sie sich ein Bike43 f\u00fcr eine Woche - Bike43 - Family cargo bike - Mid &amp; Long Tail\" \/>\n<meta property=\"og:url\" content=\"https:\/\/bike43.com\/de\/get-a-bike43-for-one-week\/\" \/>\n<meta property=\"og:site_name\" content=\"Bike43 - Family cargo bike - Mid &amp; Long Tail\" \/>\n<meta property=\"article:publisher\" content=\"https:\/\/www.facebook.com\/Bike43\/\" \/>\n<meta property=\"article:modified_time\" content=\"2026-01-05T20:59:25+00:00\" \/>\n<meta property=\"og:image\" content=\"https:\/\/bike43.com\/app\/uploads\/2022\/11\/OG-Bike43.jpg\" \/>\n\t<meta property=\"og:image:width\" content=\"1588\" \/>\n\t<meta property=\"og:image:height\" content=\"888\" \/>\n\t<meta property=\"og:image:type\" content=\"image\/jpeg\" \/>\n<meta name=\"twitter:card\" content=\"summary_large_image\" \/>\n<meta name=\"twitter:site\" content=\"@bike43com\" \/>\n<script type=\"application\/ld+json\" class=\"yoast-schema-graph\">{\"@context\":\"https:\/\/schema.org\",\"@graph\":[{\"@type\":\"WebPage\",\"@id\":\"https:\/\/bike43.com\/de\/get-a-bike43-for-one-week\/\",\"url\":\"https:\/\/bike43.com\/de\/get-a-bike43-for-one-week\/\",\"name\":\"Holen Sie sich ein Bike43 f\u00fcr eine Woche - Bike43 - Family cargo bike - Mid &amp; Long Tail\",\"isPartOf\":{\"@id\":\"https:\/\/bike43.com\/de\/#website\"},\"datePublished\":\"2024-10-21T20:28:02+00:00\",\"dateModified\":\"2026-01-05T20:59:25+00:00\",\"breadcrumb\":{\"@id\":\"https:\/\/bike43.com\/de\/get-a-bike43-for-one-week\/#breadcrumb\"},\"inLanguage\":\"de-DE\",\"potentialAction\":[{\"@type\":\"ReadAction\",\"target\":[\"https:\/\/bike43.com\/de\/get-a-bike43-for-one-week\/\"]}]},{\"@type\":\"BreadcrumbList\",\"@id\":\"https:\/\/bike43.com\/de\/get-a-bike43-for-one-week\/#breadcrumb\",\"itemListElement\":[{\"@type\":\"ListItem\",\"position\":1,\"name\":\"Home\",\"item\":\"https:\/\/bike43.com\/de\/\"},{\"@type\":\"ListItem\",\"position\":2,\"name\":\"Holen Sie sich ein Bike43 f\u00fcr eine Woche\"}]},{\"@type\":\"WebSite\",\"@id\":\"https:\/\/bike43.com\/de\/#website\",\"url\":\"https:\/\/bike43.com\/de\/\",\"name\":\"Long tail cargo bike - Bike 43, the family electric bike\",\"description\":\"Bike43 modular long taill bike - Because life is not a straight line\",\"publisher\":{\"@id\":\"https:\/\/bike43.com\/de\/#organization\"},\"alternateName\":\"Family longtail bike - Bike 43\",\"potentialAction\":[{\"@type\":\"SearchAction\",\"target\":{\"@type\":\"EntryPoint\",\"urlTemplate\":\"https:\/\/bike43.com\/de\/?s={search_term_string}\"},\"query-input\":{\"@type\":\"PropertyValueSpecification\",\"valueRequired\":true,\"valueName\":\"search_term_string\"}}],\"inLanguage\":\"de-DE\"},{\"@type\":\"Organization\",\"@id\":\"https:\/\/bike43.com\/de\/#organization\",\"name\":\"Bike 43\",\"url\":\"https:\/\/bike43.com\/de\/\",\"logo\":{\"@type\":\"ImageObject\",\"inLanguage\":\"de-DE\",\"@id\":\"https:\/\/bike43.com\/de\/#\/schema\/logo\/image\/\",\"url\":\"https:\/\/bike43.com\/app\/uploads\/2022\/11\/logo-1.png\",\"contentUrl\":\"https:\/\/bike43.com\/app\/uploads\/2022\/11\/logo-1.png\",\"width\":416,\"height\":254,\"caption\":\"Bike 43\"},\"image\":{\"@id\":\"https:\/\/bike43.com\/de\/#\/schema\/logo\/image\/\"},\"sameAs\":[\"https:\/\/www.facebook.com\/Bike43\/\",\"https:\/\/x.com\/bike43com\",\"https:\/\/www.instagram.com\/bike43\/\"]}]}<\/script>\n<!-- \/ Yoast SEO plugin. -->","yoast_head_json":{"title":"Holen Sie sich ein Bike43 f\u00fcr eine Woche - Bike43 - Family cargo bike - Mid &amp; Long Tail","robots":{"index":"index","follow":"follow","max-snippet":"max-snippet:-1","max-image-preview":"max-image-preview:large","max-video-preview":"max-video-preview:-1"},"canonical":"https:\/\/bike43.com\/de\/get-a-bike43-for-one-week\/","og_locale":"de_DE","og_type":"article","og_title":"Holen Sie sich ein Bike43 f\u00fcr eine Woche - Bike43 - Family cargo bike - Mid &amp; Long Tail","og_url":"https:\/\/bike43.com\/de\/get-a-bike43-for-one-week\/","og_site_name":"Bike43 - Family cargo bike - Mid &amp; Long Tail","article_publisher":"https:\/\/www.facebook.com\/Bike43\/","article_modified_time":"2026-01-05T20:59:25+00:00","og_image":[{"width":1588,"height":888,"url":"https:\/\/bike43.com\/app\/uploads\/2022\/11\/OG-Bike43.jpg","type":"image\/jpeg"}],"twitter_card":"summary_large_image","twitter_site":"@bike43com","schema":{"@context":"https:\/\/schema.org","@graph":[{"@type":"WebPage","@id":"https:\/\/bike43.com\/de\/get-a-bike43-for-one-week\/","url":"https:\/\/bike43.com\/de\/get-a-bike43-for-one-week\/","name":"Holen Sie sich ein Bike43 f\u00fcr eine Woche - Bike43 - Family cargo bike - Mid &amp; Long Tail","isPartOf":{"@id":"https:\/\/bike43.com\/de\/#website"},"datePublished":"2024-10-21T20:28:02+00:00","dateModified":"2026-01-05T20:59:25+00:00","breadcrumb":{"@id":"https:\/\/bike43.com\/de\/get-a-bike43-for-one-week\/#breadcrumb"},"inLanguage":"de-DE","potentialAction":[{"@type":"ReadAction","target":["https:\/\/bike43.com\/de\/get-a-bike43-for-one-week\/"]}]},{"@type":"BreadcrumbList","@id":"https:\/\/bike43.com\/de\/get-a-bike43-for-one-week\/#breadcrumb","itemListElement":[{"@type":"ListItem","position":1,"name":"Home","item":"https:\/\/bike43.com\/de\/"},{"@type":"ListItem","position":2,"name":"Holen Sie sich ein Bike43 f\u00fcr eine Woche"}]},{"@type":"WebSite","@id":"https:\/\/bike43.com\/de\/#website","url":"https:\/\/bike43.com\/de\/","name":"Long tail cargo bike - Bike 43, the family electric bike","description":"Bike43 modular long taill bike - Because life is not a straight line","publisher":{"@id":"https:\/\/bike43.com\/de\/#organization"},"alternateName":"Family longtail bike - Bike 43","potentialAction":[{"@type":"SearchAction","target":{"@type":"EntryPoint","urlTemplate":"https:\/\/bike43.com\/de\/?s={search_term_string}"},"query-input":{"@type":"PropertyValueSpecification","valueRequired":true,"valueName":"search_term_string"}}],"inLanguage":"de-DE"},{"@type":"Organization","@id":"https:\/\/bike43.com\/de\/#organization","name":"Bike 43","url":"https:\/\/bike43.com\/de\/","logo":{"@type":"ImageObject","inLanguage":"de-DE","@id":"https:\/\/bike43.com\/de\/#\/schema\/logo\/image\/","url":"https:\/\/bike43.com\/app\/uploads\/2022\/11\/logo-1.png","contentUrl":"https:\/\/bike43.com\/app\/uploads\/2022\/11\/logo-1.png","width":416,"height":254,"caption":"Bike 43"},"image":{"@id":"https:\/\/bike43.com\/de\/#\/schema\/logo\/image\/"},"sameAs":["https:\/\/www.facebook.com\/Bike43\/","https:\/\/x.com\/bike43com","https:\/\/www.instagram.com\/bike43\/"]}]}},"_links":{"self":[{"href":"https:\/\/bike43.com\/de\/wp-json\/wp\/v2\/pages\/7909","targetHints":{"allow":["GET"]}}],"collection":[{"href":"https:\/\/bike43.com\/de\/wp-json\/wp\/v2\/pages"}],"about":[{"href":"https:\/\/bike43.com\/de\/wp-json\/wp\/v2\/types\/page"}],"author":[{"embeddable":true,"href":"https:\/\/bike43.com\/de\/wp-json\/wp\/v2\/users\/3"}],"replies":[{"embeddable":true,"href":"https:\/\/bike43.com\/de\/wp-json\/wp\/v2\/comments?post=7909"}],"version-history":[{"count":4,"href":"https:\/\/bike43.com\/de\/wp-json\/wp\/v2\/pages\/7909\/revisions"}],"predecessor-version":[{"id":11424,"href":"https:\/\/bike43.com\/de\/wp-json\/wp\/v2\/pages\/7909\/revisions\/11424"}],"wp:attachment":[{"href":"https:\/\/bike43.com\/de\/wp-json\/wp\/v2\/media?parent=7909"}],"curies":[{"name":"wp","href":"https:\/\/api.w.org\/{rel}","templated":true}]}}