{"id":2367,"date":"2022-09-26T12:45:34","date_gmt":"2022-09-26T12:45:34","guid":{"rendered":"https:\/\/bike43.com\/the-bike\/"},"modified":"2024-10-29T08:43:57","modified_gmt":"2024-10-29T08:43:57","slug":"das-fahrrad","status":"publish","type":"page","link":"https:\/\/bike43.com\/de\/das-fahrrad\/","title":{"rendered":"Bike 43"},"content":{"rendered":"","protected":false},"excerpt":{"rendered":"","protected":false},"author":1,"featured_media":0,"parent":0,"menu_order":0,"comment_status":"closed","ping_status":"closed","template":"template-page.blade.php","meta":{"_acf_changed":false,"inline_featured_image":false,"footnotes":""},"class_list":["post-2367","page","type-page","status-publish","hentry"],"acf":{"header":{"header_type":"header_1","header_1":{"title":"Technische Spezifikationen","select_type":"image","image":2450,"image_mobile":2453,"link_video":null,"file_video":null,"picture_loading":null},"header_2":{"title":"","content":"","button":null,"image":null,"rounded_image":false,"logo_join_the_club":null,"background_color":""},"header_swiper":{"items":null},"header_buttons_color":{"title":"","logo":null,"use_images_mobiles":false,"items":null},"header_text_image":{"title":"","content":"","image":null,"background_color":""}},"body":[{"acf_fc_layout":"section_card_slider","slides":[{"heading":"Technische Spezifikationen","title":"Leicht zu fahren.","content":"Das Bike 43 hat einen niedrigen Einstiegh\u00f6he. Sie k\u00f6nnen sich auch f\u00fcr einen Schnelllifter entscheiden, um die Lenker- und Sitzh\u00f6he einzustellen. Dieses Bike passt f\u00fcr alle.","image":2275},{"heading":"Technische Spezifikationen","title":"Kompakte Gr\u00f6\u00dfe.","content":"Das Bike 43 ist nur 10cm (4\u2033) l\u00e4nger als ein normales Bike. Es l\u00e4sst sich genauso einfach abstellen, sogar senkrecht zu Hause, und passt auf einen Fahrradtr\u00e4ger am Auto, um es mitzunehmen.","image":2274},{"heading":"Technische Spezifikationen","title":"Doppel-X-Rahmenkonstruktion.","content":"Die Doppel-X-Rahmenkonstruktion sorgt f\u00fcr Steifigkeit, wo und wann Sie sie brauchen. Abbiegen, Bremsen und Beschleunigen ist f\u00fcr alle Radfahrer selbstverst\u00e4ndlich und sicher.","image":2273},{"heading":"Technische Spezifikationen","title":"Lebenslange Garantie auf den Rahmen.","content":"Nicht der \u00fcbliche Stahl oder Aluminium, den Sie gewohnt sind. Wir haben uns f\u00fcr leichten CrMo-Stahl entschieden, der daf\u00fcr bekannt ist, ein \"dynamisch Material\" zu sein, das St\u00f6\u00dfe, die durch Stra\u00dfenunebenheiten verursacht werden, absorbiert. Der ultimative Beweis f\u00fcr Qualit\u00e4t. Lebenslange Rahmengarantie.","image":2451},{"heading":"Technische Spezifikationen","title":"Niedriger Schwerpunkt.","content":"Niedriger Schwerpunkt dank eines kleinen 20\u2033-Hinterrads und einer sehr niedrigen Batterieposition.\r\nKomfort - Das gr\u00f6\u00dfere 24er Vorderrad rollt sanft \u00fcber Hindernisse.","image":2271},{"heading":"Technische Spezifikationen","title":"Kompatibilit\u00e4t zu mehreren Motoren.","content":"Das Bike 43 ist nicht an einen bestimmten Motortyp gebunden. Durch Adaptor kann es leicht gegen ein neues Modell getauscht werden.","image":2270},{"heading":"Technische Spezifikationen","title":"Antrieb.","content":"Naben f\u00fcr unschlagbare Zuverl\u00e4ssigkeit, vergessen Sie Ihre H\u00e4nde schmutzig zu machen. Einfacher Gangwechsel auch im Stillstand und keine Wartung n\u00f6tig. W\u00e4hlen Sie zwischen manuellen, eShift oder stufenlosen G\u00e4ngen.","image":2269}],"display_numbers":false,"image_full_size":false,"visibility":true,"background_color":"beige","margin_top":"small","margin_bottom":"small"},{"acf_fc_layout":"section_two_columns","title":"Treffen Sie Ihre Wahl","column1":{"logo":2194,"title":"Shimano","content":"Die Shimano Steps Antriebseinheit befindet sich im Tretlager. Die wichtigsten elektronischen Komponenten sind in die Antriebseinheit integriert und sorgen f\u00fcr ein zuverl\u00e4ssiges und wetterfestes System. Shimano Steps ist ein leichtes System mit einem leistungsstarken Lithium-Ionen-Akku und einem intelligenten Akku-verwaltungssystem"},"column2":{"logo":2195,"title":"Bosch","content":"Der Bosch Cargo Line Motor liefert ein Drehmoment von bis zu 85 Nm und erm\u00f6glicht es, schwere Lasten zu bewegen und Steigungen mit Leichtigkeit zu bew\u00e4ltigen. Die Unterst\u00fctzung durch den Cargo Line-Antriebsstrang ist leistungsstark und umfasst einen Automatikmodus, der die Unterst\u00fctzung w\u00e4hrend der Fahrt anpasst."},"visibility":true,"background_color":"beige","margin_top":"small","margin_bottom":"small"},{"acf_fc_layout":"section_grid_images_content","title":"Raffiniert bis ins Detail","images":[{"image":2220,"title":"Fu\u00dfbox","content":"Das innovative, einzigartige und patentierte Foot Box System nimmt die Beine des ersten Kindes auf und sch\u00fctzt vor Kollisionen mit den F\u00fc\u00dfen des Fahrers. Es spart 15 cm Tr\u00e4gerl\u00e4nge ein, um einen zus\u00e4tzlichen Beifahrer mitzunehmen."},{"image":5238,"title":"Stabiler St\u00e4nder","content":"Ein zweibeiniger, speziell angefertigter St\u00e4nder f\u00fcr sicheres einfaches Be- und Entladen."},{"image":5243,"title":"Hydraulische Scheibenbremsen","content":"Leistungsstarke hydraulische Scheibenbremsen f\u00fcr maximale Sicherheit - 4 Kolben mit 203mm Rotor (je nach Modell)"},{"image":2223,"title":"Speedlifter-Lenker","content":"Einfaches Verstellen."},{"image":2224,"title":"Ein Schl\u00fcsselsystem","content":"Ein Schl\u00fcssel f\u00fcr alles. Das Batterieschloss wird mit einem YourPlus-Schloss von Abus geliefert. Sie k\u00f6nnen Schl\u00fcssel nachbestellen und weitere Schl\u00f6sser von Abus mit demselben Schl\u00fcssel bestellen, auch Jahre nach dem urspr\u00fcnglichen Kauf"},{"image":5248,"title":"Innenverzahnte Nabe","content":"Schaltnaben f\u00fcr unschlagbare Zuverl\u00e4ssigkeit, leichtes Schalten auch im Stand, keine Wartung und kein Kettenabwurf. Alle neuen Bike 43 spezifischen Shimano Inter Nexus 5E, Enviolo und Enviolo AutomatiQ."},{"image":5253,"title":"Pannensichere Reifen","content":"Um Pannen w\u00e4hrend der Fahrt zu vermeiden. Der empfohlene Reifendruck betr\u00e4gt 3,5 bar."},{"image":2229,"title":"Lichter","content":"Leistungsstarke Front- und R\u00fccklichter zum Sehen und Gesehen werden"},{"image":2230,"title":"Bosch oder Shimano","content":"Die Motoren werden mit speziellen Adaptern am Rahmen befestigt."},{"image":2231,"title":"Rahmen","content":"Leichter Chromoly-Stahl absorbiert St\u00f6\u00dfe und bietet ein stabiles und sicheres Fahrgef\u00fchl."},{"image":6524,"title":"Akku-Paket","content":"725Wh Akkupack f\u00fcr Bosch und 630Wh f\u00fcr Shimano."},{"image":6529,"title":"Display","content":"Komfortable Anzeige am Lenker."}],"visibility":true,"background_color":"beige","margin_top":"large","margin_bottom":"large"},{"acf_fc_layout":"section_statistics_numbers","title":"Einige Statistiken","numbers":[{"number":20000000,"unit":"km +","content":"km gefahren"},{"number":2150000,"unit":"+","content":"kg eingespartes CO2"},{"number":30,"unit":"kg","content":"Gewicht des Fahrrads"}],"visibility":true,"background_color":"white","margin_top":"large","margin_bottom":"small"},{"acf_fc_layout":"section_image_content","place_image_right":false,"reduce_image_size":false,"image":2234,"logo":null,"title":"Zubeh\u00f6r","content":"Das Bike43 kann mit mehr als 20 Zubeh\u00f6rteilen individuell angepasst werden. Sie k\u00f6nnen es in einen \"Familien-Van\" verwandeln, mit drei Kindern hinten und einem Baby vorne, oder es in einen Lastentr\u00e4ger f\u00fcr Lebensmittel oder Werkzeug verwandeln. Zu den weiteren Zubeh\u00f6rteilen geh\u00f6ren ein Regenschutz, Taschen, ein Haustierkorb, ein MaxiCosy-Adapter und vieles mehr.","button":{"title":"Alle sehen","url":"https:\/\/bike43.com\/accessories\/","target":""},"visibility":true,"background_color":"white","margin_top":"small","margin_bottom":"large"},{"acf_fc_layout":"section_cards_list","title":"Klassenbester","cards":[{"is_image":false,"image":null,"icon":{"icon":"sparkles","icon_type":"thin"},"title":"Ergonomie","content":"<ul>\r\n \t<li>Kleineres Hinterrad f\u00fcr mehr Stabilit\u00e4t<\/li>\r\n \t<li>Einfache Fahrt und Passform<\/li>\r\n \t<li>Komfort-Ergo-Griffe und -Sattel<\/li>\r\n \t<li>Doppelter stabiler St\u00e4nder<\/li>\r\n<\/ul>"},{"is_image":false,"image":null,"icon":{"icon":"biking","icon_type":"thin"},"title":"Benutzerfreundlichkeit","content":"<ul>\r\n \t<li>Von 0 bis 3 Kinder<\/li>\r\n \t<li>Eink\u00e4ufe bereit<\/li>\r\n \t<li>Haustierfreundlich<\/li>\r\n \t<li>Erh\u00e4ltlich in 4 Farben<\/li>\r\n \t<li>Abschleppen von Fahrr\u00e4dern<\/li>\r\n<\/ul>"},{"is_image":false,"image":null,"icon":{"icon":"hands-holding-diamond","icon_type":"thin"},"title":"Verl\u00e4sslichkeit","content":"<ul>\r\n \t<li>Lebenslange Rahmengarantie<\/li>\r\n \t<li>Pannensichere Reifen<\/li>\r\n \t<li>Kein Kettenabwurf und Wartungsarm<\/li>\r\n \t<li>Gangwechsel unter Last und im Stillstand<\/li>\r\n<\/ul>"},{"is_image":false,"image":null,"icon":{"icon":"puzzle-piece","icon_type":"thin"},"title":"Kompatibilit\u00e4t","content":"<ul>\r\n \t<li>F\u00fcr Autotr\u00e4ger vorbereitet<\/li>\r\n \t<li>Brompton-Taschen kompatibel<\/li>\r\n \t<li>Kundenspezifisches Gep\u00e4cktr\u00e4ger Zubeh\u00f6r<\/li>\r\n \t<li>Kundenspezifisches Zubeh\u00f6r zum Einsteigen<\/li>\r\n \t<li>Verwendbar mit Abus YourPlus Schl\u00f6ssern<\/li>\r\n<\/ul>"},{"is_image":false,"image":null,"icon":{"icon":"comment","icon_type":"thin"},"title":"Wartung von Fahrr\u00e4dern","content":"<ul>\r\n \t<li>Lebenslange Rahmengarantie<\/li>\r\n \t<li>Pannensichere Reifen<\/li>\r\n \t<li>Kein Kettenabwurf und Wartungsarm<\/li>\r\n \t<li>Gangwechsel unter Last und im Stillstand<\/li>\r\n<\/ul>"},{"is_image":true,"image":2235,"icon":{"icon":"0","icon_type":"duotone"},"title":"","content":""}],"visibility":true,"background_color":"beige","margin_top":"large","margin_bottom":"small"},{"acf_fc_layout":"section_technical_specifications","title":"<span style=\"color: #8bae75;\">Technische<\/span> Spezifikationen","content":"<ul>\r\n \t<li>Antriebseinheit<\/li>\r\n<\/ul>\r\nShimano EP6 Cargo (85Nm, 500 Watt) oder Bosch CX Cargo Line (85Nm, 600 Watt)\r\n<ul>\r\n \t<li>Akku-Pack<\/li>\r\n<\/ul>\r\n725Wh Akku f\u00fcr Bosch und 630Wh f\u00fcr Shimano. Reichweite von 40km bis 80km Unterst\u00fctzung.\r\n<ul>\r\n \t<li>Getriebe - Getriebenabe<\/li>\r\n<\/ul>\r\nShimano Nexus Inter-5E \/ Enviolo HD (380%) \/ Enviolo HD AutomatiQ (380%)\r\n<ul>\r\n \t<li>Menschliche Schnittstelle<\/li>\r\n<\/ul>\r\nErgotec verstellbarer Vorbau \/ Ergotec Sattelst\u00fctze \/ Ergotec Lenker \/ D2 Brown Sattel \/ Ergonomic Brown Griffe\r\n<ul>\r\n \t<li>Bremsen<\/li>\r\n<\/ul>\r\nHydraulische Scheibenbremsen\r\n<ul>\r\n \t<li>Nutzlast [kg]<\/li>\r\n<\/ul>\r\nMaximale Nutzlast [170 kg]\r\nMaximale Nutzlast auf dem Hecktr\u00e4ger [100 kg]\r\n<ul>\r\n \t<li>Rahmengr\u00f6\u00dfe<\/li>\r\n<\/ul>\r\nEine Gr\u00f6\u00dfe (von 1,50 m bis 2,00 m)\r\nCrMo-Stahl, sicher und steif","card_or_content":false,"card":{"title":"Technische Spezifikationen","content":"","download_file":2452,"button_download":"Herunterladen"},"content_right":"","visibility":true,"background_color":"beige","margin_top":"large","margin_bottom":"small"},{"acf_fc_layout":"section_card_content_image","is_image_right":true,"title":"Lebenslange <span style=\"color: #8bae75;\">Garantie<\/span>","content":"Wir sind von der Qualit\u00e4t des Fahrraddesigns und der verwendeten Materialien so \u00fcberzeugt, dass wir eine lebenslange Garantie auf unsere \u00fcber unser offizielles H\u00e4ndlernetz gekauften Fahrradrahmen gew\u00e4hren. Die Garantie gilt nur f\u00fcr die urspr\u00fcnglichen Besitzer des Fahrrads (nicht \u00fcbertragbar), unter den Umst\u00e4nden der normalen Nutzung des Fahrrads (professionelle Nutzung nicht abgedeckt).","image":2304,"visibility":true,"background_color":"beige","margin_top":"small","margin_bottom":"small"},{"acf_fc_layout":"section_image_content","place_image_right":false,"reduce_image_size":false,"image":2576,"logo":2171,"title":"Gebaut f\u00fcr Qualit\u00e4t","content":"Unsere Bike 43 wird im eigenen Haus entworfen. Unsere Rahmen werden in Europa von Spezialisierten und erfahrenen Rahmenbauern. Unsere Bike 43 wird dann in Br\u00fcssel mit Sorgfalt und nach den besten Qualit\u00e4tsstandards zusammengebaut. Die lokale Produktion zielt darauf ab, die Auswirkungen auf Mutter Erde zu begrenzen. Wir arbeiten in unseren integrativen Einrichtung auch mit Menschen mit Handicap in unserer Br\u00fcsseler Montagelinie.","button":"","visibility":true,"background_color":"beige","margin_top":"small","margin_bottom":"small"},{"acf_fc_layout":"section_cta","content":"Bereit f\u00fcr die Fahrt?\r\n\r\nBestellen Sie Ihr Bike 43","button":{"title":"Preis","url":"https:\/\/bike43.com\/de\/price\/","target":""},"visibility":true,"background_color":"beige","margin_top":"small","margin_bottom":"small"}]},"yoast_head":"<!-- This site is optimized with the Yoast SEO plugin v25.3.1 - https:\/\/yoast.com\/wordpress\/plugins\/seo\/ -->\n<title>Longtail Bike familien - Bike 43, Familien-Elektrofahrrad<\/title>\n<meta name=\"description\" content=\"Das Longtail-Fahrrad 43 f\u00fcr gro\u00dfe Familien mit bis zu drei Kindern. Dieses Fahrrad wurde f\u00fcr Ihre t\u00e4glichen Fahrten in der Stadt oder f\u00fcr Familienausfl\u00fcge konzipiert.\" \/>\n<meta name=\"robots\" content=\"index, follow, max-snippet:-1, max-image-preview:large, max-video-preview:-1\" \/>\n<link rel=\"canonical\" href=\"https:\/\/bike43.com\/de\/das-fahrrad\/\" \/>\n<meta property=\"og:locale\" content=\"de_DE\" \/>\n<meta property=\"og:type\" content=\"article\" \/>\n<meta property=\"og:title\" content=\"Longtail Bike familien - Bike 43, Familien-Elektrofahrrad\" \/>\n<meta property=\"og:description\" content=\"Das Longtail-Fahrrad 43 f\u00fcr gro\u00dfe Familien mit bis zu drei Kindern. Dieses Fahrrad wurde f\u00fcr Ihre t\u00e4glichen Fahrten in der Stadt oder f\u00fcr Familienausfl\u00fcge konzipiert.\" \/>\n<meta property=\"og:url\" content=\"https:\/\/bike43.com\/de\/das-fahrrad\/\" \/>\n<meta property=\"og:site_name\" content=\"Bike43 - Family cargo bike - Mid &amp; Long Tail\" \/>\n<meta property=\"article:publisher\" content=\"https:\/\/www.facebook.com\/Bike43\/\" \/>\n<meta property=\"article:modified_time\" content=\"2024-10-29T08:43:57+00:00\" \/>\n<meta property=\"og:image\" content=\"https:\/\/bike43.com\/app\/uploads\/2022\/11\/OG-Bike43.jpg\" \/>\n\t<meta property=\"og:image:width\" content=\"1588\" \/>\n\t<meta property=\"og:image:height\" content=\"888\" \/>\n\t<meta property=\"og:image:type\" content=\"image\/jpeg\" \/>\n<meta name=\"twitter:card\" content=\"summary_large_image\" \/>\n<meta name=\"twitter:site\" content=\"@bike43com\" \/>\n<script type=\"application\/ld+json\" class=\"yoast-schema-graph\">{\"@context\":\"https:\/\/schema.org\",\"@graph\":[{\"@type\":\"WebPage\",\"@id\":\"https:\/\/bike43.com\/de\/das-fahrrad\/\",\"url\":\"https:\/\/bike43.com\/de\/das-fahrrad\/\",\"name\":\"Longtail Bike familien - Bike 43, Familien-Elektrofahrrad\",\"isPartOf\":{\"@id\":\"https:\/\/bike43.com\/de\/#website\"},\"datePublished\":\"2022-09-26T12:45:34+00:00\",\"dateModified\":\"2024-10-29T08:43:57+00:00\",\"description\":\"Das Longtail-Fahrrad 43 f\u00fcr gro\u00dfe Familien mit bis zu drei Kindern. Dieses Fahrrad wurde f\u00fcr Ihre t\u00e4glichen Fahrten in der Stadt oder f\u00fcr Familienausfl\u00fcge konzipiert.\",\"breadcrumb\":{\"@id\":\"https:\/\/bike43.com\/de\/das-fahrrad\/#breadcrumb\"},\"inLanguage\":\"de-DE\",\"potentialAction\":[{\"@type\":\"ReadAction\",\"target\":[\"https:\/\/bike43.com\/de\/das-fahrrad\/\"]}]},{\"@type\":\"BreadcrumbList\",\"@id\":\"https:\/\/bike43.com\/de\/das-fahrrad\/#breadcrumb\",\"itemListElement\":[{\"@type\":\"ListItem\",\"position\":1,\"name\":\"Home\",\"item\":\"https:\/\/bike43.com\/de\/\"},{\"@type\":\"ListItem\",\"position\":2,\"name\":\"Bike 43\"}]},{\"@type\":\"WebSite\",\"@id\":\"https:\/\/bike43.com\/de\/#website\",\"url\":\"https:\/\/bike43.com\/de\/\",\"name\":\"Long tail cargo bike - Bike 43, the family electric bike\",\"description\":\"Bike43 modular long taill bike - Because life is not a straight line\",\"publisher\":{\"@id\":\"https:\/\/bike43.com\/de\/#organization\"},\"alternateName\":\"Family longtail bike - Bike 43\",\"potentialAction\":[{\"@type\":\"SearchAction\",\"target\":{\"@type\":\"EntryPoint\",\"urlTemplate\":\"https:\/\/bike43.com\/de\/?s={search_term_string}\"},\"query-input\":{\"@type\":\"PropertyValueSpecification\",\"valueRequired\":true,\"valueName\":\"search_term_string\"}}],\"inLanguage\":\"de-DE\"},{\"@type\":\"Organization\",\"@id\":\"https:\/\/bike43.com\/de\/#organization\",\"name\":\"Bike 43\",\"url\":\"https:\/\/bike43.com\/de\/\",\"logo\":{\"@type\":\"ImageObject\",\"inLanguage\":\"de-DE\",\"@id\":\"https:\/\/bike43.com\/de\/#\/schema\/logo\/image\/\",\"url\":\"https:\/\/bike43.com\/app\/uploads\/2022\/11\/logo-1.png\",\"contentUrl\":\"https:\/\/bike43.com\/app\/uploads\/2022\/11\/logo-1.png\",\"width\":416,\"height\":254,\"caption\":\"Bike 43\"},\"image\":{\"@id\":\"https:\/\/bike43.com\/de\/#\/schema\/logo\/image\/\"},\"sameAs\":[\"https:\/\/www.facebook.com\/Bike43\/\",\"https:\/\/x.com\/bike43com\",\"https:\/\/www.instagram.com\/bike43\/\"]}]}<\/script>\n<!-- \/ Yoast SEO plugin. -->","yoast_head_json":{"title":"Longtail Bike familien - Bike 43, Familien-Elektrofahrrad","description":"Das Longtail-Fahrrad 43 f\u00fcr gro\u00dfe Familien mit bis zu drei Kindern. Dieses Fahrrad wurde f\u00fcr Ihre t\u00e4glichen Fahrten in der Stadt oder f\u00fcr Familienausfl\u00fcge konzipiert.","robots":{"index":"index","follow":"follow","max-snippet":"max-snippet:-1","max-image-preview":"max-image-preview:large","max-video-preview":"max-video-preview:-1"},"canonical":"https:\/\/bike43.com\/de\/das-fahrrad\/","og_locale":"de_DE","og_type":"article","og_title":"Longtail Bike familien - Bike 43, Familien-Elektrofahrrad","og_description":"Das Longtail-Fahrrad 43 f\u00fcr gro\u00dfe Familien mit bis zu drei Kindern. Dieses Fahrrad wurde f\u00fcr Ihre t\u00e4glichen Fahrten in der Stadt oder f\u00fcr Familienausfl\u00fcge konzipiert.","og_url":"https:\/\/bike43.com\/de\/das-fahrrad\/","og_site_name":"Bike43 - Family cargo bike - Mid &amp; Long Tail","article_publisher":"https:\/\/www.facebook.com\/Bike43\/","article_modified_time":"2024-10-29T08:43:57+00:00","og_image":[{"width":1588,"height":888,"url":"https:\/\/bike43.com\/app\/uploads\/2022\/11\/OG-Bike43.jpg","type":"image\/jpeg"}],"twitter_card":"summary_large_image","twitter_site":"@bike43com","schema":{"@context":"https:\/\/schema.org","@graph":[{"@type":"WebPage","@id":"https:\/\/bike43.com\/de\/das-fahrrad\/","url":"https:\/\/bike43.com\/de\/das-fahrrad\/","name":"Longtail Bike familien - Bike 43, Familien-Elektrofahrrad","isPartOf":{"@id":"https:\/\/bike43.com\/de\/#website"},"datePublished":"2022-09-26T12:45:34+00:00","dateModified":"2024-10-29T08:43:57+00:00","description":"Das Longtail-Fahrrad 43 f\u00fcr gro\u00dfe Familien mit bis zu drei Kindern. Dieses Fahrrad wurde f\u00fcr Ihre t\u00e4glichen Fahrten in der Stadt oder f\u00fcr Familienausfl\u00fcge konzipiert.","breadcrumb":{"@id":"https:\/\/bike43.com\/de\/das-fahrrad\/#breadcrumb"},"inLanguage":"de-DE","potentialAction":[{"@type":"ReadAction","target":["https:\/\/bike43.com\/de\/das-fahrrad\/"]}]},{"@type":"BreadcrumbList","@id":"https:\/\/bike43.com\/de\/das-fahrrad\/#breadcrumb","itemListElement":[{"@type":"ListItem","position":1,"name":"Home","item":"https:\/\/bike43.com\/de\/"},{"@type":"ListItem","position":2,"name":"Bike 43"}]},{"@type":"WebSite","@id":"https:\/\/bike43.com\/de\/#website","url":"https:\/\/bike43.com\/de\/","name":"Long tail cargo bike - Bike 43, the family electric bike","description":"Bike43 modular long taill bike - Because life is not a straight line","publisher":{"@id":"https:\/\/bike43.com\/de\/#organization"},"alternateName":"Family longtail bike - Bike 43","potentialAction":[{"@type":"SearchAction","target":{"@type":"EntryPoint","urlTemplate":"https:\/\/bike43.com\/de\/?s={search_term_string}"},"query-input":{"@type":"PropertyValueSpecification","valueRequired":true,"valueName":"search_term_string"}}],"inLanguage":"de-DE"},{"@type":"Organization","@id":"https:\/\/bike43.com\/de\/#organization","name":"Bike 43","url":"https:\/\/bike43.com\/de\/","logo":{"@type":"ImageObject","inLanguage":"de-DE","@id":"https:\/\/bike43.com\/de\/#\/schema\/logo\/image\/","url":"https:\/\/bike43.com\/app\/uploads\/2022\/11\/logo-1.png","contentUrl":"https:\/\/bike43.com\/app\/uploads\/2022\/11\/logo-1.png","width":416,"height":254,"caption":"Bike 43"},"image":{"@id":"https:\/\/bike43.com\/de\/#\/schema\/logo\/image\/"},"sameAs":["https:\/\/www.facebook.com\/Bike43\/","https:\/\/x.com\/bike43com","https:\/\/www.instagram.com\/bike43\/"]}]}},"_links":{"self":[{"href":"https:\/\/bike43.com\/de\/wp-json\/wp\/v2\/pages\/2367","targetHints":{"allow":["GET"]}}],"collection":[{"href":"https:\/\/bike43.com\/de\/wp-json\/wp\/v2\/pages"}],"about":[{"href":"https:\/\/bike43.com\/de\/wp-json\/wp\/v2\/types\/page"}],"author":[{"embeddable":true,"href":"https:\/\/bike43.com\/de\/wp-json\/wp\/v2\/users\/1"}],"replies":[{"embeddable":true,"href":"https:\/\/bike43.com\/de\/wp-json\/wp\/v2\/comments?post=2367"}],"version-history":[{"count":17,"href":"https:\/\/bike43.com\/de\/wp-json\/wp\/v2\/pages\/2367\/revisions"}],"predecessor-version":[{"id":7727,"href":"https:\/\/bike43.com\/de\/wp-json\/wp\/v2\/pages\/2367\/revisions\/7727"}],"wp:attachment":[{"href":"https:\/\/bike43.com\/de\/wp-json\/wp\/v2\/media?parent=2367"}],"curies":[{"name":"wp","href":"https:\/\/api.w.org\/{rel}","templated":true}]}}