{"id":2366,"date":"2022-09-19T08:33:31","date_gmt":"2022-09-19T08:33:31","guid":{"rendered":"https:\/\/bike43.com\/11-2\/"},"modified":"2023-10-06T15:02:11","modified_gmt":"2023-10-06T15:02:11","slug":"11-2","status":"publish","type":"page","link":"https:\/\/bike43.com\/de\/11-2\/","title":{"rendered":"Startseite"},"content":{"rendered":"","protected":false},"excerpt":{"rendered":"","protected":false},"author":1,"featured_media":0,"parent":0,"menu_order":0,"comment_status":"closed","ping_status":"closed","template":"template-page.blade.php","meta":{"_acf_changed":false,"inline_featured_image":false,"footnotes":""},"class_list":["post-2366","page","type-page","status-publish","hentry"],"acf":{"header":{"header_type":"header_1","header_1":{"title":"Qualit\u00e4t\r\nFamilienausfl\u00fcge<span class=\"text-secondary-500\">.<\/span>","select_type":"file_video","image":2520,"image_mobile":null,"link_video":null,"file_video":5516,"picture_loading":2587},"header_2":{"title":"","content":"","button":null,"image":null,"rounded_image":false,"logo_join_the_club":null,"background_color":""},"header_swiper":{"items":null},"header_buttons_color":{"title":"","logo":null,"use_images_mobiles":false,"items":null},"header_text_image":{"title":"","content":"","image":null,"background_color":""}},"body":[{"acf_fc_layout":"section_card_text_image_carousel","cards":[{"card_type":"image","image":{"title":"<h2>Ihr Bike 43 <span style=\"color: #8bae75;\">w\u00e4chst<\/span> mit Ihrer <span style=\"color: #8bae75;\">Familie<\/span>.<\/h2>","images":[{"image":2557},{"image":2261},{"image":2263},{"image":2265}]},"slides":null,"display_numbers":false,"image_full_size":false},{"card_type":"slider","image":{"title":"","images":null},"slides":[{"heading":"","title":"Nehmen Sie Ihre <span style=\"color: #8bae75;\">Familie<\/span>  \u00fcberall mit","content":"Vom Abholen an der Schule bis zum Abholen von Lebensmitteln - Bike 43 macht alles mit.","image":2282},{"heading":"","title":"<span style=\"color: #cf6955;\"> T\u00e4glishes <\/span>  Pendeln","content":"Die Steifigkeit des Rahmens und die Kraft des Motors lassen Sie vergessen, dass Sie gerade die Kinder zur Schule gebracht haben.","image":4075},{"heading":"","title":"\u00fcberlisten Sie den <span style=\"color: #88a8bb;\">Verkehr<\/span>","content":"Bike 43 ist wendig und leicht und passt in jede st\u00e4dtische und l\u00e4ndliche Umgebung.","image":2280},{"heading":"","title":"Erleben Sie das <span style=\"color: #8bae75;\">Abenteuer<\/span>","content":"Das Fahrrad ist und bleibt das beste Transportmittel, um Abenteuer zu erleben.","image":2279},{"heading":"","title":"Spa\u00df,  spielerisch, <span style=\"color: #cf6955;\">sch\u00f6ne Zeit\r\n<\/span>","content":"Die R\u00fcckseite eines Qualit\u00e4tsfahrrads ist im Grunde der Hinterhof eines Kindes. Zumindest, bis man den Spielplatz erreicht. Je mehr, desto lustiger.","image":2574},{"heading":"","title":"Nimm Bike 43  <span style=\"color: #88a8bb;\">\u00fcberall<\/span> mit","content":"Befestigen Sie Ihr Bike 43 einfach auf einem Fahrradtr\u00e4ger. ","image":2277},{"heading":"","title":"<span style=\"color: #8bae75;\">Stapeln Sie<\/span> es bequem","content":"Ihr Bike 43 kann durch jede T\u00fcr passen. Sie k\u00f6nnen es leicht parken und vertikal f\u00fcr eine bessere Raumnutzung speichern.","image":2276},{"heading":"","title":"Transportieren von <span style=\"color: #cf6955;\">Fracht und Nutzlast<\/span>","content":"Transportieren Sie eine Last von bis zu 170 kg mit einer gro\u00dfen Auswahl an Transportzubeh\u00f6r.","image":2575}],"display_numbers":false,"image_full_size":true}],"visibility":true,"background_color":"beige","margin_top":"small","margin_bottom":"small"},{"acf_fc_layout":"section_image_full","image":4104,"visibility":true},{"acf_fc_layout":"section_card_slider","slides":[{"heading":"","title":"Das <span style=\"color: #8bae75;\">ger\u00e4umigste<\/span> Longtail Bike.","content":"Dank der patentierten Fu\u00dfbox finden bis zu drei Kinder auf dem R\u00fccken Platz. Das erste Kind kann seine Beine und F\u00fc\u00dfe unter den Sattel schieben, um mehr Platz zu haben.","image":2162},{"heading":"","title":"<span style=\"color: #cf6955;\">Sicher  &amp; komfortabel<\/span> Bike 43 f\u00fcr alle.","content":"Dank der Position des Akkus und des 20-Zoll-Hinterrads hat dieses Fahrrad einen hervorragenden Schwerpunkt. Ihre Kinder haben einen sicheren Sitzplatz.","image":2161},{"heading":"","title":"<span style=\"color: #88a8bb;\">Bosch oder Shimano<\/span>.","content":"Sie k\u00f6nnen Ihre Motor und das dazugeh\u00f6rige Antriebsystem w\u00e4hlen. Dieses Bike 43 ist anpassungsf\u00e4hig und auch f\u00fcr zukunftige Motoren vorbereitet.","image":2583},{"heading":"","title":"<span style=\"color: #8bae75;\">Wartungsarmes<\/span> Bike 43 f\u00fcr ein ganzes Leben.","content":"Dieses Bike 43 ist speziell f\u00fcr eine lange Lebensdauer konzipiert. Mit High-End-Chromoly-Stahlrahmen, interner Nabenschaltung, speziellem St\u00e4nder und Doppel-X-Design wird dieses Fahrrad f\u00fcr eine lange Zeit an Ihrer Seite sein.","image":2530}],"display_numbers":true,"image_full_size":false,"visibility":true,"background_color":"beige","margin_top":"small","margin_bottom":"small"},{"acf_fc_layout":"section_colors_bike","title":"Stil und Farben","content":"Bike 43 ist  stilvoll und individuell anpassbar an Ihre Bed\u00fcrfnisse. Ihr Bike 43 ist in 4 verschiedenen Farben und mit 5 verschiedenen Motor-\/Getriebesystemen erh\u00e4ltlich. Egal, ob Sie sich auf Funktionalit\u00e4t konzentrieren oder fortschrittliche Leistung und Stil w\u00fcnschen, es gibt ein Bike 43, das darauf wartet, Ihr langj\u00e4hriger, treuer Begleiter zu sein.","colors":[{"color_picker":"#293133","image":2313},{"color_picker":"#ab273c","image":2315},{"color_picker":"#e2a300","image":2314},{"color_picker":"#84c3be","image":2318}],"button":{"title":"Bike 43 konfigurieren","url":"https:\/\/bike43.com\/the-bike\/","target":""},"visibility":true,"background_color":"beige","margin_top":"small","margin_bottom":"small"},{"acf_fc_layout":"section_image_content","place_image_right":false,"reduce_image_size":true,"image":2576,"logo":2171,"title":"Gebaut f\u00fcr Qualit\u00e4t","content":"Unsere Bike 43 wird im eigenen Haus entworfen. Unsere Rahmen werden in Europa von Spezialisierten und erfahrenen Rahmenbauern. Unsere Bike 43 wird dann in Br\u00fcssel mit Sorgfalt und nach den besten Qualit\u00e4tsstandards zusammengebaut. Die lokale Produktion zielt darauf ab, die Auswirkungen auf Mutter Erde zu begrenzen. Wir arbeiten in unseren integrativen Einrichtung auch mit Menschen mit Handicap in unserer Br\u00fcsseler Montagelinie.","button":"","visibility":true,"background_color":"beige","margin_top":"small","margin_bottom":"small"},{"acf_fc_layout":"section_testimonial","quote":"<span style=\"color: #8bae75;\">Meinungen <\/span> von Bike 43 Nutzen","image":2598,"visibility":true,"background_color":"beige","margin_top":"small","margin_bottom":"small"},{"acf_fc_layout":"section_what_they_say_about_us","cutomize_fields":true,"title":"Was sie <span style=\"color: #8bae75;\">\u00fcber uns<\/span> sagen","logos":[{"picture":2433,"background_color":"#0144eb","content":"<blockquote><em>The many steel struts bring a solid, superior stability. The low center of gravity makes handling easy for passengers and riders. When riding, it is well balanced and requires little adjustment from a normal bike.<\/em><\/blockquote>","logo":2432,"name":"Tester: Jens Kockerbeck","role":"128 km in 2022"},{"picture":2434,"background_color":"#ffffff","content":"<em>The \"longtail\" combines compactness, maneuverability and the ability to carry either equipment or children... or all at once. It offers maximum versatility to the two-wheelers and is full of tricks.<\/em>","logo":2434,"name":"","role":""},{"picture":2435,"background_color":"#ffffff","content":"Bike 43 reads \"bicycle for three\" competes with the classical cargo bikes. Indeed, it can carry luggages or children without the disadvantage of the container in the front that  has a considerable impact on the weight and maneuverability.","logo":2435,"name":"","role":""},{"picture":2174,"background_color":"#f1f1f1","content":"The longtail bike is longer in the back to accommodate 2 child seats. The bike 43 (literally \"bike for three\") is a unique family cargo bike. It is particularly maneuverable and stable, making it easy and safe to ride in traffic.","logo":2174,"name":"","role":""}],"visibility":true,"background_color":"beige","margin_top":"small","margin_bottom":"small"},{"acf_fc_layout":"section_card_testimony","title":"Worte des <span style=\"color: #8bae75;\">Gr\u00fcnders<\/span>","content":"Wenn es um die Bef\u00f6rderung der Familie geht, kommt es vor allem auf Zuverl\u00e4ssigkeit an, damit Sie jeden Tag Ihre Termine einhalten k\u00f6nnen. Bei der Entwicklung des Fahrrads haben wir uns voll und ganz darauf konzentriert, ein wartungsarmes Qualit\u00e4tsfahrrad zu bauen, das auch eine sehr intensive Nutzung \u00fcberstehen kann. Wenn Sie ein Auto ersetzen wollen, sollten Sie es mindestens genauso stabil bauen!","name":"Etienne, Gr\u00fcnder von Bike 43","role":"25.000 km+ auf seinem Bike 43","image":2514,"animated_item":null,"visibility":true,"background_color":"beige","margin_top":"small","margin_bottom":"small"},{"acf_fc_layout":"section_cta","content":"Bereit f\u00fcr die Fahrt?\r\n\r\nBestellen Sie Ihr Bike 43","button":{"title":"H\u00e4ndler","url":"https:\/\/bike43.com\/de\/resellers\/","target":""},"visibility":true,"background_color":"beige","margin_top":"none","margin_bottom":"none"},{"acf_fc_layout":"section_cards_links_icon","cards_icon":[{"link":{"title":"Bike 43","url":"https:\/\/bike43.com\/the-bike\/","target":""},"icon":"person-biking","icon_type":"thin"},{"link":{"title":"Preis","url":"https:\/\/bike43.com\/de\/price\/","target":""},"icon":"tag","icon_type":"thin"},{"link":{"title":"H\u00e4ndler","url":"https:\/\/bike43.com\/de\/resellers\/","target":""},"icon":"hands-clapping","icon_type":"thin"},{"link":{"title":"Community","url":"https:\/\/bike43.com\/de\/community\/","target":""},"icon":"message-smile","icon_type":"thin"}],"visibility":true,"background_color":"beige","margin_top":"small","margin_bottom":"none"}]},"yoast_head":"<!-- This site is optimized with the Yoast SEO plugin v25.3.1 - https:\/\/yoast.com\/wordpress\/plugins\/seo\/ -->\n<title>Longtail cargo Bike - Bike 43, Familien-Elektrofahrrad<\/title>\n<meta name=\"description\" content=\"Das ger\u00e4umigste Longtail-Elektrofahrrad auf dem Markt, bis zu drei Kinder k\u00f6nnen sicher transportiert werden. Leicht zu fahrendes und wendiges Cargo-Bike.\" \/>\n<meta name=\"robots\" content=\"index, follow, max-snippet:-1, max-image-preview:large, max-video-preview:-1\" \/>\n<link rel=\"canonical\" href=\"https:\/\/bike43.com\/de\/11-2\/\" \/>\n<meta property=\"og:locale\" content=\"de_DE\" \/>\n<meta property=\"og:type\" content=\"article\" \/>\n<meta property=\"og:title\" content=\"Longtail cargo Bike - Bike 43, Familien-Elektrofahrrad\" \/>\n<meta property=\"og:description\" content=\"Das ger\u00e4umigste Longtail-Elektrofahrrad auf dem Markt, bis zu drei Kinder k\u00f6nnen sicher transportiert werden. Leicht zu fahrendes und wendiges Cargo-Bike.\" \/>\n<meta property=\"og:url\" content=\"https:\/\/bike43.com\/de\/11-2\/\" \/>\n<meta property=\"og:site_name\" content=\"Bike43 - Family cargo bike - Mid &amp; Long Tail\" \/>\n<meta property=\"article:publisher\" content=\"https:\/\/www.facebook.com\/Bike43\/\" \/>\n<meta property=\"article:modified_time\" content=\"2023-10-06T15:02:11+00:00\" \/>\n<meta property=\"og:image\" content=\"https:\/\/bike43.com\/app\/uploads\/2022\/11\/OG-Bike43.jpg\" \/>\n\t<meta property=\"og:image:width\" content=\"1588\" \/>\n\t<meta property=\"og:image:height\" content=\"888\" \/>\n\t<meta property=\"og:image:type\" content=\"image\/jpeg\" \/>\n<meta name=\"twitter:card\" content=\"summary_large_image\" \/>\n<meta name=\"twitter:site\" content=\"@bike43com\" \/>\n<script type=\"application\/ld+json\" class=\"yoast-schema-graph\">{\"@context\":\"https:\/\/schema.org\",\"@graph\":[{\"@type\":\"WebPage\",\"@id\":\"https:\/\/bike43.com\/de\/11-2\/\",\"url\":\"https:\/\/bike43.com\/de\/11-2\/\",\"name\":\"Longtail cargo Bike - Bike 43, Familien-Elektrofahrrad\",\"isPartOf\":{\"@id\":\"https:\/\/bike43.com\/de\/#website\"},\"datePublished\":\"2022-09-19T08:33:31+00:00\",\"dateModified\":\"2023-10-06T15:02:11+00:00\",\"description\":\"Das ger\u00e4umigste Longtail-Elektrofahrrad auf dem Markt, bis zu drei Kinder k\u00f6nnen sicher transportiert werden. Leicht zu fahrendes und wendiges Cargo-Bike.\",\"breadcrumb\":{\"@id\":\"https:\/\/bike43.com\/de\/11-2\/#breadcrumb\"},\"inLanguage\":\"de-DE\",\"potentialAction\":[{\"@type\":\"ReadAction\",\"target\":[\"https:\/\/bike43.com\/de\/11-2\/\"]}]},{\"@type\":\"BreadcrumbList\",\"@id\":\"https:\/\/bike43.com\/de\/11-2\/#breadcrumb\",\"itemListElement\":[{\"@type\":\"ListItem\",\"position\":1,\"name\":\"Home\",\"item\":\"https:\/\/bike43.com\/de\/\"},{\"@type\":\"ListItem\",\"position\":2,\"name\":\"Startseite\"}]},{\"@type\":\"WebSite\",\"@id\":\"https:\/\/bike43.com\/de\/#website\",\"url\":\"https:\/\/bike43.com\/de\/\",\"name\":\"Long tail cargo bike - Bike 43, the family electric bike\",\"description\":\"Bike43 modular long taill bike - Because life is not a straight line\",\"publisher\":{\"@id\":\"https:\/\/bike43.com\/de\/#organization\"},\"alternateName\":\"Family longtail bike - Bike 43\",\"potentialAction\":[{\"@type\":\"SearchAction\",\"target\":{\"@type\":\"EntryPoint\",\"urlTemplate\":\"https:\/\/bike43.com\/de\/?s={search_term_string}\"},\"query-input\":{\"@type\":\"PropertyValueSpecification\",\"valueRequired\":true,\"valueName\":\"search_term_string\"}}],\"inLanguage\":\"de-DE\"},{\"@type\":\"Organization\",\"@id\":\"https:\/\/bike43.com\/de\/#organization\",\"name\":\"Bike 43\",\"url\":\"https:\/\/bike43.com\/de\/\",\"logo\":{\"@type\":\"ImageObject\",\"inLanguage\":\"de-DE\",\"@id\":\"https:\/\/bike43.com\/de\/#\/schema\/logo\/image\/\",\"url\":\"https:\/\/bike43.com\/app\/uploads\/2022\/11\/logo-1.png\",\"contentUrl\":\"https:\/\/bike43.com\/app\/uploads\/2022\/11\/logo-1.png\",\"width\":416,\"height\":254,\"caption\":\"Bike 43\"},\"image\":{\"@id\":\"https:\/\/bike43.com\/de\/#\/schema\/logo\/image\/\"},\"sameAs\":[\"https:\/\/www.facebook.com\/Bike43\/\",\"https:\/\/x.com\/bike43com\",\"https:\/\/www.instagram.com\/bike43\/\"]}]}<\/script>\n<!-- \/ Yoast SEO plugin. -->","yoast_head_json":{"title":"Longtail cargo Bike - Bike 43, Familien-Elektrofahrrad","description":"Das ger\u00e4umigste Longtail-Elektrofahrrad auf dem Markt, bis zu drei Kinder k\u00f6nnen sicher transportiert werden. Leicht zu fahrendes und wendiges Cargo-Bike.","robots":{"index":"index","follow":"follow","max-snippet":"max-snippet:-1","max-image-preview":"max-image-preview:large","max-video-preview":"max-video-preview:-1"},"canonical":"https:\/\/bike43.com\/de\/11-2\/","og_locale":"de_DE","og_type":"article","og_title":"Longtail cargo Bike - Bike 43, Familien-Elektrofahrrad","og_description":"Das ger\u00e4umigste Longtail-Elektrofahrrad auf dem Markt, bis zu drei Kinder k\u00f6nnen sicher transportiert werden. Leicht zu fahrendes und wendiges Cargo-Bike.","og_url":"https:\/\/bike43.com\/de\/11-2\/","og_site_name":"Bike43 - Family cargo bike - Mid &amp; Long Tail","article_publisher":"https:\/\/www.facebook.com\/Bike43\/","article_modified_time":"2023-10-06T15:02:11+00:00","og_image":[{"width":1588,"height":888,"url":"https:\/\/bike43.com\/app\/uploads\/2022\/11\/OG-Bike43.jpg","type":"image\/jpeg"}],"twitter_card":"summary_large_image","twitter_site":"@bike43com","schema":{"@context":"https:\/\/schema.org","@graph":[{"@type":"WebPage","@id":"https:\/\/bike43.com\/de\/11-2\/","url":"https:\/\/bike43.com\/de\/11-2\/","name":"Longtail cargo Bike - Bike 43, Familien-Elektrofahrrad","isPartOf":{"@id":"https:\/\/bike43.com\/de\/#website"},"datePublished":"2022-09-19T08:33:31+00:00","dateModified":"2023-10-06T15:02:11+00:00","description":"Das ger\u00e4umigste Longtail-Elektrofahrrad auf dem Markt, bis zu drei Kinder k\u00f6nnen sicher transportiert werden. Leicht zu fahrendes und wendiges Cargo-Bike.","breadcrumb":{"@id":"https:\/\/bike43.com\/de\/11-2\/#breadcrumb"},"inLanguage":"de-DE","potentialAction":[{"@type":"ReadAction","target":["https:\/\/bike43.com\/de\/11-2\/"]}]},{"@type":"BreadcrumbList","@id":"https:\/\/bike43.com\/de\/11-2\/#breadcrumb","itemListElement":[{"@type":"ListItem","position":1,"name":"Home","item":"https:\/\/bike43.com\/de\/"},{"@type":"ListItem","position":2,"name":"Startseite"}]},{"@type":"WebSite","@id":"https:\/\/bike43.com\/de\/#website","url":"https:\/\/bike43.com\/de\/","name":"Long tail cargo bike - Bike 43, the family electric bike","description":"Bike43 modular long taill bike - Because life is not a straight line","publisher":{"@id":"https:\/\/bike43.com\/de\/#organization"},"alternateName":"Family longtail bike - Bike 43","potentialAction":[{"@type":"SearchAction","target":{"@type":"EntryPoint","urlTemplate":"https:\/\/bike43.com\/de\/?s={search_term_string}"},"query-input":{"@type":"PropertyValueSpecification","valueRequired":true,"valueName":"search_term_string"}}],"inLanguage":"de-DE"},{"@type":"Organization","@id":"https:\/\/bike43.com\/de\/#organization","name":"Bike 43","url":"https:\/\/bike43.com\/de\/","logo":{"@type":"ImageObject","inLanguage":"de-DE","@id":"https:\/\/bike43.com\/de\/#\/schema\/logo\/image\/","url":"https:\/\/bike43.com\/app\/uploads\/2022\/11\/logo-1.png","contentUrl":"https:\/\/bike43.com\/app\/uploads\/2022\/11\/logo-1.png","width":416,"height":254,"caption":"Bike 43"},"image":{"@id":"https:\/\/bike43.com\/de\/#\/schema\/logo\/image\/"},"sameAs":["https:\/\/www.facebook.com\/Bike43\/","https:\/\/x.com\/bike43com","https:\/\/www.instagram.com\/bike43\/"]}]}},"_links":{"self":[{"href":"https:\/\/bike43.com\/de\/wp-json\/wp\/v2\/pages\/2366","targetHints":{"allow":["GET"]}}],"collection":[{"href":"https:\/\/bike43.com\/de\/wp-json\/wp\/v2\/pages"}],"about":[{"href":"https:\/\/bike43.com\/de\/wp-json\/wp\/v2\/types\/page"}],"author":[{"embeddable":true,"href":"https:\/\/bike43.com\/de\/wp-json\/wp\/v2\/users\/1"}],"replies":[{"embeddable":true,"href":"https:\/\/bike43.com\/de\/wp-json\/wp\/v2\/comments?post=2366"}],"version-history":[{"count":19,"href":"https:\/\/bike43.com\/de\/wp-json\/wp\/v2\/pages\/2366\/revisions"}],"predecessor-version":[{"id":5521,"href":"https:\/\/bike43.com\/de\/wp-json\/wp\/v2\/pages\/2366\/revisions\/5521"}],"wp:attachment":[{"href":"https:\/\/bike43.com\/de\/wp-json\/wp\/v2\/media?parent=2366"}],"curies":[{"name":"wp","href":"https:\/\/api.w.org\/{rel}","templated":true}]}}