{"id":2356,"date":"2022-10-05T14:34:34","date_gmt":"2022-10-05T14:34:34","guid":{"rendered":"https:\/\/bike43.com\/community\/"},"modified":"2023-04-19T10:48:46","modified_gmt":"2023-04-19T10:48:46","slug":"gemeinschaft","status":"publish","type":"page","link":"https:\/\/bike43.com\/de\/gemeinschaft\/","title":{"rendered":"Community"},"content":{"rendered":"","protected":false},"excerpt":{"rendered":"","protected":false},"author":1,"featured_media":0,"parent":0,"menu_order":0,"comment_status":"closed","ping_status":"closed","template":"template-page.blade.php","meta":{"_acf_changed":false,"inline_featured_image":false,"footnotes":""},"class_list":["post-2356","page","type-page","status-publish","hentry"],"acf":{"header":{"header_type":"header_2","header_1":{"title":"","select_type":"image","image":null,"image_mobile":null,"link_video":null,"file_video":null,"picture_loading":null},"header_2":{"title":"Unsere Community","content":"Treten Sie einer Community von Gleichgesinnten bei und teilen Sie Ihre Radreise 43.","button":{"title":"Schlie\u00dfen Sie sich den Radfahrern von bike 43 auf Facebook an","url":"https:\/\/www.facebook.com\/groups\/bike43ridersgroup\/","target":"_blank"},"image":2305,"rounded_image":false,"logo_join_the_club":2237,"background_color":"white"},"header_swiper":{"items":null},"header_buttons_color":{"title":"","logo":null,"use_images_mobiles":false,"items":null},"header_text_image":{"title":"","content":"","image":null,"background_color":""}},"body":[{"acf_fc_layout":"section_facebook","publications":[{"image":2306,"url":"https:\/\/www.facebook.com\/groups\/bike43ridersgroup\/"},{"image":2307,"url":"https:\/\/www.facebook.com\/groups\/bike43ridersgroup\/"},{"image":2308,"url":"https:\/\/www.facebook.com\/groups\/bike43ridersgroup\/"},{"image":2310,"url":"https:\/\/www.facebook.com\/groups\/bike43ridersgroup\/"}],"visibility":true,"margin_top":"small","margin_bottom":"small"},{"acf_fc_layout":"section_image_logo_content_button","place_image_right":false,"image":2555,"logo":2245,"title":"Klub der 10.000 km","content":"Wir haben uns sehr gefreut, als wir feststellten, dass die Nutzer begannen, stolz ein Bild ihres Displays mit 10.000 km in der Facebook-Gruppe zu posten. So kamen wir auf die Idee, ein Geschenk zu verschicken, um den Enthusiasten zu gratulieren.\r\n\r\n&nbsp;\r\n\r\nSchicken Sie uns ein Bild von Ihrem Display mit 10.000km+ und werden Sie Mitglied im Verein!","add_modal_form":true,"button":{"title":"Apply for the club","url":"#","target":""},"modal_form":{"button_text":"Beanspruchen Sie Ihre Goodies","heading":"Klub der 10.000 km","title":"","zoho_form":"<div id=\"zf_div_m883RKqwKdY2W36OW9bU1M8doHiPP6QV2GuTxtWfx-s\"><\/div><script type=\"text\/javascript\">(function() {\r\ntry{\r\nvar f = document.createElement(\"iframe\");\r\nf.src = 'https:\/\/forms.zohopublic.com\/bike43\/form\/TheClub\/formperma\/m883RKqwKdY2W36OW9bU1M8doHiPP6QV2GuTxtWfx-s?zf_rszfm=1';\r\nf.style.border=\"none\";\r\nf.style.height=\"986px\";\r\nf.style.width=\"90%\";\r\nf.style.transition=\"all 0.5s ease\";\r\nvar d = document.getElementById(\"zf_div_m883RKqwKdY2W36OW9bU1M8doHiPP6QV2GuTxtWfx-s\");\r\nd.appendChild(f);\r\nwindow.addEventListener('message', function (){\r\nvar evntData = event.data;\r\nif( evntData && evntData.constructor == String ){\r\nvar zf_ifrm_data = evntData.split(\"|\");\r\nif ( zf_ifrm_data.length == 2 ) {\r\nvar zf_perma = zf_ifrm_data[0];\r\nvar zf_ifrm_ht_nw = ( parseInt(zf_ifrm_data[1], 10) + 15 ) + \"px\";\r\nvar iframe = document.getElementById(\"zf_div_m883RKqwKdY2W36OW9bU1M8doHiPP6QV2GuTxtWfx-s\").getElementsByTagName(\"iframe\")[0];\r\nif ( (iframe.src).indexOf('formperma') > 0 && (iframe.src).indexOf(zf_perma) > 0 ) {\r\nvar prevIframeHeight = iframe.style.height;\r\nif ( prevIframeHeight != zf_ifrm_ht_nw ) {\r\niframe.style.height = zf_ifrm_ht_nw;\r\n}\r\n}\r\n}\r\n}\r\n}, false);\r\n}catch(e){}\r\n})();<\/script>","form":null},"visibility":true,"background_color":"beige","margin_top":"small","margin_bottom":"small"},{"acf_fc_layout":"section_slider_images","images":[{"image":2384},{"image":2386},{"image":2385}],"visibility":true,"background_color":"beige","margin_top":"small","margin_bottom":"small"},{"acf_fc_layout":"section_testimonial","quote":"Verabschiedet von den meisten <span style=\"color: #8bae75;\">anspruchsvolle Familien<\/span> f\u00fcr Ihren t\u00e4glichen, ganzj\u00e4hrigen transportieren","image":2598,"visibility":true,"background_color":"beige","margin_top":"small","margin_bottom":"small"},{"acf_fc_layout":"section_cta","content":"Schlie\u00dfen Sie sich dem Fahrrad an 43 Reiter\r\n\r\nGruppe auf Facebook","button":{"title":"Der Gruppe beitreten","url":"https:\/\/www.facebook.com\/groups\/bike43ridersgroup\/","target":"_blank"},"visibility":true,"background_color":"beige","margin_top":"small","margin_bottom":"small"}]},"yoast_head":"<!-- This site is optimized with the Yoast SEO plugin v25.3.1 - https:\/\/yoast.com\/wordpress\/plugins\/seo\/ -->\n<title>Gemeinschaft longtail Fahrrad f\u00fcr Familien - Bike 43<\/title>\n<meta name=\"description\" content=\"Treten Sie der Bike 43-gemeinschaft bei, dem Longtail-Fahrrad f\u00fcr Familien. Gute Ratschl\u00e4ge, das Teilen von Erinnerungen, Tipps und Tricks mit anderen Nutzern.\" \/>\n<meta name=\"robots\" content=\"index, follow, max-snippet:-1, max-image-preview:large, max-video-preview:-1\" \/>\n<link rel=\"canonical\" href=\"https:\/\/bike43.com\/de\/gemeinschaft\/\" \/>\n<meta property=\"og:locale\" content=\"de_DE\" \/>\n<meta property=\"og:type\" content=\"article\" \/>\n<meta property=\"og:title\" content=\"Gemeinschaft longtail Fahrrad f\u00fcr Familien - Bike 43\" \/>\n<meta property=\"og:description\" content=\"Treten Sie der Bike 43-gemeinschaft bei, dem Longtail-Fahrrad f\u00fcr Familien. Gute Ratschl\u00e4ge, das Teilen von Erinnerungen, Tipps und Tricks mit anderen Nutzern.\" \/>\n<meta property=\"og:url\" content=\"https:\/\/bike43.com\/de\/gemeinschaft\/\" \/>\n<meta property=\"og:site_name\" content=\"Bike43 - Family cargo bike - Mid &amp; Long Tail\" \/>\n<meta property=\"article:publisher\" content=\"https:\/\/www.facebook.com\/Bike43\/\" \/>\n<meta property=\"article:modified_time\" content=\"2023-04-19T10:48:46+00:00\" \/>\n<meta property=\"og:image\" content=\"https:\/\/bike43.com\/app\/uploads\/2022\/11\/OG-Bike43.jpg\" \/>\n\t<meta property=\"og:image:width\" content=\"1588\" \/>\n\t<meta property=\"og:image:height\" content=\"888\" \/>\n\t<meta property=\"og:image:type\" content=\"image\/jpeg\" \/>\n<meta name=\"twitter:card\" content=\"summary_large_image\" \/>\n<meta name=\"twitter:site\" content=\"@bike43com\" \/>\n<script type=\"application\/ld+json\" class=\"yoast-schema-graph\">{\"@context\":\"https:\/\/schema.org\",\"@graph\":[{\"@type\":\"WebPage\",\"@id\":\"https:\/\/bike43.com\/de\/gemeinschaft\/\",\"url\":\"https:\/\/bike43.com\/de\/gemeinschaft\/\",\"name\":\"Gemeinschaft longtail Fahrrad f\u00fcr Familien - Bike 43\",\"isPartOf\":{\"@id\":\"https:\/\/bike43.com\/de\/#website\"},\"datePublished\":\"2022-10-05T14:34:34+00:00\",\"dateModified\":\"2023-04-19T10:48:46+00:00\",\"description\":\"Treten Sie der Bike 43-gemeinschaft bei, dem Longtail-Fahrrad f\u00fcr Familien. Gute Ratschl\u00e4ge, das Teilen von Erinnerungen, Tipps und Tricks mit anderen Nutzern.\",\"breadcrumb\":{\"@id\":\"https:\/\/bike43.com\/de\/gemeinschaft\/#breadcrumb\"},\"inLanguage\":\"de-DE\",\"potentialAction\":[{\"@type\":\"ReadAction\",\"target\":[\"https:\/\/bike43.com\/de\/gemeinschaft\/\"]}]},{\"@type\":\"BreadcrumbList\",\"@id\":\"https:\/\/bike43.com\/de\/gemeinschaft\/#breadcrumb\",\"itemListElement\":[{\"@type\":\"ListItem\",\"position\":1,\"name\":\"Home\",\"item\":\"https:\/\/bike43.com\/de\/\"},{\"@type\":\"ListItem\",\"position\":2,\"name\":\"Community\"}]},{\"@type\":\"WebSite\",\"@id\":\"https:\/\/bike43.com\/de\/#website\",\"url\":\"https:\/\/bike43.com\/de\/\",\"name\":\"Long tail cargo bike - Bike 43, the family electric bike\",\"description\":\"Bike43 modular long taill bike - Because life is not a straight line\",\"publisher\":{\"@id\":\"https:\/\/bike43.com\/de\/#organization\"},\"alternateName\":\"Family longtail bike - Bike 43\",\"potentialAction\":[{\"@type\":\"SearchAction\",\"target\":{\"@type\":\"EntryPoint\",\"urlTemplate\":\"https:\/\/bike43.com\/de\/?s={search_term_string}\"},\"query-input\":{\"@type\":\"PropertyValueSpecification\",\"valueRequired\":true,\"valueName\":\"search_term_string\"}}],\"inLanguage\":\"de-DE\"},{\"@type\":\"Organization\",\"@id\":\"https:\/\/bike43.com\/de\/#organization\",\"name\":\"Bike 43\",\"url\":\"https:\/\/bike43.com\/de\/\",\"logo\":{\"@type\":\"ImageObject\",\"inLanguage\":\"de-DE\",\"@id\":\"https:\/\/bike43.com\/de\/#\/schema\/logo\/image\/\",\"url\":\"https:\/\/bike43.com\/app\/uploads\/2022\/11\/logo-1.png\",\"contentUrl\":\"https:\/\/bike43.com\/app\/uploads\/2022\/11\/logo-1.png\",\"width\":416,\"height\":254,\"caption\":\"Bike 43\"},\"image\":{\"@id\":\"https:\/\/bike43.com\/de\/#\/schema\/logo\/image\/\"},\"sameAs\":[\"https:\/\/www.facebook.com\/Bike43\/\",\"https:\/\/x.com\/bike43com\",\"https:\/\/www.instagram.com\/bike43\/\"]}]}<\/script>\n<!-- \/ Yoast SEO plugin. -->","yoast_head_json":{"title":"Gemeinschaft longtail Fahrrad f\u00fcr Familien - Bike 43","description":"Treten Sie der Bike 43-gemeinschaft bei, dem Longtail-Fahrrad f\u00fcr Familien. Gute Ratschl\u00e4ge, das Teilen von Erinnerungen, Tipps und Tricks mit anderen Nutzern.","robots":{"index":"index","follow":"follow","max-snippet":"max-snippet:-1","max-image-preview":"max-image-preview:large","max-video-preview":"max-video-preview:-1"},"canonical":"https:\/\/bike43.com\/de\/gemeinschaft\/","og_locale":"de_DE","og_type":"article","og_title":"Gemeinschaft longtail Fahrrad f\u00fcr Familien - Bike 43","og_description":"Treten Sie der Bike 43-gemeinschaft bei, dem Longtail-Fahrrad f\u00fcr Familien. Gute Ratschl\u00e4ge, das Teilen von Erinnerungen, Tipps und Tricks mit anderen Nutzern.","og_url":"https:\/\/bike43.com\/de\/gemeinschaft\/","og_site_name":"Bike43 - Family cargo bike - Mid &amp; Long Tail","article_publisher":"https:\/\/www.facebook.com\/Bike43\/","article_modified_time":"2023-04-19T10:48:46+00:00","og_image":[{"width":1588,"height":888,"url":"https:\/\/bike43.com\/app\/uploads\/2022\/11\/OG-Bike43.jpg","type":"image\/jpeg"}],"twitter_card":"summary_large_image","twitter_site":"@bike43com","schema":{"@context":"https:\/\/schema.org","@graph":[{"@type":"WebPage","@id":"https:\/\/bike43.com\/de\/gemeinschaft\/","url":"https:\/\/bike43.com\/de\/gemeinschaft\/","name":"Gemeinschaft longtail Fahrrad f\u00fcr Familien - Bike 43","isPartOf":{"@id":"https:\/\/bike43.com\/de\/#website"},"datePublished":"2022-10-05T14:34:34+00:00","dateModified":"2023-04-19T10:48:46+00:00","description":"Treten Sie der Bike 43-gemeinschaft bei, dem Longtail-Fahrrad f\u00fcr Familien. Gute Ratschl\u00e4ge, das Teilen von Erinnerungen, Tipps und Tricks mit anderen Nutzern.","breadcrumb":{"@id":"https:\/\/bike43.com\/de\/gemeinschaft\/#breadcrumb"},"inLanguage":"de-DE","potentialAction":[{"@type":"ReadAction","target":["https:\/\/bike43.com\/de\/gemeinschaft\/"]}]},{"@type":"BreadcrumbList","@id":"https:\/\/bike43.com\/de\/gemeinschaft\/#breadcrumb","itemListElement":[{"@type":"ListItem","position":1,"name":"Home","item":"https:\/\/bike43.com\/de\/"},{"@type":"ListItem","position":2,"name":"Community"}]},{"@type":"WebSite","@id":"https:\/\/bike43.com\/de\/#website","url":"https:\/\/bike43.com\/de\/","name":"Long tail cargo bike - Bike 43, the family electric bike","description":"Bike43 modular long taill bike - Because life is not a straight line","publisher":{"@id":"https:\/\/bike43.com\/de\/#organization"},"alternateName":"Family longtail bike - Bike 43","potentialAction":[{"@type":"SearchAction","target":{"@type":"EntryPoint","urlTemplate":"https:\/\/bike43.com\/de\/?s={search_term_string}"},"query-input":{"@type":"PropertyValueSpecification","valueRequired":true,"valueName":"search_term_string"}}],"inLanguage":"de-DE"},{"@type":"Organization","@id":"https:\/\/bike43.com\/de\/#organization","name":"Bike 43","url":"https:\/\/bike43.com\/de\/","logo":{"@type":"ImageObject","inLanguage":"de-DE","@id":"https:\/\/bike43.com\/de\/#\/schema\/logo\/image\/","url":"https:\/\/bike43.com\/app\/uploads\/2022\/11\/logo-1.png","contentUrl":"https:\/\/bike43.com\/app\/uploads\/2022\/11\/logo-1.png","width":416,"height":254,"caption":"Bike 43"},"image":{"@id":"https:\/\/bike43.com\/de\/#\/schema\/logo\/image\/"},"sameAs":["https:\/\/www.facebook.com\/Bike43\/","https:\/\/x.com\/bike43com","https:\/\/www.instagram.com\/bike43\/"]}]}},"_links":{"self":[{"href":"https:\/\/bike43.com\/de\/wp-json\/wp\/v2\/pages\/2356","targetHints":{"allow":["GET"]}}],"collection":[{"href":"https:\/\/bike43.com\/de\/wp-json\/wp\/v2\/pages"}],"about":[{"href":"https:\/\/bike43.com\/de\/wp-json\/wp\/v2\/types\/page"}],"author":[{"embeddable":true,"href":"https:\/\/bike43.com\/de\/wp-json\/wp\/v2\/users\/1"}],"replies":[{"embeddable":true,"href":"https:\/\/bike43.com\/de\/wp-json\/wp\/v2\/comments?post=2356"}],"version-history":[{"count":7,"href":"https:\/\/bike43.com\/de\/wp-json\/wp\/v2\/pages\/2356\/revisions"}],"predecessor-version":[{"id":4355,"href":"https:\/\/bike43.com\/de\/wp-json\/wp\/v2\/pages\/2356\/revisions\/4355"}],"wp:attachment":[{"href":"https:\/\/bike43.com\/de\/wp-json\/wp\/v2\/media?parent=2356"}],"curies":[{"name":"wp","href":"https:\/\/api.w.org\/{rel}","templated":true}]}}