{"id":2353,"date":"2022-10-06T15:34:33","date_gmt":"2022-10-06T15:34:33","guid":{"rendered":"https:\/\/bike43.com\/contact\/"},"modified":"2026-01-05T20:58:07","modified_gmt":"2026-01-05T20:58:07","slug":"contact","status":"publish","type":"page","link":"https:\/\/bike43.com\/de\/contact\/","title":{"rendered":"Kontakt"},"content":{"rendered":"","protected":false},"excerpt":{"rendered":"","protected":false},"author":1,"featured_media":0,"parent":0,"menu_order":0,"comment_status":"closed","ping_status":"closed","template":"template-page.blade.php","meta":{"_acf_changed":false,"inline_featured_image":false,"footnotes":""},"class_list":["post-2353","page","type-page","status-publish","hentry"],"acf":{"header":{"header_type":"no_header","header_1":{"title":"","select_type":"link_video","image":null,"image_mobile":null,"link_video":null,"file_video":null,"picture_loading":null},"header_2":{"title":"","content":"","button":null,"image":null,"rounded_image":false,"logo_join_the_club":null,"background_color":""},"header_swiper":{"items":null},"header_buttons_color":{"title":"","logo":null,"use_images_mobiles":false,"items":null},"header_text_image":{"title":"","content":"","image":null,"background_color":""}},"body":[{"acf_fc_layout":"section_contact_form","title":"Kontakt","content":"Im Jahr 2011 stellte sich Etienne Richelle ein Fahrrad vor, mit dem seine Frau, die keinen F\u00fchrerschein hat, ihre Kinder problemlos zur Schule bringen kann.\r\n\r\n&nbsp;\r\n\r\nAus dem Projekt wurde dann ein Unternehmen, das \"Longtail\"-Fahrr\u00e4der f\u00fcr Familien entwickelt und herstellt. Das Fahrrad wird f\u00fcr seine Zuverl\u00e4ssigkeit, sein sauberes Design, seinen Fahrkomfort und seine st\u00e4ndige Weiterentwicklung sehr gesch\u00e4tzt.\r\n\r\n&nbsp;\r\n\r\nIm Jahr 2022 sto\u00dfen Miguel Vandamme und Thibaut Dehem zu Etienne, um dem Projekt neuen Schwung zu verleihen.\r\nDie Produktion wird hochgefahren und es wird das Ziel gesetzt, \"10.000 Autos zu ersetzen\".\r\n\r\n&nbsp;\r\n","form_js":"","form_title":"","form":"2","visibility":true},{"acf_fc_layout":"section_content_video","title":"<span style=\"color: #8bae75;\">Lokale<\/span> Produktion in Br\u00fcssel ","content":"Bike 43 montiert stolz seine Fahrr\u00e4der in Br\u00fcssel. Seit dem Produktionsstart im Jahr 2016 arbeitet das Unternehmen mit einer angepassten Arbeitsst\u00e4tte in Br\u00fcssel zusammen und bietet Besch\u00e4ftigungs- und Reintegrationsm\u00f6glichkeiten f\u00fcr behinderte und sozial benachteiligte Personen. Unter der Leitung von Etienne hat das Team \u2013 haupts\u00e4chlich aus h\u00f6rgesch\u00e4digten Personen bestehend \u2013 au\u00dfergew\u00f6hnliche mechanische F\u00e4higkeiten entwickelt.","vimeo_video":"https:\/\/vimeo.com\/934581794","visibility":true,"margin_top":"small","margin_bottom":"small"},{"acf_fc_layout":"section_content_small_images","place_image_right":true,"title":"","content":"Etwa 80 % des Werts der Fahrr\u00e4der stammen von Komponenten, die in Europa hergestellt werden. Die Rahmen werden sorgf\u00e4ltig von Hand in Osteuropa aus hochwertigem Chromoly-Stahl geschwei\u00dft. Die Motoren werden von Shimano und Bosch bezogen, w\u00e4hrend das Einspeichen der Fahrradr\u00e4der in der Bretagne erfolgt.\r\n\r\n&nbsp;\r\n\r\nDie Vision der lokalen Produktion war ein Gr\u00fcndungsprinzip von Bike 43, das es in einer \u00fcberwiegend in Asien ans\u00e4ssigen Branche abhebt. Diese strategische Wahl erm\u00f6glicht schnelle Iterationen und kontinuierliche Verbesserungen der Produktdesigns. Das Unternehmen hat \u00fcber 30 Versionen seiner Rahmen entwickelt und kontinuierlich sein Zubeh\u00f6r-\u00d6kosystem innoviert, mit einem Fokus auf Sicherheit f\u00fcr Kinder, Bequemlichkeit f\u00fcr Familien und einfacher Montage f\u00fcr Mechaniker.\r\n\r\n&nbsp;\r\n\r\nHeute werden wir als Vision\u00e4re in der Branche anerkannt, die an vorderster Front der Bewegung zur R\u00fcckverlagerung der Produktion standen, angetrieben durch globale logistische Herausforderungen und steigende Kosten.","images":[{"image":9827},{"image":9832},{"image":9832},{"image":9844}],"visibility":true,"margin_top":"small","margin_bottom":"small"}]},"yoast_head":"<!-- This site is optimized with the Yoast SEO plugin v25.3.1 - https:\/\/yoast.com\/wordpress\/plugins\/seo\/ -->\n<title>Kontakt - Bike43 - Family cargo bike - Mid &amp; Long Tail<\/title>\n<meta name=\"robots\" content=\"index, follow, max-snippet:-1, max-image-preview:large, max-video-preview:-1\" \/>\n<link rel=\"canonical\" href=\"https:\/\/bike43.com\/de\/contact\/\" \/>\n<meta property=\"og:locale\" content=\"de_DE\" \/>\n<meta property=\"og:type\" content=\"article\" \/>\n<meta property=\"og:title\" content=\"Kontakt - Bike43 - Family cargo bike - Mid &amp; Long Tail\" \/>\n<meta property=\"og:url\" content=\"https:\/\/bike43.com\/de\/contact\/\" \/>\n<meta property=\"og:site_name\" content=\"Bike43 - Family cargo bike - Mid &amp; Long Tail\" \/>\n<meta property=\"article:publisher\" content=\"https:\/\/www.facebook.com\/Bike43\/\" \/>\n<meta property=\"article:modified_time\" content=\"2026-01-05T20:58:07+00:00\" \/>\n<meta property=\"og:image\" content=\"https:\/\/bike43.com\/app\/uploads\/2022\/11\/OG-Bike43.jpg\" \/>\n\t<meta property=\"og:image:width\" content=\"1588\" \/>\n\t<meta property=\"og:image:height\" content=\"888\" \/>\n\t<meta property=\"og:image:type\" content=\"image\/jpeg\" \/>\n<meta name=\"twitter:card\" content=\"summary_large_image\" \/>\n<meta name=\"twitter:site\" content=\"@bike43com\" \/>\n<script type=\"application\/ld+json\" class=\"yoast-schema-graph\">{\"@context\":\"https:\/\/schema.org\",\"@graph\":[{\"@type\":\"WebPage\",\"@id\":\"https:\/\/bike43.com\/de\/contact\/\",\"url\":\"https:\/\/bike43.com\/de\/contact\/\",\"name\":\"Kontakt - Bike43 - Family cargo bike - Mid &amp; Long Tail\",\"isPartOf\":{\"@id\":\"https:\/\/bike43.com\/de\/#website\"},\"datePublished\":\"2022-10-06T15:34:33+00:00\",\"dateModified\":\"2026-01-05T20:58:07+00:00\",\"breadcrumb\":{\"@id\":\"https:\/\/bike43.com\/de\/contact\/#breadcrumb\"},\"inLanguage\":\"de-DE\",\"potentialAction\":[{\"@type\":\"ReadAction\",\"target\":[\"https:\/\/bike43.com\/de\/contact\/\"]}]},{\"@type\":\"BreadcrumbList\",\"@id\":\"https:\/\/bike43.com\/de\/contact\/#breadcrumb\",\"itemListElement\":[{\"@type\":\"ListItem\",\"position\":1,\"name\":\"Home\",\"item\":\"https:\/\/bike43.com\/de\/\"},{\"@type\":\"ListItem\",\"position\":2,\"name\":\"Kontakt\"}]},{\"@type\":\"WebSite\",\"@id\":\"https:\/\/bike43.com\/de\/#website\",\"url\":\"https:\/\/bike43.com\/de\/\",\"name\":\"Long tail cargo bike - Bike 43, the family electric bike\",\"description\":\"Bike43 modular long taill bike - Because life is not a straight line\",\"publisher\":{\"@id\":\"https:\/\/bike43.com\/de\/#organization\"},\"alternateName\":\"Family longtail bike - Bike 43\",\"potentialAction\":[{\"@type\":\"SearchAction\",\"target\":{\"@type\":\"EntryPoint\",\"urlTemplate\":\"https:\/\/bike43.com\/de\/?s={search_term_string}\"},\"query-input\":{\"@type\":\"PropertyValueSpecification\",\"valueRequired\":true,\"valueName\":\"search_term_string\"}}],\"inLanguage\":\"de-DE\"},{\"@type\":\"Organization\",\"@id\":\"https:\/\/bike43.com\/de\/#organization\",\"name\":\"Bike 43\",\"url\":\"https:\/\/bike43.com\/de\/\",\"logo\":{\"@type\":\"ImageObject\",\"inLanguage\":\"de-DE\",\"@id\":\"https:\/\/bike43.com\/de\/#\/schema\/logo\/image\/\",\"url\":\"https:\/\/bike43.com\/app\/uploads\/2022\/11\/logo-1.png\",\"contentUrl\":\"https:\/\/bike43.com\/app\/uploads\/2022\/11\/logo-1.png\",\"width\":416,\"height\":254,\"caption\":\"Bike 43\"},\"image\":{\"@id\":\"https:\/\/bike43.com\/de\/#\/schema\/logo\/image\/\"},\"sameAs\":[\"https:\/\/www.facebook.com\/Bike43\/\",\"https:\/\/x.com\/bike43com\",\"https:\/\/www.instagram.com\/bike43\/\"]}]}<\/script>\n<!-- \/ Yoast SEO plugin. -->","yoast_head_json":{"title":"Kontakt - Bike43 - Family cargo bike - Mid &amp; Long Tail","robots":{"index":"index","follow":"follow","max-snippet":"max-snippet:-1","max-image-preview":"max-image-preview:large","max-video-preview":"max-video-preview:-1"},"canonical":"https:\/\/bike43.com\/de\/contact\/","og_locale":"de_DE","og_type":"article","og_title":"Kontakt - Bike43 - Family cargo bike - Mid &amp; Long Tail","og_url":"https:\/\/bike43.com\/de\/contact\/","og_site_name":"Bike43 - Family cargo bike - Mid &amp; Long Tail","article_publisher":"https:\/\/www.facebook.com\/Bike43\/","article_modified_time":"2026-01-05T20:58:07+00:00","og_image":[{"width":1588,"height":888,"url":"https:\/\/bike43.com\/app\/uploads\/2022\/11\/OG-Bike43.jpg","type":"image\/jpeg"}],"twitter_card":"summary_large_image","twitter_site":"@bike43com","schema":{"@context":"https:\/\/schema.org","@graph":[{"@type":"WebPage","@id":"https:\/\/bike43.com\/de\/contact\/","url":"https:\/\/bike43.com\/de\/contact\/","name":"Kontakt - Bike43 - Family cargo bike - Mid &amp; Long Tail","isPartOf":{"@id":"https:\/\/bike43.com\/de\/#website"},"datePublished":"2022-10-06T15:34:33+00:00","dateModified":"2026-01-05T20:58:07+00:00","breadcrumb":{"@id":"https:\/\/bike43.com\/de\/contact\/#breadcrumb"},"inLanguage":"de-DE","potentialAction":[{"@type":"ReadAction","target":["https:\/\/bike43.com\/de\/contact\/"]}]},{"@type":"BreadcrumbList","@id":"https:\/\/bike43.com\/de\/contact\/#breadcrumb","itemListElement":[{"@type":"ListItem","position":1,"name":"Home","item":"https:\/\/bike43.com\/de\/"},{"@type":"ListItem","position":2,"name":"Kontakt"}]},{"@type":"WebSite","@id":"https:\/\/bike43.com\/de\/#website","url":"https:\/\/bike43.com\/de\/","name":"Long tail cargo bike - Bike 43, the family electric bike","description":"Bike43 modular long taill bike - Because life is not a straight line","publisher":{"@id":"https:\/\/bike43.com\/de\/#organization"},"alternateName":"Family longtail bike - Bike 43","potentialAction":[{"@type":"SearchAction","target":{"@type":"EntryPoint","urlTemplate":"https:\/\/bike43.com\/de\/?s={search_term_string}"},"query-input":{"@type":"PropertyValueSpecification","valueRequired":true,"valueName":"search_term_string"}}],"inLanguage":"de-DE"},{"@type":"Organization","@id":"https:\/\/bike43.com\/de\/#organization","name":"Bike 43","url":"https:\/\/bike43.com\/de\/","logo":{"@type":"ImageObject","inLanguage":"de-DE","@id":"https:\/\/bike43.com\/de\/#\/schema\/logo\/image\/","url":"https:\/\/bike43.com\/app\/uploads\/2022\/11\/logo-1.png","contentUrl":"https:\/\/bike43.com\/app\/uploads\/2022\/11\/logo-1.png","width":416,"height":254,"caption":"Bike 43"},"image":{"@id":"https:\/\/bike43.com\/de\/#\/schema\/logo\/image\/"},"sameAs":["https:\/\/www.facebook.com\/Bike43\/","https:\/\/x.com\/bike43com","https:\/\/www.instagram.com\/bike43\/"]}]}},"_links":{"self":[{"href":"https:\/\/bike43.com\/de\/wp-json\/wp\/v2\/pages\/2353","targetHints":{"allow":["GET"]}}],"collection":[{"href":"https:\/\/bike43.com\/de\/wp-json\/wp\/v2\/pages"}],"about":[{"href":"https:\/\/bike43.com\/de\/wp-json\/wp\/v2\/types\/page"}],"author":[{"embeddable":true,"href":"https:\/\/bike43.com\/de\/wp-json\/wp\/v2\/users\/1"}],"replies":[{"embeddable":true,"href":"https:\/\/bike43.com\/de\/wp-json\/wp\/v2\/comments?post=2353"}],"version-history":[{"count":13,"href":"https:\/\/bike43.com\/de\/wp-json\/wp\/v2\/pages\/2353\/revisions"}],"predecessor-version":[{"id":11423,"href":"https:\/\/bike43.com\/de\/wp-json\/wp\/v2\/pages\/2353\/revisions\/11423"}],"wp:attachment":[{"href":"https:\/\/bike43.com\/de\/wp-json\/wp\/v2\/media?parent=2353"}],"curies":[{"name":"wp","href":"https:\/\/api.w.org\/{rel}","templated":true}]}}