{"id":10269,"date":"2025-07-27T21:13:05","date_gmt":"2025-07-27T21:13:05","guid":{"rendered":"https:\/\/bike43.com\/lange-staart-cargofiets-gezinnen-familiefiets\/"},"modified":"2026-01-23T13:25:12","modified_gmt":"2026-01-23T13:25:12","slug":"longtail-lastenrad-familien","status":"publish","type":"page","link":"https:\/\/bike43.com\/de\/longtail-lastenrad-familien\/","title":{"rendered":"Long &#8211; Longtail Lastenrad Familien"},"content":{"rendered":"","protected":false},"excerpt":{"rendered":"","protected":false},"author":3,"featured_media":0,"parent":0,"menu_order":0,"comment_status":"closed","ping_status":"closed","template":"template-page.blade.php","meta":{"_acf_changed":false,"inline_featured_image":false,"footnotes":""},"class_list":["post-10269","page","type-page","status-publish","hentry"],"acf":{"header":{"header_type":"header_buttons_color","header_1":{"title":"Technical specifications","select_type":"image","image":2450,"image_mobile":2453,"link_video":null,"file_video":null,"picture_loading":null},"header_2":{"title":"","content":"","button":null,"image":null,"rounded_image":false,"logo_join_the_club":null,"background_color":""},"header_swiper":{"items":null},"header_buttons_color":{"title":"Familienrad","logo":9399,"use_images_mobiles":false,"items":[{"background_color":"#9fd0cb","text_color":"white","video":10128,"image_mobile":null,"infos":[{"title":"Ger\u00e4umig","text":"Bis zu 4 Kinder hinten"},{"title":"Individuell anpassbar  ","text":"Mehr als 20 Zubeh\u00f6rteile"}],"color_title":"Farbe \u2013 T\u00fcrkis","button":{"title":"Konfiguriere dein Bike","url":"https:\/\/bike43.com\/de\/preise-familien-lastenrad\/","target":""}},{"background_color":"#516066","text_color":"white","video":10123,"image_mobile":null,"infos":[{"title":"Ger\u00e4umig","text":"Bis zu 4 Kinder hinten"},{"title":"Individuell anpassbar  ","text":"Mehr als 20 Zubeh\u00f6rteile"}],"color_title":"Farbe \u2013 Anthrazit","button":{"title":"Konfiguriere dein Bike","url":"https:\/\/bike43.com\/de\/preise-familien-lastenrad\/","target":""}},{"background_color":"#c74457","text_color":"white","video":10133,"image_mobile":null,"infos":[{"title":"Ger\u00e4umig","text":"Bis zu 4 Kinder hinten"},{"title":"Individuell anpassbar  ","text":"Mehr als 20 Zubeh\u00f6rteile"}],"color_title":"Farbe \u2013 Himbeere","button":{"title":"Konfiguriere dein Bike","url":"https:\/\/bike43.com\/de\/preise-familien-lastenrad\/","target":""}},{"background_color":"#e9b833","text_color":"white","video":10138,"image_mobile":null,"infos":[{"title":"Ger\u00e4umig","text":"Bis zu 4 Kinder hinten"},{"title":"Individuell anpassbar  ","text":"Mehr als 20 Zubeh\u00f6rteile"}],"color_title":"Farbe \u2013 Ginster\u00adgelb","button":{"title":"Konfiguriere dein Bike","url":"https:\/\/bike43.com\/de\/preise-familien-lastenrad\/","target":""}}]},"header_text_image":{"title":"","content":"","image":null,"background_color":""}},"body":[{"acf_fc_layout":"section_text_cta_cards","title":"Ihr Bike 43 w\u00e4chst mit Ihrer Familie.","description":"Bis zu 4 Kinder auf demselben Rad","button":{"title":"Modelle vergleichen","url":"https:\/\/bike43.com\/de\/preise-familien-lastenrad\/","target":""},"items":[{"tag":9399,"tag_color":"#84c3be","image":10171,"infos":{"number_persons":"X1","dimensions":"200cm","weight":"200kg"},"description":""},{"tag":9399,"tag_color":"#84c3be","image":10166,"infos":{"number_persons":"x2","dimensions":"200cm","weight":"200kg"},"description":""},{"tag":9399,"tag_color":"#84c3be","image":10161,"infos":{"number_persons":"X3","dimensions":"200cm","weight":"200kg"},"description":""},{"tag":9399,"tag_color":"#84c3be","image":10156,"infos":{"number_persons":"X4","dimensions":"200cm","weight":"200kg"},"description":""}],"visibility":true,"background_color":"beige","margin_top":"small","margin_bottom":"small"},{"acf_fc_layout":"section_card_slider","slides":[{"heading":"Superkr\u00e4fte","title":"Leicht zu fahren.","content":"Das Bike 43 hat einen niedrigen Einstiegh\u00f6he. Sie k\u00f6nnen sich auch f\u00fcr einen Schnelllifter entscheiden, um die Lenker- und Sitzh\u00f6he einzustellen. Dieses Bike passt f\u00fcr alle.","image":2275},{"heading":"Superkr\u00e4fte","title":"Kompakte Gr\u00f6\u00dfe.","content":"Das Bike 43 ist nur 10cm (4\u2033) l\u00e4nger als ein normales Bike. Es l\u00e4sst sich genauso einfach abstellen, sogar senkrecht zu Hause, und passt auf einen Fahrradtr\u00e4ger am Auto, um es mitzunehmen.","image":2274},{"heading":"Superkr\u00e4fte","title":"Doppel-X-Rahmenkonstruktion.","content":"Die Doppel-X-Rahmenkonstruktion sorgt f\u00fcr Steifigkeit, wo und wann Sie sie brauchen. Abbiegen, Bremsen und Beschleunigen ist f\u00fcr alle Radfahrer selbstverst\u00e4ndlich und sicher.","image":2273},{"heading":"Superkr\u00e4fte","title":"Niedriger Schwerpunkt.","content":"Niedriger Schwerpunkt dank eines kleinen 20\u2033-Hinterrads und einer sehr niedrigen Batterieposition.\r\nKomfort - Das gr\u00f6\u00dfere 24er Vorderrad rollt sanft \u00fcber Hindernisse.","image":2271},{"heading":"Superkr\u00e4fte","title":"Kompatibilit\u00e4t zu mehreren Motoren.","content":"Das Bike 43 ist nicht an einen bestimmten Motortyp gebunden. Durch Adaptor kann es leicht gegen ein neues Modell getauscht werden.","image":2270},{"heading":"Superkr\u00e4fte","title":"Nabenschaltung.","content":"Nabenschaltung f\u00fcr unschlagbare Zuverl\u00e4ssigkeit, vergessen Sie Ihre H\u00e4nde schmutzig zu machen. Einfacher Gangwechsel auch im Stillstand und keine Wartung n\u00f6tig. W\u00e4hlen Sie zwischen manuellen, eShift oder stufenlosen G\u00e4ngen.","image":2269}],"display_numbers":false,"image_full_size":false,"visibility":true,"background_color":"beige","margin_top":"small","margin_bottom":"small"},{"acf_fc_layout":"section_two_columns","title":"Treffen Sie Ihre Wahl","column1":{"logo":2194,"title":"Shimano","content":"Der Shimano Steps-Motor befindet sich im Tretlager. Die wichtigsten elektronischen Komponenten sind in den Motor integriert, um Witterungseinfl\u00fcssen standzuhalten. Das Shimano Steps-System ist leicht, verf\u00fcgt \u00fcber einen leistungsstarken Lithium-Ionen-Akku und ein intelligentes Batteriemanagementsystem."},"column2":{"logo":2195,"title":"Bosch","content":"Der Bosch Performance Line PX Motor liefert ein Drehmoment von bis zu 90 Nm und erm\u00f6glicht es, schwere Lasten zu bewegen und Steigungen mit Leichtigkeit zu bew\u00e4ltigen. Die Unterst\u00fctzung durch den Performance Line PX-Antriebsstrang ist leistungsstark und umfasst einen Automatikmodus, der die Unterst\u00fctzung w\u00e4hrend der Fahrt anpasst."},"visibility":true,"background_color":"beige","margin_top":"small","margin_bottom":"small"},{"acf_fc_layout":"section_grid_images_content","title":"Raffiniert bis ins Detail","images":[{"image":2220,"title":"Fu\u00dfbox","content":"Das innovative, einzigartige und patentierte Foot Box System nimmt die Beine des ersten Kindes auf und sch\u00fctzt vor Kollisionen mit den F\u00fc\u00dfen des Fahrers. Es spart 15 cm Tr\u00e4gerl\u00e4nge ein, um einen zus\u00e4tzlichen Beifahrer mitzunehmen."},{"image":5238,"title":"Stabiler St\u00e4nder","content":"Ein zweibeiniger, speziell angefertigter St\u00e4nder f\u00fcr sicheres einfaches Be- und Entladen."},{"image":5243,"title":"Hydraulische Scheibenbremsen","content":"Leistungsstarke hydraulische Scheibenbremsen f\u00fcr maximale Sicherheit - 4 Kolben mit 203mm Rotor (je nach Modell)"},{"image":2223,"title":"Speedlifter-Lenker","content":"Einfaches Verstellen."},{"image":2224,"title":"Ein Schl\u00fcsselsystem","content":"Ein Schl\u00fcssel f\u00fcr alles. Das Batterieschloss wird mit einem YourPlus-Schloss von Abus geliefert. Sie k\u00f6nnen Schl\u00fcssel nachbestellen und weitere Schl\u00f6sser von Abus mit demselben Schl\u00fcssel bestellen, auch Jahre nach dem urspr\u00fcnglichen Kauf"},{"image":5248,"title":"Nabenschaltung","content":"Nabenschaltung f\u00fcr unschlagbare Zuverl\u00e4ssigkeit, leichtes Schalten auch im Stand, keine Wartung und kein Kettenabwurf. Alle neuen Bike 43 spezifischen Shimano Inter Nexus 5E, Enviolo und Enviolo AutomatiQ."},{"image":5253,"title":"Pannensichere Reifen","content":"Um Pannen w\u00e4hrend der Fahrt zu vermeiden. Der empfohlene Reifendruck betr\u00e4gt 3,5 bar."},{"image":2229,"title":"Lichter","content":"Leistungsstarke Front- und R\u00fccklichter zum Sehen und Gesehen werden"},{"image":2230,"title":"Bosch oder Shimano","content":"Die Motoren werden mit speziellen Adaptern am Rahmen befestigt."},{"image":2231,"title":"Rahmen","content":"Leichter Chromoly-Stahl absorbiert St\u00f6\u00dfe und bietet ein stabiles und sicheres Fahrgef\u00fchl."},{"image":11159,"title":"Akku-Paket","content":"800Wh Akkupack f\u00fcr Bosch und 630Wh f\u00fcr Shimano."},{"image":10391,"title":"Display","content":"Komfortable Anzeige am Lenker."}],"visibility":true,"background_color":"beige","margin_top":"large","margin_bottom":"large"},{"acf_fc_layout":"section_statistics_numbers","title":"Einige Statistiken","numbers":[{"number":20000000,"unit":"km +","content":"km gefahren"},{"number":2150000,"unit":"+","content":"kg eingespartes CO2"},{"number":30,"unit":"kg","content":"Gewicht des Fahrrads"}],"visibility":true,"background_color":"white","margin_top":"large","margin_bottom":"small"},{"acf_fc_layout":"section_horizontal_scroll","items":[{"image":9607,"title":"Welches Rad passt zu deiner Familie?","text":"Das richtige Rad zu w\u00e4hlen ist nicht immer einfach \u2014 besonders wenn es sich um eine langfristige Investition f\u00fcr die ganze Familie handelt!\r\n\r\n"},{"image":9594,"title":"Welches Rad passt zu deiner Familie?","text":"Das richtige Rad zu w\u00e4hlen ist nicht immer einfach \u2014 besonders wenn es sich um eine langfristige Investition f\u00fcr die ganze Familie handelt!\r\n\r\n"}],"modal_button":true,"button":"Quiz starten","modal":"<div data-tf-live=\"01JX9SV0N3PNB39BSSEGC7MRQH\"><\/div><script src=\"\/\/embed.typeform.com\/next\/embed.js\"><\/script>","visibility":true,"background_color":"beige","margin_top":"small","margin_bottom":"small"},{"acf_fc_layout":"section_title_image","title":"Eine Gr\u00f6\u00dfe f\u00fcr alle \u2013 alles auf einem Bike!","image":10103,"visibility":true,"background_color":"white","margin_top":"small","margin_bottom":"small"},{"acf_fc_layout":"section_three_cards","title":"Mehr als 20 Zubeh\u00f6rteile","button":"","accessories":[5748,4290,2606],"visibility":true,"background_color":"beige","margin_top":"small","margin_bottom":"small"},{"acf_fc_layout":"section_technical_specifications","title":"<h2>Technische Spezifikationen<\/h2>\r\n","content":"<strong>Motor<\/strong>\r\n<span style=\"font-weight: 400;\">Bosch Smart System Gen5 Performance Line PX 90Nm 700W \/ Shimano EP6 Cargo 85Nm 500W<\/span>\r\n\r\n<strong>Akku<\/strong>\r\n<span style=\"font-weight: 400;\">Bosch Power Pack 800Wh \/ Shimano 630 Wh<\/span>\r\n\r\n<strong>Motor-Interface<\/strong>\r\n<span style=\"font-weight: 400;\">Bosch Purion 200 Smart System \/ Shimano SC-EN500<\/span>\r\n\r\n<strong>Bremsen<\/strong>\r\n<span style=\"font-weight: 400;\">Shimano BR-MT200 2-Kolben-Bremszangen mit 180 mm Scheiben vorne und hinten<\/span>\r\n<span style=\"font-weight: 400;\">Shimano BR-MT420 4-Kolben-Bremszangen mit 203 mm vorne und 180 mm hinten<\/span>\r\n<span style=\"font-weight: 400;\">Externe Kabelf\u00fchrung (wartungsfreundlich)<\/span>\r\n\r\n<span style=\"font-weight: 400;\"><strong>Footbox<\/strong>\r\nBike43 patentiert (hauseigene Erfindung, um ein weiteres Kind mitzunehmen)<\/span>\r\n\r\n<span style=\"font-weight: 400;\"><strong>Gabel<\/strong>\r\nBike43 starre Gabel (einfach und robust)<\/span>\r\n\r\n<span style=\"font-weight: 400;\"><strong>St\u00e4nder<\/strong>\r\nBike43 stabiler und sehr robuster St\u00e4nder<\/span>\r\n\r\n<span style=\"font-weight: 400;\"><strong>Lenker<\/strong>\r\nBackswept 620 mm (komfortable Form f\u00fcr den Stadtverkehr)<\/span>\r\n\r\n<span style=\"font-weight: 400;\"><strong>Sattel<\/strong>\r\nBike43 Ergo-Sattel mit hoher Belastbarkeit<\/span>\r\n\r\n<span style=\"font-weight: 400;\"><strong>Sattelst\u00fctze<\/strong>\r\nVerstellbare Satori Sorata 31,6 mm (eine optimale Wahl f\u00fcr mehrere Nutzer)<\/span>\r\n","card_or_content":false,"card":{"title":"","content":"","download_file":null,"button_download":""},"content_right":"<span style=\"font-weight: 400;\"><strong>Reifen<\/strong>\r\nCST Brooklyn Pro 20x2.44\u201d \/ 24x2.16\u201d<\/span>\r\n\r\n<span style=\"font-weight: 400;\"><strong>Felgen<\/strong>\r\nMach1 Trucky 30 (sehr robuste Doppelwand-Fahrradfelgen)<\/span>\r\n\r\n<span style=\"font-weight: 400;\"><strong>Speichen<\/strong>\r\nMach1 2,3 mm Durchmesser (heavy duty)<\/span>\r\n\r\n<span style=\"font-weight: 400;\"><strong>Vorderradnabe<\/strong>\r\nBike43 Vorderradnabe, 36-Loch, Achse mit Mutter<\/span>\r\n\r\n<span style=\"font-weight: 400;\"><strong>Hinterradnabe<\/strong>\r\nShimano Nexus5 Nabenschaltung (wartungsfrei, kein Kettenabwurf und Gangwechsel auch im Stand m\u00f6glich)<\/span>\r\n\r\n<span style=\"font-weight: 400;\"><strong>Frontlicht<\/strong>\r\nHermans MR5 (starke Leuchtkraft)<\/span>\r\n\r\n<span style=\"font-weight: 400;\"><strong>R\u00fccklicht<\/strong>\r\nSpanninga Pimento Large XEr mit Bremslicht<\/span>\r\n\r\n<span style=\"font-weight: 400;\"><strong>Schutzbleche<\/strong>\r\nBike43 Schutzbleche mit interner Kabelf\u00fchrung<\/span>\r\n\r\n<span style=\"font-weight: 400;\"><strong>Kettenschutz<\/strong>\r\nHebie Chainglider Open<\/span>\r\n\r\n<span style=\"font-weight: 400;\"><strong>Kette<\/strong>\r\nKMC e1-EPT rostfrei (eine der st\u00e4rksten Ketten auf dem Markt)<\/span>\r\n","visibility":true,"background_color":"beige","margin_top":"large","margin_bottom":"small"},{"acf_fc_layout":"section_cards_list","title":"","cards":[{"is_image":false,"image":null,"icon":{"icon":"0","icon_type":"duotone"},"title":"","content":""},{"is_image":false,"image":null,"icon":{"icon":"0","icon_type":"duotone"},"title":"","content":""},{"is_image":false,"image":null,"icon":{"icon":"0","icon_type":"duotone"},"title":"","content":""},{"is_image":false,"image":null,"icon":{"icon":"0","icon_type":"duotone"},"title":"","content":""},{"is_image":false,"image":null,"icon":{"icon":"0","icon_type":"duotone"},"title":"","content":""},{"is_image":false,"image":null,"icon":{"icon":"0","icon_type":"duotone"},"title":"","content":""}],"visibility":false,"background_color":"beige","margin_top":"large","margin_bottom":"small"}]},"yoast_head":"<!-- This site is optimized with the Yoast SEO plugin v25.3.1 - https:\/\/yoast.com\/wordpress\/plugins\/seo\/ -->\n<title>Family longtail bike - Bike 43, the family electric bike<\/title>\n<meta name=\"description\" content=\"The longtail 43 bike for large families with up to three children. Bicycle designed for your daily commute in the city or for family rides.\" \/>\n<meta name=\"robots\" content=\"index, follow, max-snippet:-1, max-image-preview:large, max-video-preview:-1\" \/>\n<link rel=\"canonical\" href=\"https:\/\/bike43.com\/de\/longtail-lastenrad-familien\/\" \/>\n<meta property=\"og:locale\" content=\"de_DE\" \/>\n<meta property=\"og:type\" content=\"article\" \/>\n<meta property=\"og:title\" content=\"Family longtail bike - Bike 43, the family electric bike\" \/>\n<meta property=\"og:description\" content=\"The longtail 43 bike for large families with up to three children. Bicycle designed for your daily commute in the city or for family rides.\" \/>\n<meta property=\"og:url\" content=\"https:\/\/bike43.com\/de\/longtail-lastenrad-familien\/\" \/>\n<meta property=\"og:site_name\" content=\"Bike43 - Family cargo bike - Mid &amp; Long Tail\" \/>\n<meta property=\"article:publisher\" content=\"https:\/\/www.facebook.com\/Bike43\/\" \/>\n<meta property=\"article:modified_time\" content=\"2026-01-23T13:25:12+00:00\" \/>\n<meta property=\"og:image\" content=\"https:\/\/bike43.com\/app\/uploads\/2022\/11\/OG-Bike43.jpg\" \/>\n\t<meta property=\"og:image:width\" content=\"1588\" \/>\n\t<meta property=\"og:image:height\" content=\"888\" \/>\n\t<meta property=\"og:image:type\" content=\"image\/jpeg\" \/>\n<meta name=\"twitter:card\" content=\"summary_large_image\" \/>\n<meta name=\"twitter:site\" content=\"@bike43com\" \/>\n<script type=\"application\/ld+json\" class=\"yoast-schema-graph\">{\"@context\":\"https:\/\/schema.org\",\"@graph\":[{\"@type\":\"WebPage\",\"@id\":\"https:\/\/bike43.com\/de\/longtail-lastenrad-familien\/\",\"url\":\"https:\/\/bike43.com\/de\/longtail-lastenrad-familien\/\",\"name\":\"Family longtail bike - Bike 43, the family electric bike\",\"isPartOf\":{\"@id\":\"https:\/\/bike43.com\/de\/#website\"},\"datePublished\":\"2025-07-27T21:13:05+00:00\",\"dateModified\":\"2026-01-23T13:25:12+00:00\",\"description\":\"The longtail 43 bike for large families with up to three children. Bicycle designed for your daily commute in the city or for family rides.\",\"breadcrumb\":{\"@id\":\"https:\/\/bike43.com\/de\/longtail-lastenrad-familien\/#breadcrumb\"},\"inLanguage\":\"de-DE\",\"potentialAction\":[{\"@type\":\"ReadAction\",\"target\":[\"https:\/\/bike43.com\/de\/longtail-lastenrad-familien\/\"]}]},{\"@type\":\"BreadcrumbList\",\"@id\":\"https:\/\/bike43.com\/de\/longtail-lastenrad-familien\/#breadcrumb\",\"itemListElement\":[{\"@type\":\"ListItem\",\"position\":1,\"name\":\"Home\",\"item\":\"https:\/\/bike43.com\/de\/\"},{\"@type\":\"ListItem\",\"position\":2,\"name\":\"Long &#8211; Longtail Lastenrad Familien\"}]},{\"@type\":\"WebSite\",\"@id\":\"https:\/\/bike43.com\/de\/#website\",\"url\":\"https:\/\/bike43.com\/de\/\",\"name\":\"Long tail cargo bike - Bike 43, the family electric bike\",\"description\":\"Bike43 modular long taill bike - Because life is not a straight line\",\"publisher\":{\"@id\":\"https:\/\/bike43.com\/de\/#organization\"},\"alternateName\":\"Family longtail bike - Bike 43\",\"potentialAction\":[{\"@type\":\"SearchAction\",\"target\":{\"@type\":\"EntryPoint\",\"urlTemplate\":\"https:\/\/bike43.com\/de\/?s={search_term_string}\"},\"query-input\":{\"@type\":\"PropertyValueSpecification\",\"valueRequired\":true,\"valueName\":\"search_term_string\"}}],\"inLanguage\":\"de-DE\"},{\"@type\":\"Organization\",\"@id\":\"https:\/\/bike43.com\/de\/#organization\",\"name\":\"Bike 43\",\"url\":\"https:\/\/bike43.com\/de\/\",\"logo\":{\"@type\":\"ImageObject\",\"inLanguage\":\"de-DE\",\"@id\":\"https:\/\/bike43.com\/de\/#\/schema\/logo\/image\/\",\"url\":\"https:\/\/bike43.com\/app\/uploads\/2022\/11\/logo-1.png\",\"contentUrl\":\"https:\/\/bike43.com\/app\/uploads\/2022\/11\/logo-1.png\",\"width\":416,\"height\":254,\"caption\":\"Bike 43\"},\"image\":{\"@id\":\"https:\/\/bike43.com\/de\/#\/schema\/logo\/image\/\"},\"sameAs\":[\"https:\/\/www.facebook.com\/Bike43\/\",\"https:\/\/x.com\/bike43com\",\"https:\/\/www.instagram.com\/bike43\/\"]}]}<\/script>\n<!-- \/ Yoast SEO plugin. -->","yoast_head_json":{"title":"Family longtail bike - Bike 43, the family electric bike","description":"The longtail 43 bike for large families with up to three children. Bicycle designed for your daily commute in the city or for family rides.","robots":{"index":"index","follow":"follow","max-snippet":"max-snippet:-1","max-image-preview":"max-image-preview:large","max-video-preview":"max-video-preview:-1"},"canonical":"https:\/\/bike43.com\/de\/longtail-lastenrad-familien\/","og_locale":"de_DE","og_type":"article","og_title":"Family longtail bike - Bike 43, the family electric bike","og_description":"The longtail 43 bike for large families with up to three children. Bicycle designed for your daily commute in the city or for family rides.","og_url":"https:\/\/bike43.com\/de\/longtail-lastenrad-familien\/","og_site_name":"Bike43 - Family cargo bike - Mid &amp; Long Tail","article_publisher":"https:\/\/www.facebook.com\/Bike43\/","article_modified_time":"2026-01-23T13:25:12+00:00","og_image":[{"width":1588,"height":888,"url":"https:\/\/bike43.com\/app\/uploads\/2022\/11\/OG-Bike43.jpg","type":"image\/jpeg"}],"twitter_card":"summary_large_image","twitter_site":"@bike43com","schema":{"@context":"https:\/\/schema.org","@graph":[{"@type":"WebPage","@id":"https:\/\/bike43.com\/de\/longtail-lastenrad-familien\/","url":"https:\/\/bike43.com\/de\/longtail-lastenrad-familien\/","name":"Family longtail bike - Bike 43, the family electric bike","isPartOf":{"@id":"https:\/\/bike43.com\/de\/#website"},"datePublished":"2025-07-27T21:13:05+00:00","dateModified":"2026-01-23T13:25:12+00:00","description":"The longtail 43 bike for large families with up to three children. Bicycle designed for your daily commute in the city or for family rides.","breadcrumb":{"@id":"https:\/\/bike43.com\/de\/longtail-lastenrad-familien\/#breadcrumb"},"inLanguage":"de-DE","potentialAction":[{"@type":"ReadAction","target":["https:\/\/bike43.com\/de\/longtail-lastenrad-familien\/"]}]},{"@type":"BreadcrumbList","@id":"https:\/\/bike43.com\/de\/longtail-lastenrad-familien\/#breadcrumb","itemListElement":[{"@type":"ListItem","position":1,"name":"Home","item":"https:\/\/bike43.com\/de\/"},{"@type":"ListItem","position":2,"name":"Long &#8211; Longtail Lastenrad Familien"}]},{"@type":"WebSite","@id":"https:\/\/bike43.com\/de\/#website","url":"https:\/\/bike43.com\/de\/","name":"Long tail cargo bike - Bike 43, the family electric bike","description":"Bike43 modular long taill bike - Because life is not a straight line","publisher":{"@id":"https:\/\/bike43.com\/de\/#organization"},"alternateName":"Family longtail bike - Bike 43","potentialAction":[{"@type":"SearchAction","target":{"@type":"EntryPoint","urlTemplate":"https:\/\/bike43.com\/de\/?s={search_term_string}"},"query-input":{"@type":"PropertyValueSpecification","valueRequired":true,"valueName":"search_term_string"}}],"inLanguage":"de-DE"},{"@type":"Organization","@id":"https:\/\/bike43.com\/de\/#organization","name":"Bike 43","url":"https:\/\/bike43.com\/de\/","logo":{"@type":"ImageObject","inLanguage":"de-DE","@id":"https:\/\/bike43.com\/de\/#\/schema\/logo\/image\/","url":"https:\/\/bike43.com\/app\/uploads\/2022\/11\/logo-1.png","contentUrl":"https:\/\/bike43.com\/app\/uploads\/2022\/11\/logo-1.png","width":416,"height":254,"caption":"Bike 43"},"image":{"@id":"https:\/\/bike43.com\/de\/#\/schema\/logo\/image\/"},"sameAs":["https:\/\/www.facebook.com\/Bike43\/","https:\/\/x.com\/bike43com","https:\/\/www.instagram.com\/bike43\/"]}]}},"_links":{"self":[{"href":"https:\/\/bike43.com\/de\/wp-json\/wp\/v2\/pages\/10269","targetHints":{"allow":["GET"]}}],"collection":[{"href":"https:\/\/bike43.com\/de\/wp-json\/wp\/v2\/pages"}],"about":[{"href":"https:\/\/bike43.com\/de\/wp-json\/wp\/v2\/types\/page"}],"author":[{"embeddable":true,"href":"https:\/\/bike43.com\/de\/wp-json\/wp\/v2\/users\/3"}],"replies":[{"embeddable":true,"href":"https:\/\/bike43.com\/de\/wp-json\/wp\/v2\/comments?post=10269"}],"version-history":[{"count":12,"href":"https:\/\/bike43.com\/de\/wp-json\/wp\/v2\/pages\/10269\/revisions"}],"predecessor-version":[{"id":11736,"href":"https:\/\/bike43.com\/de\/wp-json\/wp\/v2\/pages\/10269\/revisions\/11736"}],"wp:attachment":[{"href":"https:\/\/bike43.com\/de\/wp-json\/wp\/v2\/media?parent=10269"}],"curies":[{"name":"wp","href":"https:\/\/api.w.org\/{rel}","templated":true}]}}