{"id":10224,"date":"2025-07-15T22:36:21","date_gmt":"2025-07-15T22:36:21","guid":{"rendered":"https:\/\/bike43.com\/court-moyen-long-velo-familial-cargo\/"},"modified":"2026-03-05T11:27:02","modified_gmt":"2026-03-05T11:27:02","slug":"kurzes-mittleres-langes-familienrad-cargo","status":"publish","type":"page","link":"https:\/\/bike43.com\/de\/","title":{"rendered":"Homepage &#8211;  Kurzes Mittleres Langes Familienrad"},"content":{"rendered":"","protected":false},"excerpt":{"rendered":"","protected":false},"author":3,"featured_media":0,"parent":0,"menu_order":0,"comment_status":"closed","ping_status":"closed","template":"template-page.blade.php","meta":{"_acf_changed":false,"inline_featured_image":false,"footnotes":""},"class_list":["post-10224","page","type-page","status-publish","hentry"],"acf":{"header":{"header_type":"header_swiper","header_1":{"title":"","select_type":"image","image":null,"image_mobile":null,"link_video":null,"file_video":null,"picture_loading":null},"header_2":{"title":"","content":"","button":"","image":null,"rounded_image":false,"logo_join_the_club":null,"background_color":"white"},"header_swiper":{"items":[{"background_color":"#dfb942","image":9343,"title":"Familienrad","logo":54875,"button":{"title":"Entdecke das Rad","url":"https:\/\/bike43.com\/de\/kompaktes-familien-lastenrad\/","target":""}},{"background_color":"#bdcdaf","image":10214,"title":"Familienrad","logo":54879,"button":{"title":"Entdecke das Rad","url":"https:\/\/bike43.com\/de\/kompaktes-familien-lastenrad\/","target":""}},{"background_color":"#679891","image":5920,"title":"Familienrad","logo":9399,"button":{"title":"Entdecke das Rad","url":"https:\/\/bike43.com\/de\/court-moyen-long-velo-familial-cargo\/","target":""}}]},"header_buttons_color":{"title":"","logo":null,"use_images_mobiles":false,"items":null},"header_text_image":{"title":"","content":"","image":null,"background_color":""}},"body":[{"acf_fc_layout":"section_text_cta_cards","title":"Dein Bike43 entwickelt sich mit deiner Familie weiter.","description":"Von 0 bis 4 Kindern, entworfen, um zu deinem Lebensstil zu passen.\r\n","button":{"title":"Modelle vergleichen","url":"https:\/\/bike43.com\/de\/preise-familien-lastenrad\/","target":""},"items":[{"tag":9389,"tag_color":"#d9a438","image":9827,"infos":{"number_persons":"x1","dimensions":"173cm","weight":"175kg"},"description":"Umr\u00fcstbar auf <strong>MID<\/strong>-Modell"},{"tag":9384,"tag_color":"#bdcdaf","image":11869,"infos":{"number_persons":"x2","dimensions":"173cm","weight":"175kg"},"description":"Umr\u00fcstbar auf <strong>MID<\/strong>-Modell"},{"tag":9394,"tag_color":"#314f6f","image":11873,"infos":{"number_persons":"x2","dimensions":"186cm","weight":"200kg"},"description":"Umr\u00fcstbar auf <strong>SHORT<\/strong>-Modell"},{"tag":9409,"tag_color":"#293033","image":9844,"infos":{"number_persons":"x4","dimensions":"200cm","weight":"200kg"},"description":"Das lange Rad ist unser <strong>ikonisches<\/strong> Modell"}],"visibility":true,"background_color":"beige","margin_top":"xtra-large","margin_bottom":"large"},{"acf_fc_layout":"section_horizontal_scroll","items":[{"image":9607,"title":"Welches Rad passt zu deiner Familie?","text":"Das richtige Rad zu w\u00e4hlen ist nicht immer einfach \u2014 besonders wenn es sich um eine langfristige Investition f\u00fcr die ganze Familie handelt!\r\n"},{"image":9692,"title":"Welches Rad passt zu deiner Familie?","text":"Das richtige Rad zu w\u00e4hlen ist nicht immer einfach \u2014 besonders wenn es sich um eine langfristige Investition f\u00fcr die ganze Familie handelt!\r\n"}],"modal_button":true,"button":"Mach das Quiz","modal":"<div data-tf-live=\"01JX9SV0N3PNB39BSSEGC7MRQH\"><\/div><script src=\"\/\/embed.typeform.com\/next\/embed.js\"><\/script>","visibility":true,"background_color":"beige","margin_top":"large","margin_bottom":"large"},{"acf_fc_layout":"section_video_text","select_type":"file_video","link_video":null,"file_video":9416,"picture_loading":10214,"title":"Endlose M\u00f6glichkeiten","text":"3 Modelle. \u00dcber 20 Zubeh\u00f6rteile. 4 Farben und Sondereditionen.","button_link":"","visibility":true,"background_color":"beige","margin_top":"small","margin_bottom":"small"},{"acf_fc_layout":"section_cards_image_text","items":[{"image":9437,"title":"Schwenkbare Sitzbank","text":"Eine Sitzbank, die sich wie eine Autot\u00fcr \u00f6ffnet \u2013 damit sich die Kinder bequem hinsetzen k\u00f6nnen, ohne sich verrenken zu m\u00fcssen.\r\n"},{"image":9426,"title":"Up & Down-Lenker","text":"H\u00f6henverstellbar f\u00fcr verschiedene Fahrer*innen. Einfach zu verstauen und zu transportieren.\r\n\r\n"},{"image":9485,"title":"Magic Footbox","text":"Die F\u00fc\u00dfe des vorderen Kindes sind unter dem Sattel vor den Pedalen gesch\u00fctzt. Eine clevere L\u00f6sung, die das Bike 15 cm kompakter und sicherer macht.\r\n\r\n"},{"image":9496,"title":"Zukunftssicheres Multi-Motor-System","text":"Dank einer intelligenten Schnittstelle mit allen Motoren kompatibel. Bereit f\u00fcr die Technik von morgen."}],"visibility":true,"background_color":"beige","margin_top":"small","margin_bottom":"small"},{"acf_fc_layout":"section_video_zoom","select_type":"file_video","link_video":null,"file_video":11302,"picture_loading":11317,"visibility":true,"background_color":"beige","margin_top":"small","margin_bottom":"small"},{"acf_fc_layout":"section_statistics_numbers","title":"","numbers":[{"number":20000000,"unit":"km +","content":"Gefahrene km "},{"number":2150000,"unit":"+","content":"Eingesparte kg CO2"}],"visibility":true,"background_color":"beige","margin_top":"large","margin_bottom":"large"},{"acf_fc_layout":"section_image_full","image":11029,"visibility":true},{"acf_fc_layout":"section_left_right","left_right":false,"text_centered":true,"title":"Ein Wort des Gr\u00fcnders","text":"\u201eUnser ganzer Fokus bei der Fahrradkonstruktion lag darauf, ein wartungsarmes Qualit\u00e4tsrad zu bauen, das einer sehr intensiven Nutzung standh\u00e4lt. Wenn du ein Auto ersetzen willst, solltest du es mindestens genauso robust bauen.\u201c\r\n&nbsp;\r\n<strong>Etienne, Gr\u00fcnder von Bike43<\/strong>\r\n\r\n35.000 km+ auf seinem Rad","image":9652,"add_image_comparison":false,"image_right":null,"visibility":true,"background_color":"white","margin_top":"xtra-large","margin_bottom":"small"}]},"yoast_head":"<!-- This site is optimized with the Yoast SEO plugin v25.3.1 - https:\/\/yoast.com\/wordpress\/plugins\/seo\/ -->\n<title>Homepage - Kurzes Mittleres Langes Familienrad - Bike43 - Family cargo bike - Mid &amp; Long Tail<\/title>\n<meta name=\"robots\" content=\"index, follow, max-snippet:-1, max-image-preview:large, max-video-preview:-1\" \/>\n<link rel=\"canonical\" href=\"https:\/\/bike43.com\/de\/\" \/>\n<meta property=\"og:locale\" content=\"de_DE\" \/>\n<meta property=\"og:type\" content=\"article\" \/>\n<meta property=\"og:title\" content=\"Homepage - Kurzes Mittleres Langes Familienrad - Bike43 - Family cargo bike - Mid &amp; Long Tail\" \/>\n<meta property=\"og:url\" content=\"https:\/\/bike43.com\/de\/\" \/>\n<meta property=\"og:site_name\" content=\"Bike43 - Family cargo bike - Mid &amp; Long Tail\" \/>\n<meta property=\"article:publisher\" content=\"https:\/\/www.facebook.com\/Bike43\/\" \/>\n<meta property=\"article:modified_time\" content=\"2026-03-05T11:27:02+00:00\" \/>\n<meta property=\"og:image\" content=\"https:\/\/bike43.com\/app\/uploads\/2022\/11\/OG-Bike43.jpg\" \/>\n\t<meta property=\"og:image:width\" content=\"1588\" \/>\n\t<meta property=\"og:image:height\" content=\"888\" \/>\n\t<meta property=\"og:image:type\" content=\"image\/jpeg\" \/>\n<meta name=\"twitter:card\" content=\"summary_large_image\" \/>\n<meta name=\"twitter:site\" content=\"@bike43com\" \/>\n<script type=\"application\/ld+json\" class=\"yoast-schema-graph\">{\"@context\":\"https:\/\/schema.org\",\"@graph\":[{\"@type\":\"WebPage\",\"@id\":\"https:\/\/bike43.com\/de\/\",\"url\":\"https:\/\/bike43.com\/de\/\",\"name\":\"Homepage - Kurzes Mittleres Langes Familienrad - Bike43 - Family cargo bike - Mid &amp; Long Tail\",\"isPartOf\":{\"@id\":\"https:\/\/bike43.com\/de\/#website\"},\"datePublished\":\"2025-07-15T22:36:21+00:00\",\"dateModified\":\"2026-03-05T11:27:02+00:00\",\"breadcrumb\":{\"@id\":\"https:\/\/bike43.com\/de\/#breadcrumb\"},\"inLanguage\":\"de-DE\",\"potentialAction\":[{\"@type\":\"ReadAction\",\"target\":[\"https:\/\/bike43.com\/de\/\"]}]},{\"@type\":\"BreadcrumbList\",\"@id\":\"https:\/\/bike43.com\/de\/#breadcrumb\",\"itemListElement\":[{\"@type\":\"ListItem\",\"position\":1,\"name\":\"Home\",\"item\":\"https:\/\/bike43.com\/de\/\"},{\"@type\":\"ListItem\",\"position\":2,\"name\":\"Homepage &#8211; Kurzes Mittleres Langes Familienrad\"}]},{\"@type\":\"WebSite\",\"@id\":\"https:\/\/bike43.com\/de\/#website\",\"url\":\"https:\/\/bike43.com\/de\/\",\"name\":\"Long tail cargo bike - Bike 43, the family electric bike\",\"description\":\"Bike43 modular long taill bike - Because life is not a straight line\",\"publisher\":{\"@id\":\"https:\/\/bike43.com\/de\/#organization\"},\"alternateName\":\"Family longtail bike - Bike 43\",\"potentialAction\":[{\"@type\":\"SearchAction\",\"target\":{\"@type\":\"EntryPoint\",\"urlTemplate\":\"https:\/\/bike43.com\/de\/?s={search_term_string}\"},\"query-input\":{\"@type\":\"PropertyValueSpecification\",\"valueRequired\":true,\"valueName\":\"search_term_string\"}}],\"inLanguage\":\"de-DE\"},{\"@type\":\"Organization\",\"@id\":\"https:\/\/bike43.com\/de\/#organization\",\"name\":\"Bike 43\",\"url\":\"https:\/\/bike43.com\/de\/\",\"logo\":{\"@type\":\"ImageObject\",\"inLanguage\":\"de-DE\",\"@id\":\"https:\/\/bike43.com\/de\/#\/schema\/logo\/image\/\",\"url\":\"https:\/\/bike43.com\/app\/uploads\/2022\/11\/logo-1.png\",\"contentUrl\":\"https:\/\/bike43.com\/app\/uploads\/2022\/11\/logo-1.png\",\"width\":416,\"height\":254,\"caption\":\"Bike 43\"},\"image\":{\"@id\":\"https:\/\/bike43.com\/de\/#\/schema\/logo\/image\/\"},\"sameAs\":[\"https:\/\/www.facebook.com\/Bike43\/\",\"https:\/\/x.com\/bike43com\",\"https:\/\/www.instagram.com\/bike43\/\"]}]}<\/script>\n<!-- \/ Yoast SEO plugin. -->","yoast_head_json":{"title":"Homepage - Kurzes Mittleres Langes Familienrad - Bike43 - Family cargo bike - Mid &amp; Long Tail","robots":{"index":"index","follow":"follow","max-snippet":"max-snippet:-1","max-image-preview":"max-image-preview:large","max-video-preview":"max-video-preview:-1"},"canonical":"https:\/\/bike43.com\/de\/","og_locale":"de_DE","og_type":"article","og_title":"Homepage - Kurzes Mittleres Langes Familienrad - Bike43 - Family cargo bike - Mid &amp; Long Tail","og_url":"https:\/\/bike43.com\/de\/","og_site_name":"Bike43 - Family cargo bike - Mid &amp; Long Tail","article_publisher":"https:\/\/www.facebook.com\/Bike43\/","article_modified_time":"2026-03-05T11:27:02+00:00","og_image":[{"width":1588,"height":888,"url":"https:\/\/bike43.com\/app\/uploads\/2022\/11\/OG-Bike43.jpg","type":"image\/jpeg"}],"twitter_card":"summary_large_image","twitter_site":"@bike43com","schema":{"@context":"https:\/\/schema.org","@graph":[{"@type":"WebPage","@id":"https:\/\/bike43.com\/de\/","url":"https:\/\/bike43.com\/de\/","name":"Homepage - Kurzes Mittleres Langes Familienrad - Bike43 - Family cargo bike - Mid &amp; Long Tail","isPartOf":{"@id":"https:\/\/bike43.com\/de\/#website"},"datePublished":"2025-07-15T22:36:21+00:00","dateModified":"2026-03-05T11:27:02+00:00","breadcrumb":{"@id":"https:\/\/bike43.com\/de\/#breadcrumb"},"inLanguage":"de-DE","potentialAction":[{"@type":"ReadAction","target":["https:\/\/bike43.com\/de\/"]}]},{"@type":"BreadcrumbList","@id":"https:\/\/bike43.com\/de\/#breadcrumb","itemListElement":[{"@type":"ListItem","position":1,"name":"Home","item":"https:\/\/bike43.com\/de\/"},{"@type":"ListItem","position":2,"name":"Homepage &#8211; Kurzes Mittleres Langes Familienrad"}]},{"@type":"WebSite","@id":"https:\/\/bike43.com\/de\/#website","url":"https:\/\/bike43.com\/de\/","name":"Long tail cargo bike - Bike 43, the family electric bike","description":"Bike43 modular long taill bike - Because life is not a straight line","publisher":{"@id":"https:\/\/bike43.com\/de\/#organization"},"alternateName":"Family longtail bike - Bike 43","potentialAction":[{"@type":"SearchAction","target":{"@type":"EntryPoint","urlTemplate":"https:\/\/bike43.com\/de\/?s={search_term_string}"},"query-input":{"@type":"PropertyValueSpecification","valueRequired":true,"valueName":"search_term_string"}}],"inLanguage":"de-DE"},{"@type":"Organization","@id":"https:\/\/bike43.com\/de\/#organization","name":"Bike 43","url":"https:\/\/bike43.com\/de\/","logo":{"@type":"ImageObject","inLanguage":"de-DE","@id":"https:\/\/bike43.com\/de\/#\/schema\/logo\/image\/","url":"https:\/\/bike43.com\/app\/uploads\/2022\/11\/logo-1.png","contentUrl":"https:\/\/bike43.com\/app\/uploads\/2022\/11\/logo-1.png","width":416,"height":254,"caption":"Bike 43"},"image":{"@id":"https:\/\/bike43.com\/de\/#\/schema\/logo\/image\/"},"sameAs":["https:\/\/www.facebook.com\/Bike43\/","https:\/\/x.com\/bike43com","https:\/\/www.instagram.com\/bike43\/"]}]}},"_links":{"self":[{"href":"https:\/\/bike43.com\/de\/wp-json\/wp\/v2\/pages\/10224","targetHints":{"allow":["GET"]}}],"collection":[{"href":"https:\/\/bike43.com\/de\/wp-json\/wp\/v2\/pages"}],"about":[{"href":"https:\/\/bike43.com\/de\/wp-json\/wp\/v2\/types\/page"}],"author":[{"embeddable":true,"href":"https:\/\/bike43.com\/de\/wp-json\/wp\/v2\/users\/3"}],"replies":[{"embeddable":true,"href":"https:\/\/bike43.com\/de\/wp-json\/wp\/v2\/comments?post=10224"}],"version-history":[{"count":14,"href":"https:\/\/bike43.com\/de\/wp-json\/wp\/v2\/pages\/10224\/revisions"}],"predecessor-version":[{"id":54883,"href":"https:\/\/bike43.com\/de\/wp-json\/wp\/v2\/pages\/10224\/revisions\/54883"}],"wp:attachment":[{"href":"https:\/\/bike43.com\/de\/wp-json\/wp\/v2\/media?parent=10224"}],"curies":[{"name":"wp","href":"https:\/\/api.w.org\/{rel}","templated":true}]}}