{"id":10189,"date":"2024-11-25T19:53:45","date_gmt":"2024-11-25T19:53:45","guid":{"rendered":"https:\/\/bike43.com\/prijzen-familie-bakfiets\/"},"modified":"2026-01-23T13:14:23","modified_gmt":"2026-01-23T13:14:23","slug":"preise-familien-lastenrad","status":"publish","type":"page","link":"https:\/\/bike43.com\/de\/preise-familien-lastenrad\/","title":{"rendered":"Preise Familien-Lastenrad"},"content":{"rendered":"","protected":false},"excerpt":{"rendered":"","protected":false},"author":3,"featured_media":0,"parent":0,"menu_order":0,"comment_status":"closed","ping_status":"closed","template":"template-page.blade.php","meta":{"_acf_changed":false,"inline_featured_image":false,"footnotes":""},"class_list":["post-10189","page","type-page","status-publish","hentry"],"acf":{"header":{"header_type":"no_header","header_1":{"title":"","select_type":"image","image":null,"image_mobile":null,"link_video":null,"file_video":null,"picture_loading":null},"header_2":{"title":"","content":"","button":"","image":null,"rounded_image":false,"logo_join_the_club":null,"background_color":"white"},"header_swiper":{"items":null},"header_buttons_color":{"title":"","logo":null,"use_images_mobiles":false,"items":null},"header_text_image":{"title":"","content":"","image":null,"background_color":""}},"body":[{"acf_fc_layout":"section_wp_configurator_shortcode","shortcode":"[wpc_config id=\"7888\"]","visibility":true,"background_color":"beige","margin_top":"small","margin_bottom":"small"},{"acf_fc_layout":"section_comparison_table_three_cols","title":"","image_column_1":8795,"image_column_2":8828,"image_column_3":5900,"title_column_1":"Bike43 - Short","title_column_2":"Bike43 - Mid","title_column_3":"Bike43 - Long","price_column_1":"4.990\u20ac","price_column_2":"5.290\u20ac","price_column_3":"5.490\u20ac","informations":[{"title_column_1":"Bis zu 2 Kinder - 173 cm","title_column_2":"Bis zu 3 Kinder - 186 cm","title_column_3":"Bis zu 4 Kinder - 200 cm","content_column_1":"1 Kind hinten (Sitz oder Bank-Kit) + 1 Kind vorne (Rahmensitz)\r\n2 Kinder hinten (Sitz oder Bank-Kit)","content_column_2":"2 Kinder hinten (Sitz oder Bank-Kit) + 1 Kind vorne (Rahmensitz)\r\n3 Kinder hinten (Sitz oder Bank-Kit)","content_column_3":"3 Kinder hinten (Sitz oder Bank-Kit) + 1 Kind vorne (Rahmensitz)\r\n4 Kinder hinten (Sitz oder Bank-Kit)","add_logo_column_1":false,"logo_column_1":null,"add_logo_column_2":false,"logo_column_2":null,"add_logo_column_3":false,"logo_column_3":null},{"title_column_1":"Max. Last 170kg","title_column_2":"Max. Last 200kg","title_column_3":"Max. Last 200kg","content_column_1":"Max. Last hinten 70kg \/ vorne 20kg","content_column_2":"Max. Last hinten 100kg \/ vorne 20kg","content_column_3":"Max. Last hinten 100kg \/ vorne 20kg","add_logo_column_1":false,"logo_column_1":null,"add_logo_column_2":false,"logo_column_2":null,"add_logo_column_3":false,"logo_column_3":null},{"title_column_1":"Motor","title_column_2":"Motor","title_column_3":"Motor","content_column_1":"Bosch Performance Line (75Nm, 600W)","content_column_2":"Bosch Performance Line (75Nm, 600W) oder Bosch PX (90Nm, 700W)","content_column_3":"Shimano EP6 (85Nm, 500W) oder Bosch Performance Line PX (90Nm, 700W)\r\n\r\n","add_logo_column_1":false,"logo_column_1":null,"add_logo_column_2":false,"logo_column_2":null,"add_logo_column_3":false,"logo_column_3":null},{"title_column_1":"Akku","title_column_2":"Akku","title_column_3":"Akku","content_column_1":"540Wh-Akku f\u00fcr Bosch PL, <a href=\"https:\/\/www.bosch-ebike.com\/de\/service\/reichweiten-assistent\">30 bis 60 km (<strong>assistent<\/strong>)<\/a>","content_column_2":"540Wh-Akku f\u00fcr Bosch PL und 800Wh f\u00fcr Bosch PX, <a href=\"https:\/\/www.bosch-ebike.com\/de\/service\/reichweiten-assistent\">40 bis 80 km (<strong>assistent<\/strong>)<\/a>","content_column_3":"630Wh-Akku f\u00fcr Shimano EP6 und 800Wh f\u00fcr Bosch Performance Line PX, <a href=\"https:\/\/www.bosch-ebike.com\/de\/service\/reichweiten-assistent\">40 bis 100 km (<strong>assistent<\/strong>)<\/a>\r\n","add_logo_column_1":false,"logo_column_1":null,"add_logo_column_2":false,"logo_column_2":null,"add_logo_column_3":false,"logo_column_3":null},{"title_column_1":"Einkaufsbereit","title_column_2":"Familienbereit","title_column_3":"Gro\u00dffamilienbereit","content_column_1":"Optional: Speichenschutz + hinterer Gep\u00e4cktr\u00e4ger + Fu\u00dfbox + Fu\u00dfrasten","content_column_2":"Inklusive: Speichenschutz + hinterer Gep\u00e4cktr\u00e4ger + Fu\u00dfbox + Einstiegshilfe\t","content_column_3":"Inklusive: Speichenschutz + hinterer Gep\u00e4cktr\u00e4ger + Fu\u00dfbox + Einstiegshilfe","add_logo_column_1":false,"logo_column_1":null,"add_logo_column_2":false,"logo_column_2":null,"add_logo_column_3":false,"logo_column_3":null}],"visibility":true,"background_color":"beige","margin_top":"small","margin_bottom":"small"}]},"yoast_head":"<!-- This site is optimized with the Yoast SEO plugin v25.3.1 - https:\/\/yoast.com\/wordpress\/plugins\/seo\/ -->\n<title>Preise Familien-Lastenrad - Bike43 - Family cargo bike - Mid &amp; Long Tail<\/title>\n<meta name=\"robots\" content=\"index, follow, max-snippet:-1, max-image-preview:large, max-video-preview:-1\" \/>\n<link rel=\"canonical\" href=\"https:\/\/bike43.com\/de\/preise-familien-lastenrad\/\" \/>\n<meta property=\"og:locale\" content=\"de_DE\" \/>\n<meta property=\"og:type\" content=\"article\" \/>\n<meta property=\"og:title\" content=\"Preise Familien-Lastenrad - Bike43 - Family cargo bike - Mid &amp; Long Tail\" \/>\n<meta property=\"og:url\" content=\"https:\/\/bike43.com\/de\/preise-familien-lastenrad\/\" \/>\n<meta property=\"og:site_name\" content=\"Bike43 - Family cargo bike - Mid &amp; Long Tail\" \/>\n<meta property=\"article:publisher\" content=\"https:\/\/www.facebook.com\/Bike43\/\" \/>\n<meta property=\"article:modified_time\" content=\"2026-01-23T13:14:23+00:00\" \/>\n<meta property=\"og:image\" content=\"https:\/\/bike43.com\/app\/uploads\/2022\/11\/OG-Bike43.jpg\" \/>\n\t<meta property=\"og:image:width\" content=\"1588\" \/>\n\t<meta property=\"og:image:height\" content=\"888\" \/>\n\t<meta property=\"og:image:type\" content=\"image\/jpeg\" \/>\n<meta name=\"twitter:card\" content=\"summary_large_image\" \/>\n<meta name=\"twitter:site\" content=\"@bike43com\" \/>\n<script type=\"application\/ld+json\" class=\"yoast-schema-graph\">{\"@context\":\"https:\/\/schema.org\",\"@graph\":[{\"@type\":\"WebPage\",\"@id\":\"https:\/\/bike43.com\/de\/preise-familien-lastenrad\/\",\"url\":\"https:\/\/bike43.com\/de\/preise-familien-lastenrad\/\",\"name\":\"Preise Familien-Lastenrad - Bike43 - Family cargo bike - Mid &amp; Long Tail\",\"isPartOf\":{\"@id\":\"https:\/\/bike43.com\/de\/#website\"},\"datePublished\":\"2024-11-25T19:53:45+00:00\",\"dateModified\":\"2026-01-23T13:14:23+00:00\",\"breadcrumb\":{\"@id\":\"https:\/\/bike43.com\/de\/preise-familien-lastenrad\/#breadcrumb\"},\"inLanguage\":\"de-DE\",\"potentialAction\":[{\"@type\":\"ReadAction\",\"target\":[\"https:\/\/bike43.com\/de\/preise-familien-lastenrad\/\"]}]},{\"@type\":\"BreadcrumbList\",\"@id\":\"https:\/\/bike43.com\/de\/preise-familien-lastenrad\/#breadcrumb\",\"itemListElement\":[{\"@type\":\"ListItem\",\"position\":1,\"name\":\"Home\",\"item\":\"https:\/\/bike43.com\/de\/\"},{\"@type\":\"ListItem\",\"position\":2,\"name\":\"Preise Familien-Lastenrad\"}]},{\"@type\":\"WebSite\",\"@id\":\"https:\/\/bike43.com\/de\/#website\",\"url\":\"https:\/\/bike43.com\/de\/\",\"name\":\"Long tail cargo bike - Bike 43, the family electric bike\",\"description\":\"Bike43 modular long taill bike - Because life is not a straight line\",\"publisher\":{\"@id\":\"https:\/\/bike43.com\/de\/#organization\"},\"alternateName\":\"Family longtail bike - Bike 43\",\"potentialAction\":[{\"@type\":\"SearchAction\",\"target\":{\"@type\":\"EntryPoint\",\"urlTemplate\":\"https:\/\/bike43.com\/de\/?s={search_term_string}\"},\"query-input\":{\"@type\":\"PropertyValueSpecification\",\"valueRequired\":true,\"valueName\":\"search_term_string\"}}],\"inLanguage\":\"de-DE\"},{\"@type\":\"Organization\",\"@id\":\"https:\/\/bike43.com\/de\/#organization\",\"name\":\"Bike 43\",\"url\":\"https:\/\/bike43.com\/de\/\",\"logo\":{\"@type\":\"ImageObject\",\"inLanguage\":\"de-DE\",\"@id\":\"https:\/\/bike43.com\/de\/#\/schema\/logo\/image\/\",\"url\":\"https:\/\/bike43.com\/app\/uploads\/2022\/11\/logo-1.png\",\"contentUrl\":\"https:\/\/bike43.com\/app\/uploads\/2022\/11\/logo-1.png\",\"width\":416,\"height\":254,\"caption\":\"Bike 43\"},\"image\":{\"@id\":\"https:\/\/bike43.com\/de\/#\/schema\/logo\/image\/\"},\"sameAs\":[\"https:\/\/www.facebook.com\/Bike43\/\",\"https:\/\/x.com\/bike43com\",\"https:\/\/www.instagram.com\/bike43\/\"]}]}<\/script>\n<!-- \/ Yoast SEO plugin. -->","yoast_head_json":{"title":"Preise Familien-Lastenrad - Bike43 - Family cargo bike - Mid &amp; Long Tail","robots":{"index":"index","follow":"follow","max-snippet":"max-snippet:-1","max-image-preview":"max-image-preview:large","max-video-preview":"max-video-preview:-1"},"canonical":"https:\/\/bike43.com\/de\/preise-familien-lastenrad\/","og_locale":"de_DE","og_type":"article","og_title":"Preise Familien-Lastenrad - Bike43 - Family cargo bike - Mid &amp; Long Tail","og_url":"https:\/\/bike43.com\/de\/preise-familien-lastenrad\/","og_site_name":"Bike43 - Family cargo bike - Mid &amp; Long Tail","article_publisher":"https:\/\/www.facebook.com\/Bike43\/","article_modified_time":"2026-01-23T13:14:23+00:00","og_image":[{"width":1588,"height":888,"url":"https:\/\/bike43.com\/app\/uploads\/2022\/11\/OG-Bike43.jpg","type":"image\/jpeg"}],"twitter_card":"summary_large_image","twitter_site":"@bike43com","schema":{"@context":"https:\/\/schema.org","@graph":[{"@type":"WebPage","@id":"https:\/\/bike43.com\/de\/preise-familien-lastenrad\/","url":"https:\/\/bike43.com\/de\/preise-familien-lastenrad\/","name":"Preise Familien-Lastenrad - Bike43 - Family cargo bike - Mid &amp; Long Tail","isPartOf":{"@id":"https:\/\/bike43.com\/de\/#website"},"datePublished":"2024-11-25T19:53:45+00:00","dateModified":"2026-01-23T13:14:23+00:00","breadcrumb":{"@id":"https:\/\/bike43.com\/de\/preise-familien-lastenrad\/#breadcrumb"},"inLanguage":"de-DE","potentialAction":[{"@type":"ReadAction","target":["https:\/\/bike43.com\/de\/preise-familien-lastenrad\/"]}]},{"@type":"BreadcrumbList","@id":"https:\/\/bike43.com\/de\/preise-familien-lastenrad\/#breadcrumb","itemListElement":[{"@type":"ListItem","position":1,"name":"Home","item":"https:\/\/bike43.com\/de\/"},{"@type":"ListItem","position":2,"name":"Preise Familien-Lastenrad"}]},{"@type":"WebSite","@id":"https:\/\/bike43.com\/de\/#website","url":"https:\/\/bike43.com\/de\/","name":"Long tail cargo bike - Bike 43, the family electric bike","description":"Bike43 modular long taill bike - Because life is not a straight line","publisher":{"@id":"https:\/\/bike43.com\/de\/#organization"},"alternateName":"Family longtail bike - Bike 43","potentialAction":[{"@type":"SearchAction","target":{"@type":"EntryPoint","urlTemplate":"https:\/\/bike43.com\/de\/?s={search_term_string}"},"query-input":{"@type":"PropertyValueSpecification","valueRequired":true,"valueName":"search_term_string"}}],"inLanguage":"de-DE"},{"@type":"Organization","@id":"https:\/\/bike43.com\/de\/#organization","name":"Bike 43","url":"https:\/\/bike43.com\/de\/","logo":{"@type":"ImageObject","inLanguage":"de-DE","@id":"https:\/\/bike43.com\/de\/#\/schema\/logo\/image\/","url":"https:\/\/bike43.com\/app\/uploads\/2022\/11\/logo-1.png","contentUrl":"https:\/\/bike43.com\/app\/uploads\/2022\/11\/logo-1.png","width":416,"height":254,"caption":"Bike 43"},"image":{"@id":"https:\/\/bike43.com\/de\/#\/schema\/logo\/image\/"},"sameAs":["https:\/\/www.facebook.com\/Bike43\/","https:\/\/x.com\/bike43com","https:\/\/www.instagram.com\/bike43\/"]}]}},"_links":{"self":[{"href":"https:\/\/bike43.com\/de\/wp-json\/wp\/v2\/pages\/10189","targetHints":{"allow":["GET"]}}],"collection":[{"href":"https:\/\/bike43.com\/de\/wp-json\/wp\/v2\/pages"}],"about":[{"href":"https:\/\/bike43.com\/de\/wp-json\/wp\/v2\/types\/page"}],"author":[{"embeddable":true,"href":"https:\/\/bike43.com\/de\/wp-json\/wp\/v2\/users\/3"}],"replies":[{"embeddable":true,"href":"https:\/\/bike43.com\/de\/wp-json\/wp\/v2\/comments?post=10189"}],"version-history":[{"count":7,"href":"https:\/\/bike43.com\/de\/wp-json\/wp\/v2\/pages\/10189\/revisions"}],"predecessor-version":[{"id":11728,"href":"https:\/\/bike43.com\/de\/wp-json\/wp\/v2\/pages\/10189\/revisions\/11728"}],"wp:attachment":[{"href":"https:\/\/bike43.com\/de\/wp-json\/wp\/v2\/media?parent=10189"}],"curies":[{"name":"wp","href":"https:\/\/api.w.org\/{rel}","templated":true}]}}