{"id":10097,"date":"2025-07-15T20:18:45","date_gmt":"2025-07-15T20:18:45","guid":{"rendered":"https:\/\/bike43.com\/velo-cargo-familial-short-tail\/"},"modified":"2026-04-03T16:59:46","modified_gmt":"2026-04-03T16:59:46","slug":"kompaktes-familien-lastenrad","status":"publish","type":"page","link":"https:\/\/bike43.com\/de\/kompaktes-familien-lastenrad\/","title":{"rendered":"Short &#8211; Kompaktes Familien-Lastenrad"},"content":{"rendered":"","protected":false},"excerpt":{"rendered":"","protected":false},"author":1,"featured_media":0,"parent":0,"menu_order":0,"comment_status":"closed","ping_status":"closed","template":"template-page.blade.php","meta":{"_acf_changed":false,"inline_featured_image":false,"footnotes":""},"class_list":["post-10097","page","type-page","status-publish","hentry"],"acf":{"header":{"header_type":"header_buttons_color","header_1":{"title":"","select_type":"image","image":null,"image_mobile":null,"link_video":null,"file_video":null,"picture_loading":null},"header_2":{"title":"","content":"","button":null,"image":null,"rounded_image":false,"logo_join_the_club":null,"background_color":""},"header_swiper":{"items":null},"header_buttons_color":{"title":"Familienrad","logo":9384,"use_images_mobiles":true,"items":[{"background_color":"#e2ab1f","text_color":"white","video":55123,"image_mobile":55175,"infos":[{"title":"Mitwachsend","text":"Kann in ein MID-Modell umgewandelt werden"},{"title":"Individuell anpassbar ","text":"Mehr als 20 Zubeh\u00f6rteile verf\u00fcgbar"}],"color_title":"Farbe \u2013 Zitronengelb","button":{"title":"Bike konfigurieren","url":"https:\/\/bike43.com\/de\/preise-familien-lastenrad\/","target":""}},{"background_color":"#bcd0b3","text_color":"white","video":55118,"image_mobile":55185,"infos":[{"title":"Mitwachsend","text":"Kann in ein MID-Modell umgewandelt werden"},{"title":"Individuell anpassbar ","text":"Mehr als 20 Zubeh\u00f6rteile verf\u00fcgbar"}],"color_title":"Farbe \u2013 Salbeigr\u00fcn","button":{"title":"Bike konfigurieren","url":"https:\/\/bike43.com\/de\/preise-familien-lastenrad\/","target":""}},{"background_color":"#cf6955","text_color":"white","video":55113,"image_mobile":55232,"infos":[{"title":"Mitwachsend","text":"Kann in ein MID-Modell umgewandelt werden"},{"title":"Individuell anpassbar ","text":"Mehr als 20 Zubeh\u00f6rteile verf\u00fcgbar"}],"color_title":"Farbe \u2013 Terrakotta","button":{"title":"Bike konfigurieren","url":"https:\/\/bike43.com\/de\/preise-familien-lastenrad\/","target":""}},{"background_color":"#3e5f83","text_color":"white","video":55128,"image_mobile":55190,"infos":[{"title":"Mitwachsend","text":"Kann in ein MID-Modell umgewandelt werden"},{"title":"Individuell anpassbar ","text":"Mehr als 20 Zubeh\u00f6rteile verf\u00fcgbar"}],"color_title":"Farbe \u2013 Dunkelblau","button":{"title":"Bike konfigurieren","url":"https:\/\/bike43.com\/de\/preise-familien-lastenrad\/","target":""}}]},"header_text_image":{"title":"","content":"","image":null,"background_color":""}},"body":[{"acf_fc_layout":"section_text_cta_cards","title":"Dein Bike43 w\u00e4chst mit deiner Familie.","description":"Vom Einkauf bis zu zwei Kindern \u2013 in nur wenigen Handgriffen.","button":{"title":"Vergleiche die Modelle","url":"https:\/\/bike43.com\/de\/preise-familien-lastenrad\/","target":""},"items":[{"tag":9389,"tag_color":"#d9a438","image":9513,"infos":{"number_persons":"x0","dimensions":"173cm","weight":"170kg"},"description":"Umr\u00fcstbar auf <strong>MID<\/strong>-Modell"},{"tag":9384,"tag_color":"#d9a438","image":9518,"infos":{"number_persons":"x1","dimensions":"173cm","weight":"170kg"},"description":"Umr\u00fcstbar auf <strong>MID<\/strong>-Modell"},{"tag":9384,"tag_color":"#d9a438","image":9523,"infos":{"number_persons":"x2","dimensions":"173cm","weight":"170kg"},"description":"Umr\u00fcstbar auf <strong>MID<\/strong>-Modell"}],"visibility":true,"background_color":"white","margin_top":"large","margin_bottom":"large"},{"acf_fc_layout":"section_vertical_scroll","title":"Superkr\u00e4fte","items":[{"text":"<h3>Schwenkbare Sitzbank<\/h3>\r\n&nbsp;\r\n\r\nEine Sitzbank, die sich wie eine Autot\u00fcr \u00f6ffnet \u2013 damit du deine Kinder bequem und r\u00fcckenschonend hineinsetzen kannst. Mit automatischer Verriegelung und Kindersicherung!\r\n","is_video":true,"image":9437,"video":9775},{"text":"<h3>Up & Down-Lenker<\/h3>\r\n&nbsp;\r\n\r\nH\u00f6henverstellbar f\u00fcr verschiedene Fahrer*innen. Einfach zu verstauen und zu transportieren.\r\n\r\n","is_video":true,"image":9426,"video":9782},{"text":"<h3>Magic Footbox<\/h3>\r\n&nbsp;\r\n\r\nDie F\u00fc\u00dfe des vorderen Kindes sind unter dem Sattel vor den Pedalen gesch\u00fctzt. Eine clevere L\u00f6sung, die das Bike 15 cm kompakter und sicherer macht.\r\n\r\n","is_video":true,"image":9485,"video":10071},{"text":"<h3>Zukunftssicheres Multi-Motor-System<\/h3>\r\n&nbsp;\r\n\r\nDank einer intelligenten Schnittstelle mit allen Motoren kompatibel. Bereit f\u00fcr die Technik von morgen.","is_video":true,"image":9442,"video":9798}],"visibility":true,"background_color":"beige","margin_top":"small","margin_bottom":"small"},{"acf_fc_layout":"section_horizontal_scroll","items":[{"image":9594,"title":"Welches Rad passt zu deiner Familie?","text":"Das richtige Rad zu w\u00e4hlen ist nicht immer einfach \u2014 besonders wenn es sich um eine langfristige Investition f\u00fcr die ganze Familie handelt!\r\n"},{"image":9607,"title":"Welches Rad passt zu deiner Familie?","text":"Das richtige Rad zu w\u00e4hlen ist nicht immer einfach \u2014 besonders wenn es sich um eine langfristige Investition f\u00fcr die ganze Familie handelt!\r\n"}],"modal_button":true,"button":"Machen Sie das Quiz","modal":"<div data-tf-live=\"01JX9SV0N3PNB39BSSEGC7MRQH\"><\/div><script src=\"\/\/embed.typeform.com\/next\/embed.js\"><\/script>","visibility":true,"background_color":"white","margin_top":"large","margin_bottom":"large"},{"acf_fc_layout":"section_video_text","select_type":"file_video","link_video":null,"file_video":9416,"picture_loading":null,"title":"Unendliche M\u00f6glichkeiten","text":"3 Modelle. \u00dcber 20 Zubeh\u00f6rteile. 4 Farben und Sondereditionen.","button_link":"","visibility":true,"background_color":"beige","margin_top":"small","margin_bottom":"small"},{"acf_fc_layout":"section_title_image","title":"Eine Gr\u00f6\u00dfe f\u00fcr alle \u2013 und alle Optionen auf einem Fahrrad!","image":10113,"visibility":true,"background_color":"white","margin_top":"large","margin_bottom":"large"},{"acf_fc_layout":"section_video_text","select_type":"file_video","link_video":null,"file_video":9556,"picture_loading":9582,"title":"Ein extrem modulares ","text":"Fahrrad Short zu Mid, Mid zu Short. <strong>15 cm L\u00e4ngenunterschied<\/strong>","button_link":"","visibility":true,"background_color":"beige","margin_top":"small","margin_bottom":"small"},{"acf_fc_layout":"section_three_cards","title":"Mehr als 20 Zubeh\u00f6rteile","button":"","accessories":[833,1582,1661],"visibility":true,"background_color":"white","margin_top":"small","margin_bottom":"small"},{"acf_fc_layout":"section_left_right","left_right":false,"text_centered":true,"title":"Diebstahlschutz-Funktionen - Bosch Smart System","text":"<p data-start=\"28\" data-end=\"124\">\r\n  <strong data-start=\"28\" data-end=\"37\">eLock<\/strong>\r\nAutomatisches Entsperren \u00fcber die Bosch eBike Flow App, sobald dein Smartphone in der N\u00e4he ist.\r\n<\/p>\r\n&nbsp;\r\n\r\n<p data-start=\"127\" data-end=\"214\">\r\n  <strong data-start=\"127\" data-end=\"143\">Akkuschloss<\/strong>\r\n  Dein Akku funktioniert nur mit deinem Bike (optional mit Bosch Flow+).\r\n<\/p>\r\n&nbsp;\r\n\r\n<p data-start=\"217\" data-end=\"313\" data-is-last-node=\"\">\r\n  <strong data-start=\"217\" data-end=\"226\">Alarmanlage<\/strong>\r\n  Laute Warnung, wenn dein Fahrrad bewegt wird. Du erh\u00e4ltst Benachrichtigungen in Echtzeit und kannst den Standort verfolgen.\r\n<\/p>\r\n<br>\r\n<a href=\"https:\/\/www.bosch-ebike.com\/be-fr\/produits\/lock\" target=\"_blank\" rel=\"noopener\">Mehr erfahren<\/a>\r\n&nbsp;\r\n","image":10330,"add_image_comparison":false,"image_right":null,"visibility":true,"background_color":"beige","margin_top":"large","margin_bottom":"large"},{"acf_fc_layout":"section_technical_specifications","title":"<h2>Technische Spezifikationen<\/h2>\r\n&nbsp;","content":"<strong>Motor<\/strong>\r\n<span style=\"font-weight: 400;\">Bosch Smart System Gen5 Performance Line 75Nm 600W<\/span>\r\n\r\n<strong>Akku<\/strong>\r\n<span style=\"font-weight: 400;\">Bosch Powertube 540Wh<\/span>\r\n\r\n<strong>Motorsteuerung<\/strong>\r\n<span style=\"font-weight: 400;\">Bosch Purion 200 (benutzerfreundlich und diebstahlsicher)<\/span>\r\n\r\n<strong>Bremsen<\/strong>\r\n<span style=\"font-weight: 400;\">Shimano BR-MT200 Zweikolben-Bremsen mit 180 mm Scheiben vorne und hinten<\/span>\r\n\r\n<span style=\"font-weight: 400;\"><strong>Footbox<\/strong>\r\nBike43 patentiertes System (eigene Erfindung, um ein zus\u00e4tzliches Kind zu transportieren)<\/span>\r\n\r\n<span style=\"font-weight: 400;\"><strong>Gabel<\/strong>\r\nSR Suntour SF22 Mobie 34 CGO 80 mm (komfortabel und robust)<\/span>\r\n\r\n<span style=\"font-weight: 400;\"><strong>St\u00e4nder<\/strong>\r\nStabiler und extrem robuster Bike43-St\u00e4nder<\/span>\r\n\r\n<span style=\"font-weight: 400;\"><strong>Vorbau<\/strong><\/span>\r\n<span style=\"font-weight: 400;\">Bike43 Up and Down h\u00f6henverstellbarer Vorbau<\/span>\r\n\r\n<span style=\"font-weight: 400;\"><strong>Lenker<\/strong><\/span>\r\n<span style=\"font-weight: 400;\">Gerader Lenker, 620 mm (perfekt abgestimmt auf den Up and Down-Vorbau)<\/span>\r\n\r\n<span style=\"font-weight: 400;\"><strong>Sattel<\/strong>\r\nErgonomischer und hochbelastbarer Bike43-Sattel<\/span>\r\n\r\n<span style=\"font-weight: 400;\"><strong>Sattelst\u00fctze<\/strong>\r\nVerstellbare Satori Sorata 31,6 mm Sattelst\u00fctze (ideal f\u00fcr mehrere Nutzer)<\/span>\r\n\r\n&nbsp;\r\n","card_or_content":false,"card":{"title":"","content":"","download_file":null,"button_download":""},"content_right":"<strong>Reifen<\/strong>\r\nCST Brooklyn Pro 20x2.44\u201d (Marktf\u00fchrer in Sachen St\u00e4rke und Pannenschutz)\r\n\r\n<strong>Felge<\/strong>\r\n<span style=\"font-weight: 400;\">Mach1 Trucky 30 (robuste Fahrradfelge mit Doppelwand)<\/span>\r\n\r\n<strong>Speichen<\/strong>\r\n<span style=\"font-weight: 400;\">Mach1 Speichen mit 2,3 mm Durchmesser (extra robust)<\/span>\r\n\r\n<span style=\"font-weight: 400;\"><strong>Vorderradnabe<\/strong>\r\nBike43 Vorderradnabe, 36 Loch, 110x15 mm Boost (neuster Standard f\u00fcr einfache Nutzung und hohe Zuverl\u00e4ssigkeit)<\/span>\r\n\r\n<strong>Hinterradnabe<\/strong>\r\nShimano Nexus Inter-5E (<span style=\"font-weight: 400;\">hohes Drehmoment, wartungsfrei, kein Kettenabwurf)<\/span>\r\n\r\n<span style=\"font-weight: 400;\"><strong>Frontlicht<\/strong>\r\nLitemove SE-90D (leistungsstark und sch\u00f6nes Design)<\/span>\r\n\r\n<span style=\"font-weight: 400;\"><strong>R\u00fccklicht<\/strong>\r\nSpanninga Pimento Guard Xer mit Bremslicht<\/span>\r\n\r\n<span style=\"font-weight: 400;\"><strong>Schutzbleche<\/strong>\r\nBike43-Schutzbleche mit interner Kabelf\u00fchrung<\/span>\r\n\r\n<span style=\"font-weight: 400;\"><strong>Kettenschutz<\/strong>\r\nBike43-Kettenschutz mit 360\u00b0-Abdeckung<\/span>\r\n\r\n<span style=\"font-weight: 400;\"><strong>Kette<\/strong>\r\nKMC e1-EPT rostfrei (eine der st\u00e4rksten Ketten auf dem Markt)<\/span>\r\n","visibility":true,"background_color":"white","margin_top":"large","margin_bottom":"large"}]},"yoast_head":"<!-- This site is optimized with the Yoast SEO plugin v25.3.1 - https:\/\/yoast.com\/wordpress\/plugins\/seo\/ -->\n<title>Short - Kompaktes Familien-Lastenrad - Bike43 - Family cargo bike - Mid &amp; Long Tail<\/title>\n<meta name=\"robots\" content=\"index, follow, max-snippet:-1, max-image-preview:large, max-video-preview:-1\" \/>\n<link rel=\"canonical\" href=\"https:\/\/bike43.com\/de\/kompaktes-familien-lastenrad\/\" \/>\n<meta property=\"og:locale\" content=\"de_DE\" \/>\n<meta property=\"og:type\" content=\"article\" \/>\n<meta property=\"og:title\" content=\"Short - Kompaktes Familien-Lastenrad - Bike43 - Family cargo bike - Mid &amp; Long Tail\" \/>\n<meta property=\"og:url\" content=\"https:\/\/bike43.com\/de\/kompaktes-familien-lastenrad\/\" \/>\n<meta property=\"og:site_name\" content=\"Bike43 - Family cargo bike - Mid &amp; Long Tail\" \/>\n<meta property=\"article:publisher\" content=\"https:\/\/www.facebook.com\/Bike43\/\" \/>\n<meta property=\"article:modified_time\" content=\"2026-04-03T16:59:46+00:00\" \/>\n<meta property=\"og:image\" content=\"https:\/\/bike43.com\/app\/uploads\/2022\/11\/OG-Bike43.jpg\" \/>\n\t<meta property=\"og:image:width\" content=\"1588\" \/>\n\t<meta property=\"og:image:height\" content=\"888\" \/>\n\t<meta property=\"og:image:type\" content=\"image\/jpeg\" \/>\n<meta name=\"twitter:card\" content=\"summary_large_image\" \/>\n<meta name=\"twitter:site\" content=\"@bike43com\" \/>\n<script type=\"application\/ld+json\" class=\"yoast-schema-graph\">{\"@context\":\"https:\/\/schema.org\",\"@graph\":[{\"@type\":\"WebPage\",\"@id\":\"https:\/\/bike43.com\/de\/kompaktes-familien-lastenrad\/\",\"url\":\"https:\/\/bike43.com\/de\/kompaktes-familien-lastenrad\/\",\"name\":\"Short - Kompaktes Familien-Lastenrad - Bike43 - Family cargo bike - Mid &amp; Long Tail\",\"isPartOf\":{\"@id\":\"https:\/\/bike43.com\/de\/#website\"},\"datePublished\":\"2025-07-15T20:18:45+00:00\",\"dateModified\":\"2026-04-03T16:59:46+00:00\",\"breadcrumb\":{\"@id\":\"https:\/\/bike43.com\/de\/kompaktes-familien-lastenrad\/#breadcrumb\"},\"inLanguage\":\"de-DE\",\"potentialAction\":[{\"@type\":\"ReadAction\",\"target\":[\"https:\/\/bike43.com\/de\/kompaktes-familien-lastenrad\/\"]}]},{\"@type\":\"BreadcrumbList\",\"@id\":\"https:\/\/bike43.com\/de\/kompaktes-familien-lastenrad\/#breadcrumb\",\"itemListElement\":[{\"@type\":\"ListItem\",\"position\":1,\"name\":\"Home\",\"item\":\"https:\/\/bike43.com\/de\/\"},{\"@type\":\"ListItem\",\"position\":2,\"name\":\"Short &#8211; Kompaktes Familien-Lastenrad\"}]},{\"@type\":\"WebSite\",\"@id\":\"https:\/\/bike43.com\/de\/#website\",\"url\":\"https:\/\/bike43.com\/de\/\",\"name\":\"Long tail cargo bike - Bike 43, the family electric bike\",\"description\":\"Bike43 modular long taill bike - Because life is not a straight line\",\"publisher\":{\"@id\":\"https:\/\/bike43.com\/de\/#organization\"},\"alternateName\":\"Family longtail bike - Bike 43\",\"potentialAction\":[{\"@type\":\"SearchAction\",\"target\":{\"@type\":\"EntryPoint\",\"urlTemplate\":\"https:\/\/bike43.com\/de\/?s={search_term_string}\"},\"query-input\":{\"@type\":\"PropertyValueSpecification\",\"valueRequired\":true,\"valueName\":\"search_term_string\"}}],\"inLanguage\":\"de-DE\"},{\"@type\":\"Organization\",\"@id\":\"https:\/\/bike43.com\/de\/#organization\",\"name\":\"Bike 43\",\"url\":\"https:\/\/bike43.com\/de\/\",\"logo\":{\"@type\":\"ImageObject\",\"inLanguage\":\"de-DE\",\"@id\":\"https:\/\/bike43.com\/de\/#\/schema\/logo\/image\/\",\"url\":\"https:\/\/bike43.com\/app\/uploads\/2022\/11\/logo-1.png\",\"contentUrl\":\"https:\/\/bike43.com\/app\/uploads\/2022\/11\/logo-1.png\",\"width\":416,\"height\":254,\"caption\":\"Bike 43\"},\"image\":{\"@id\":\"https:\/\/bike43.com\/de\/#\/schema\/logo\/image\/\"},\"sameAs\":[\"https:\/\/www.facebook.com\/Bike43\/\",\"https:\/\/x.com\/bike43com\",\"https:\/\/www.instagram.com\/bike43\/\"]}]}<\/script>\n<!-- \/ Yoast SEO plugin. -->","yoast_head_json":{"title":"Short - Kompaktes Familien-Lastenrad - Bike43 - Family cargo bike - Mid &amp; Long Tail","robots":{"index":"index","follow":"follow","max-snippet":"max-snippet:-1","max-image-preview":"max-image-preview:large","max-video-preview":"max-video-preview:-1"},"canonical":"https:\/\/bike43.com\/de\/kompaktes-familien-lastenrad\/","og_locale":"de_DE","og_type":"article","og_title":"Short - Kompaktes Familien-Lastenrad - Bike43 - Family cargo bike - Mid &amp; Long Tail","og_url":"https:\/\/bike43.com\/de\/kompaktes-familien-lastenrad\/","og_site_name":"Bike43 - Family cargo bike - Mid &amp; Long Tail","article_publisher":"https:\/\/www.facebook.com\/Bike43\/","article_modified_time":"2026-04-03T16:59:46+00:00","og_image":[{"width":1588,"height":888,"url":"https:\/\/bike43.com\/app\/uploads\/2022\/11\/OG-Bike43.jpg","type":"image\/jpeg"}],"twitter_card":"summary_large_image","twitter_site":"@bike43com","schema":{"@context":"https:\/\/schema.org","@graph":[{"@type":"WebPage","@id":"https:\/\/bike43.com\/de\/kompaktes-familien-lastenrad\/","url":"https:\/\/bike43.com\/de\/kompaktes-familien-lastenrad\/","name":"Short - Kompaktes Familien-Lastenrad - Bike43 - Family cargo bike - Mid &amp; Long Tail","isPartOf":{"@id":"https:\/\/bike43.com\/de\/#website"},"datePublished":"2025-07-15T20:18:45+00:00","dateModified":"2026-04-03T16:59:46+00:00","breadcrumb":{"@id":"https:\/\/bike43.com\/de\/kompaktes-familien-lastenrad\/#breadcrumb"},"inLanguage":"de-DE","potentialAction":[{"@type":"ReadAction","target":["https:\/\/bike43.com\/de\/kompaktes-familien-lastenrad\/"]}]},{"@type":"BreadcrumbList","@id":"https:\/\/bike43.com\/de\/kompaktes-familien-lastenrad\/#breadcrumb","itemListElement":[{"@type":"ListItem","position":1,"name":"Home","item":"https:\/\/bike43.com\/de\/"},{"@type":"ListItem","position":2,"name":"Short &#8211; Kompaktes Familien-Lastenrad"}]},{"@type":"WebSite","@id":"https:\/\/bike43.com\/de\/#website","url":"https:\/\/bike43.com\/de\/","name":"Long tail cargo bike - Bike 43, the family electric bike","description":"Bike43 modular long taill bike - Because life is not a straight line","publisher":{"@id":"https:\/\/bike43.com\/de\/#organization"},"alternateName":"Family longtail bike - Bike 43","potentialAction":[{"@type":"SearchAction","target":{"@type":"EntryPoint","urlTemplate":"https:\/\/bike43.com\/de\/?s={search_term_string}"},"query-input":{"@type":"PropertyValueSpecification","valueRequired":true,"valueName":"search_term_string"}}],"inLanguage":"de-DE"},{"@type":"Organization","@id":"https:\/\/bike43.com\/de\/#organization","name":"Bike 43","url":"https:\/\/bike43.com\/de\/","logo":{"@type":"ImageObject","inLanguage":"de-DE","@id":"https:\/\/bike43.com\/de\/#\/schema\/logo\/image\/","url":"https:\/\/bike43.com\/app\/uploads\/2022\/11\/logo-1.png","contentUrl":"https:\/\/bike43.com\/app\/uploads\/2022\/11\/logo-1.png","width":416,"height":254,"caption":"Bike 43"},"image":{"@id":"https:\/\/bike43.com\/de\/#\/schema\/logo\/image\/"},"sameAs":["https:\/\/www.facebook.com\/Bike43\/","https:\/\/x.com\/bike43com","https:\/\/www.instagram.com\/bike43\/"]}]}},"_links":{"self":[{"href":"https:\/\/bike43.com\/de\/wp-json\/wp\/v2\/pages\/10097","targetHints":{"allow":["GET"]}}],"collection":[{"href":"https:\/\/bike43.com\/de\/wp-json\/wp\/v2\/pages"}],"about":[{"href":"https:\/\/bike43.com\/de\/wp-json\/wp\/v2\/types\/page"}],"author":[{"embeddable":true,"href":"https:\/\/bike43.com\/de\/wp-json\/wp\/v2\/users\/1"}],"replies":[{"embeddable":true,"href":"https:\/\/bike43.com\/de\/wp-json\/wp\/v2\/comments?post=10097"}],"version-history":[{"count":18,"href":"https:\/\/bike43.com\/de\/wp-json\/wp\/v2\/pages\/10097\/revisions"}],"predecessor-version":[{"id":55247,"href":"https:\/\/bike43.com\/de\/wp-json\/wp\/v2\/pages\/10097\/revisions\/55247"}],"wp:attachment":[{"href":"https:\/\/bike43.com\/de\/wp-json\/wp\/v2\/media?parent=10097"}],"curies":[{"name":"wp","href":"https:\/\/api.w.org\/{rel}","templated":true}]}}